{"id":5863,"date":"2014-10-22T16:52:52","date_gmt":"2014-10-22T14:52:52","guid":{"rendered":"http:\/\/www.elagproducts.com\/shop\/uncategorized\/gr-495165-e\/"},"modified":"2026-04-15T17:52:03","modified_gmt":"2026-04-15T15:52:03","slug":"gr-495165-e","status":"publish","type":"product","link":"https:\/\/www.elagproducts.com\/fr\/shop\/grills-electriques\/gr-495165-e\/","title":{"rendered":"LeMax\u00ae Grill II"},"content":{"rendered":"<p><strong>LeMax\u00ae\u00a0Grill II<\/strong><\/p>\n<p>Avec LeMax\u00ae Grill, Mod. GR 495165-E, vous pourrez pr\u00e9parer des repas plus sains. Ce gril portable vous permet d&#8217;utiliser moins de graisse que d&#8217;habitude. Gr\u00e2ce \u00e0 sa surface de verre r\u00e9sistant aux rayures, la nourriture ne colle pas \u00e0 la surface de cuisson. Le barbecue \u00e9lectrique LeMax\u00ae atteint des temp\u00e9ratures sup\u00e9rieures \u00e0 380\u00b0C, ce qui le rend id\u00e9al pour les steaks sans m\u00eame ajouter de mati\u00e8res grasses. En raison de son isolation de qualit\u00e9 sup\u00e9rieure et de son design moderne, vous pouvez utiliser le gril &#8211; ou mieux votre \u00abcuisine\u00bb &#8211; partout o\u00f9 vous allez. L&#8217;\u00e9bullition, la cuisson \u00e0 la vapeur, la friture, la cuisson et le grillage ne posent aucun probl\u00e8me \u00e0 la plaque portable LeMax\u00ae. Les possibilit\u00e9s sont sans fin &#8211; toutes avec moins de graisse. Les cr\u00eapes, les l\u00e9gumes, la viande, les \u0153ufs, les pizzas et bien d&#8217;autres sont exceptionnels et savoureux. <span style=\"color: #58bdb6;\"><a style=\"color: #58bdb6;\" href=\"https:\/\/www.elagproducts.com\/fr\/lemax-grill-ii\/\">En savoir plus&#8230;<\/a><\/span><\/p>\n<div class=\"fusion-fullwidth fullwidth-box fusion-builder-row-1 gradient-container-1 nonhundred-percent-fullwidth non-hundred-percent-height-scrolling\" style=\"background-color: rgba(255,255,255,0);background-position: left top;background-repeat: no-repeat;padding-top:20px;padding-right:0px;padding-bottom:20px;padding-left:0px;margin-bottom: 0px;margin-top: 0px;border-width: 0px 0px 0px 0px;border-color:#eae9e9;border-style:solid;\" ><div class=\"fusion-builder-row fusion-row\"><div class=\"fusion-layout-column fusion_builder_column fusion-builder-column-0 fusion_builder_column_1_3 1_3 fusion-one-third fusion-column-first gradient-column-1\" style=\"width:30.6666%; margin-right: 4%;margin-top:0px;margin-bottom:20px;\"><div class=\"fusion-column-wrapper fusion-flex-column-wrapper-legacy\" style=\"background-position:left top;background-repeat:no-repeat;-webkit-background-size:cover;-moz-background-size:cover;-o-background-size:cover;background-size:cover;padding: 0px 0px 0px 0px;\"><div class=\"imageframe-align-center\"><span class=\" fusion-imageframe imageframe-none imageframe-1 hover-type-none\"><img decoding=\"async\" image_id=\"0\" src=\"https:\/\/i0.wp.com\/www.elagproducts.com\/wp-content\/uploads\/2016\/03\/perfect_grilling.gif?w=1100\" class=\"img-responsive\" data-recalc-dims=\"1\"\/><\/span><\/div><div class=\"fusion-text fusion-text-1\"><p style=\"text-align: center;\">Des steaks tendres et juteux<\/p>\n<\/div><div class=\"fusion-sep-clear\"><\/div><div class=\"fusion-separator fusion-full-width-sep\" style=\"margin-left: auto;margin-right: auto;margin-top:20px;margin-bottom:20px;width:100%;\"><div class=\"fusion-separator-border sep-shadow\" style=\"background:radial-gradient(ellipse at 50% -50% , #e0dede 0px, rgba(255, 255, 255, 0) 80%) repeat scroll 0 0 rgba(0, 0, 0, 0);background:-webkit-radial-gradient(ellipse at 50% -50% , #e0dede 0px, rgba(255, 255, 255, 0) 80%) repeat scroll 0 0 rgba(0, 0, 0, 0);background:-moz-radial-gradient(ellipse at 50% -50% , #e0dede 0px, rgba(255, 255, 255, 0) 80%) repeat scroll 0 0 rgba(0, 0, 0, 0);background:-o-radial-gradient(ellipse at 50% -50% , #e0dede 0px, rgba(255, 255, 255, 0) 80%) repeat scroll 0 0 rgba(0, 0, 0, 0);\"><\/div><\/div><div class=\"fusion-sep-clear\"><\/div><div class=\"fusion-clearfix\"><\/div><\/div><\/div><div class=\"fusion-layout-column fusion_builder_column fusion-builder-column-1 fusion_builder_column_1_3 1_3 fusion-one-third gradient-column-2\" style=\"width:30.6666%; margin-right: 4%;margin-top:0px;margin-bottom:20px;\"><div class=\"fusion-column-wrapper fusion-flex-column-wrapper-legacy\" style=\"background-position:left top;background-repeat:no-repeat;-webkit-background-size:cover;-moz-background-size:cover;-o-background-size:cover;background-size:cover;padding: 0px 0px 0px 0px;\"><div class=\"imageframe-align-center\"><span class=\" fusion-imageframe imageframe-none imageframe-2 hover-type-none\"><img decoding=\"async\" image_id=\"0\" src=\"https:\/\/i0.wp.com\/www.elagproducts.com\/wp-content\/uploads\/2016\/03\/making_crepes.gif?w=1100\" class=\"img-responsive\" data-recalc-dims=\"1\"\/><\/span><\/div><div class=\"fusion-text fusion-text-2\"><p style=\"text-align: center;\">Id\u00e9al pour les pancakes am\u00e9ricains et les cr\u00eapes<\/p>\n<\/div><div class=\"fusion-sep-clear\"><\/div><div class=\"fusion-separator fusion-full-width-sep\" style=\"margin-left: auto;margin-right: auto;margin-top:20px;margin-bottom:20px;width:100%;\"><div class=\"fusion-separator-border sep-shadow\" style=\"background:radial-gradient(ellipse at 50% -50% , #e0dede 0px, rgba(255, 255, 255, 0) 80%) repeat scroll 0 0 rgba(0, 0, 0, 0);background:-webkit-radial-gradient(ellipse at 50% -50% , #e0dede 0px, rgba(255, 255, 255, 0) 80%) repeat scroll 0 0 rgba(0, 0, 0, 0);background:-moz-radial-gradient(ellipse at 50% -50% , #e0dede 0px, rgba(255, 255, 255, 0) 80%) repeat scroll 0 0 rgba(0, 0, 0, 0);background:-o-radial-gradient(ellipse at 50% -50% , #e0dede 0px, rgba(255, 255, 255, 0) 80%) repeat scroll 0 0 rgba(0, 0, 0, 0);\"><\/div><\/div><div class=\"fusion-sep-clear\"><\/div><div class=\"fusion-clearfix\"><\/div><\/div><\/div><div class=\"fusion-layout-column fusion_builder_column fusion-builder-column-2 fusion_builder_column_1_3 1_3 fusion-one-third fusion-column-last gradient-column-3\" style=\"width:30.6666%;margin-top:0px;margin-bottom:20px;\"><div class=\"fusion-column-wrapper fusion-flex-column-wrapper-legacy\" style=\"background-position:left top;background-repeat:no-repeat;-webkit-background-size:cover;-moz-background-size:cover;-o-background-size:cover;background-size:cover;padding: 0px 0px 0px 0px;\"><div class=\"imageframe-align-center\"><span class=\" fusion-imageframe imageframe-none imageframe-3 hover-type-none\"><img decoding=\"async\" image_id=\"0\" src=\"https:\/\/i0.wp.com\/www.elagproducts.com\/wp-content\/uploads\/2016\/03\/making_eggs.gif?w=1100\" class=\"img-responsive\" data-recalc-dims=\"1\"\/><\/span><\/div><div class=\"fusion-text fusion-text-3\"><p style=\"text-align: center;\">Cuisiner avec beaucoup moins de graisse<\/p>\n<\/div><div class=\"fusion-sep-clear\"><\/div><div class=\"fusion-separator fusion-full-width-sep\" style=\"margin-left: auto;margin-right: auto;margin-top:20px;margin-bottom:20px;width:100%;\"><div class=\"fusion-separator-border sep-shadow\" style=\"background:radial-gradient(ellipse at 50% -50% , #e0dede 0px, rgba(255, 255, 255, 0) 80%) repeat scroll 0 0 rgba(0, 0, 0, 0);background:-webkit-radial-gradient(ellipse at 50% -50% , #e0dede 0px, rgba(255, 255, 255, 0) 80%) repeat scroll 0 0 rgba(0, 0, 0, 0);background:-moz-radial-gradient(ellipse at 50% -50% , #e0dede 0px, rgba(255, 255, 255, 0) 80%) repeat scroll 0 0 rgba(0, 0, 0, 0);background:-o-radial-gradient(ellipse at 50% -50% , #e0dede 0px, rgba(255, 255, 255, 0) 80%) repeat scroll 0 0 rgba(0, 0, 0, 0);\"><\/div><\/div><div class=\"fusion-sep-clear\"><\/div><div class=\"fusion-clearfix\"><\/div><\/div><\/div><\/div><\/div>\n<p><strong>Caract\u00e9ristiques de qualit\u00e9:<\/strong><\/p>\n<ul>\n<li>La surface de cuisson LeMax\u00ae est r\u00e9sistante aux rayures et non rev\u00eatue<\/li>\n<li>Surface de cuisson abaiss\u00e9e<\/li>\n<li>Cool touch handles\u00a0&#8211; poign\u00e9es isol\u00e9es<\/li>\n<li>Commutateur rotatif avec 12 niveaux de puissance<\/li>\n<li>Design Unibody avec isolation thermique de haute qualit\u00e9<\/li>\n<li>Support solide sp\u00e9cial de la grille gr\u00e2ce aux pieds en caoutchouc<\/li>\n<li>Bo\u00eetier en acier inoxydable r\u00e9sistant \u00e0 la corrosion<\/li>\n<li>Temp\u00e9ratures maximales de plus de 380\u00b0C<\/li>\n<li>M\u00eame la distribution de chaleur<\/li>\n<li>Con\u00e7u et fabriqu\u00e9 en Allemagne (en savoir plus sur: <a style=\"color: #58bdb6;\" href=\"https:\/\/www.elagproducts.com\/german-cooking-appliances\/\">notre<span style=\"color: #58bdb6;\"> productio<\/span>n<\/a>)<\/li>\n<\/ul>\n<p><strong>Fonctions et avantages\u00a0du produit:<\/strong><\/p>\n<ul>\n<li>Plus de po\u00eales ont besoin<\/li>\n<li>Gr\u00e2ce \u00e0 des temp\u00e9ratures \u00e9lev\u00e9es, des r\u00e9sultats excellents avec des steaks et d&#8217;autres aliments grill\u00e9s<\/li>\n<li>Des possibilit\u00e9s infinies pendant la cuisson, la cuisson \u00e0 la vapeur, la friture, la cuisson et le grillage<\/li>\n<li>LeMax\u00ae est mobile et flexible, que ce soit \u00e0 la maison, sur un balcon, une terrasse ou un jardin<\/li>\n<li>Cuisson saine: peu de graisse pendant la pr\u00e9paration n\u00e9cessaire<\/li>\n<li>Les liquides restent sur la surface de cuisson gr\u00e2ce \u00e0 la surface abaiss\u00e9e<\/li>\n<li>LeMax\u00ae est sociable: vous invitez des amis et pr\u00e9parez-vous ensemble autour de la grille<\/li>\n<\/ul>\n<p><strong>S\u00e9curit\u00e9:<\/strong><\/p>\n<ul>\n<li>S\u00e9curit\u00e9 \u00e9lectrique: commutateur rotatif Push-&amp;-Turn<\/li>\n<li>Protection contre les \u00e9claboussures selon IP 34<\/li>\n<li>Bo\u00eetier isol\u00e9<\/li>\n<li>Poign\u00e9es isol\u00e9es sp\u00e9ciales<\/li>\n<li>S\u00e9curit\u00e9 et test CE<\/li>\n<\/ul>\n<p><strong>In the box:<\/strong><\/p>\n<ul>\n<li>Quickstart<\/li>\n<li>Manuel utilisateur<\/li>\n<li>Grattoir verre<\/li>\n<\/ul>\n<p><strong>Sp\u00e9cifications techniques:<\/strong><\/p>\n<ul>\n<li>Surface de cuisson: 33,5 x 33,5 cm<\/li>\n<li>Dimensions: 60,5 x 45 x 8 cm<\/li>\n<li>Poids: 9,0 kg<\/li>\n<li>Raccordement \u00e9lectrique: 230 V, 10 A, 2300 W<\/li>\n<li>Cordon d&#8217;alimentation: 1,80 m<\/li>\n<\/ul>\n","protected":false},"excerpt":{"rendered":"<h3><strong>Choisissez le moyen le plus efficace et le plus sain de cuisiner &#8211; et de griller!<\/strong><\/h3>\n<h4><strong><span style=\"color: #808080;\">Temps de chauffe courts &#8211; Moins de graisse pendant la cuisson &#8211; Surface de cuisson \u00e9norme &#8211; Distribution de chaleur uniforme &#8211; Puissance de grillage de 380\u00b0C<\/span><\/strong><\/h4>\n<p><strong><span style=\"color: #ff9900;\">Avec 100% de garantie de satisfaction !<\/span><\/strong><\/p>\n<h4><span style=\"color: #58bdb6;\"><a style=\"color: #58bdb6;\" href=\"http:\/\/www.elagproducts.com\/fr\/lemax-grill-ii\">En savoir plus&#8230;<\/a><\/span><\/h4>\n<h3><strong><span style=\"color: #ee7b1b;\"><a href=\"http:\/\/www.elagproducts.com\/wp-content\/uploads\/2014\/10\/lieferbar_icon.png\"><img decoding=\"async\" class=\"alignnone size-full wp-image-3344\" src=\"http:\/\/www.elagproducts.com\/wp-content\/uploads\/2014\/10\/lieferbar_icon.png\" alt=\"lieferbar_icon\" width=\"15\" height=\"14\" \/><\/a>\u00a0<\/span><\/strong><strong><span style=\"color: #ee7b1b;\"><span style=\"color: #7ad03a;\">disponible<\/span><\/span><\/strong><strong><span style=\"color: #ee7b1b;\">\u00a0<\/span><\/strong><\/h3>\n<p><em>incl. 2 ans de garantie*<\/em><\/p>\n[fusion_builder_container admin_label=\"\" hundred_percent=\"yes\" equal_height_columns=\"no\" menu_anchor=\"\" hide_on_mobile=\"medium-visibility,large-visibility\" class=\"\" id=\"\" background_color=\"\" background_image=\"\" background_position=\"center center\" background_repeat=\"no-repeat\" fade=\"no\" background_parallax=\"none\" enable_mobile=\"no\" parallax_speed=\"0.3\" video_mp4=\"\" video_webm=\"\" video_ogv=\"\" video_url=\"\" video_aspect_ratio=\"16:9\" video_loop=\"yes\" video_mute=\"yes\" video_preview_image=\"\" border_size=\"2\" border_color=\"\" border_style=\"solid\" margin_top=\"\" margin_bottom=\"\" padding_top=\"5\" padding_right=\"5\" padding_bottom=\"5\" padding_left=\"5\"][fusion_builder_row][fusion_builder_column type=\"1_4\" layout=\"1_1\" background_position=\"left top\" background_color=\"\" border_size=\"\" border_color=\"\" border_style=\"solid\" spacing=\"yes\" background_image=\"\" background_repeat=\"no-repeat\" padding=\"\" margin_top=\"0px\" margin_bottom=\"0px\" class=\"\" id=\"\" animation_type=\"\" animation_speed=\"0.3\" animation_direction=\"left\" hide_on_mobile=\"no\" center_content=\"no\" min_height=\"none\" last=\"no\" hover_type=\"none\" link=\"\" border_position=\"all\"][fusion_imageframe image_id=\"5087\" style_type=\"none\" stylecolor=\"\" hover_type=\"none\" bordersize=\"\" bordercolor=\"\" borderradius=\"\" align=\"none\" lightbox=\"no\" gallery_id=\"\" lightbox_image=\"\" alt=\"\" link=\"http:\/\/www.elagproducts.com\/fr\/shop\/grills-electriques\/gr-495075-e\/\" linktarget=\"_self\" hide_on_mobile=\"small-visibility,medium-visibility,large-visibility\" class=\"\" id=\"\" animation_type=\"\" animation_direction=\"left\" animation_speed=\"0.3\" animation_offset=\"\"]http:\/\/www.elagproducts.com\/wp-content\/uploads\/2016\/12\/select_gr495075e-300x222.png[\/fusion_imageframe][\/fusion_builder_column][fusion_builder_column type=\"3_4\" layout=\"2_3\" spacing=\"yes\" center_content=\"no\" hover_type=\"none\" link=\"\" min_height=\"none\" hide_on_mobile=\"no\" class=\"\" id=\"\" background_color=\"\" background_image=\"\" background_position=\"left top\" undefined=\"\" background_repeat=\"no-repeat\" border_size=\"\" border_color=\"\" border_style=\"solid\" border_position=\"all\" padding=\"\" margin_top=\"10px\" margin_bottom=\"0px\" animation_type=\"\" animation_direction=\"left\" animation_speed=\"0.3\" animation_offset=\"\" last=\"no\"][fusion_text]<\/p>\n<p><strong>Mise \u00e0 niveau disponible:<\/strong> \u00e9galement disponible dans la version avec bac \u00e0 graisse. Pour plus de repas en plein air et le plaisir de cuisiner.<\/p>\n<p>[\/fusion_text][\/fusion_builder_column][\/fusion_builder_row][\/fusion_builder_container]\n","protected":false},"featured_media":5871,"comment_status":"open","ping_status":"closed","template":"","meta":{"content-type":"","_mi_skip_tracking":false},"product_cat":[58],"product_tag":[],"yoast_head":"<!-- This site is optimized with the Yoast SEO plugin v20.5 - https:\/\/yoast.com\/wordpress\/plugins\/seo\/ -->\n<title>LeMax\u00ae Grill II - Grill \u00e9lectrique, Barbecue portable | ELAG<\/title>\n<meta name=\"description\" content=\"La plaque \u00e9lectrique LeMax\u00ae Grill, mod. GR 495165-E, offre une puissance suppl\u00e9mentaire pour des r\u00e9sultats de grillage parfaits et sains. Merci \u00e0...\" \/>\n<meta name=\"robots\" content=\"index, follow, max-snippet:-1, max-image-preview:large, max-video-preview:-1\" \/>\n<link rel=\"canonical\" href=\"https:\/\/www.elagproducts.com\/fr\/shop\/grills-electriques\/gr-495165-e\/\" \/>\n<meta property=\"og:locale\" content=\"fr_FR\" \/>\n<meta property=\"og:type\" content=\"article\" \/>\n<meta property=\"og:title\" content=\"LeMax\u00ae Grill II - Grill \u00e9lectrique, Barbecue portable | ELAG\" \/>\n<meta property=\"og:description\" content=\"La plaque \u00e9lectrique LeMax\u00ae Grill, mod. GR 495165-E, offre une puissance suppl\u00e9mentaire pour des r\u00e9sultats de grillage parfaits et sains. Merci \u00e0...\" \/>\n<meta property=\"og:url\" content=\"https:\/\/www.elagproducts.com\/fr\/shop\/grills-electriques\/gr-495165-e\/\" \/>\n<meta property=\"og:site_name\" content=\"ELAG - LeMax Grills &amp; High-Quality Cooktops\" \/>\n<meta property=\"article:modified_time\" content=\"2026-04-15T15:52:03+00:00\" \/>\n<meta property=\"og:image\" content=\"https:\/\/i0.wp.com\/www.elagproducts.com\/wp-content\/uploads\/2014\/10\/gr495165e.jpg?fit=500%2C500&ssl=1\" \/>\n\t<meta property=\"og:image:width\" content=\"500\" \/>\n\t<meta property=\"og:image:height\" content=\"500\" \/>\n\t<meta property=\"og:image:type\" content=\"image\/jpeg\" \/>\n<meta name=\"twitter:label1\" content=\"Dur\u00e9e de lecture estim\u00e9e\" \/>\n\t<meta name=\"twitter:data1\" content=\"5 minutes\" \/>\n<script type=\"application\/ld+json\" class=\"yoast-schema-graph\">{\"@context\":\"https:\/\/schema.org\",\"@graph\":[{\"@type\":\"WebPage\",\"@id\":\"https:\/\/www.elagproducts.com\/fr\/shop\/grills-electriques\/gr-495165-e\/\",\"url\":\"https:\/\/www.elagproducts.com\/fr\/shop\/grills-electriques\/gr-495165-e\/\",\"name\":\"LeMax\u00ae Grill II - Grill \u00e9lectrique, Barbecue portable | ELAG\",\"isPartOf\":{\"@id\":\"https:\/\/www.elagproducts.com\/de\/#website\"},\"datePublished\":\"2014-10-22T14:52:52+00:00\",\"dateModified\":\"2026-04-15T15:52:03+00:00\",\"description\":\"La plaque \u00e9lectrique LeMax\u00ae Grill, mod. GR 495165-E, offre une puissance suppl\u00e9mentaire pour des r\u00e9sultats de grillage parfaits et sains. Merci \u00e0...\",\"breadcrumb\":{\"@id\":\"https:\/\/www.elagproducts.com\/fr\/shop\/grills-electriques\/gr-495165-e\/#breadcrumb\"},\"inLanguage\":\"fr-FR\",\"potentialAction\":[{\"@type\":\"ReadAction\",\"target\":[\"https:\/\/www.elagproducts.com\/fr\/shop\/grills-electriques\/gr-495165-e\/\"]}]},{\"@type\":\"BreadcrumbList\",\"@id\":\"https:\/\/www.elagproducts.com\/fr\/shop\/grills-electriques\/gr-495165-e\/#breadcrumb\",\"itemListElement\":[{\"@type\":\"ListItem\",\"position\":1,\"name\":\"Home\",\"item\":\"https:\/\/www.elagproducts.com\/\"},{\"@type\":\"ListItem\",\"position\":2,\"name\":\"Shop\",\"item\":\"https:\/\/www.elagproducts.com\/de\/shop\/\"},{\"@type\":\"ListItem\",\"position\":3,\"name\":\"LeMax\u00ae Grill II\"}]},{\"@type\":\"WebSite\",\"@id\":\"https:\/\/www.elagproducts.com\/de\/#website\",\"url\":\"https:\/\/www.elagproducts.com\/de\/\",\"name\":\"ELAG - LeMax Grills &amp; High-Quality Cooktops\",\"description\":\"\",\"potentialAction\":[{\"@type\":\"SearchAction\",\"target\":{\"@type\":\"EntryPoint\",\"urlTemplate\":\"https:\/\/www.elagproducts.com\/de\/?s={search_term_string}\"},\"query-input\":\"required name=search_term_string\"}],\"inLanguage\":\"fr-FR\"}]}<\/script>\n<!-- \/ Yoast SEO plugin. -->","yoast_head_json":{"title":"LeMax\u00ae Grill II - Grill \u00e9lectrique, Barbecue portable | ELAG","description":"La plaque \u00e9lectrique LeMax\u00ae Grill, mod. GR 495165-E, offre une puissance suppl\u00e9mentaire pour des r\u00e9sultats de grillage parfaits et sains. Merci \u00e0...","robots":{"index":"index","follow":"follow","max-snippet":"max-snippet:-1","max-image-preview":"max-image-preview:large","max-video-preview":"max-video-preview:-1"},"canonical":"https:\/\/www.elagproducts.com\/fr\/shop\/grills-electriques\/gr-495165-e\/","og_locale":"fr_FR","og_type":"article","og_title":"LeMax\u00ae Grill II - Grill \u00e9lectrique, Barbecue portable | ELAG","og_description":"La plaque \u00e9lectrique LeMax\u00ae Grill, mod. GR 495165-E, offre une puissance suppl\u00e9mentaire pour des r\u00e9sultats de grillage parfaits et sains. Merci \u00e0...","og_url":"https:\/\/www.elagproducts.com\/fr\/shop\/grills-electriques\/gr-495165-e\/","og_site_name":"ELAG - LeMax Grills &amp; High-Quality Cooktops","article_modified_time":"2026-04-15T15:52:03+00:00","og_image":[{"width":500,"height":500,"url":"https:\/\/i0.wp.com\/www.elagproducts.com\/wp-content\/uploads\/2014\/10\/gr495165e.jpg?fit=500%2C500&ssl=1","type":"image\/jpeg"}],"twitter_misc":{"Dur\u00e9e de lecture estim\u00e9e":"5 minutes"},"schema":{"@context":"https:\/\/schema.org","@graph":[{"@type":"WebPage","@id":"https:\/\/www.elagproducts.com\/fr\/shop\/grills-electriques\/gr-495165-e\/","url":"https:\/\/www.elagproducts.com\/fr\/shop\/grills-electriques\/gr-495165-e\/","name":"LeMax\u00ae Grill II - Grill \u00e9lectrique, Barbecue portable | ELAG","isPartOf":{"@id":"https:\/\/www.elagproducts.com\/de\/#website"},"datePublished":"2014-10-22T14:52:52+00:00","dateModified":"2026-04-15T15:52:03+00:00","description":"La plaque \u00e9lectrique LeMax\u00ae Grill, mod. GR 495165-E, offre une puissance suppl\u00e9mentaire pour des r\u00e9sultats de grillage parfaits et sains. Merci \u00e0...","breadcrumb":{"@id":"https:\/\/www.elagproducts.com\/fr\/shop\/grills-electriques\/gr-495165-e\/#breadcrumb"},"inLanguage":"fr-FR","potentialAction":[{"@type":"ReadAction","target":["https:\/\/www.elagproducts.com\/fr\/shop\/grills-electriques\/gr-495165-e\/"]}]},{"@type":"BreadcrumbList","@id":"https:\/\/www.elagproducts.com\/fr\/shop\/grills-electriques\/gr-495165-e\/#breadcrumb","itemListElement":[{"@type":"ListItem","position":1,"name":"Home","item":"https:\/\/www.elagproducts.com\/"},{"@type":"ListItem","position":2,"name":"Shop","item":"https:\/\/www.elagproducts.com\/de\/shop\/"},{"@type":"ListItem","position":3,"name":"LeMax\u00ae Grill II"}]},{"@type":"WebSite","@id":"https:\/\/www.elagproducts.com\/de\/#website","url":"https:\/\/www.elagproducts.com\/de\/","name":"ELAG - LeMax Grills &amp; High-Quality Cooktops","description":"","potentialAction":[{"@type":"SearchAction","target":{"@type":"EntryPoint","urlTemplate":"https:\/\/www.elagproducts.com\/de\/?s={search_term_string}"},"query-input":"required name=search_term_string"}],"inLanguage":"fr-FR"}]}},"_links":{"self":[{"href":"https:\/\/www.elagproducts.com\/fr\/wp-json\/wp\/v3\/product\/5863"}],"collection":[{"href":"https:\/\/www.elagproducts.com\/fr\/wp-json\/wp\/v3\/product"}],"about":[{"href":"https:\/\/www.elagproducts.com\/fr\/wp-json\/wp\/v2\/types\/product"}],"replies":[{"embeddable":true,"href":"https:\/\/www.elagproducts.com\/fr\/wp-json\/wp\/v2\/comments?post=5863"}],"wp:featuredmedia":[{"embeddable":true,"href":"https:\/\/www.elagproducts.com\/fr\/wp-json\/wp\/v2\/media\/5871"}],"wp:attachment":[{"href":"https:\/\/www.elagproducts.com\/fr\/wp-json\/wp\/v2\/media?parent=5863"}],"wp:term":[{"taxonomy":"product_cat","embeddable":true,"href":"https:\/\/www.elagproducts.com\/fr\/wp-json\/wp\/v2\/product_cat?post=5863"},{"taxonomy":"product_tag","embeddable":true,"href":"https:\/\/www.elagproducts.com\/fr\/wp-json\/wp\/v2\/product_tag?post=5863"}],"curies":[{"name":"wp","href":"https:\/\/api.w.org\/{rel}","templated":true}]}}