{"id":5881,"date":"2014-10-22T16:52:52","date_gmt":"2014-10-22T14:52:52","guid":{"rendered":"http:\/\/www.elagproducts.com\/shop\/uncategorized\/gr-495165-e\/"},"modified":"2026-04-21T15:52:30","modified_gmt":"2026-04-21T13:52:30","slug":"gr-495165-e","status":"publish","type":"product","link":"https:\/\/www.elagproducts.com\/es\/shop\/grill-electricos\/gr-495165-e\/","title":{"rendered":"LeMax\u00ae Grill II"},"content":{"rendered":"<p><strong>LeMax\u00ae\u00a0Grill II<\/strong><\/p>\n<p>With the LeMax\u00ae Grill, Mod. GR 495165-E, you will be able to prepare meals healthier. This portable\u00a0grill allows you to use\u00a0less fat than usual. Thanks to its scratch-resistant and smooth glass surface food does not stick to the cooking surface. The LeMax\u00ae electric grill reaches temperatures of over 380\u00b0C, making it ideal for steaks without even adding fat. Due\u00a0to its top quality insulation and modern design you can use the grill &#8211; or better your &#8220;kitchen&#8221; &#8211; wherever you go. Boiling, steaming, frying, baking and grilling are no problem for the LeMax\u00ae portable griddle. The possibilities are endless &#8211; all with less fat. Crepes, vegetables, meat, eggs, pizza and much more turn out exceptional\u00a0and tasty. <span style=\"color: #58bdb6;\"><a style=\"color: #58bdb6;\" href=\"http:\/\/www.elagproducts.com\/es\/lemax-grill-ii\/\">Learn more&#8230;<\/a><\/span><\/p>\n<div class=\"fusion-fullwidth fullwidth-box fusion-builder-row-1 gradient-container-1 nonhundred-percent-fullwidth non-hundred-percent-height-scrolling\" style=\"background-color: rgba(255,255,255,0);background-position: left top;background-repeat: no-repeat;padding-top:20px;padding-right:0px;padding-bottom:20px;padding-left:0px;margin-bottom: 0px;margin-top: 0px;border-width: 0px 0px 0px 0px;border-color:#eae9e9;border-style:solid;\" ><div class=\"fusion-builder-row fusion-row\"><div class=\"fusion-layout-column fusion_builder_column fusion-builder-column-0 fusion_builder_column_1_3 1_3 fusion-one-third fusion-column-first gradient-column-1\" style=\"width:30.6666%; margin-right: 4%;margin-top:0px;margin-bottom:20px;\"><div class=\"fusion-column-wrapper fusion-flex-column-wrapper-legacy\" style=\"background-position:left top;background-repeat:no-repeat;-webkit-background-size:cover;-moz-background-size:cover;-o-background-size:cover;background-size:cover;padding: 0px 0px 0px 0px;\"><div class=\"imageframe-align-center\"><span class=\" fusion-imageframe imageframe-none imageframe-1 hover-type-none\"><img decoding=\"async\" image_id=\"0\" src=\"https:\/\/i0.wp.com\/www.elagproducts.com\/wp-content\/uploads\/2016\/03\/perfect_grilling.gif?w=1100\" class=\"img-responsive\" data-recalc-dims=\"1\"\/><\/span><\/div><div class=\"fusion-text fusion-text-1\"><p style=\"text-align: center;\">Tender and juicy steaks<\/p>\n<\/div><div class=\"fusion-sep-clear\"><\/div><div class=\"fusion-separator fusion-full-width-sep\" style=\"margin-left: auto;margin-right: auto;margin-top:20px;margin-bottom:20px;width:100%;\"><div class=\"fusion-separator-border sep-shadow\" style=\"background:radial-gradient(ellipse at 50% -50% , #e0dede 0px, rgba(255, 255, 255, 0) 80%) repeat scroll 0 0 rgba(0, 0, 0, 0);background:-webkit-radial-gradient(ellipse at 50% -50% , #e0dede 0px, rgba(255, 255, 255, 0) 80%) repeat scroll 0 0 rgba(0, 0, 0, 0);background:-moz-radial-gradient(ellipse at 50% -50% , #e0dede 0px, rgba(255, 255, 255, 0) 80%) repeat scroll 0 0 rgba(0, 0, 0, 0);background:-o-radial-gradient(ellipse at 50% -50% , #e0dede 0px, rgba(255, 255, 255, 0) 80%) repeat scroll 0 0 rgba(0, 0, 0, 0);\"><\/div><\/div><div class=\"fusion-sep-clear\"><\/div><div class=\"fusion-clearfix\"><\/div><\/div><\/div><div class=\"fusion-layout-column fusion_builder_column fusion-builder-column-1 fusion_builder_column_1_3 1_3 fusion-one-third gradient-column-2\" style=\"width:30.6666%; margin-right: 4%;margin-top:0px;margin-bottom:20px;\"><div class=\"fusion-column-wrapper fusion-flex-column-wrapper-legacy\" style=\"background-position:left top;background-repeat:no-repeat;-webkit-background-size:cover;-moz-background-size:cover;-o-background-size:cover;background-size:cover;padding: 0px 0px 0px 0px;\"><div class=\"imageframe-align-center\"><span class=\" fusion-imageframe imageframe-none imageframe-2 hover-type-none\"><img decoding=\"async\" image_id=\"0\" src=\"https:\/\/i0.wp.com\/www.elagproducts.com\/wp-content\/uploads\/2016\/03\/making_crepes.gif?w=1100\" class=\"img-responsive\" data-recalc-dims=\"1\"\/><\/span><\/div><div class=\"fusion-text fusion-text-2\"><p style=\"text-align: center;\">Ideal for pancakes and french cr\u00eapes<\/p>\n<\/div><div class=\"fusion-sep-clear\"><\/div><div class=\"fusion-separator fusion-full-width-sep\" style=\"margin-left: auto;margin-right: auto;margin-top:20px;margin-bottom:20px;width:100%;\"><div class=\"fusion-separator-border sep-shadow\" style=\"background:radial-gradient(ellipse at 50% -50% , #e0dede 0px, rgba(255, 255, 255, 0) 80%) repeat scroll 0 0 rgba(0, 0, 0, 0);background:-webkit-radial-gradient(ellipse at 50% -50% , #e0dede 0px, rgba(255, 255, 255, 0) 80%) repeat scroll 0 0 rgba(0, 0, 0, 0);background:-moz-radial-gradient(ellipse at 50% -50% , #e0dede 0px, rgba(255, 255, 255, 0) 80%) repeat scroll 0 0 rgba(0, 0, 0, 0);background:-o-radial-gradient(ellipse at 50% -50% , #e0dede 0px, rgba(255, 255, 255, 0) 80%) repeat scroll 0 0 rgba(0, 0, 0, 0);\"><\/div><\/div><div class=\"fusion-sep-clear\"><\/div><div class=\"fusion-clearfix\"><\/div><\/div><\/div><div class=\"fusion-layout-column fusion_builder_column fusion-builder-column-2 fusion_builder_column_1_3 1_3 fusion-one-third fusion-column-last gradient-column-3\" style=\"width:30.6666%;margin-top:0px;margin-bottom:20px;\"><div class=\"fusion-column-wrapper fusion-flex-column-wrapper-legacy\" style=\"background-position:left top;background-repeat:no-repeat;-webkit-background-size:cover;-moz-background-size:cover;-o-background-size:cover;background-size:cover;padding: 0px 0px 0px 0px;\"><div class=\"imageframe-align-center\"><span class=\" fusion-imageframe imageframe-none imageframe-3 hover-type-none\"><img decoding=\"async\" image_id=\"0\" src=\"https:\/\/i0.wp.com\/www.elagproducts.com\/wp-content\/uploads\/2016\/03\/making_eggs.gif?w=1100\" class=\"img-responsive\" data-recalc-dims=\"1\"\/><\/span><\/div><div class=\"fusion-text fusion-text-3\"><p style=\"text-align: center;\">Cooking with much less fat<\/p>\n<\/div><div class=\"fusion-sep-clear\"><\/div><div class=\"fusion-separator fusion-full-width-sep\" style=\"margin-left: auto;margin-right: auto;margin-top:20px;margin-bottom:20px;width:100%;\"><div class=\"fusion-separator-border sep-shadow\" style=\"background:radial-gradient(ellipse at 50% -50% , #e0dede 0px, rgba(255, 255, 255, 0) 80%) repeat scroll 0 0 rgba(0, 0, 0, 0);background:-webkit-radial-gradient(ellipse at 50% -50% , #e0dede 0px, rgba(255, 255, 255, 0) 80%) repeat scroll 0 0 rgba(0, 0, 0, 0);background:-moz-radial-gradient(ellipse at 50% -50% , #e0dede 0px, rgba(255, 255, 255, 0) 80%) repeat scroll 0 0 rgba(0, 0, 0, 0);background:-o-radial-gradient(ellipse at 50% -50% , #e0dede 0px, rgba(255, 255, 255, 0) 80%) repeat scroll 0 0 rgba(0, 0, 0, 0);\"><\/div><\/div><div class=\"fusion-sep-clear\"><\/div><div class=\"fusion-clearfix\"><\/div><\/div><\/div><\/div><\/div>\n<p><strong>Quality features:<\/strong><\/p>\n<ul>\n<li>LeMax\u00ae cooking surface is scratch resistant and uncoated<\/li>\n<li>Lowered cooking surface<\/li>\n<li>Cool touch handles &#8211; insulated handles<\/li>\n<li>Rotary switch with 12 power levels<\/li>\n<li>Unibody design with high-quality heat insulation<\/li>\n<li>Special\u00a0solid stand\u00a0of the grill\u00a0thanks to rubber feets<\/li>\n<li>Housing made of thick corrosion resistant stainless steel<\/li>\n<li>Peak temperatures of over 380\u00b0C<\/li>\n<li>Even heat distribution<\/li>\n<li>Designed and manufactured in Germany (More about: <span style=\"color: #58bdb6;\"><a style=\"color: #58bdb6;\" href=\"https:\/\/www.elagproducts.com\/german-cooking-appliances\/\">Our production<\/a><\/span>)<\/li>\n<\/ul>\n<p><strong>Product functions and features:<\/strong><\/p>\n<ul>\n<li>No longer cooking ware necessary<\/li>\n<li>Thanks to high temperatures excellent results with steaks and other grilled food<\/li>\n<li>Endless possibilities during\u00a0cooking, steaming, frying, baking and grilling<\/li>\n<li>LeMax\u00ae is mobile and flexible, whether at home, on a balcony, terrace or garden<\/li>\n<li>Healthy cooking: hardly any fat during preparation necessary<\/li>\n<li>Liquids remain on the cooking surface thanks to the lowered surface<\/li>\n<li>LeMax\u00ae is sociable: you invite friends and cook together\u00a0around the grill<\/li>\n<\/ul>\n<p><strong>Safety:<\/strong><\/p>\n<ul>\n<li>Electrical safety: Push-&amp;-Turn rotary switch<\/li>\n<li>Splash protection according to IP 34<\/li>\n<li>Insulated housing<\/li>\n<li>Special insulated handles<\/li>\n<li>Safety and CE tested<\/li>\n<\/ul>\n<p><strong>In the box:<\/strong><\/p>\n<ul>\n<li>Quickstart<\/li>\n<li>User manual<\/li>\n<li>Glass scraper<\/li>\n<\/ul>\n<p><strong>Technical specifications:<\/strong><\/p>\n<ul>\n<li>Cooking surface: 33,5 x 33,5 cm<\/li>\n<li>Dimensions: 60,5 x 45 x 8 cm<\/li>\n<li>Weight: 9,0 kg<\/li>\n<li>Electrical connection: 230 V, 10 A, 2300 W<\/li>\n<li>Power cord: 1,80 m<\/li>\n<\/ul>\n","protected":false},"excerpt":{"rendered":"<h3><strong>Elija la manera m\u00e1s eficiente y saludable de cocinar &#8211; y de grillar!<\/strong><\/h3>\n<h4><strong><span style=\"color: #808080;\">Tiempo de calentamiento corto &#8211; Menos grasa usada durante la cocci\u00f3n &#8211; Gran superficie de cocci\u00f3n &#8211; Distribuci\u00f3n de calor uniforme &#8211; 380\u00b0C poder de la\u00a0<\/span><span style=\"color: #808080;\">parrilla\u00a0<\/span><\/strong><\/h4>\n<h3><strong><span style=\"color: #ee7b1b;\"><a href=\"http:\/\/www.elagproducts.com\/wp-content\/uploads\/2014\/10\/lieferbar_icon.png\"><img decoding=\"async\" class=\"alignnone size-full wp-image-3344\" src=\"http:\/\/www.elagproducts.com\/wp-content\/uploads\/2014\/10\/lieferbar_icon.png\" alt=\"lieferbar_icon\" width=\"15\" height=\"14\" \/><\/a>\u00a0<span style=\"color: #7ad03a;\">disponible<\/span><br \/>\n<\/span><\/strong><\/h3>\n<p><em>incl. 2 a\u00f1os de garant\u00eda*<\/em><\/p>\n[fusion_builder_container admin_label=\"\" hundred_percent=\"yes\" equal_height_columns=\"no\" menu_anchor=\"\" hide_on_mobile=\"medium-visibility,large-visibility\" class=\"\" id=\"\" background_color=\"\" background_image=\"\" background_position=\"center center\" background_repeat=\"no-repeat\" fade=\"no\" background_parallax=\"none\" enable_mobile=\"no\" parallax_speed=\"0.3\" video_mp4=\"\" video_webm=\"\" video_ogv=\"\" video_url=\"\" video_aspect_ratio=\"16:9\" video_loop=\"yes\" video_mute=\"yes\" video_preview_image=\"\" border_size=\"2\" border_color=\"\" border_style=\"solid\" margin_top=\"\" margin_bottom=\"\" padding_top=\"5\" padding_right=\"5\" padding_bottom=\"5\" padding_left=\"5\"][fusion_builder_row][fusion_builder_column type=\"1_4\" layout=\"1_1\" background_position=\"left top\" background_color=\"\" border_size=\"\" border_color=\"\" border_style=\"solid\" spacing=\"yes\" background_image=\"\" background_repeat=\"no-repeat\" padding=\"\" margin_top=\"0px\" margin_bottom=\"0px\" class=\"\" id=\"\" animation_type=\"\" animation_speed=\"0.3\" animation_direction=\"left\" hide_on_mobile=\"no\" center_content=\"no\" min_height=\"none\" last=\"no\" hover_type=\"none\" link=\"\" border_position=\"all\"][fusion_imageframe image_id=\"5087\" style_type=\"none\" stylecolor=\"\" hover_type=\"none\" bordersize=\"\" bordercolor=\"\" borderradius=\"\" align=\"none\" lightbox=\"no\" gallery_id=\"\" lightbox_image=\"\" alt=\"\" link=\"http:\/\/www.elagproducts.com\/es\/shop\/grill-electricos\/gr-495075-e\/\" linktarget=\"_self\" hide_on_mobile=\"small-visibility,medium-visibility,large-visibility\" class=\"\" id=\"\" animation_type=\"\" animation_direction=\"left\" animation_speed=\"0.3\" animation_offset=\"\"]http:\/\/www.elagproducts.com\/wp-content\/uploads\/2016\/12\/select_gr495075e-300x222.png[\/fusion_imageframe][\/fusion_builder_column][fusion_builder_column type=\"3_4\" layout=\"2_3\" spacing=\"yes\" center_content=\"no\" hover_type=\"none\" link=\"\" min_height=\"none\" hide_on_mobile=\"no\" class=\"\" id=\"\" background_color=\"\" background_image=\"\" background_position=\"left top\" undefined=\"\" background_repeat=\"no-repeat\" border_size=\"\" border_color=\"\" border_style=\"solid\" border_position=\"all\" padding=\"\" margin_top=\"10px\" margin_bottom=\"0px\" animation_type=\"\" animation_direction=\"left\" animation_speed=\"0.3\" animation_offset=\"\" last=\"no\"][fusion_text]<\/p>\n<p><strong>Actualizaci\u00f3n disponible:<\/strong> tambi\u00e9n disponible en la versi\u00f3n con bandeja de grasa. Para m\u00e1s placer de barbacoa y placer de cocinar.<\/p>\n<p>[\/fusion_text][\/fusion_builder_column][\/fusion_builder_row][\/fusion_builder_container]\n","protected":false},"featured_media":5889,"comment_status":"open","ping_status":"closed","template":"","meta":{"content-type":"","_mi_skip_tracking":false},"product_cat":[62],"product_tag":[],"yoast_head":"<!-- This site is optimized with the Yoast SEO plugin v20.5 - https:\/\/yoast.com\/wordpress\/plugins\/seo\/ -->\n<title>LeMax\u00ae Grill II - Electric Grill, Portable Grill | ELAG<\/title>\n<meta name=\"description\" content=\"The LeMax\u00ae electric grill\/ griddle, mod. GR 495165-E, offers extra power for perfect and healthy grilling results. Thanks to the large square surface...\" \/>\n<meta name=\"robots\" content=\"index, follow, max-snippet:-1, max-image-preview:large, max-video-preview:-1\" \/>\n<link rel=\"canonical\" href=\"https:\/\/www.elagproducts.com\/es\/shop\/grill-electricos\/gr-495165-e\/\" \/>\n<meta property=\"og:locale\" content=\"es_ES\" \/>\n<meta property=\"og:type\" content=\"article\" \/>\n<meta property=\"og:title\" content=\"LeMax\u00ae Grill II - Electric Grill, Portable Grill | ELAG\" \/>\n<meta property=\"og:description\" content=\"The LeMax\u00ae electric grill\/ griddle, mod. GR 495165-E, offers extra power for perfect and healthy grilling results. Thanks to the large square surface...\" \/>\n<meta property=\"og:url\" content=\"https:\/\/www.elagproducts.com\/es\/shop\/grill-electricos\/gr-495165-e\/\" \/>\n<meta property=\"og:site_name\" content=\"ELAG - LeMax Grills &amp; High-Quality Cooktops\" \/>\n<meta property=\"article:modified_time\" content=\"2026-04-21T13:52:30+00:00\" \/>\n<meta property=\"og:image\" content=\"https:\/\/i0.wp.com\/www.elagproducts.com\/wp-content\/uploads\/2014\/10\/gr495165e.jpg?fit=500%2C500&ssl=1\" \/>\n\t<meta property=\"og:image:width\" content=\"500\" \/>\n\t<meta property=\"og:image:height\" content=\"500\" \/>\n\t<meta property=\"og:image:type\" content=\"image\/jpeg\" \/>\n<meta name=\"twitter:label1\" content=\"Tiempo de lectura\" \/>\n\t<meta name=\"twitter:data1\" content=\"4 minutos\" \/>\n<script type=\"application\/ld+json\" class=\"yoast-schema-graph\">{\"@context\":\"https:\/\/schema.org\",\"@graph\":[{\"@type\":\"WebPage\",\"@id\":\"https:\/\/www.elagproducts.com\/es\/shop\/grill-electricos\/gr-495165-e\/\",\"url\":\"https:\/\/www.elagproducts.com\/es\/shop\/grill-electricos\/gr-495165-e\/\",\"name\":\"LeMax\u00ae Grill II - Electric Grill, Portable Grill | ELAG\",\"isPartOf\":{\"@id\":\"https:\/\/www.elagproducts.com\/de\/#website\"},\"datePublished\":\"2014-10-22T14:52:52+00:00\",\"dateModified\":\"2026-04-21T13:52:30+00:00\",\"description\":\"The LeMax\u00ae electric grill\/ griddle, mod. GR 495165-E, offers extra power for perfect and healthy grilling results. Thanks to the large square surface...\",\"breadcrumb\":{\"@id\":\"https:\/\/www.elagproducts.com\/es\/shop\/grill-electricos\/gr-495165-e\/#breadcrumb\"},\"inLanguage\":\"es\",\"potentialAction\":[{\"@type\":\"ReadAction\",\"target\":[\"https:\/\/www.elagproducts.com\/es\/shop\/grill-electricos\/gr-495165-e\/\"]}]},{\"@type\":\"BreadcrumbList\",\"@id\":\"https:\/\/www.elagproducts.com\/es\/shop\/grill-electricos\/gr-495165-e\/#breadcrumb\",\"itemListElement\":[{\"@type\":\"ListItem\",\"position\":1,\"name\":\"Home\",\"item\":\"https:\/\/www.elagproducts.com\/\"},{\"@type\":\"ListItem\",\"position\":2,\"name\":\"Shop\",\"item\":\"https:\/\/www.elagproducts.com\/de\/shop\/\"},{\"@type\":\"ListItem\",\"position\":3,\"name\":\"LeMax\u00ae Grill II\"}]},{\"@type\":\"WebSite\",\"@id\":\"https:\/\/www.elagproducts.com\/de\/#website\",\"url\":\"https:\/\/www.elagproducts.com\/de\/\",\"name\":\"ELAG - LeMax Grills &amp; High-Quality Cooktops\",\"description\":\"\",\"potentialAction\":[{\"@type\":\"SearchAction\",\"target\":{\"@type\":\"EntryPoint\",\"urlTemplate\":\"https:\/\/www.elagproducts.com\/de\/?s={search_term_string}\"},\"query-input\":\"required name=search_term_string\"}],\"inLanguage\":\"es\"}]}<\/script>\n<!-- \/ Yoast SEO plugin. -->","yoast_head_json":{"title":"LeMax\u00ae Grill II - Electric Grill, Portable Grill | ELAG","description":"The LeMax\u00ae electric grill\/ griddle, mod. GR 495165-E, offers extra power for perfect and healthy grilling results. Thanks to the large square surface...","robots":{"index":"index","follow":"follow","max-snippet":"max-snippet:-1","max-image-preview":"max-image-preview:large","max-video-preview":"max-video-preview:-1"},"canonical":"https:\/\/www.elagproducts.com\/es\/shop\/grill-electricos\/gr-495165-e\/","og_locale":"es_ES","og_type":"article","og_title":"LeMax\u00ae Grill II - Electric Grill, Portable Grill | ELAG","og_description":"The LeMax\u00ae electric grill\/ griddle, mod. GR 495165-E, offers extra power for perfect and healthy grilling results. Thanks to the large square surface...","og_url":"https:\/\/www.elagproducts.com\/es\/shop\/grill-electricos\/gr-495165-e\/","og_site_name":"ELAG - LeMax Grills &amp; High-Quality Cooktops","article_modified_time":"2026-04-21T13:52:30+00:00","og_image":[{"width":500,"height":500,"url":"https:\/\/i0.wp.com\/www.elagproducts.com\/wp-content\/uploads\/2014\/10\/gr495165e.jpg?fit=500%2C500&ssl=1","type":"image\/jpeg"}],"twitter_misc":{"Tiempo de lectura":"4 minutos"},"schema":{"@context":"https:\/\/schema.org","@graph":[{"@type":"WebPage","@id":"https:\/\/www.elagproducts.com\/es\/shop\/grill-electricos\/gr-495165-e\/","url":"https:\/\/www.elagproducts.com\/es\/shop\/grill-electricos\/gr-495165-e\/","name":"LeMax\u00ae Grill II - Electric Grill, Portable Grill | ELAG","isPartOf":{"@id":"https:\/\/www.elagproducts.com\/de\/#website"},"datePublished":"2014-10-22T14:52:52+00:00","dateModified":"2026-04-21T13:52:30+00:00","description":"The LeMax\u00ae electric grill\/ griddle, mod. GR 495165-E, offers extra power for perfect and healthy grilling results. Thanks to the large square surface...","breadcrumb":{"@id":"https:\/\/www.elagproducts.com\/es\/shop\/grill-electricos\/gr-495165-e\/#breadcrumb"},"inLanguage":"es","potentialAction":[{"@type":"ReadAction","target":["https:\/\/www.elagproducts.com\/es\/shop\/grill-electricos\/gr-495165-e\/"]}]},{"@type":"BreadcrumbList","@id":"https:\/\/www.elagproducts.com\/es\/shop\/grill-electricos\/gr-495165-e\/#breadcrumb","itemListElement":[{"@type":"ListItem","position":1,"name":"Home","item":"https:\/\/www.elagproducts.com\/"},{"@type":"ListItem","position":2,"name":"Shop","item":"https:\/\/www.elagproducts.com\/de\/shop\/"},{"@type":"ListItem","position":3,"name":"LeMax\u00ae Grill II"}]},{"@type":"WebSite","@id":"https:\/\/www.elagproducts.com\/de\/#website","url":"https:\/\/www.elagproducts.com\/de\/","name":"ELAG - LeMax Grills &amp; High-Quality Cooktops","description":"","potentialAction":[{"@type":"SearchAction","target":{"@type":"EntryPoint","urlTemplate":"https:\/\/www.elagproducts.com\/de\/?s={search_term_string}"},"query-input":"required name=search_term_string"}],"inLanguage":"es"}]}},"_links":{"self":[{"href":"https:\/\/www.elagproducts.com\/es\/wp-json\/wp\/v3\/product\/5881"}],"collection":[{"href":"https:\/\/www.elagproducts.com\/es\/wp-json\/wp\/v3\/product"}],"about":[{"href":"https:\/\/www.elagproducts.com\/es\/wp-json\/wp\/v2\/types\/product"}],"replies":[{"embeddable":true,"href":"https:\/\/www.elagproducts.com\/es\/wp-json\/wp\/v2\/comments?post=5881"}],"wp:featuredmedia":[{"embeddable":true,"href":"https:\/\/www.elagproducts.com\/es\/wp-json\/wp\/v2\/media\/5889"}],"wp:attachment":[{"href":"https:\/\/www.elagproducts.com\/es\/wp-json\/wp\/v2\/media?parent=5881"}],"wp:term":[{"taxonomy":"product_cat","embeddable":true,"href":"https:\/\/www.elagproducts.com\/es\/wp-json\/wp\/v2\/product_cat?post=5881"},{"taxonomy":"product_tag","embeddable":true,"href":"https:\/\/www.elagproducts.com\/es\/wp-json\/wp\/v2\/product_tag?post=5881"}],"curies":[{"name":"wp","href":"https:\/\/api.w.org\/{rel}","templated":true}]}}