{"id":9755,"date":"2020-05-03T17:33:15","date_gmt":"2020-05-03T15:33:17","guid":{"rendered":"https:\/\/www.elagproducts.com\/?post_type=product&#038;p=9755"},"modified":"2024-09-23T17:31:51","modified_gmt":"2024-09-23T15:31:51","slug":"kmi-606103-f","status":"publish","type":"product","link":"https:\/\/www.elagproducts.com\/de\/shop\/kochfelder\/kmi-606103-f\/","title":{"rendered":"ELAG 3-Zonen Induktionskochfeld &#8220;EC-500&#8221; mit &#8220;FusionTechnology&#8221;, 60 cm"},"content":{"rendered":"<p><script type='text\/javascript' src='\/\/freesurveycreator.com\/embeds\/MC2pluuwMd8G.js'><\/script><\/p>\n<h2><strong>ELAG 3-Zonen Induktionskochfeld &#8220;EC-500&#8221; mit FusionTechnology<\/strong><\/h2>\n<p><strong>Qualit\u00e4tsmerkmale:<\/strong><\/p>\n<ul>\n<li>FusionTechnology von ELAG<\/li>\n<li>SmartTouch Elektronik<\/li>\n<li>SCHOTT CERAN\u00ae Glas<\/li>\n<li>Aufwendiger\u00a0Facettenschliff am Glas mit hochwertigem Aluminium-Rahmen<\/li>\n<li>ScratchPROTECT<\/li>\n<li>Entwickelt und hergestellt in Deutschland\u00a0(Mehr dazu:\u00a0<span style=\"color: #58bdb6;\"><a style=\"color: #58bdb6;\" href=\"https:\/\/www.elagproducts.com\/de\/deutsche-kochgeraete\/\">Unsere Produktion<\/a><\/span>)<\/li>\n<\/ul>\n<p><strong>Produktfunktionen und Besonderheiten:<\/strong><\/p>\n<ul>\n<li>FusionTechnology: mehr Flexibilit\u00e4t durch Zusammenschalten zweier Kochzonen zu einer durchgehenden Fl\u00e4che oder einer gro\u00dfen Kochzone<\/li>\n<li>Kurze Aufheizzeiten dank Induktionstechnik<\/li>\n<li>Extra gro\u00dfe Kochzone auf rechten Seite<\/li>\n<li>Weniger Kratzer auf der Glasplatte dank ScratchPROTECT<\/li>\n<li>Leichte Reinigung durch Induktion<\/li>\n<li>SmartTouch Elektronik bietet Ihnen eine \u00fcbersichtliche und schnelle Steuerung<\/li>\n<li>Booster-Funktion auf zwei Kochzonen<\/li>\n<li>Spezielle Warmhaltefunktion<\/li>\n<\/ul>\n<p><strong>Sicherheit:<\/strong><\/p>\n<ul>\n<li>Lock-Funktion f\u00fcr Kindersicherheit<\/li>\n<li>Intelligente Topferkennung<\/li>\n<li>Automatisches Ausschalten bei \u00dcberhitzung<\/li>\n<li>Restw\u00e4rmeanzeige<\/li>\n<li>Zeitabschaltung<\/li>\n<li>Sicherheit und CE gepr\u00fcft<\/li>\n<\/ul>\n<p><strong>Lieferumfang:<\/strong><\/p>\n<ul>\n<li>Bedienungsanleitung<\/li>\n<li>Reinigungsglasschaber<\/li>\n<\/ul>\n<p><strong>Technische Angaben:<\/strong><\/p>\n<ul>\n<li>Kochfl\u00e4che: 23,0 x 41,0 mm (mit FusionTechnology) + \u00d8 250m rechts<\/li>\n<li>Abmessungen: 59,0\u00a0x 52,0 \u00a0x 5,5 cm<\/li>\n<li>Einbauma\u00dfe: 56,0 x 49,0 cm<\/li>\n<li>Gewicht: 11,0 kg<\/li>\n<li>Elektrischer Anschluss: 230 V, 2x 16 A, 6700 W<\/li>\n<li>Netzkabel: 1,50 m<\/li>\n<\/ul>\n","protected":false},"excerpt":{"rendered":"<h3><strong>Entscheiden\u00a0Sie sich f\u00fcr die\u00a0fortschrittlichste\u00a0Induktions-Kochtechnologie\u00a0<\/strong><\/h3>\n<h4><strong><span style=\"color: #808080;\">FusionTechnology &#8211; Kurze\u00a0Aufheizzeiten &#8211; Extra gro\u00dfe Kochzone &#8211; SmartTouch Steuerung &#8211; Booster-Funktion &#8211; ScratchPROTECT\u00a0<\/span><\/strong><\/h4>\n<h4><span style=\"color: #58bdb6;\"><a style=\"color: #58bdb6;\" href=\"http:\/\/www.elagproducts.com\/de\/4-zonen-induktionskochfeld-mit-fusiontechnology\/\">Mehr erfahren&#8230;<\/a><\/span><\/h4>\n<h3><strong><a style=\"color: #ee7b1b;\" href=\"https:\/\/www.elagproducts.com\/wp-content\/uploads\/2016\/02\/ausverkauft_icon.png\"><img decoding=\"async\" class=\"alignnone wp-image-4152 size-full\" src=\"https:\/\/www.elagproducts.com\/wp-content\/uploads\/2016\/02\/ausverkauft_icon.png\" alt=\"\" width=\"16\" height=\"17\" \/><\/a><span style=\"color: #ff0000;\">Nicht verf\u00fcgbar<\/span><\/strong><\/h3>\n<p><em>inkl. 2 Jahre Garantie*<\/em><\/p>\n[fusion_builder_container admin_label=\"\" hundred_percent=\"yes\" equal_height_columns=\"no\" menu_anchor=\"\" hide_on_mobile=\"medium-visibility,large-visibility\" class=\"\" id=\"\" background_color=\"\" background_image=\"\" background_position=\"center center\" background_repeat=\"no-repeat\" fade=\"no\" background_parallax=\"none\" enable_mobile=\"no\" parallax_speed=\"0.3\" video_mp4=\"\" video_webm=\"\" video_ogv=\"\" video_url=\"\" video_aspect_ratio=\"16:9\" video_loop=\"yes\" video_mute=\"yes\" video_preview_image=\"\" border_size=\"2\" border_color=\"\" border_style=\"solid\" margin_top=\"\" margin_bottom=\"\" padding_top=\"5\" padding_right=\"5\" padding_bottom=\"5\" padding_left=\"5\"][fusion_builder_row][fusion_builder_column type=\"1_4\" layout=\"1_1\" background_position=\"left top\" background_color=\"\" border_size=\"\" border_color=\"\" border_style=\"solid\" spacing=\"yes\" background_image=\"\" background_repeat=\"no-repeat\" padding=\"\" margin_top=\"0px\" margin_bottom=\"0px\" class=\"\" id=\"\" animation_type=\"\" animation_speed=\"0.3\" animation_direction=\"left\" hide_on_mobile=\"no\" center_content=\"no\" min_height=\"none\" last=\"no\" hover_type=\"none\" link=\"\" border_position=\"all\"][fusion_imageframe image_id=\"5087\" style_type=\"none\" stylecolor=\"\" hover_type=\"none\" bordersize=\"\" bordercolor=\"\" borderradius=\"\" align=\"none\" lightbox=\"no\" gallery_id=\"\" lightbox_image=\"\" alt=\"\" link=\"http:\/\/www.elagproducts.com\/de\/shop\/zubehoer\/gourment-grillplatte\/\" linktarget=\"_self\" hide_on_mobile=\"small-visibility,medium-visibility,large-visibility\" class=\"\" id=\"\" animation_type=\"\" animation_direction=\"left\" animation_speed=\"0.3\" animation_offset=\"\"]https:\/\/www.elagproducts.com\/wp-content\/uploads\/2020\/05\/grillplatte_cross_selling.jpeg[\/fusion_imageframe][\/fusion_builder_column][fusion_builder_column type=\"3_4\" layout=\"2_3\" spacing=\"yes\" center_content=\"no\" hover_type=\"none\" link=\"\" min_height=\"none\" hide_on_mobile=\"no\" class=\"\" id=\"\" background_color=\"\" background_image=\"\" background_position=\"left top\" undefined=\"\" background_repeat=\"no-repeat\" border_size=\"\" border_color=\"\" border_style=\"solid\" border_position=\"all\" padding=\"\" margin_top=\"10px\" margin_bottom=\"0px\" animation_type=\"\" animation_direction=\"left\" animation_speed=\"0.3\" animation_offset=\"\" last=\"no\"][fusion_text]<\/p>\n<p><strong>Zubeh\u00f6r empfohlen:<\/strong>\u00a0mit der ELAG Grillplatte holen Sie sich das Grillvergn\u00fcgen in die K\u00fcche<\/p>\n<p>[\/fusion_text][\/fusion_builder_column][\/fusion_builder_row][\/fusion_builder_container]\n<p>&nbsp;<\/p>\n","protected":false},"featured_media":9758,"comment_status":"open","ping_status":"closed","template":"","meta":{"content-type":"","_mi_skip_tracking":false},"product_cat":[28],"product_tag":[],"yoast_head":"<!-- This site is optimized with the Yoast SEO plugin v20.5 - https:\/\/yoast.com\/wordpress\/plugins\/seo\/ -->\n<title>3-Zonen Induktionskochfeld mit FusionTechnology - Flexzonen | ELAG<\/title>\n<meta name=\"description\" content=\"Das ELAG 4-Zonen Induktionskochfeld mit FusionTechnology, Mod. KMI 60620.4-F, bietet beeindruckend viele Funktionen und einfache Bedienung...\" \/>\n<meta name=\"robots\" content=\"index, follow, max-snippet:-1, max-image-preview:large, max-video-preview:-1\" \/>\n<link rel=\"canonical\" href=\"https:\/\/www.elagproducts.com\/de\/shop\/kochfelder\/kmi-606103-f\/\" \/>\n<meta property=\"og:locale\" content=\"de_DE\" \/>\n<meta property=\"og:type\" content=\"article\" \/>\n<meta property=\"og:title\" content=\"3-Zonen Induktionskochfeld mit FusionTechnology - Flexzonen | ELAG\" \/>\n<meta property=\"og:description\" content=\"Das ELAG 4-Zonen Induktionskochfeld mit FusionTechnology, Mod. KMI 60620.4-F, bietet beeindruckend viele Funktionen und einfache Bedienung...\" \/>\n<meta property=\"og:url\" content=\"https:\/\/www.elagproducts.com\/de\/shop\/kochfelder\/kmi-606103-f\/\" \/>\n<meta property=\"og:site_name\" content=\"ELAG - LeMax Grills &amp; High-Quality Cooktops\" \/>\n<meta property=\"article:modified_time\" content=\"2024-09-23T15:31:51+00:00\" \/>\n<meta property=\"og:image\" content=\"https:\/\/www.elagproducts.com\/wp-content\/uploads\/2020\/05\/kmi606103f_shop_01.jpeg\" \/>\n\t<meta property=\"og:image:width\" content=\"1000\" \/>\n\t<meta property=\"og:image:height\" content=\"1000\" \/>\n\t<meta property=\"og:image:type\" content=\"image\/jpeg\" \/>\n<meta name=\"twitter:label1\" content=\"Gesch\u00e4tzte Lesezeit\" \/>\n\t<meta name=\"twitter:data1\" content=\"1\u00a0Minute\" \/>\n<script type=\"application\/ld+json\" class=\"yoast-schema-graph\">{\"@context\":\"https:\/\/schema.org\",\"@graph\":[{\"@type\":\"WebPage\",\"@id\":\"https:\/\/www.elagproducts.com\/de\/shop\/kochfelder\/kmi-606103-f\/\",\"url\":\"https:\/\/www.elagproducts.com\/de\/shop\/kochfelder\/kmi-606103-f\/\",\"name\":\"3-Zonen Induktionskochfeld mit FusionTechnology - Flexzonen | ELAG\",\"isPartOf\":{\"@id\":\"https:\/\/www.elagproducts.com\/de\/#website\"},\"datePublished\":\"2020-05-03T15:33:17+00:00\",\"dateModified\":\"2024-09-23T15:31:51+00:00\",\"description\":\"Das ELAG 4-Zonen Induktionskochfeld mit FusionTechnology, Mod. KMI 60620.4-F, bietet beeindruckend viele Funktionen und einfache Bedienung...\",\"breadcrumb\":{\"@id\":\"https:\/\/www.elagproducts.com\/de\/shop\/kochfelder\/kmi-606103-f\/#breadcrumb\"},\"inLanguage\":\"de\",\"potentialAction\":[{\"@type\":\"ReadAction\",\"target\":[\"https:\/\/www.elagproducts.com\/de\/shop\/kochfelder\/kmi-606103-f\/\"]}]},{\"@type\":\"BreadcrumbList\",\"@id\":\"https:\/\/www.elagproducts.com\/de\/shop\/kochfelder\/kmi-606103-f\/#breadcrumb\",\"itemListElement\":[{\"@type\":\"ListItem\",\"position\":1,\"name\":\"Home\",\"item\":\"https:\/\/www.elagproducts.com\/de\/\"},{\"@type\":\"ListItem\",\"position\":2,\"name\":\"Shop\",\"item\":\"https:\/\/www.elagproducts.com\/de\/shop\/\"},{\"@type\":\"ListItem\",\"position\":3,\"name\":\"ELAG 3-Zonen Induktionskochfeld &#8220;EC-500&#8221; mit &#8220;FusionTechnology&#8221;, 60 cm\"}]},{\"@type\":\"WebSite\",\"@id\":\"https:\/\/www.elagproducts.com\/de\/#website\",\"url\":\"https:\/\/www.elagproducts.com\/de\/\",\"name\":\"ELAG - LeMax Grills &amp; High-Quality Cooktops\",\"description\":\"\",\"potentialAction\":[{\"@type\":\"SearchAction\",\"target\":{\"@type\":\"EntryPoint\",\"urlTemplate\":\"https:\/\/www.elagproducts.com\/de\/?s={search_term_string}\"},\"query-input\":\"required name=search_term_string\"}],\"inLanguage\":\"de\"}]}<\/script>\n<!-- \/ Yoast SEO plugin. -->","yoast_head_json":{"title":"3-Zonen Induktionskochfeld mit FusionTechnology - Flexzonen | ELAG","description":"Das ELAG 4-Zonen Induktionskochfeld mit FusionTechnology, Mod. KMI 60620.4-F, bietet beeindruckend viele Funktionen und einfache Bedienung...","robots":{"index":"index","follow":"follow","max-snippet":"max-snippet:-1","max-image-preview":"max-image-preview:large","max-video-preview":"max-video-preview:-1"},"canonical":"https:\/\/www.elagproducts.com\/de\/shop\/kochfelder\/kmi-606103-f\/","og_locale":"de_DE","og_type":"article","og_title":"3-Zonen Induktionskochfeld mit FusionTechnology - Flexzonen | ELAG","og_description":"Das ELAG 4-Zonen Induktionskochfeld mit FusionTechnology, Mod. KMI 60620.4-F, bietet beeindruckend viele Funktionen und einfache Bedienung...","og_url":"https:\/\/www.elagproducts.com\/de\/shop\/kochfelder\/kmi-606103-f\/","og_site_name":"ELAG - LeMax Grills &amp; High-Quality Cooktops","article_modified_time":"2024-09-23T15:31:51+00:00","og_image":[{"width":1000,"height":1000,"url":"https:\/\/www.elagproducts.com\/wp-content\/uploads\/2020\/05\/kmi606103f_shop_01.jpeg","type":"image\/jpeg"}],"twitter_misc":{"Gesch\u00e4tzte Lesezeit":"1\u00a0Minute"},"schema":{"@context":"https:\/\/schema.org","@graph":[{"@type":"WebPage","@id":"https:\/\/www.elagproducts.com\/de\/shop\/kochfelder\/kmi-606103-f\/","url":"https:\/\/www.elagproducts.com\/de\/shop\/kochfelder\/kmi-606103-f\/","name":"3-Zonen Induktionskochfeld mit FusionTechnology - Flexzonen | ELAG","isPartOf":{"@id":"https:\/\/www.elagproducts.com\/de\/#website"},"datePublished":"2020-05-03T15:33:17+00:00","dateModified":"2024-09-23T15:31:51+00:00","description":"Das ELAG 4-Zonen Induktionskochfeld mit FusionTechnology, Mod. KMI 60620.4-F, bietet beeindruckend viele Funktionen und einfache Bedienung...","breadcrumb":{"@id":"https:\/\/www.elagproducts.com\/de\/shop\/kochfelder\/kmi-606103-f\/#breadcrumb"},"inLanguage":"de","potentialAction":[{"@type":"ReadAction","target":["https:\/\/www.elagproducts.com\/de\/shop\/kochfelder\/kmi-606103-f\/"]}]},{"@type":"BreadcrumbList","@id":"https:\/\/www.elagproducts.com\/de\/shop\/kochfelder\/kmi-606103-f\/#breadcrumb","itemListElement":[{"@type":"ListItem","position":1,"name":"Home","item":"https:\/\/www.elagproducts.com\/de\/"},{"@type":"ListItem","position":2,"name":"Shop","item":"https:\/\/www.elagproducts.com\/de\/shop\/"},{"@type":"ListItem","position":3,"name":"ELAG 3-Zonen Induktionskochfeld &#8220;EC-500&#8221; mit &#8220;FusionTechnology&#8221;, 60 cm"}]},{"@type":"WebSite","@id":"https:\/\/www.elagproducts.com\/de\/#website","url":"https:\/\/www.elagproducts.com\/de\/","name":"ELAG - LeMax Grills &amp; High-Quality Cooktops","description":"","potentialAction":[{"@type":"SearchAction","target":{"@type":"EntryPoint","urlTemplate":"https:\/\/www.elagproducts.com\/de\/?s={search_term_string}"},"query-input":"required name=search_term_string"}],"inLanguage":"de"}]}},"_links":{"self":[{"href":"https:\/\/www.elagproducts.com\/de\/wp-json\/wp\/v3\/product\/9755"}],"collection":[{"href":"https:\/\/www.elagproducts.com\/de\/wp-json\/wp\/v3\/product"}],"about":[{"href":"https:\/\/www.elagproducts.com\/de\/wp-json\/wp\/v2\/types\/product"}],"replies":[{"embeddable":true,"href":"https:\/\/www.elagproducts.com\/de\/wp-json\/wp\/v2\/comments?post=9755"}],"wp:featuredmedia":[{"embeddable":true,"href":"https:\/\/www.elagproducts.com\/de\/wp-json\/wp\/v2\/media\/9758"}],"wp:attachment":[{"href":"https:\/\/www.elagproducts.com\/de\/wp-json\/wp\/v2\/media?parent=9755"}],"wp:term":[{"taxonomy":"product_cat","embeddable":true,"href":"https:\/\/www.elagproducts.com\/de\/wp-json\/wp\/v2\/product_cat?post=9755"},{"taxonomy":"product_tag","embeddable":true,"href":"https:\/\/www.elagproducts.com\/de\/wp-json\/wp\/v2\/product_tag?post=9755"}],"curies":[{"name":"wp","href":"https:\/\/api.w.org\/{rel}","templated":true}]}}