{"id":9357,"date":"2019-07-26T17:53:49","date_gmt":"2019-07-26T15:56:27","guid":{"rendered":"http:\/\/www.elagproducts.com\/?post_type=product&#038;p=9357"},"modified":"2024-05-18T12:51:15","modified_gmt":"2024-05-18T10:51:15","slug":"led-roehre-60cm-typ-t8","status":"publish","type":"product","link":"https:\/\/www.elagproducts.com\/de\/shop\/elag-lighting\/led-roehre-60cm-typ-t8\/","title":{"rendered":"LED R\u00f6hre 60cm (Typ T8)"},"content":{"rendered":"","protected":false},"excerpt":{"rendered":"<p><strong>Qualit\u00e4tsprodukt mit 2 Jahren Garantie<\/strong><\/p>\n<p>Sparen auch Sie in Zukunft ganz einfach bis zu\u00a0<strong>62 % Ihrer Stromkosten<\/strong>\u00a0ein und wechseln ganz einfach auf LED R\u00f6hren. Durch den\u00a0<strong>mitgelieferten Starter<\/strong>\u00a0k\u00f6nnen KVG R\u00f6hren ganz einfach ausgetauscht werden &#8211; Starter tauschen, R\u00f6hre tauschen &#8211; Fertig!<\/p>\n<ul>\n<li>4000 K<\/li>\n<li>9 W<\/li>\n<li>60 cm<\/li>\n<\/ul>\n","protected":false},"featured_media":9354,"comment_status":"open","ping_status":"closed","template":"","meta":{"content-type":"","_mi_skip_tracking":false},"product_cat":[99],"product_tag":[],"yoast_head":"<!-- This site is optimized with the Yoast SEO plugin v20.5 - https:\/\/yoast.com\/wordpress\/plugins\/seo\/ -->\n<title>LED R\u00f6hre 60cm (Typ T8) - ELAG - LeMax Grills &amp; High-Quality Cooktops<\/title>\n<meta name=\"robots\" content=\"index, follow, max-snippet:-1, max-image-preview:large, max-video-preview:-1\" \/>\n<link rel=\"canonical\" href=\"https:\/\/www.elagproducts.com\/de\/shop\/elag-lighting\/led-roehre-60cm-typ-t8\/\" \/>\n<meta property=\"og:locale\" content=\"de_DE\" \/>\n<meta property=\"og:type\" content=\"article\" \/>\n<meta property=\"og:title\" content=\"LED R\u00f6hre 60cm (Typ T8) - ELAG - LeMax Grills &amp; High-Quality Cooktops\" \/>\n<meta property=\"og:description\" content=\"Qualit\u00e4tsprodukt mit 2 Jahren Garantie  Sparen auch Sie in Zukunft ganz einfach bis zu\u00a062 % Ihrer Stromkosten\u00a0ein und wechseln ganz einfach auf LED R\u00f6hren. Durch den\u00a0mitgelieferten Starter\u00a0k\u00f6nnen KVG R\u00f6hren ganz einfach ausgetauscht werden - Starter tauschen, R\u00f6hre tauschen - Fertig!   4000 K  9 W  60 cm\" \/>\n<meta property=\"og:url\" content=\"https:\/\/www.elagproducts.com\/de\/shop\/elag-lighting\/led-roehre-60cm-typ-t8\/\" \/>\n<meta property=\"og:site_name\" content=\"ELAG - LeMax Grills &amp; High-Quality Cooktops\" \/>\n<meta property=\"article:modified_time\" content=\"2024-05-18T10:51:15+00:00\" \/>\n<meta property=\"og:image\" content=\"https:\/\/i0.wp.com\/www.elagproducts.com\/wp-content\/uploads\/2019\/07\/led_roehre_60cm.jpg?fit=500%2C500&ssl=1\" \/>\n\t<meta property=\"og:image:width\" content=\"500\" \/>\n\t<meta property=\"og:image:height\" content=\"500\" \/>\n\t<meta property=\"og:image:type\" content=\"image\/jpeg\" \/>\n<script type=\"application\/ld+json\" class=\"yoast-schema-graph\">{\"@context\":\"https:\/\/schema.org\",\"@graph\":[{\"@type\":\"WebPage\",\"@id\":\"https:\/\/www.elagproducts.com\/de\/shop\/elag-lighting\/led-roehre-60cm-typ-t8\/\",\"url\":\"https:\/\/www.elagproducts.com\/de\/shop\/elag-lighting\/led-roehre-60cm-typ-t8\/\",\"name\":\"LED R\u00f6hre 60cm (Typ T8) - ELAG - LeMax Grills &amp; High-Quality Cooktops\",\"isPartOf\":{\"@id\":\"https:\/\/www.elagproducts.com\/de\/#website\"},\"datePublished\":\"2019-07-26T15:56:27+00:00\",\"dateModified\":\"2024-05-18T10:51:15+00:00\",\"breadcrumb\":{\"@id\":\"https:\/\/www.elagproducts.com\/de\/shop\/elag-lighting\/led-roehre-60cm-typ-t8\/#breadcrumb\"},\"inLanguage\":\"de\",\"potentialAction\":[{\"@type\":\"ReadAction\",\"target\":[\"https:\/\/www.elagproducts.com\/de\/shop\/elag-lighting\/led-roehre-60cm-typ-t8\/\"]}]},{\"@type\":\"BreadcrumbList\",\"@id\":\"https:\/\/www.elagproducts.com\/de\/shop\/elag-lighting\/led-roehre-60cm-typ-t8\/#breadcrumb\",\"itemListElement\":[{\"@type\":\"ListItem\",\"position\":1,\"name\":\"Home\",\"item\":\"https:\/\/www.elagproducts.com\/de\/\"},{\"@type\":\"ListItem\",\"position\":2,\"name\":\"Shop\",\"item\":\"https:\/\/www.elagproducts.com\/de\/shop\/\"},{\"@type\":\"ListItem\",\"position\":3,\"name\":\"LED R\u00f6hre 60cm (Typ T8)\"}]},{\"@type\":\"WebSite\",\"@id\":\"https:\/\/www.elagproducts.com\/de\/#website\",\"url\":\"https:\/\/www.elagproducts.com\/de\/\",\"name\":\"ELAG - LeMax Grills &amp; High-Quality Cooktops\",\"description\":\"\",\"potentialAction\":[{\"@type\":\"SearchAction\",\"target\":{\"@type\":\"EntryPoint\",\"urlTemplate\":\"https:\/\/www.elagproducts.com\/de\/?s={search_term_string}\"},\"query-input\":\"required name=search_term_string\"}],\"inLanguage\":\"de\"}]}<\/script>\n<!-- \/ Yoast SEO plugin. -->","yoast_head_json":{"title":"LED R\u00f6hre 60cm (Typ T8) - ELAG - LeMax Grills &amp; High-Quality Cooktops","robots":{"index":"index","follow":"follow","max-snippet":"max-snippet:-1","max-image-preview":"max-image-preview:large","max-video-preview":"max-video-preview:-1"},"canonical":"https:\/\/www.elagproducts.com\/de\/shop\/elag-lighting\/led-roehre-60cm-typ-t8\/","og_locale":"de_DE","og_type":"article","og_title":"LED R\u00f6hre 60cm (Typ T8) - ELAG - LeMax Grills &amp; High-Quality Cooktops","og_description":"Qualit\u00e4tsprodukt mit 2 Jahren Garantie  Sparen auch Sie in Zukunft ganz einfach bis zu\u00a062 % Ihrer Stromkosten\u00a0ein und wechseln ganz einfach auf LED R\u00f6hren. Durch den\u00a0mitgelieferten Starter\u00a0k\u00f6nnen KVG R\u00f6hren ganz einfach ausgetauscht werden - Starter tauschen, R\u00f6hre tauschen - Fertig!   4000 K  9 W  60 cm","og_url":"https:\/\/www.elagproducts.com\/de\/shop\/elag-lighting\/led-roehre-60cm-typ-t8\/","og_site_name":"ELAG - LeMax Grills &amp; High-Quality Cooktops","article_modified_time":"2024-05-18T10:51:15+00:00","og_image":[{"width":500,"height":500,"url":"https:\/\/i0.wp.com\/www.elagproducts.com\/wp-content\/uploads\/2019\/07\/led_roehre_60cm.jpg?fit=500%2C500&ssl=1","type":"image\/jpeg"}],"schema":{"@context":"https:\/\/schema.org","@graph":[{"@type":"WebPage","@id":"https:\/\/www.elagproducts.com\/de\/shop\/elag-lighting\/led-roehre-60cm-typ-t8\/","url":"https:\/\/www.elagproducts.com\/de\/shop\/elag-lighting\/led-roehre-60cm-typ-t8\/","name":"LED R\u00f6hre 60cm (Typ T8) - ELAG - LeMax Grills &amp; High-Quality Cooktops","isPartOf":{"@id":"https:\/\/www.elagproducts.com\/de\/#website"},"datePublished":"2019-07-26T15:56:27+00:00","dateModified":"2024-05-18T10:51:15+00:00","breadcrumb":{"@id":"https:\/\/www.elagproducts.com\/de\/shop\/elag-lighting\/led-roehre-60cm-typ-t8\/#breadcrumb"},"inLanguage":"de","potentialAction":[{"@type":"ReadAction","target":["https:\/\/www.elagproducts.com\/de\/shop\/elag-lighting\/led-roehre-60cm-typ-t8\/"]}]},{"@type":"BreadcrumbList","@id":"https:\/\/www.elagproducts.com\/de\/shop\/elag-lighting\/led-roehre-60cm-typ-t8\/#breadcrumb","itemListElement":[{"@type":"ListItem","position":1,"name":"Home","item":"https:\/\/www.elagproducts.com\/de\/"},{"@type":"ListItem","position":2,"name":"Shop","item":"https:\/\/www.elagproducts.com\/de\/shop\/"},{"@type":"ListItem","position":3,"name":"LED R\u00f6hre 60cm (Typ T8)"}]},{"@type":"WebSite","@id":"https:\/\/www.elagproducts.com\/de\/#website","url":"https:\/\/www.elagproducts.com\/de\/","name":"ELAG - LeMax Grills &amp; High-Quality Cooktops","description":"","potentialAction":[{"@type":"SearchAction","target":{"@type":"EntryPoint","urlTemplate":"https:\/\/www.elagproducts.com\/de\/?s={search_term_string}"},"query-input":"required name=search_term_string"}],"inLanguage":"de"}]}},"_links":{"self":[{"href":"https:\/\/www.elagproducts.com\/de\/wp-json\/wp\/v3\/product\/9357"}],"collection":[{"href":"https:\/\/www.elagproducts.com\/de\/wp-json\/wp\/v3\/product"}],"about":[{"href":"https:\/\/www.elagproducts.com\/de\/wp-json\/wp\/v2\/types\/product"}],"replies":[{"embeddable":true,"href":"https:\/\/www.elagproducts.com\/de\/wp-json\/wp\/v2\/comments?post=9357"}],"wp:featuredmedia":[{"embeddable":true,"href":"https:\/\/www.elagproducts.com\/de\/wp-json\/wp\/v2\/media\/9354"}],"wp:attachment":[{"href":"https:\/\/www.elagproducts.com\/de\/wp-json\/wp\/v2\/media?parent=9357"}],"wp:term":[{"taxonomy":"product_cat","embeddable":true,"href":"https:\/\/www.elagproducts.com\/de\/wp-json\/wp\/v2\/product_cat?post=9357"},{"taxonomy":"product_tag","embeddable":true,"href":"https:\/\/www.elagproducts.com\/de\/wp-json\/wp\/v2\/product_tag?post=9357"}],"curies":[{"name":"wp","href":"https:\/\/api.w.org\/{rel}","templated":true}]}}