{"id":8685,"date":"2017-12-13T19:54:02","date_gmt":"2017-12-13T17:54:04","guid":{"rendered":"http:\/\/www.elagproducts.com\/?post_type=product&#038;p=8685\/"},"modified":"2020-05-25T16:40:31","modified_gmt":"2020-05-25T14:40:31","slug":"kmh-73520-2-p","status":"publish","type":"product","link":"https:\/\/www.elagproducts.com\/de\/shop\/uncategorized-de\/kmh-73520-2-p\/","title":{"rendered":"ELAG 2-Zonen Hybridkochfeld"},"content":{"rendered":"<h2><strong>ELAG 2-Zonen Hybridkochfeld<\/strong><\/h2>\n<p><strong>Qualit\u00e4tsmerkmale:<\/strong><\/p>\n<ul>\n<li>Touch&amp;Slide Elektronik<\/li>\n<li>SCHOTT CERAN\u00ae Glas<\/li>\n<li>Aufwendiger\u00a0Facettenschliff am Glas<\/li>\n<li>Entwickelt und hergestellt in Deutschland\u00a0(Mehr dazu:\u00a0<span style=\"color: #58bdb6;\"><a style=\"color: #58bdb6;\" href=\"https:\/\/www.elagproducts.com\/de\/deutsche-kochgeraete\/\">Unsere Produktion<\/a><\/span>)<\/li>\n<\/ul>\n<p><strong>Produktfunktionen und Besonderheiten:<\/strong><\/p>\n<ul>\n<li>Herk\u00f6mmliche Kochtechnik mit moderner Induktionstechnik kombiniert<\/li>\n<li>Kurze Aufheizzeiten dank Induktionstechnik<\/li>\n<li>Touch&amp;Slide\u00a0Elektronik bietet Ihnen eine \u00fcbersichtliche und schnelle Steuerung<\/li>\n<li>Booster-Funktion bei der linken Kochzone<\/li>\n<li>Doppelkreis-Funktion bei der rechten Kochzone<\/li>\n<li>Spezielle Warmhaltefunktion<\/li>\n<li>Pausen-Funktion<\/li>\n<\/ul>\n<p><strong>Sicherheit:<\/strong><\/p>\n<ul>\n<li>Lock-Funktion f\u00fcr Kindersicherheit<\/li>\n<li>Intelligente Topferkennung<\/li>\n<li>Automatisches Ausschalten bei \u00dcberhitzung<\/li>\n<li>Restw\u00e4rmeanzeige<\/li>\n<li>Zeitabschaltung<\/li>\n<li>Sicherheit und CE gepr\u00fcft<\/li>\n<\/ul>\n<p><strong>Lieferumfang:<\/strong><\/p>\n<ul>\n<li>Bedienungsanleitung<\/li>\n<li>Abdichtprofil<\/li>\n<li>Reinigungsglasschaber<\/li>\n<\/ul>\n<p><strong>Technische Angaben:<\/strong><\/p>\n<ul>\n<li>Kochfl\u00e4che: 1x \u00a0\u00d8\u00a023,0 cm (Induktion),\u00a01x \u00a0\u00d8\u00a023,0 cm (HiLight)<\/li>\n<li>Abmessungen: 73,0\u00a0x 43,0 \u00a0x 6,0 cm<\/li>\n<li>Einbauma\u00dfe: 71,0 x 41,0 cm<\/li>\n<li>Gewicht: 9,8 kg<\/li>\n<li>Elektrischer Anschluss: 230 V, 2x 16 A, 4600 W<\/li>\n<li>Netzkabel: 1,50 m<\/li>\n<\/ul>\n","protected":false},"excerpt":{"rendered":"<h3><strong>Kombinieren Sie das beste aller Kochtechnologien<\/strong><\/h3>\n<h4><strong><span style=\"color: #808080;\">Kurze\u00a0Aufheizzeiten &#8211; Ideal f\u00fcr alle Topfgr\u00f6\u00dfen\u00a0&#8211; Touch&amp;Slide\u00a0Steuerung &#8211; Booster-Funktion &#8211; Doppelkreis Zone<\/span><\/strong><\/h4>\n<h4><span style=\"color: #58bdb6;\"><a style=\"color: #58bdb6;\" href=\"http:\/\/www.elagproducts.com\/elag-kmh-73520-2-p\/\">Mehr erfahren&#8230;<\/a><\/span><\/h4>\n<p><em>inkl. 2 Jahre Garantie*<\/em><\/p>\n<p>&nbsp;<\/p>\n","protected":false},"featured_media":8703,"comment_status":"open","ping_status":"closed","template":"","meta":{"content-type":"","_mi_skip_tracking":false},"product_cat":[95],"product_tag":[],"yoast_head":"<!-- This site is optimized with the Yoast SEO plugin v20.5 - https:\/\/yoast.com\/wordpress\/plugins\/seo\/ -->\n<title>2-Zonen Hybridkochfeld | ELAG<\/title>\n<meta name=\"description\" content=\"Das ELAG 2-Zonen Hybridkochfeld, Mod. KMH 73520.2-P, bietet beeindruckend viele Funktionen und eine einfache Bedienung...\" \/>\n<meta name=\"robots\" content=\"index, follow, max-snippet:-1, max-image-preview:large, max-video-preview:-1\" \/>\n<link rel=\"canonical\" href=\"https:\/\/www.elagproducts.com\/de\/shop\/uncategorized-de\/kmh-73520-2-p\/\" \/>\n<meta property=\"og:locale\" content=\"de_DE\" \/>\n<meta property=\"og:type\" content=\"article\" \/>\n<meta property=\"og:title\" content=\"2-Zonen Hybridkochfeld | ELAG\" \/>\n<meta property=\"og:description\" content=\"Das ELAG 2-Zonen Hybridkochfeld, Mod. KMH 73520.2-P, bietet beeindruckend viele Funktionen und eine einfache Bedienung...\" \/>\n<meta property=\"og:url\" content=\"https:\/\/www.elagproducts.com\/de\/shop\/uncategorized-de\/kmh-73520-2-p\/\" \/>\n<meta property=\"og:site_name\" content=\"ELAG - LeMax Grills &amp; High-Quality Cooktops\" \/>\n<meta property=\"article:modified_time\" content=\"2020-05-25T14:40:31+00:00\" \/>\n<meta property=\"og:image\" content=\"https:\/\/i0.wp.com\/www.elagproducts.com\/wp-content\/uploads\/2017\/12\/kmh_735202-P.jpg?fit=500%2C500&ssl=1\" \/>\n\t<meta property=\"og:image:width\" content=\"500\" \/>\n\t<meta property=\"og:image:height\" content=\"500\" \/>\n\t<meta property=\"og:image:type\" content=\"image\/jpeg\" \/>\n<meta name=\"twitter:label1\" content=\"Gesch\u00e4tzte Lesezeit\" \/>\n\t<meta name=\"twitter:data1\" content=\"1\u00a0Minute\" \/>\n<script type=\"application\/ld+json\" class=\"yoast-schema-graph\">{\"@context\":\"https:\/\/schema.org\",\"@graph\":[{\"@type\":\"WebPage\",\"@id\":\"https:\/\/www.elagproducts.com\/de\/shop\/uncategorized-de\/kmh-73520-2-p\/\",\"url\":\"https:\/\/www.elagproducts.com\/de\/shop\/uncategorized-de\/kmh-73520-2-p\/\",\"name\":\"2-Zonen Hybridkochfeld | ELAG\",\"isPartOf\":{\"@id\":\"https:\/\/www.elagproducts.com\/de\/#website\"},\"datePublished\":\"2017-12-13T17:54:04+00:00\",\"dateModified\":\"2020-05-25T14:40:31+00:00\",\"description\":\"Das ELAG 2-Zonen Hybridkochfeld, Mod. KMH 73520.2-P, bietet beeindruckend viele Funktionen und eine einfache Bedienung...\",\"breadcrumb\":{\"@id\":\"https:\/\/www.elagproducts.com\/de\/shop\/uncategorized-de\/kmh-73520-2-p\/#breadcrumb\"},\"inLanguage\":\"de\",\"potentialAction\":[{\"@type\":\"ReadAction\",\"target\":[\"https:\/\/www.elagproducts.com\/de\/shop\/uncategorized-de\/kmh-73520-2-p\/\"]}]},{\"@type\":\"BreadcrumbList\",\"@id\":\"https:\/\/www.elagproducts.com\/de\/shop\/uncategorized-de\/kmh-73520-2-p\/#breadcrumb\",\"itemListElement\":[{\"@type\":\"ListItem\",\"position\":1,\"name\":\"Home\",\"item\":\"https:\/\/www.elagproducts.com\/de\/\"},{\"@type\":\"ListItem\",\"position\":2,\"name\":\"Shop\",\"item\":\"https:\/\/www.elagproducts.com\/de\/shop\/\"},{\"@type\":\"ListItem\",\"position\":3,\"name\":\"ELAG 2-Zonen Hybridkochfeld\"}]},{\"@type\":\"WebSite\",\"@id\":\"https:\/\/www.elagproducts.com\/de\/#website\",\"url\":\"https:\/\/www.elagproducts.com\/de\/\",\"name\":\"ELAG - LeMax Grills &amp; High-Quality Cooktops\",\"description\":\"\",\"potentialAction\":[{\"@type\":\"SearchAction\",\"target\":{\"@type\":\"EntryPoint\",\"urlTemplate\":\"https:\/\/www.elagproducts.com\/de\/?s={search_term_string}\"},\"query-input\":\"required name=search_term_string\"}],\"inLanguage\":\"de\"}]}<\/script>\n<!-- \/ Yoast SEO plugin. -->","yoast_head_json":{"title":"2-Zonen Hybridkochfeld | ELAG","description":"Das ELAG 2-Zonen Hybridkochfeld, Mod. KMH 73520.2-P, bietet beeindruckend viele Funktionen und eine einfache Bedienung...","robots":{"index":"index","follow":"follow","max-snippet":"max-snippet:-1","max-image-preview":"max-image-preview:large","max-video-preview":"max-video-preview:-1"},"canonical":"https:\/\/www.elagproducts.com\/de\/shop\/uncategorized-de\/kmh-73520-2-p\/","og_locale":"de_DE","og_type":"article","og_title":"2-Zonen Hybridkochfeld | ELAG","og_description":"Das ELAG 2-Zonen Hybridkochfeld, Mod. KMH 73520.2-P, bietet beeindruckend viele Funktionen und eine einfache Bedienung...","og_url":"https:\/\/www.elagproducts.com\/de\/shop\/uncategorized-de\/kmh-73520-2-p\/","og_site_name":"ELAG - LeMax Grills &amp; High-Quality Cooktops","article_modified_time":"2020-05-25T14:40:31+00:00","og_image":[{"width":500,"height":500,"url":"https:\/\/i0.wp.com\/www.elagproducts.com\/wp-content\/uploads\/2017\/12\/kmh_735202-P.jpg?fit=500%2C500&ssl=1","type":"image\/jpeg"}],"twitter_misc":{"Gesch\u00e4tzte Lesezeit":"1\u00a0Minute"},"schema":{"@context":"https:\/\/schema.org","@graph":[{"@type":"WebPage","@id":"https:\/\/www.elagproducts.com\/de\/shop\/uncategorized-de\/kmh-73520-2-p\/","url":"https:\/\/www.elagproducts.com\/de\/shop\/uncategorized-de\/kmh-73520-2-p\/","name":"2-Zonen Hybridkochfeld | ELAG","isPartOf":{"@id":"https:\/\/www.elagproducts.com\/de\/#website"},"datePublished":"2017-12-13T17:54:04+00:00","dateModified":"2020-05-25T14:40:31+00:00","description":"Das ELAG 2-Zonen Hybridkochfeld, Mod. KMH 73520.2-P, bietet beeindruckend viele Funktionen und eine einfache Bedienung...","breadcrumb":{"@id":"https:\/\/www.elagproducts.com\/de\/shop\/uncategorized-de\/kmh-73520-2-p\/#breadcrumb"},"inLanguage":"de","potentialAction":[{"@type":"ReadAction","target":["https:\/\/www.elagproducts.com\/de\/shop\/uncategorized-de\/kmh-73520-2-p\/"]}]},{"@type":"BreadcrumbList","@id":"https:\/\/www.elagproducts.com\/de\/shop\/uncategorized-de\/kmh-73520-2-p\/#breadcrumb","itemListElement":[{"@type":"ListItem","position":1,"name":"Home","item":"https:\/\/www.elagproducts.com\/de\/"},{"@type":"ListItem","position":2,"name":"Shop","item":"https:\/\/www.elagproducts.com\/de\/shop\/"},{"@type":"ListItem","position":3,"name":"ELAG 2-Zonen Hybridkochfeld"}]},{"@type":"WebSite","@id":"https:\/\/www.elagproducts.com\/de\/#website","url":"https:\/\/www.elagproducts.com\/de\/","name":"ELAG - LeMax Grills &amp; High-Quality Cooktops","description":"","potentialAction":[{"@type":"SearchAction","target":{"@type":"EntryPoint","urlTemplate":"https:\/\/www.elagproducts.com\/de\/?s={search_term_string}"},"query-input":"required name=search_term_string"}],"inLanguage":"de"}]}},"_links":{"self":[{"href":"https:\/\/www.elagproducts.com\/de\/wp-json\/wp\/v3\/product\/8685"}],"collection":[{"href":"https:\/\/www.elagproducts.com\/de\/wp-json\/wp\/v3\/product"}],"about":[{"href":"https:\/\/www.elagproducts.com\/de\/wp-json\/wp\/v2\/types\/product"}],"replies":[{"embeddable":true,"href":"https:\/\/www.elagproducts.com\/de\/wp-json\/wp\/v2\/comments?post=8685"}],"wp:featuredmedia":[{"embeddable":true,"href":"https:\/\/www.elagproducts.com\/de\/wp-json\/wp\/v2\/media\/8703"}],"wp:attachment":[{"href":"https:\/\/www.elagproducts.com\/de\/wp-json\/wp\/v2\/media?parent=8685"}],"wp:term":[{"taxonomy":"product_cat","embeddable":true,"href":"https:\/\/www.elagproducts.com\/de\/wp-json\/wp\/v2\/product_cat?post=8685"},{"taxonomy":"product_tag","embeddable":true,"href":"https:\/\/www.elagproducts.com\/de\/wp-json\/wp\/v2\/product_tag?post=8685"}],"curies":[{"name":"wp","href":"https:\/\/api.w.org\/{rel}","templated":true}]}}