{"id":723,"date":"2014-10-24T11:36:32","date_gmt":"2014-10-24T09:36:32","guid":{"rendered":"http:\/\/www.elagproducts.com\/product\/ca-1000601-in-2\/"},"modified":"2024-05-18T13:26:32","modified_gmt":"2024-05-18T11:26:32","slug":"ca-1000601-in","status":"publish","type":"product","link":"https:\/\/www.elagproducts.com\/de\/shop\/grillwagen\/ca-1000601-in\/","title":{"rendered":"LeMax\u00ae Grillwagen &#8220;Classic&#8221;"},"content":{"rendered":"<h2><strong>LeMax\u00ae\u00a0Grillwagen &#8220;Classic&#8221;<\/strong><\/h2>\n<p>Der LeMax\u00ae Grillwagen, Mod. CA 1000601-IN, eignet sich hervorragend f\u00fcr den anspruchsvollen Koch und Grillmeister zu Hause. Der Wagen ist aus hochwertigem Edelstahl \u00a0gefertigt und auf vier fahrbaren Rollen befestigt. Der Wagen kann somit flexibel auf Events oder auf der heimischen Terrasse benutzt werden. Dank seines leistungsstarkem <span style=\"color: #58bdb6;\"><a style=\"color: #58bdb6;\" href=\"https:\/\/www.elagproducts.com\/de\/shop\/kochfelder\/bgr-530425-e\/\">LeMax\u00ae Einbau-Grills<\/a><\/span>, Mod. BGR 530425-E, k\u00f6nnen Speisen schnell und effizient zubereitet werden. Dank des Direkten Kochens von LeMax\u00ae werden Speisen direkt auf der glatten, glaskeramischen Kochoberfl\u00e4che zubereitet. Neben gew\u00f6hnlichem Grillgut wie Steaks und W\u00fcrstchen k\u00f6nnen Sie auch Gem\u00fcse, Eierspeisen, Cr\u00eapes oder sogar Pizza auf der LeMax\u00ae Einbau-Grillplatte zubereiten. Aufgrund der besonderen Kochoberfl\u00e4che k\u00f6nnen Speisen mit deutlich weniger Fett zubereitet (Mehr dazu:\u00a0<span style=\"color: #58bdb6;\"><a style=\"color: #58bdb6;\" href=\"https:\/\/www.elagproducts.com\/de\/steaks-grillen-ohne-fett\/\"><span style=\"color: #58bdb6;\">Steaks grillen ohne<\/span> Fett<\/a><\/span>). Das ist gesund und zeitgem\u00e4\u00df! Die Reinigung des Elektrogrills ist kinderleicht. \u00dcbersch\u00fcssiges Fett und Speisereste werden in die herausnehmbare\u00a0Fettwanne aus Edelstahl gegeben. Der Grillwagen bietet reichlich Platz mit einem gro\u00dfen <span style=\"color: #58bdb6;\"><a style=\"color: #58bdb6;\" href=\"https:\/\/www.elagproducts.com\/de\/shop\/zubehoer\/schneidebrett\/\">Schneidebrett<\/a><\/span>\u00a0und zwei ausklappbaren Seitentischen.<\/p>\n<p><strong>Qualit\u00e4tsmerkmale:<\/strong><\/p>\n<ul>\n<li>LeMax\u00ae\u00a0Grillwagen aus Edelstahl<\/li>\n<li>Ausklappbare Tische f\u00fcr mehr Platz<\/li>\n<li>Herausnehmbare Fettwanne\u00a0aus hochwertigem Edelstahl<\/li>\n<li>LeMax\u00ae Kochoberfl\u00e4che ist kratzfest und unbeschichtet<\/li>\n<li>Kochfl\u00e4che wird von einem Edelstahlrahmen umfasst<\/li>\n<li>Steuerung per Touch, mit\u00a015 Leistungsstufen<\/li>\n<li>Hochwertigste Hitzeisolierung<\/li>\n<li>Spitzentemperaturen von \u00fcber 450\u00b0C<\/li>\n<li>Gleichm\u00e4\u00dfige Hitzeverteilung<\/li>\n<li>Entwickelt und hergestellt in Deutschland\u00a0(Mehr dazu:\u00a0<span style=\"color: #58bdb6;\"><a style=\"color: #58bdb6;\" href=\"https:\/\/www.elagproducts.com\/de\/deutsche-kochgeraete\/\">Unsere Produktion<\/a><\/span>)<\/li>\n<\/ul>\n<p><strong>Produktfunktionen und Besonderheiten:<\/strong><\/p>\n<ul>\n<li>Nutzen Sie die Ablagefl\u00e4chen unter dem Grill und auf den ausklappbaren Tischen<\/li>\n<li>Viel Platz f\u00fcr die Zubereitung dank gro\u00dfem Schneidebrett<\/li>\n<li>Leichte Reinigung dank herausnehmbarer\u00a0Fettwanne<\/li>\n<li>Kein Kochgeschirr mehr n\u00f6tig<\/li>\n<li>Dank hoher Temperaturen exzellente Resultate bei Steaks und sonstigem Grillgut<\/li>\n<li>Endlose M\u00f6glichkeiten\u00a0beim\u00a0Kochen, D\u00fcnsten, Braten, Backen und Grillen<\/li>\n<li>Gesunde Zubereitung: kaum Fett bei der Zubereitung n\u00f6tig<\/li>\n<li>Alternativ ist das Kochen mit T\u00f6pfen und Pfannen m\u00f6glich<\/li>\n<li>Fl\u00fcssigkeiten bleiben auf der Kochfl\u00e4che dank\u00a0umfassenden Edelstahlrahmen<\/li>\n<li>LeMax\u00ae\u00a0ist gesellig:\u00a0laden Sie Freunde ein und kochen Sie zusammen um den\u00a0Grill<\/li>\n<\/ul>\n<p><strong>Sicherheit:<\/strong><\/p>\n<ul>\n<li>Isoliertes Geh\u00e4use<\/li>\n<li>Lock-Funktion f\u00fcr Kindersicherheit<\/li>\n<li>Automatisches Ausschalten bei \u00dcberhitzung<\/li>\n<li>R\u00e4der am Grillwagen k\u00f6nnen eingerastet werden, damit der Wagen nicht wegrollen kann<\/li>\n<li>Sicherheit und CE gepr\u00fcft<\/li>\n<\/ul>\n<p><strong>Lieferumfang:<\/strong><\/p>\n<ul>\n<li>Quickstart<\/li>\n<li>Bedienungsanleitung<\/li>\n<li>Einbauanweisung<\/li>\n<li>Reinigungsglasschaber<\/li>\n<li>Dichtband<\/li>\n<\/ul>\n<p><strong>Technische Angaben &#8211;\u00a0LeMax\u00ae Einbau-Grills:<\/strong><\/p>\n<ul>\n<li><span style=\"color: #58bdb6;\"><a style=\"color: #58bdb6;\" href=\"https:\/\/www.elagproducts.com\/de\/shop\/kochfelder\/bgr-530425-e\/\">Mod. BGR 530425-E<\/a><\/span><\/li>\n<li>Kochfl\u00e4che: 33,5 x 33,5 cm<\/li>\n<li>Elektrischer Anschluss: 230 V, 11,7 A, 2700 W<\/li>\n<li>Netzkabel: 1,60 m<\/li>\n<\/ul>\n<p><strong>Technische Angaben &#8211;\u00a0LeMax\u00ae Grillwagen:<\/strong><\/p>\n<ul>\n<li>Abmessungen: 180 x 60 x 95 cm (mit Klapptischen)<\/li>\n<\/ul>\n<h6>* 6 Monate\u00a0Garantie bei gewerblicher Nutzung<\/h6>\n<p>&nbsp;<\/p>\n","protected":false},"excerpt":{"rendered":"<p>Der LeMax\u00ae Grillwagen &#8220;Classic&#8221; aus hochwertigem Edelstahl ist die ideale, mobile Grillstation f\u00fcr den heimischen Grillmeister. Ausgestattet mit einer leistungsstarken LeMax\u00ae Einbau-Grillplatte, Mod. BGR 530425-E, und einem dickem Schneidebrett l\u00e4sst dieser Grillwagen von ELAG keine W\u00fcnsche \u00fcbrig.\u00a0Mit seinem ausklappbaren Tischen bietet der\u00a0LeMax\u00ae Grillwagen &#8220;Classic&#8221; gen\u00fcgend Platz f\u00fcr Ihre Kochutensilien und f\u00fcr die Zubereitung. <span style=\"color: #58bdb6;\"><a style=\"color: #58bdb6;\" href=\"http:\/\/www.elagproducts.com\/de\/lemax-einbau-grill-ii-mit-fettwanne\/\">Erfahren Sie mehr \u00fcber das eingebaute Grillmodul&#8230;<\/a><\/span><\/p>\n[fusion_builder_container hundred_percent=\"yes\" equal_height_columns=\"no\" menu_anchor=\"\" hide_on_mobile=\"no\" class=\"\" id=\"\" background_color=\"\" background_image=\"\" background_position=\"center center\" background_repeat=\"no-repeat\" fade=\"no\" background_parallax=\"none\" enable_mobile=\"no\" parallax_speed=\"0.3\" video_mp4=\"\" video_webm=\"\" video_ogv=\"\" video_url=\"\" video_aspect_ratio=\"16:9\" video_loop=\"yes\" video_mute=\"yes\" overlay_color=\"\" overlay_opacity=\"0.5\" video_preview_image=\"\" border_size=\"0px\" border_color=\"\" border_style=\"solid\" margin_top=\"\" margin_bottom=\"\" padding_top=\"20\" padding_right=\"\" padding_bottom=\"20\" padding_left=\"\"][fusion_builder_row][fusion_builder_column type=\"1_1\" layout=\"1_1\" spacing=\"\" center_content=\"no\" hover_type=\"none\" link=\"\" min_height=\"\" hide_on_mobile=\"small-visibility,medium-visibility,large-visibility\" class=\"\" id=\"\" background_color=\"\" background_image=\"\" background_position=\"left top\" background_repeat=\"no-repeat\" border_size=\"0\" border_color=\"\" border_style=\"solid\" border_position=\"all\" padding=\"\" dimension_margin=\"\" animation_type=\"\" animation_direction=\"left\" animation_speed=\"0.3\" animation_offset=\"\" last=\"no\"][fusion_separator style_type=\"single solid\" hide_on_mobile=\"small-visibility,medium-visibility,large-visibility\" class=\"\" id=\"\" sep_color=\"\" top_margin=\"\" bottom_margin=\"\" border_size=\"\" icon=\"\" icon_circle=\"\" icon_circle_color=\"\" width=\"\" alignment=\"center\" \/][\/fusion_builder_column][fusion_builder_column type=\"1_2\" layout=\"1_2\" spacing=\"\" center_content=\"no\" hover_type=\"none\" link=\"\" min_height=\"\" hide_on_mobile=\"small-visibility,medium-visibility,large-visibility\" class=\"\" id=\"\" background_color=\"\" background_image=\"\" background_position=\"left top\" background_repeat=\"no-repeat\" border_size=\"0\" border_color=\"\" border_style=\"solid\" border_position=\"all\" padding=\"\" animation_type=\"\" animation_direction=\"left\" animation_speed=\"0.3\" animation_offset=\"\" last=\"no\"][fusion_text]<\/p>\n<h6 style=\"text-align: left;\"><strong>UNSERE QUALIT\u00c4TSSIEGEL<\/strong><\/h6>\n<p>[\/fusion_text][fusion_imageframe image_id=\"255\" style_type=\"none\" stylecolor=\"\" hover_type=\"none\" bordersize=\"\" bordercolor=\"\" borderradius=\"\" align=\"none\" lightbox=\"no\" gallery_id=\"\" lightbox_image=\"\" alt=\"\" link=\"\" linktarget=\"_self\" hide_on_mobile=\"small-visibility,medium-visibility,large-visibility\" class=\"\" id=\"\" animation_type=\"\" animation_direction=\"left\" animation_speed=\"0.3\" animation_offset=\"\"]http:\/\/www.elagproducts.com\/wp-content\/uploads\/2014\/10\/made_in_germany.png[\/fusion_imageframe][fusion_imageframe image_id=\"2457\" style_type=\"none\" stylecolor=\"\" hover_type=\"none\" bordersize=\"\" bordercolor=\"\" borderradius=\"\" align=\"none\" lightbox=\"no\" gallery_id=\"\" lightbox_image=\"\" alt=\"\" link=\"\" linktarget=\"_self\" hide_on_mobile=\"small-visibility,medium-visibility,large-visibility\" class=\"\" id=\"\" animation_type=\"\" animation_direction=\"left\" animation_speed=\"0.3\" animation_offset=\"\"]http:\/\/www.elagproducts.com\/wp-content\/uploads\/2016\/02\/30_years_of_cooking_experience-1.png[\/fusion_imageframe][fusion_separator style_type=\"single solid\" hide_on_mobile=\"small-visibility,medium-visibility,large-visibility\" class=\"\" id=\"\" sep_color=\"\" top_margin=\"\" bottom_margin=\"\" border_size=\"\" icon=\"\" icon_circle=\"\" icon_circle_color=\"\" width=\"\" alignment=\"center\" \/][\/fusion_builder_column][fusion_builder_column type=\"1_2\" layout=\"1_2\" spacing=\"\" center_content=\"no\" hover_type=\"none\" link=\"\" min_height=\"\" hide_on_mobile=\"small-visibility,medium-visibility,large-visibility\" class=\"\" id=\"\" background_color=\"\" background_image=\"\" background_position=\"left top\" background_repeat=\"no-repeat\" border_size=\"0\" border_color=\"\" border_style=\"solid\" border_position=\"all\" padding=\"\" dimension_margin=\"\" animation_type=\"\" animation_direction=\"left\" animation_speed=\"0.3\" animation_offset=\"\" last=\"no\"][fusion_text]<\/p>\n<h6 style=\"text-align: left;\"><strong>IHRE VORTEILE<br \/>\n<\/strong>Profiqualit\u00e4t \u2013 2 Jahre Garantie* \u2013 Technischer Telefonsupport<\/h6>\n<p>[\/fusion_text][fusion_separator style_type=\"single solid\" hide_on_mobile=\"small-visibility,medium-visibility,large-visibility\" class=\"\" id=\"\" sep_color=\"\" top_margin=\"\" bottom_margin=\"\" border_size=\"\" icon=\"\" icon_circle=\"\" icon_circle_color=\"\" width=\"\" alignment=\"center\" \/][fusion_text]<\/p>\n<h6 style=\"text-align: left;\"><strong>SIE BRAUCHEN BERATUNG?<br \/>\n<\/strong>Rufen Sie uns an: +49 (0)6081\u00a0958140<\/h6>\n<p>[\/fusion_text][fusion_separator style_type=\"single solid\" hide_on_mobile=\"small-visibility,medium-visibility,large-visibility\" class=\"\" id=\"\" sep_color=\"\" top_margin=\"\" bottom_margin=\"\" border_size=\"\" icon=\"\" icon_circle=\"\" icon_circle_color=\"\" width=\"\" alignment=\"center\" \/][fusion_text]<\/p>\n<h6><strong>SICHER BEZAHLEN MIT<\/strong><\/h6>\n<p>[\/fusion_text][fusion_imageframe image_id=\"2667\" style_type=\"none\" stylecolor=\"\" hover_type=\"none\" bordersize=\"\" bordercolor=\"\" borderradius=\"\" align=\"none\" lightbox=\"no\" gallery_id=\"\" lightbox_image=\"\" alt=\"\" link=\"\" linktarget=\"_self\" hide_on_mobile=\"small-visibility,medium-visibility,large-visibility\" class=\"\" id=\"\" animation_type=\"\" animation_direction=\"left\" animation_speed=\"0.3\" animation_offset=\"\"]http:\/\/www.elagproducts.com\/wp-content\/uploads\/2016\/03\/payment_terms.png[\/fusion_imageframe][\/fusion_builder_column][\/fusion_builder_row][\/fusion_builder_container]\n","protected":false},"featured_media":661,"comment_status":"open","ping_status":"closed","template":"","meta":{"content-type":"","_mi_skip_tracking":false},"product_cat":[29],"product_tag":[],"yoast_head":"<!-- This site is optimized with the Yoast SEO plugin v20.5 - https:\/\/yoast.com\/wordpress\/plugins\/seo\/ -->\n<title>LeMax\u00ae Grillwagen &quot;Classic&quot; - Terrasse &amp; Garten | ELAG<\/title>\n<meta name=\"description\" content=\"Der LeMax\u00ae Grillwagen &quot;Classic&quot;, Mod. CA 1000601-IN, aus hochwertigem Edelstahl ist die ideale, mobile Grillstation f\u00fcr den heimischen Grillmeister...\" \/>\n<meta name=\"robots\" content=\"index, follow, max-snippet:-1, max-image-preview:large, max-video-preview:-1\" \/>\n<link rel=\"canonical\" href=\"https:\/\/www.elagproducts.com\/de\/shop\/grillwagen\/ca-1000601-in\/\" \/>\n<meta property=\"og:locale\" content=\"de_DE\" \/>\n<meta property=\"og:type\" content=\"article\" \/>\n<meta property=\"og:title\" content=\"LeMax\u00ae Grillwagen &quot;Classic&quot; - Terrasse &amp; Garten | ELAG\" \/>\n<meta property=\"og:description\" content=\"Der LeMax\u00ae Grillwagen &quot;Classic&quot;, Mod. CA 1000601-IN, aus hochwertigem Edelstahl ist die ideale, mobile Grillstation f\u00fcr den heimischen Grillmeister...\" \/>\n<meta property=\"og:url\" content=\"https:\/\/www.elagproducts.com\/de\/shop\/grillwagen\/ca-1000601-in\/\" \/>\n<meta property=\"og:site_name\" content=\"ELAG - LeMax Grills &amp; High-Quality Cooktops\" \/>\n<meta property=\"article:modified_time\" content=\"2024-05-18T11:26:32+00:00\" \/>\n<meta property=\"og:image\" content=\"https:\/\/i0.wp.com\/www.elagproducts.com\/wp-content\/uploads\/2014\/10\/ca1000601in.png?fit=500%2C500&ssl=1\" \/>\n\t<meta property=\"og:image:width\" content=\"500\" \/>\n\t<meta property=\"og:image:height\" content=\"500\" \/>\n\t<meta property=\"og:image:type\" content=\"image\/png\" \/>\n<meta name=\"twitter:label1\" content=\"Gesch\u00e4tzte Lesezeit\" \/>\n\t<meta name=\"twitter:data1\" content=\"2\u00a0Minuten\" \/>\n<script type=\"application\/ld+json\" class=\"yoast-schema-graph\">{\"@context\":\"https:\/\/schema.org\",\"@graph\":[{\"@type\":\"WebPage\",\"@id\":\"https:\/\/www.elagproducts.com\/de\/shop\/grillwagen\/ca-1000601-in\/\",\"url\":\"https:\/\/www.elagproducts.com\/de\/shop\/grillwagen\/ca-1000601-in\/\",\"name\":\"LeMax\u00ae Grillwagen \\\"Classic\\\" - Terrasse & Garten | ELAG\",\"isPartOf\":{\"@id\":\"https:\/\/www.elagproducts.com\/de\/#website\"},\"datePublished\":\"2014-10-24T09:36:32+00:00\",\"dateModified\":\"2024-05-18T11:26:32+00:00\",\"description\":\"Der LeMax\u00ae Grillwagen \\\"Classic\\\", Mod. CA 1000601-IN, aus hochwertigem Edelstahl ist die ideale, mobile Grillstation f\u00fcr den heimischen Grillmeister...\",\"breadcrumb\":{\"@id\":\"https:\/\/www.elagproducts.com\/de\/shop\/grillwagen\/ca-1000601-in\/#breadcrumb\"},\"inLanguage\":\"de\",\"potentialAction\":[{\"@type\":\"ReadAction\",\"target\":[\"https:\/\/www.elagproducts.com\/de\/shop\/grillwagen\/ca-1000601-in\/\"]}]},{\"@type\":\"BreadcrumbList\",\"@id\":\"https:\/\/www.elagproducts.com\/de\/shop\/grillwagen\/ca-1000601-in\/#breadcrumb\",\"itemListElement\":[{\"@type\":\"ListItem\",\"position\":1,\"name\":\"Home\",\"item\":\"https:\/\/www.elagproducts.com\/de\/\"},{\"@type\":\"ListItem\",\"position\":2,\"name\":\"Shop\",\"item\":\"https:\/\/www.elagproducts.com\/de\/shop\/\"},{\"@type\":\"ListItem\",\"position\":3,\"name\":\"LeMax\u00ae Grillwagen &#8220;Classic&#8221;\"}]},{\"@type\":\"WebSite\",\"@id\":\"https:\/\/www.elagproducts.com\/de\/#website\",\"url\":\"https:\/\/www.elagproducts.com\/de\/\",\"name\":\"ELAG - LeMax Grills &amp; High-Quality Cooktops\",\"description\":\"\",\"potentialAction\":[{\"@type\":\"SearchAction\",\"target\":{\"@type\":\"EntryPoint\",\"urlTemplate\":\"https:\/\/www.elagproducts.com\/de\/?s={search_term_string}\"},\"query-input\":\"required name=search_term_string\"}],\"inLanguage\":\"de\"}]}<\/script>\n<!-- \/ Yoast SEO plugin. -->","yoast_head_json":{"title":"LeMax\u00ae Grillwagen \"Classic\" - Terrasse & Garten | ELAG","description":"Der LeMax\u00ae Grillwagen \"Classic\", Mod. CA 1000601-IN, aus hochwertigem Edelstahl ist die ideale, mobile Grillstation f\u00fcr den heimischen Grillmeister...","robots":{"index":"index","follow":"follow","max-snippet":"max-snippet:-1","max-image-preview":"max-image-preview:large","max-video-preview":"max-video-preview:-1"},"canonical":"https:\/\/www.elagproducts.com\/de\/shop\/grillwagen\/ca-1000601-in\/","og_locale":"de_DE","og_type":"article","og_title":"LeMax\u00ae Grillwagen \"Classic\" - Terrasse & Garten | ELAG","og_description":"Der LeMax\u00ae Grillwagen \"Classic\", Mod. CA 1000601-IN, aus hochwertigem Edelstahl ist die ideale, mobile Grillstation f\u00fcr den heimischen Grillmeister...","og_url":"https:\/\/www.elagproducts.com\/de\/shop\/grillwagen\/ca-1000601-in\/","og_site_name":"ELAG - LeMax Grills &amp; High-Quality Cooktops","article_modified_time":"2024-05-18T11:26:32+00:00","og_image":[{"width":500,"height":500,"url":"https:\/\/i0.wp.com\/www.elagproducts.com\/wp-content\/uploads\/2014\/10\/ca1000601in.png?fit=500%2C500&ssl=1","type":"image\/png"}],"twitter_misc":{"Gesch\u00e4tzte Lesezeit":"2\u00a0Minuten"},"schema":{"@context":"https:\/\/schema.org","@graph":[{"@type":"WebPage","@id":"https:\/\/www.elagproducts.com\/de\/shop\/grillwagen\/ca-1000601-in\/","url":"https:\/\/www.elagproducts.com\/de\/shop\/grillwagen\/ca-1000601-in\/","name":"LeMax\u00ae Grillwagen \"Classic\" - Terrasse & Garten | ELAG","isPartOf":{"@id":"https:\/\/www.elagproducts.com\/de\/#website"},"datePublished":"2014-10-24T09:36:32+00:00","dateModified":"2024-05-18T11:26:32+00:00","description":"Der LeMax\u00ae Grillwagen \"Classic\", Mod. CA 1000601-IN, aus hochwertigem Edelstahl ist die ideale, mobile Grillstation f\u00fcr den heimischen Grillmeister...","breadcrumb":{"@id":"https:\/\/www.elagproducts.com\/de\/shop\/grillwagen\/ca-1000601-in\/#breadcrumb"},"inLanguage":"de","potentialAction":[{"@type":"ReadAction","target":["https:\/\/www.elagproducts.com\/de\/shop\/grillwagen\/ca-1000601-in\/"]}]},{"@type":"BreadcrumbList","@id":"https:\/\/www.elagproducts.com\/de\/shop\/grillwagen\/ca-1000601-in\/#breadcrumb","itemListElement":[{"@type":"ListItem","position":1,"name":"Home","item":"https:\/\/www.elagproducts.com\/de\/"},{"@type":"ListItem","position":2,"name":"Shop","item":"https:\/\/www.elagproducts.com\/de\/shop\/"},{"@type":"ListItem","position":3,"name":"LeMax\u00ae Grillwagen &#8220;Classic&#8221;"}]},{"@type":"WebSite","@id":"https:\/\/www.elagproducts.com\/de\/#website","url":"https:\/\/www.elagproducts.com\/de\/","name":"ELAG - LeMax Grills &amp; High-Quality Cooktops","description":"","potentialAction":[{"@type":"SearchAction","target":{"@type":"EntryPoint","urlTemplate":"https:\/\/www.elagproducts.com\/de\/?s={search_term_string}"},"query-input":"required name=search_term_string"}],"inLanguage":"de"}]}},"_links":{"self":[{"href":"https:\/\/www.elagproducts.com\/de\/wp-json\/wp\/v3\/product\/723"}],"collection":[{"href":"https:\/\/www.elagproducts.com\/de\/wp-json\/wp\/v3\/product"}],"about":[{"href":"https:\/\/www.elagproducts.com\/de\/wp-json\/wp\/v2\/types\/product"}],"replies":[{"embeddable":true,"href":"https:\/\/www.elagproducts.com\/de\/wp-json\/wp\/v2\/comments?post=723"}],"wp:featuredmedia":[{"embeddable":true,"href":"https:\/\/www.elagproducts.com\/de\/wp-json\/wp\/v2\/media\/661"}],"wp:attachment":[{"href":"https:\/\/www.elagproducts.com\/de\/wp-json\/wp\/v2\/media?parent=723"}],"wp:term":[{"taxonomy":"product_cat","embeddable":true,"href":"https:\/\/www.elagproducts.com\/de\/wp-json\/wp\/v2\/product_cat?post=723"},{"taxonomy":"product_tag","embeddable":true,"href":"https:\/\/www.elagproducts.com\/de\/wp-json\/wp\/v2\/product_tag?post=723"}],"curies":[{"name":"wp","href":"https:\/\/api.w.org\/{rel}","templated":true}]}}