{"id":722,"date":"2014-10-24T10:56:19","date_gmt":"2014-10-24T08:56:19","guid":{"rendered":"http:\/\/www.elagproducts.com\/product\/lemax-bgr-530425-e-2\/"},"modified":"2025-03-03T17:38:04","modified_gmt":"2025-03-03T15:38:04","slug":"bgr-530425-e","status":"publish","type":"product","link":"https:\/\/www.elagproducts.com\/de\/shop\/kochfelder\/bgr-530425-e\/","title":{"rendered":"LeMax\u00ae Einbau-Grill II mit Fettwanne"},"content":{"rendered":"<h2><strong>LeMax\u00ae Einbau-Grill II mit Fettwanne<\/strong><\/h2>\n<p>Der LeMax\u00ae Einbau-Grill, Mod. BGR 530425-E,\u00a0bietet viel Platz f\u00fcr Kreativit\u00e4t und Ihre Ideen beim Kochen.\u00a0Es erlaubt Ihnen verschiedenste Gerichte ohne Fettzusatz direkt auf der besonderen glaskeramischen Oberfl\u00e4che zuzubereiten. Dank der hohen Leistung erreicht das Einbaumodul Temperaturen von \u00fcber 450\u00b0C. Gerade Steaks lassen sich hervorragend anbraten, und das ohne jeglichen Zusatz von Fett oder \u00d6l (Mehr dazu: <span style=\"color: #58bdb6;\"><a style=\"color: #58bdb6;\" href=\"https:\/\/www.elagproducts.com\/de\/steaks-grillen-ohne-fett\/\"><span style=\"color: #58bdb6;\">Steaks grillen ohne Fe<\/span>tt<\/a><\/span>). Auch Gem\u00fcse gelingt hervorragend auf dem LeMax\u00ae Teppanyaki Einbau-Grill, denn durch die schonende Zubereitungsart werden Mineralien und Vitamine konserviert. Die Einbau-Grillplatte wird per Touch bedient. Das Grillmodul von ELAG besticht durch sein einzigartiges\u00a0Design und seine robuste Konstruktion. Mithilfe seiner 15 Leistungsstufen l\u00e4sst sich auch mit T\u00f6pfen und Pfannen kochen. Demnach vereint der LeMax\u00ae Einbau-Grill ELAGs Direktes Kochen mit traditionellen Zubereitungsarten. Die Reinigung des Einbaumoduls ist dank der eingebauten Fettwanne aus Edelstahl problemlos. Speisereste oder \u00fcbersch\u00fcssiges \u00d6l werden in die Wanne geschoben. Nach der Zubereitung kommt die Fettwanne dann in die Sp\u00fclmaschine. <span style=\"color: #58bdb6;\"><a style=\"color: #58bdb6;\" href=\"https:\/\/www.elagproducts.com\/de\/lemax-einbau-grill-ii-mit-fettwanne\/\">Erfahren Sie mehr&#8230;<\/a><\/span><\/p>\n<p><strong>Qualit\u00e4tsmerkmale:<\/strong><\/p>\n<ul>\n<li>Herausnehmbare Fettwanne\u00a0aus hochwertigem Edelstahl<\/li>\n<li>LeMax\u00ae Kochoberfl\u00e4che ist kratzfest und unbeschichtet<\/li>\n<li>Kochfl\u00e4che wird von einem Edelstahlrahmen umfasst<\/li>\n<li>Steuerung per Touch, mit\u00a015 Leistungsstufen<\/li>\n<li>Hochwertigste Hitzeisolierung<\/li>\n<li>Spitzentemperaturen von \u00fcber 450\u00b0C<\/li>\n<li>Gleichm\u00e4\u00dfige Hitzeverteilung<\/li>\n<li>Entwickelt und hergestellt in Deutschland (Mehr dazu: <span style=\"color: #58bdb6;\"><a style=\"color: #58bdb6;\" href=\"https:\/\/www.elagproducts.com\/de\/deutsche-kochgeraete\/\">Unsere Produktion<\/a><\/span>)<\/li>\n<\/ul>\n<p><strong>Produktfunktionen und Besonderheiten:<\/strong><\/p>\n<ul>\n<li>Leichte Reinigung dank herausnehmbarer\u00a0Fettwanne<\/li>\n<li>Kein Kochgeschirr mehr n\u00f6tig<\/li>\n<li>Dank hoher Temperaturen exzellente Resultate bei Steaks und sonstigem Grillgut<\/li>\n<li>Endlose M\u00f6glichkeiten\u00a0beim\u00a0Kochen, D\u00fcnsten, Braten, Backen und Grillen<\/li>\n<li>Gesunde Zubereitung: kaum Fett bei der Zubereitung n\u00f6tig<\/li>\n<li>Alternativ ist das Kochen mit T\u00f6pfen und Pfannen m\u00f6glich<\/li>\n<li>Fl\u00fcssigkeiten bleiben auf der Kochfl\u00e4che dank\u00a0umfassenden Edelstahlrahmen<\/li>\n<li>LeMax\u00ae\u00a0ist gesellig:\u00a0laden Sie Freunde ein und kochen Sie zusammen um den\u00a0Grill<\/li>\n<\/ul>\n<p><strong>Sicherheit:<\/strong><\/p>\n<ul>\n<li>Isoliertes Geh\u00e4use<\/li>\n<li>Lock-Funktion f\u00fcr Kindersicherheit<\/li>\n<li>Automatisches Ausschalten bei \u00dcberhitzung<\/li>\n<li>Sicherheit und CE gepr\u00fcft<\/li>\n<\/ul>\n<p><strong>Lieferumfang:<\/strong><\/p>\n<ul>\n<li>Quickstart<\/li>\n<li>Bedienungsanleitung<\/li>\n<li>Einbauanweisung<\/li>\n<li>Reinigungsglasschaber<\/li>\n<li>Dichtband<\/li>\n<\/ul>\n<p><strong>Technische Angaben:<\/strong><\/p>\n<ul>\n<li>Kochfl\u00e4che: 32,0 x 32,0 cm<\/li>\n<li>Abmessungen: 42,1 x 52 x 6,2 cm<\/li>\n<li>Einbauma\u00dfe: 41,0 x 50,5 cm<\/li>\n<li>Gewicht: 7,6 kg<\/li>\n<li>Elektrischer Anschluss: 230 V, 11,7 A, 2650 W<\/li>\n<li>Netzkabel: 1,60 m<\/li>\n<\/ul>\n<h6>* 1 Jahr Garantie bei gewerblicher Nutzung<\/h6>\n","protected":false},"excerpt":{"rendered":"<p>Der LeMax\u00ae Einbau-Grill ist das Flaggschiff\u00a0f\u00fcr jede K\u00fcche.\u00a0Bereiten Sie Steaks ganz ohne Fettzusatz direkt auf der glaskeramischen LeMax\u00ae-Oberfl\u00e4che zu. Auch verschiedenste Gem\u00fcsespeisen gelingen gesund und kalorienarm direkt auf diesem Teppanyaki\u00a0Grill. Die LeMax\u00ae Einbau-Grillplatte vereint ELAGs innovatives Kochen auf Glaskeramik mit dem traditionellen Kochen in T\u00f6pfen und Pfannen. Beide Zubereitungsarten sind auf diesem Modell m\u00f6glich. <a style=\"color: #58bdb6;\" href=\"http:\/\/www.elagproducts.com\/de\/lemax-einbau-grill-ii-mit-fettwanne\">Erfahren Sie mehr&#8230;<\/a><\/p>\n[fusion_builder_container hundred_percent=\"yes\" equal_height_columns=\"no\" menu_anchor=\"\" hide_on_mobile=\"no\" class=\"\" id=\"\" background_color=\"\" background_image=\"\" background_position=\"center center\" background_repeat=\"no-repeat\" fade=\"no\" background_parallax=\"none\" enable_mobile=\"no\" parallax_speed=\"0.3\" video_mp4=\"\" video_webm=\"\" video_ogv=\"\" video_url=\"\" video_aspect_ratio=\"16:9\" video_loop=\"yes\" video_mute=\"yes\" overlay_color=\"\" overlay_opacity=\"0.5\" video_preview_image=\"\" border_size=\"0px\" border_color=\"\" border_style=\"solid\" margin_top=\"\" margin_bottom=\"\" padding_top=\"20\" padding_right=\"\" padding_bottom=\"20\" padding_left=\"\"][fusion_builder_row][fusion_builder_column type=\"1_1\" layout=\"1_1\" spacing=\"\" center_content=\"no\" hover_type=\"none\" link=\"\" min_height=\"\" hide_on_mobile=\"small-visibility,medium-visibility,large-visibility\" class=\"\" id=\"\" background_color=\"\" background_image=\"\" background_position=\"left top\" background_repeat=\"no-repeat\" border_size=\"0\" border_color=\"\" border_style=\"solid\" border_position=\"all\" padding=\"\" dimension_margin=\"\" animation_type=\"\" animation_direction=\"left\" animation_speed=\"0.3\" animation_offset=\"\" last=\"no\"][fusion_separator style_type=\"single solid\" hide_on_mobile=\"small-visibility,medium-visibility,large-visibility\" class=\"\" id=\"\" sep_color=\"\" top_margin=\"\" bottom_margin=\"\" border_size=\"\" icon=\"\" icon_circle=\"\" icon_circle_color=\"\" width=\"\" alignment=\"center\" \/][\/fusion_builder_column][fusion_builder_column type=\"1_2\" layout=\"1_2\" spacing=\"\" center_content=\"no\" hover_type=\"none\" link=\"\" min_height=\"\" hide_on_mobile=\"small-visibility,medium-visibility,large-visibility\" class=\"\" id=\"\" background_color=\"\" background_image=\"\" background_position=\"left top\" background_repeat=\"no-repeat\" border_size=\"0\" border_color=\"\" border_style=\"solid\" border_position=\"all\" padding=\"\" animation_type=\"\" animation_direction=\"left\" animation_speed=\"0.3\" animation_offset=\"\" last=\"no\"][fusion_text]<\/p>\n<h6 style=\"text-align: left;\"><strong>UNSERE QUALIT\u00c4TSSIEGEL<\/strong><\/h6>\n<p>[\/fusion_text][fusion_imageframe image_id=\"255\" style_type=\"none\" stylecolor=\"\" hover_type=\"none\" bordersize=\"\" bordercolor=\"\" borderradius=\"\" align=\"none\" lightbox=\"no\" gallery_id=\"\" lightbox_image=\"\" alt=\"\" link=\"\" linktarget=\"_self\" hide_on_mobile=\"small-visibility,medium-visibility,large-visibility\" class=\"\" id=\"\" animation_type=\"\" animation_direction=\"left\" animation_speed=\"0.3\" animation_offset=\"\"]http:\/\/www.elagproducts.com\/wp-content\/uploads\/2014\/10\/made_in_germany.png[\/fusion_imageframe][fusion_imageframe image_id=\"2457\" style_type=\"none\" stylecolor=\"\" hover_type=\"none\" bordersize=\"\" bordercolor=\"\" borderradius=\"\" align=\"none\" lightbox=\"no\" gallery_id=\"\" lightbox_image=\"\" alt=\"\" link=\"\" linktarget=\"_self\" hide_on_mobile=\"small-visibility,medium-visibility,large-visibility\" class=\"\" id=\"\" animation_type=\"\" animation_direction=\"left\" animation_speed=\"0.3\" animation_offset=\"\"]http:\/\/www.elagproducts.com\/wp-content\/uploads\/2016\/02\/30_years_of_cooking_experience-1.png[\/fusion_imageframe][fusion_separator style_type=\"single solid\" hide_on_mobile=\"small-visibility,medium-visibility,large-visibility\" class=\"\" id=\"\" sep_color=\"\" top_margin=\"\" bottom_margin=\"\" border_size=\"\" icon=\"\" icon_circle=\"\" icon_circle_color=\"\" width=\"\" alignment=\"center\" \/][\/fusion_builder_column][fusion_builder_column type=\"1_2\" layout=\"1_2\" spacing=\"\" center_content=\"no\" hover_type=\"none\" link=\"\" min_height=\"\" hide_on_mobile=\"small-visibility,medium-visibility,large-visibility\" class=\"\" id=\"\" background_color=\"\" background_image=\"\" background_position=\"left top\" background_repeat=\"no-repeat\" border_size=\"0\" border_color=\"\" border_style=\"solid\" border_position=\"all\" padding=\"\" dimension_margin=\"\" animation_type=\"\" animation_direction=\"left\" animation_speed=\"0.3\" animation_offset=\"\" last=\"no\"][fusion_text]<\/p>\n<h6 style=\"text-align: left;\"><strong>IHRE VORTEILE<br \/>\n<\/strong>Profiqualit\u00e4t \u2013 Lieferbar in 2-3 Gesch\u00e4ftstagen \u2013 2 Jahre Garantie* \u2013 Technischer Telefonsupport<\/h6>\n<p>[\/fusion_text][fusion_separator style_type=\"single solid\" hide_on_mobile=\"small-visibility,medium-visibility,large-visibility\" class=\"\" id=\"\" sep_color=\"\" top_margin=\"\" bottom_margin=\"\" border_size=\"\" icon=\"\" icon_circle=\"\" icon_circle_color=\"\" width=\"\" alignment=\"center\" \/][fusion_text]<\/p>\n<h6 style=\"text-align: left;\"><strong>SIE BRAUCHEN BERATUNG?<br \/>\n<\/strong>Rufen Sie uns an: +49 (0)6081\u00a0958140<\/h6>\n<p>[\/fusion_text][fusion_separator style_type=\"single solid\" hide_on_mobile=\"small-visibility,medium-visibility,large-visibility\" class=\"\" id=\"\" sep_color=\"\" top_margin=\"\" bottom_margin=\"\" border_size=\"\" icon=\"\" icon_circle=\"\" icon_circle_color=\"\" width=\"\" alignment=\"center\" \/][fusion_text]<\/p>\n<h6><strong>SICHER BEZAHLEN MIT<\/strong><\/h6>\n<p>[\/fusion_text][fusion_imageframe image_id=\"2667\" style_type=\"none\" stylecolor=\"\" hover_type=\"none\" bordersize=\"\" bordercolor=\"\" borderradius=\"\" align=\"none\" lightbox=\"no\" gallery_id=\"\" lightbox_image=\"\" alt=\"\" link=\"\" linktarget=\"_self\" hide_on_mobile=\"small-visibility,medium-visibility,large-visibility\" class=\"\" id=\"\" animation_type=\"\" animation_direction=\"left\" animation_speed=\"0.3\" animation_offset=\"\"]http:\/\/www.elagproducts.com\/wp-content\/uploads\/2016\/03\/payment_terms.png[\/fusion_imageframe][\/fusion_builder_column][\/fusion_builder_row][\/fusion_builder_container]\n<h3><strong><a href=\"https:\/\/www.elagproducts.com\/wp-content\/uploads\/2014\/10\/lieferbar_icon.png\"><img decoding=\"async\" class=\"alignnone wp-image-3345 size-full\" src=\"https:\/\/www.elagproducts.com\/wp-content\/uploads\/2014\/10\/lieferbar_icon.png\" alt=\"\" width=\"15\" height=\"14\" \/><\/a><\/strong><span style=\"color: #7ad04f;\"> verf\u00fcgbar<\/span><\/h3>\n","protected":false},"featured_media":1118,"comment_status":"open","ping_status":"closed","template":"","meta":{"content-type":"","_mi_skip_tracking":false},"product_cat":[28],"product_tag":[],"yoast_head":"<!-- This site is optimized with the Yoast SEO plugin v20.5 - https:\/\/yoast.com\/wordpress\/plugins\/seo\/ -->\n<title>LeMax\u00ae Einbau-Grill II - \u00a0Teppanyaki, Grillplatte | ELAG<\/title>\n<meta name=\"description\" content=\"Der LeMax\u00ae\u00a0Einbau-Teppanyaki, Mod. BGR 530425-E, ist die leistungsst\u00e4rkste und vielseitigste Einbau-Grillplatte f\u00fcr die private K\u00fcche. Gesundes Grillen...\" \/>\n<meta name=\"robots\" content=\"index, follow, max-snippet:-1, max-image-preview:large, max-video-preview:-1\" \/>\n<link rel=\"canonical\" href=\"https:\/\/www.elagproducts.com\/de\/shop\/kochfelder\/bgr-530425-e\/\" \/>\n<meta property=\"og:locale\" content=\"de_DE\" \/>\n<meta property=\"og:type\" content=\"article\" \/>\n<meta property=\"og:title\" content=\"LeMax\u00ae Einbau-Grill II - \u00a0Teppanyaki, Grillplatte | ELAG\" \/>\n<meta property=\"og:description\" content=\"Der LeMax\u00ae\u00a0Einbau-Teppanyaki, Mod. BGR 530425-E, ist die leistungsst\u00e4rkste und vielseitigste Einbau-Grillplatte f\u00fcr die private K\u00fcche. Gesundes Grillen...\" \/>\n<meta property=\"og:url\" content=\"https:\/\/www.elagproducts.com\/de\/shop\/kochfelder\/bgr-530425-e\/\" \/>\n<meta property=\"og:site_name\" content=\"ELAG - LeMax Grills &amp; High-Quality Cooktops\" \/>\n<meta property=\"article:modified_time\" content=\"2025-03-03T15:38:04+00:00\" \/>\n<meta property=\"og:image\" content=\"https:\/\/www.elagproducts.com\/wp-content\/uploads\/2014\/10\/bgr530425.jpg\" \/>\n\t<meta property=\"og:image:width\" content=\"500\" \/>\n\t<meta property=\"og:image:height\" content=\"500\" \/>\n\t<meta property=\"og:image:type\" content=\"image\/jpeg\" \/>\n<meta name=\"twitter:label1\" content=\"Gesch\u00e4tzte Lesezeit\" \/>\n\t<meta name=\"twitter:data1\" content=\"2\u00a0Minuten\" \/>\n<script type=\"application\/ld+json\" class=\"yoast-schema-graph\">{\"@context\":\"https:\/\/schema.org\",\"@graph\":[{\"@type\":\"WebPage\",\"@id\":\"https:\/\/www.elagproducts.com\/de\/shop\/kochfelder\/bgr-530425-e\/\",\"url\":\"https:\/\/www.elagproducts.com\/de\/shop\/kochfelder\/bgr-530425-e\/\",\"name\":\"LeMax\u00ae Einbau-Grill II - \u00a0Teppanyaki, Grillplatte | ELAG\",\"isPartOf\":{\"@id\":\"https:\/\/www.elagproducts.com\/de\/#website\"},\"datePublished\":\"2014-10-24T08:56:19+00:00\",\"dateModified\":\"2025-03-03T15:38:04+00:00\",\"description\":\"Der LeMax\u00ae\u00a0Einbau-Teppanyaki, Mod. BGR 530425-E, ist die leistungsst\u00e4rkste und vielseitigste Einbau-Grillplatte f\u00fcr die private K\u00fcche. Gesundes Grillen...\",\"breadcrumb\":{\"@id\":\"https:\/\/www.elagproducts.com\/de\/shop\/kochfelder\/bgr-530425-e\/#breadcrumb\"},\"inLanguage\":\"de\",\"potentialAction\":[{\"@type\":\"ReadAction\",\"target\":[\"https:\/\/www.elagproducts.com\/de\/shop\/kochfelder\/bgr-530425-e\/\"]}]},{\"@type\":\"BreadcrumbList\",\"@id\":\"https:\/\/www.elagproducts.com\/de\/shop\/kochfelder\/bgr-530425-e\/#breadcrumb\",\"itemListElement\":[{\"@type\":\"ListItem\",\"position\":1,\"name\":\"Home\",\"item\":\"https:\/\/www.elagproducts.com\/de\/\"},{\"@type\":\"ListItem\",\"position\":2,\"name\":\"Shop\",\"item\":\"https:\/\/www.elagproducts.com\/de\/shop\/\"},{\"@type\":\"ListItem\",\"position\":3,\"name\":\"LeMax\u00ae Einbau-Grill II mit Fettwanne\"}]},{\"@type\":\"WebSite\",\"@id\":\"https:\/\/www.elagproducts.com\/de\/#website\",\"url\":\"https:\/\/www.elagproducts.com\/de\/\",\"name\":\"ELAG - LeMax Grills &amp; High-Quality Cooktops\",\"description\":\"\",\"potentialAction\":[{\"@type\":\"SearchAction\",\"target\":{\"@type\":\"EntryPoint\",\"urlTemplate\":\"https:\/\/www.elagproducts.com\/de\/?s={search_term_string}\"},\"query-input\":\"required name=search_term_string\"}],\"inLanguage\":\"de\"}]}<\/script>\n<!-- \/ Yoast SEO plugin. -->","yoast_head_json":{"title":"LeMax\u00ae Einbau-Grill II - \u00a0Teppanyaki, Grillplatte | ELAG","description":"Der LeMax\u00ae\u00a0Einbau-Teppanyaki, Mod. BGR 530425-E, ist die leistungsst\u00e4rkste und vielseitigste Einbau-Grillplatte f\u00fcr die private K\u00fcche. Gesundes Grillen...","robots":{"index":"index","follow":"follow","max-snippet":"max-snippet:-1","max-image-preview":"max-image-preview:large","max-video-preview":"max-video-preview:-1"},"canonical":"https:\/\/www.elagproducts.com\/de\/shop\/kochfelder\/bgr-530425-e\/","og_locale":"de_DE","og_type":"article","og_title":"LeMax\u00ae Einbau-Grill II - \u00a0Teppanyaki, Grillplatte | ELAG","og_description":"Der LeMax\u00ae\u00a0Einbau-Teppanyaki, Mod. BGR 530425-E, ist die leistungsst\u00e4rkste und vielseitigste Einbau-Grillplatte f\u00fcr die private K\u00fcche. Gesundes Grillen...","og_url":"https:\/\/www.elagproducts.com\/de\/shop\/kochfelder\/bgr-530425-e\/","og_site_name":"ELAG - LeMax Grills &amp; High-Quality Cooktops","article_modified_time":"2025-03-03T15:38:04+00:00","og_image":[{"width":500,"height":500,"url":"https:\/\/www.elagproducts.com\/wp-content\/uploads\/2014\/10\/bgr530425.jpg","type":"image\/jpeg"}],"twitter_misc":{"Gesch\u00e4tzte Lesezeit":"2\u00a0Minuten"},"schema":{"@context":"https:\/\/schema.org","@graph":[{"@type":"WebPage","@id":"https:\/\/www.elagproducts.com\/de\/shop\/kochfelder\/bgr-530425-e\/","url":"https:\/\/www.elagproducts.com\/de\/shop\/kochfelder\/bgr-530425-e\/","name":"LeMax\u00ae Einbau-Grill II - \u00a0Teppanyaki, Grillplatte | ELAG","isPartOf":{"@id":"https:\/\/www.elagproducts.com\/de\/#website"},"datePublished":"2014-10-24T08:56:19+00:00","dateModified":"2025-03-03T15:38:04+00:00","description":"Der LeMax\u00ae\u00a0Einbau-Teppanyaki, Mod. BGR 530425-E, ist die leistungsst\u00e4rkste und vielseitigste Einbau-Grillplatte f\u00fcr die private K\u00fcche. Gesundes Grillen...","breadcrumb":{"@id":"https:\/\/www.elagproducts.com\/de\/shop\/kochfelder\/bgr-530425-e\/#breadcrumb"},"inLanguage":"de","potentialAction":[{"@type":"ReadAction","target":["https:\/\/www.elagproducts.com\/de\/shop\/kochfelder\/bgr-530425-e\/"]}]},{"@type":"BreadcrumbList","@id":"https:\/\/www.elagproducts.com\/de\/shop\/kochfelder\/bgr-530425-e\/#breadcrumb","itemListElement":[{"@type":"ListItem","position":1,"name":"Home","item":"https:\/\/www.elagproducts.com\/de\/"},{"@type":"ListItem","position":2,"name":"Shop","item":"https:\/\/www.elagproducts.com\/de\/shop\/"},{"@type":"ListItem","position":3,"name":"LeMax\u00ae Einbau-Grill II mit Fettwanne"}]},{"@type":"WebSite","@id":"https:\/\/www.elagproducts.com\/de\/#website","url":"https:\/\/www.elagproducts.com\/de\/","name":"ELAG - LeMax Grills &amp; High-Quality Cooktops","description":"","potentialAction":[{"@type":"SearchAction","target":{"@type":"EntryPoint","urlTemplate":"https:\/\/www.elagproducts.com\/de\/?s={search_term_string}"},"query-input":"required name=search_term_string"}],"inLanguage":"de"}]}},"_links":{"self":[{"href":"https:\/\/www.elagproducts.com\/de\/wp-json\/wp\/v3\/product\/722"}],"collection":[{"href":"https:\/\/www.elagproducts.com\/de\/wp-json\/wp\/v3\/product"}],"about":[{"href":"https:\/\/www.elagproducts.com\/de\/wp-json\/wp\/v2\/types\/product"}],"replies":[{"embeddable":true,"href":"https:\/\/www.elagproducts.com\/de\/wp-json\/wp\/v2\/comments?post=722"}],"wp:featuredmedia":[{"embeddable":true,"href":"https:\/\/www.elagproducts.com\/de\/wp-json\/wp\/v2\/media\/1118"}],"wp:attachment":[{"href":"https:\/\/www.elagproducts.com\/de\/wp-json\/wp\/v2\/media?parent=722"}],"wp:term":[{"taxonomy":"product_cat","embeddable":true,"href":"https:\/\/www.elagproducts.com\/de\/wp-json\/wp\/v2\/product_cat?post=722"},{"taxonomy":"product_tag","embeddable":true,"href":"https:\/\/www.elagproducts.com\/de\/wp-json\/wp\/v2\/product_tag?post=722"}],"curies":[{"name":"wp","href":"https:\/\/api.w.org\/{rel}","templated":true}]}}