{"id":720,"date":"2014-10-22T16:54:52","date_gmt":"2014-10-22T14:54:52","guid":{"rendered":"http:\/\/www.elagproducts.com\/product\/lemax-ii-2\/"},"modified":"2025-10-19T08:29:14","modified_gmt":"2025-10-19T06:29:14","slug":"gr-495075-e","status":"publish","type":"product","link":"https:\/\/www.elagproducts.com\/de\/shop\/elektrogrills\/gr-495075-e\/","title":{"rendered":"LeMax\u00ae Grill &#8220;LC-700&#8221;"},"content":{"rendered":"<h2><strong>LeMax\u00ae Grill &#8220;LC-700&#8221;<\/strong><\/h2>\n<div class=\"fusion-fullwidth fullwidth-box fusion-builder-row-1 gradient-container-1 hundred-percent-fullwidth non-hundred-percent-height-scrolling\" style=\"background-color: rgba(255,255,255,0);background-position: center center;background-repeat: no-repeat;padding-top:0px;padding-right:0px;padding-bottom:0px;padding-left:0px;margin-bottom: 0px;margin-top: 0px;border-width: 0px 0px 0px 0px;border-color:#eae9e9;border-style:solid;\" ><div class=\"fusion-builder-row fusion-row\"><div class=\"fusion-layout-column fusion_builder_column fusion-builder-column-0 fusion_builder_column_1_2 1_2 fusion-one-half fusion-column-first gradient-column-1\" style=\"width:48%; margin-right: 4%;margin-top:0px;margin-bottom:20px;\"><div class=\"fusion-column-wrapper fusion-flex-column-wrapper-legacy\" style=\"background-position:left top;background-repeat:no-repeat;-webkit-background-size:cover;-moz-background-size:cover;-o-background-size:cover;background-size:cover;padding: 0px 0px 0px 0px;\"><div class=\"fusion-text fusion-text-1\"><p>Dieser LeMax\u00ae Elektrogrill, Mod. GR 495075-E, ist mit einer herausnehmbaren Fettwanne\u00a0ausgestattet. Die Schale aus hochwertigem Edelstahl\u00a0eignet sich hervorragend f\u00fcr gr\u00f6\u00dfere Grillmengen und bietet eine noch einfachere Reinigung.\u00a0Dank der besonderen Grilloberfl\u00e4che haften Speisen nicht auf der Kochfl\u00e4che. Aus diesem Grund kann die Verwendung von Fett und \u00d6l auf ein Minimum gehalten werden. LeMax\u00ae ist ideal f\u00fcr die gesunde K\u00fcche. Die Hochleistungsgrillplatte erreicht Temperaturen von \u00fcber 380\u00b0C und ist damit ideal, um saftige Steaks kurz anzubraten (hier: <span style=\"color: #58bdb6;\"><a style=\"color: #58bdb6;\" href=\"https:\/\/www.elagproducts.com\/de\/rezepte\/\">Rezepte<\/a><\/span>). Doch der Grill wird auch gerne als LeMax\u00ae Teppanyaki bezeichnet, da die Grillplatte auf mittlerer Stufe bei Gem\u00fcse perfekte Ergebnisse erzielt und schnell\u00a0zubereitet.\u00a0<span style=\"color: #58bdb6;\"><a style=\"color: #58bdb6;\" href=\"https:\/\/www.elagproducts.com\/de\/lemax-grill-ii\/\">Erfahren <span style=\"color: #58bdb6;\">Sie m<\/span>ehr \u00fcber den LeMax Grill&#8230;<\/a><\/span><\/p>\n<\/div>\n<div class=\"fusion-clearfix\"><\/div><\/div><\/div>\n<div class=\"fusion-layout-column fusion_builder_column fusion-builder-column-1 fusion_builder_column_1_2 1_2 fusion-one-half fusion-column-last gradient-column-2\" style=\"width:48%;margin-top:0px;margin-bottom:20px;\"><div class=\"fusion-column-wrapper fusion-flex-column-wrapper-legacy\" style=\"background-position:left top;background-repeat:no-repeat;-webkit-background-size:cover;-moz-background-size:cover;-o-background-size:cover;background-size:cover;padding: 0px 0px 0px 0px;\"><a href=\"https:\/\/i0.wp.com\/www.elagproducts.com\/wp-content\/uploads\/2016\/11\/fettwanne.gif?ssl=1\"><img decoding=\"async\" class=\"alignnone size-full wp-image-14616\" src=\"https:\/\/i0.wp.com\/www.elagproducts.com\/wp-content\/uploads\/2016\/11\/fettwanne.gif?resize=350%2C197&#038;ssl=1\" alt=\"\" width=\"350\" height=\"197\" data-recalc-dims=\"1\" \/><\/a><div class=\"fusion-clearfix\"><\/div><\/div><\/div>\n<p>&nbsp;<\/p>\n<p style=\"text-align: center;\"><div class=\"fusion-layout-column fusion_builder_column fusion-builder-column-2 fusion_builder_column_1_1 1_1 fusion-one-full fusion-column-first fusion-column-last gradient-column-3 fusion-column-no-min-height\" style=\"margin-top:0px;margin-bottom:0px;\"><div class=\"fusion-column-wrapper fusion-flex-column-wrapper-legacy\" style=\"background-position:left top;background-repeat:no-repeat;-webkit-background-size:cover;-moz-background-size:cover;-o-background-size:cover;background-size:cover;padding: 0px 0px 0px 0px;\"><div class=\"fusion-button-wrapper\"><style type=\"text\/css\">.fusion-button.button-1 .fusion-button-text, .fusion-button.button-1 i {color:#ffffff;}.fusion-button.button-1 .fusion-button-icon-divider{border-color:#ffffff;}.fusion-button.button-1:hover .fusion-button-text, .fusion-button.button-1:hover i,.fusion-button.button-1:focus .fusion-button-text, .fusion-button.button-1:focus i,.fusion-button.button-1:active .fusion-button-text, .fusion-button.button-1:active{color:#ffffff;}.fusion-button.button-1:hover .fusion-button-icon-divider, .fusion-button.button-1:hover .fusion-button-icon-divider, .fusion-button.button-1:active .fusion-button-icon-divider{border-color:#ffffff;}.fusion-button.button-1:hover, .fusion-button.button-1:focus, .fusion-button.button-1:active{border-color:#ffffff;}.fusion-button.button-1 {border-color:#ffffff;border-radius:0px;}.fusion-button.button-1{background: #58bdb6;}.fusion-button.button-1:hover,.button-1:focus,.fusion-button.button-1:active{background: #58bdb6;}<\/style><a class=\"fusion-button button-flat button-large button-custom button-1 fusion-button-default-span fusion-button-default-type\" target=\"_self\" href=\"http:\/\/www.elagproducts.com\/de\/elektrogrills-im-vergleich\"><span class=\"fusion-button-text\">Modelle vergleichen<\/span><\/a><\/div>\n<p><span style=\"color: #ffffff;\">.<\/span><\/p>\n<p><strong>Qualit\u00e4tsmerkmale:<\/strong><\/p>\n<ul>\n<li>Herausnehmbare Fettwanne\u00a0aus hochwertigem Edelstahl<\/li>\n<li>LeMax\u00ae Kochoberfl\u00e4che ist kratzfest und unbeschichtet<\/li>\n<li>Abgesenkte Kochfl\u00e4che<\/li>\n<li>CoolTouch Griffe &#8211; isolierte Griffe<\/li>\n<li>Drehschalter mit 12 Leistungsstufen<\/li>\n<li>Unibody Geh\u00e4use mit hochwertigster Hitzeisolierung<\/li>\n<li>Besonders fester Stand des Ger\u00e4tes dank\u00a0Gummif\u00fc\u00dfe<\/li>\n<li>Geh\u00e4use aus dickem korrosionsfreiem Edelstahl<\/li>\n<li>Spitzentemperaturen von \u00fcber 380\u00b0C<\/li>\n<li>Gleichm\u00e4\u00dfige Hitzeverteilung<\/li>\n<li>Entwickelt und hergestellt in Deutschland\u00a0(Mehr dazu:\u00a0<span style=\"color: #58bdb6;\"><a style=\"color: #58bdb6;\" href=\"https:\/\/www.elagproducts.com\/de\/deutsche-kochgeraete\/\">Unsere Produktion<\/a><\/span>)<\/li>\n<\/ul>\n<p><strong>Produktfunktionen und Besonderheiten:<\/strong><\/p>\n<ul>\n<li>Leichte Reinigung dank herausnehmbarer\u00a0Fettwanne<\/li>\n<li>Kein Kochgeschirr mehr n\u00f6tig<\/li>\n<li>Dank hoher Temperaturen exzellente Resultate bei Steaks und sonstigem Grillgut<\/li>\n<li>Endlose M\u00f6glichkeiten\u00a0beim\u00a0Kochen, D\u00fcnsten, Braten, Backen und Grillen<\/li>\n<li>LeMax\u00ae ist mobil und flexibel einsatzf\u00e4hig, ob im Haus, auf Balkon, Terrasse oder im Garten<\/li>\n<li>Gesunde Zubereitung: kaum Fett bei der Zubereitung n\u00f6tig<\/li>\n<li>Fl\u00fcssigkeiten bleiben auf der Kochfl\u00e4che dank abgesenkter Oberfl\u00e4che<\/li>\n<li>LeMax\u00ae\u00a0ist gesellig:\u00a0laden Sie Freunde ein und kochen Sie zusammen um den\u00a0Grill<\/li>\n<\/ul>\n<p><strong>Sicherheit:<\/strong><\/p>\n<ul>\n<li>Elektrische Sicherheit:\u00a0<em>Push-&amp;-Turn<\/em>\u00a0Drehschalter<\/li>\n<li>Spritzwasser Schutz: gem\u00e4\u00df IP 34<\/li>\n<li>Isoliertes Geh\u00e4use<\/li>\n<li>Spezielle isolierte Griffe<\/li>\n<li>Sicherheit und CE gepr\u00fcft<\/li>\n<\/ul>\n<p><strong>Lieferumfang:<\/strong><\/p>\n<ul>\n<li>Quickstart<\/li>\n<li>Bedienungsanleitung<\/li>\n<li>Reinigungsglasschaber<\/li>\n<\/ul>\n<p><strong>Technische Angaben:<\/strong><\/p>\n<ul>\n<li>Kochfl\u00e4che: 33,5 x 28,5 cm<\/li>\n<li>Abmessungen: 60,5 x 45 x 8 cm<\/li>\n<li>Gewicht: 9,2 kg<\/li>\n<li>Elektrischer Anschluss: 230 V, 9,6 A, 2200 W<\/li>\n<li>Netzkabel: 1,80 m<\/li>\n<\/ul>\n<h6>* 6 Monate\u00a0Garantie bei gewerblicher Nutzung und bitte lesen Sie unsere\u00a0<span style=\"color: #58bdb6;\"><a style=\"color: #58bdb6;\" href=\"https:\/\/www.elagproducts.com\/de\/widerrufsbelehrung\/\">Widerrufsbelehrung<\/a><\/span><\/h6>\n<div class=\"fusion-clearfix\"><\/div><\/div><\/div><\/div><style type=\"text\/css\">.fusion-fullwidth.fusion-builder-row-1 { overflow:visible; }<\/style><\/div>\n","protected":false},"excerpt":{"rendered":"<h3><strong>Maximale Leistung und maximale Effizienz dank herausnehmbarer Fettwanne!<\/strong><\/h3>\n<h4><span style=\"color: #808080;\"><strong>Herausnehmbare Fettwanne\u00a0&#8211; Gro\u00dfe\u00a0Kochfl\u00e4che &#8211;\u00a0Wenig Fettzusatz beim Kochen &#8211; Gleichm\u00e4\u00dfige Hitzeverteilung &#8211; 380\u00b0C\u00a0Grillleistung<\/strong><\/span><\/h4>\n<h4><span style=\"color: #58bdb6;\"><a style=\"color: #58bdb6;\" href=\"http:\/\/www.elagproducts.com\/de\/elektrogrills-im-vergleich\">Modelle hier vergleichen<\/a><\/span><\/h4>\n<h3><strong><span style=\"color: #ee7b1b;\"><a href=\"https:\/\/www.elagproducts.com\/wp-content\/uploads\/2014\/10\/lieferbar_icon.png\"><img decoding=\"async\" class=\"alignnone wp-image-3345 size-full\" src=\"https:\/\/www.elagproducts.com\/wp-content\/uploads\/2014\/10\/lieferbar_icon.png\" alt=\"\" width=\"15\" height=\"14\" \/><\/a><\/span><\/strong><span style=\"color: #ee7b1b;\">\u00a0<\/span><span style=\"color: #ee7b1b;\"><span style=\"color: #7ad04f;\">verf\u00fcgbar<\/span><\/span><\/h3>\n<p><em>inkl. 2 Jahre Garantie*<\/em><\/p>\n[fusion_builder_container admin_label=\"\" hundred_percent=\"yes\" equal_height_columns=\"no\" menu_anchor=\"\" hide_on_mobile=\"medium-visibility,large-visibility\" class=\"\" id=\"\" background_color=\"\" background_image=\"\" background_position=\"center center\" background_repeat=\"no-repeat\" fade=\"no\" background_parallax=\"none\" enable_mobile=\"no\" parallax_speed=\"0.3\" video_mp4=\"\" video_webm=\"\" video_ogv=\"\" video_url=\"\" video_aspect_ratio=\"16:9\" video_loop=\"yes\" video_mute=\"yes\" video_preview_image=\"\" border_size=\"2\" border_color=\"\" border_style=\"solid\" margin_top=\"\" margin_bottom=\"\" padding_top=\"5\" padding_right=\"5\" padding_bottom=\"5\" padding_left=\"5\"][fusion_builder_row][fusion_builder_column type=\"1_4\" layout=\"1_1\" background_position=\"left top\" background_color=\"\" border_size=\"\" border_color=\"\" border_style=\"solid\" spacing=\"yes\" background_image=\"\" background_repeat=\"no-repeat\" padding=\"\" margin_top=\"0px\" margin_bottom=\"0px\" class=\"\" id=\"\" animation_type=\"\" animation_speed=\"0.3\" animation_direction=\"left\" hide_on_mobile=\"no\" center_content=\"no\" min_height=\"none\" last=\"no\" hover_type=\"none\" link=\"\" border_position=\"all\"][fusion_imageframe image_id=\"5087\" style_type=\"none\" stylecolor=\"\" hover_type=\"none\" bordersize=\"\" bordercolor=\"\" borderradius=\"\" align=\"none\" lightbox=\"no\" gallery_id=\"\" lightbox_image=\"\" alt=\"\" link=\"http:\/\/www.elagproducts.com\/de\/shop\/elektrogrills\/gr-495210-e\/\" linktarget=\"_self\" hide_on_mobile=\"small-visibility,medium-visibility,large-visibility\" class=\"\" id=\"\" animation_type=\"\" animation_direction=\"left\" animation_speed=\"0.3\" animation_offset=\"\"]http:\/\/www.elagproducts.com\/wp-content\/uploads\/2016\/11\/upsell_gr495210e.jpg[\/fusion_imageframe][\/fusion_builder_column][fusion_builder_column type=\"3_4\" layout=\"2_3\" spacing=\"yes\" center_content=\"no\" hover_type=\"none\" link=\"\" min_height=\"none\" hide_on_mobile=\"no\" class=\"\" id=\"\" background_color=\"\" background_image=\"\" background_position=\"left top\" undefined=\"\" background_repeat=\"no-repeat\" border_size=\"\" border_color=\"\" border_style=\"solid\" border_position=\"all\" padding=\"\" margin_top=\"10px\" margin_bottom=\"0px\" animation_type=\"\" animation_direction=\"left\" animation_speed=\"0.3\" animation_offset=\"\" last=\"no\"][fusion_text]<\/p>\n<p><strong>Upgrade verf\u00fcgbar:<\/strong>\u00a0steuern Sie Ihren LeMax per Touch Bedienung auf zwei separat beheizbare Kochzonen.<\/p>\n<p>[\/fusion_text][\/fusion_builder_column][\/fusion_builder_row][\/fusion_builder_container]\n[fusion_builder_container enable_background_slider=\"no\" image_ids=\"\" elegant_transition_effect=\"fade\" elegant_background_scale=\"cover\" elegant_transition_delay=\"3\" gradient_top_color=\"\" gradient_bottom_color=\"\" gradient_type=\"linear\" gradient_direction=\"0deg\" gradient_force=\"yes\" type=\"flex\" hundred_percent=\"no\" hundred_percent_height=\"no\" min_height=\"\" hundred_percent_height_scroll=\"no\" align_content=\"stretch\" flex_align_items=\"flex-start\" flex_justify_content=\"flex-start\" flex_column_spacing=\"\" hundred_percent_height_center_content=\"yes\" equal_height_columns=\"no\" container_tag=\"div\" menu_anchor=\"\" hide_on_mobile=\"small-visibility,medium-visibility,large-visibility\" status=\"published\" publish_date=\"\" class=\"\" id=\"\" link_color=\"\" link_hover_color=\"\" border_sizes=\"\" border_sizes_top=\"\" border_sizes_right=\"\" border_sizes_bottom=\"\" border_sizes_left=\"\" border_color=\"\" border_style=\"solid\" spacing_medium=\"\" margin_top_medium=\"\" margin_bottom_medium=\"\" spacing_small=\"\" margin_top_small=\"\" margin_bottom_small=\"\" margin_top=\"\" margin_bottom=\"\" padding_dimensions_medium=\"\" padding_top_medium=\"\" padding_right_medium=\"\" padding_bottom_medium=\"\" padding_left_medium=\"\" padding_dimensions_small=\"\" padding_top_small=\"\" padding_right_small=\"\" padding_bottom_small=\"\" padding_left_small=\"\" padding_top=\"\" padding_right=\"\" padding_bottom=\"\" padding_left=\"\" box_shadow=\"no\" box_shadow_vertical=\"\" box_shadow_horizontal=\"\" box_shadow_blur=\"0\" box_shadow_spread=\"0\" box_shadow_color=\"\" box_shadow_style=\"\" z_index=\"\" overflow=\"\" gradient_start_color=\"\" gradient_end_color=\"\" gradient_start_position=\"0\" gradient_end_position=\"100\" radial_direction=\"center center\" linear_angle=\"180\" background_color=\"\" background_image=\"\" background_position=\"center center\" background_repeat=\"no-repeat\" fade=\"no\" background_parallax=\"none\" enable_mobile=\"no\" parallax_speed=\"0.3\" background_blend_mode=\"none\" video_mp4=\"\" video_webm=\"\" video_ogv=\"\" video_url=\"\" video_aspect_ratio=\"16:9\" video_loop=\"yes\" video_mute=\"yes\" video_preview_image=\"\" absolute=\"off\" absolute_devices=\"small,medium,large\" sticky=\"off\" sticky_devices=\"small-visibility,medium-visibility,large-visibility\" sticky_background_color=\"\" sticky_height=\"\" sticky_offset=\"\" sticky_transition_offset=\"0\" scroll_offset=\"0\" animation_type=\"\" animation_direction=\"left\" animation_speed=\"0.3\" animation_offset=\"\" filter_hue=\"0\" filter_saturation=\"100\" filter_brightness=\"100\" filter_contrast=\"100\" filter_invert=\"0\" filter_sepia=\"0\" filter_opacity=\"100\" filter_blur=\"0\" filter_hue_hover=\"0\" filter_saturation_hover=\"100\" filter_brightness_hover=\"100\" filter_contrast_hover=\"100\" filter_invert_hover=\"0\" filter_sepia_hover=\"0\" filter_opacity_hover=\"100\" filter_blur_hover=\"0\"][fusion_builder_row][fusion_builder_column type=\"1_1\" layout=\"1_1\" enable_background_slider=\"no\" image_ids=\"\" elegant_transition_effect=\"fade\" elegant_background_scale=\"cover\" elegant_transition_delay=\"3\" gradient_top_color=\"\" gradient_bottom_color=\"\" gradient_type=\"linear\" gradient_direction=\"0deg\" gradient_force=\"yes\" align_self=\"auto\" content_layout=\"column\" align_content=\"flex-start\" content_wrap=\"wrap\" spacing=\"\" center_content=\"no\" link=\"\" target=\"_self\" min_height=\"\" hide_on_mobile=\"small-visibility,medium-visibility,large-visibility\" sticky_display=\"normal,sticky\" class=\"\" id=\"\" type_medium=\"\" type_small=\"\" order_medium=\"0\" order_small=\"0\" dimension_spacing_medium=\"\" dimension_spacing_small=\"\" dimension_spacing=\"\" dimension_margin_medium=\"\" dimension_margin_small=\"\" margin_top=\"\" margin_bottom=\"\" padding_medium=\"\" padding_small=\"\" padding_top=\"\" padding_right=\"\" padding_bottom=\"\" padding_left=\"\" hover_type=\"none\" border_sizes=\"\" border_color=\"\" border_style=\"solid\" border_radius=\"\" box_shadow=\"no\" dimension_box_shadow=\"\" box_shadow_blur=\"0\" box_shadow_spread=\"0\" box_shadow_color=\"\" box_shadow_style=\"\" background_type=\"single\" gradient_start_color=\"\" gradient_end_color=\"\" gradient_start_position=\"0\" gradient_end_position=\"100\" radial_direction=\"center center\" linear_angle=\"180\" background_color=\"\" background_image=\"\" background_image_id=\"\" background_position=\"left top\" background_repeat=\"no-repeat\" background_blend_mode=\"none\" animation_type=\"\" animation_direction=\"left\" animation_speed=\"0.3\" animation_offset=\"\" filter_type=\"regular\" filter_hue=\"0\" filter_saturation=\"100\" filter_brightness=\"100\" filter_contrast=\"100\" filter_invert=\"0\" filter_sepia=\"0\" filter_opacity=\"100\" filter_blur=\"0\" filter_hue_hover=\"0\" filter_saturation_hover=\"100\" filter_brightness_hover=\"100\" filter_contrast_hover=\"100\" filter_invert_hover=\"0\" filter_sepia_hover=\"0\" filter_opacity_hover=\"100\" filter_blur_hover=\"0\" last=\"true\" border_position=\"all\" type=\"1_1\" first=\"true\"][fusion_button link=\"https:\/\/www.elagproducts.com\/de\/shop\/elektrogrills\/gr-495210-e\/\" text_transform=\"\" title=\"\" target=\"_self\" link_attributes=\"\" alignment_medium=\"\" alignment_small=\"\" alignment=\"left\" modal=\"\" hide_on_mobile=\"small-visibility\" sticky_display=\"normal,sticky\" class=\"\" id=\"\" color=\"custom\" button_gradient_top_color=\"#009a91\" button_gradient_bottom_color=\"#009a91\" button_gradient_top_color_hover=\"#009a91\" button_gradient_bottom_color_hover=\"#009a91\" accent_color=\"\" accent_hover_color=\"\" type=\"\" bevel_color=\"\" border_width=\"\" border_radius=\"\" border_color=\"\" border_hover_color=\"\" size=\"\" stretch=\"default\" margin_top=\"\" margin_right=\"\" margin_bottom=\"\" margin_left=\"\" icon=\"fa-plus-square fas\" icon_position=\"left\" icon_divider=\"no\" animation_type=\"shake\" animation_direction=\"left\" animation_speed=\"0.3\" animation_offset=\"\"]Zweite Kochzone hinzuf\u00fcgen[\/fusion_button][\/fusion_builder_column][\/fusion_builder_row][\/fusion_builder_container]\n<h6 style=\"text-align: left;\"><\/h6>\n","protected":false},"featured_media":1114,"comment_status":"open","ping_status":"closed","template":"","meta":{"content-type":"","_mi_skip_tracking":false},"product_cat":[30],"product_tag":[],"yoast_head":"<!-- This site is optimized with the Yoast SEO plugin v20.5 - https:\/\/yoast.com\/wordpress\/plugins\/seo\/ -->\n<title>LeMax\u00ae Grill &quot;LC-700&quot; - Grillplatte, Teppanyaki | ELAG<\/title>\n<meta name=\"description\" content=\"Der LeMax\u00ae Elektrogrill mit Fettwanne, Mod. GR 495075-E, ist ideal f\u00fcr die gesunde K\u00fcche - ob drinnen oder drau\u00dfen. Speisen werden schonend...\" \/>\n<meta name=\"robots\" content=\"index, follow, max-snippet:-1, max-image-preview:large, max-video-preview:-1\" \/>\n<link rel=\"canonical\" href=\"https:\/\/www.elagproducts.com\/de\/shop\/elektrogrills\/gr-495075-e\/\" \/>\n<meta property=\"og:locale\" content=\"de_DE\" \/>\n<meta property=\"og:type\" content=\"article\" \/>\n<meta property=\"og:title\" content=\"LeMax\u00ae Grill &quot;LC-700&quot; - Grillplatte, Teppanyaki | ELAG\" \/>\n<meta property=\"og:description\" content=\"Der LeMax\u00ae Elektrogrill mit Fettwanne, Mod. GR 495075-E, ist ideal f\u00fcr die gesunde K\u00fcche - ob drinnen oder drau\u00dfen. Speisen werden schonend...\" \/>\n<meta property=\"og:url\" content=\"https:\/\/www.elagproducts.com\/de\/shop\/elektrogrills\/gr-495075-e\/\" \/>\n<meta property=\"og:site_name\" content=\"ELAG - LeMax Grills &amp; High-Quality Cooktops\" \/>\n<meta property=\"article:modified_time\" content=\"2025-10-19T06:29:14+00:00\" \/>\n<meta property=\"og:image\" content=\"https:\/\/i0.wp.com\/www.elagproducts.com\/wp-content\/uploads\/2015\/02\/gr495075e.jpg?fit=500%2C500&ssl=1\" \/>\n\t<meta property=\"og:image:width\" content=\"500\" \/>\n\t<meta property=\"og:image:height\" content=\"500\" \/>\n\t<meta property=\"og:image:type\" content=\"image\/jpeg\" \/>\n<meta name=\"twitter:label1\" content=\"Gesch\u00e4tzte Lesezeit\" \/>\n\t<meta name=\"twitter:data1\" content=\"3\u00a0Minuten\" \/>\n<script type=\"application\/ld+json\" class=\"yoast-schema-graph\">{\"@context\":\"https:\/\/schema.org\",\"@graph\":[{\"@type\":\"WebPage\",\"@id\":\"https:\/\/www.elagproducts.com\/de\/shop\/elektrogrills\/gr-495075-e\/\",\"url\":\"https:\/\/www.elagproducts.com\/de\/shop\/elektrogrills\/gr-495075-e\/\",\"name\":\"LeMax\u00ae Grill \\\"LC-700\\\" - Grillplatte, Teppanyaki | ELAG\",\"isPartOf\":{\"@id\":\"https:\/\/www.elagproducts.com\/de\/#website\"},\"datePublished\":\"2014-10-22T14:54:52+00:00\",\"dateModified\":\"2025-10-19T06:29:14+00:00\",\"description\":\"Der LeMax\u00ae Elektrogrill mit Fettwanne, Mod. GR 495075-E, ist ideal f\u00fcr die gesunde K\u00fcche - ob drinnen oder drau\u00dfen. Speisen werden schonend...\",\"breadcrumb\":{\"@id\":\"https:\/\/www.elagproducts.com\/de\/shop\/elektrogrills\/gr-495075-e\/#breadcrumb\"},\"inLanguage\":\"de\",\"potentialAction\":[{\"@type\":\"ReadAction\",\"target\":[\"https:\/\/www.elagproducts.com\/de\/shop\/elektrogrills\/gr-495075-e\/\"]}]},{\"@type\":\"BreadcrumbList\",\"@id\":\"https:\/\/www.elagproducts.com\/de\/shop\/elektrogrills\/gr-495075-e\/#breadcrumb\",\"itemListElement\":[{\"@type\":\"ListItem\",\"position\":1,\"name\":\"Home\",\"item\":\"https:\/\/www.elagproducts.com\/de\/\"},{\"@type\":\"ListItem\",\"position\":2,\"name\":\"Shop\",\"item\":\"https:\/\/www.elagproducts.com\/de\/shop\/\"},{\"@type\":\"ListItem\",\"position\":3,\"name\":\"LeMax\u00ae Grill &#8220;LC-700&#8221;\"}]},{\"@type\":\"WebSite\",\"@id\":\"https:\/\/www.elagproducts.com\/de\/#website\",\"url\":\"https:\/\/www.elagproducts.com\/de\/\",\"name\":\"ELAG - LeMax Grills &amp; High-Quality Cooktops\",\"description\":\"\",\"potentialAction\":[{\"@type\":\"SearchAction\",\"target\":{\"@type\":\"EntryPoint\",\"urlTemplate\":\"https:\/\/www.elagproducts.com\/de\/?s={search_term_string}\"},\"query-input\":\"required name=search_term_string\"}],\"inLanguage\":\"de\"}]}<\/script>\n<!-- \/ Yoast SEO plugin. -->","yoast_head_json":{"title":"LeMax\u00ae Grill \"LC-700\" - Grillplatte, Teppanyaki | ELAG","description":"Der LeMax\u00ae Elektrogrill mit Fettwanne, Mod. GR 495075-E, ist ideal f\u00fcr die gesunde K\u00fcche - ob drinnen oder drau\u00dfen. Speisen werden schonend...","robots":{"index":"index","follow":"follow","max-snippet":"max-snippet:-1","max-image-preview":"max-image-preview:large","max-video-preview":"max-video-preview:-1"},"canonical":"https:\/\/www.elagproducts.com\/de\/shop\/elektrogrills\/gr-495075-e\/","og_locale":"de_DE","og_type":"article","og_title":"LeMax\u00ae Grill \"LC-700\" - Grillplatte, Teppanyaki | ELAG","og_description":"Der LeMax\u00ae Elektrogrill mit Fettwanne, Mod. GR 495075-E, ist ideal f\u00fcr die gesunde K\u00fcche - ob drinnen oder drau\u00dfen. Speisen werden schonend...","og_url":"https:\/\/www.elagproducts.com\/de\/shop\/elektrogrills\/gr-495075-e\/","og_site_name":"ELAG - LeMax Grills &amp; High-Quality Cooktops","article_modified_time":"2025-10-19T06:29:14+00:00","og_image":[{"width":500,"height":500,"url":"https:\/\/i0.wp.com\/www.elagproducts.com\/wp-content\/uploads\/2015\/02\/gr495075e.jpg?fit=500%2C500&ssl=1","type":"image\/jpeg"}],"twitter_misc":{"Gesch\u00e4tzte Lesezeit":"3\u00a0Minuten"},"schema":{"@context":"https:\/\/schema.org","@graph":[{"@type":"WebPage","@id":"https:\/\/www.elagproducts.com\/de\/shop\/elektrogrills\/gr-495075-e\/","url":"https:\/\/www.elagproducts.com\/de\/shop\/elektrogrills\/gr-495075-e\/","name":"LeMax\u00ae Grill \"LC-700\" - Grillplatte, Teppanyaki | ELAG","isPartOf":{"@id":"https:\/\/www.elagproducts.com\/de\/#website"},"datePublished":"2014-10-22T14:54:52+00:00","dateModified":"2025-10-19T06:29:14+00:00","description":"Der LeMax\u00ae Elektrogrill mit Fettwanne, Mod. GR 495075-E, ist ideal f\u00fcr die gesunde K\u00fcche - ob drinnen oder drau\u00dfen. Speisen werden schonend...","breadcrumb":{"@id":"https:\/\/www.elagproducts.com\/de\/shop\/elektrogrills\/gr-495075-e\/#breadcrumb"},"inLanguage":"de","potentialAction":[{"@type":"ReadAction","target":["https:\/\/www.elagproducts.com\/de\/shop\/elektrogrills\/gr-495075-e\/"]}]},{"@type":"BreadcrumbList","@id":"https:\/\/www.elagproducts.com\/de\/shop\/elektrogrills\/gr-495075-e\/#breadcrumb","itemListElement":[{"@type":"ListItem","position":1,"name":"Home","item":"https:\/\/www.elagproducts.com\/de\/"},{"@type":"ListItem","position":2,"name":"Shop","item":"https:\/\/www.elagproducts.com\/de\/shop\/"},{"@type":"ListItem","position":3,"name":"LeMax\u00ae Grill &#8220;LC-700&#8221;"}]},{"@type":"WebSite","@id":"https:\/\/www.elagproducts.com\/de\/#website","url":"https:\/\/www.elagproducts.com\/de\/","name":"ELAG - LeMax Grills &amp; High-Quality Cooktops","description":"","potentialAction":[{"@type":"SearchAction","target":{"@type":"EntryPoint","urlTemplate":"https:\/\/www.elagproducts.com\/de\/?s={search_term_string}"},"query-input":"required name=search_term_string"}],"inLanguage":"de"}]}},"_links":{"self":[{"href":"https:\/\/www.elagproducts.com\/de\/wp-json\/wp\/v3\/product\/720"}],"collection":[{"href":"https:\/\/www.elagproducts.com\/de\/wp-json\/wp\/v3\/product"}],"about":[{"href":"https:\/\/www.elagproducts.com\/de\/wp-json\/wp\/v2\/types\/product"}],"replies":[{"embeddable":true,"href":"https:\/\/www.elagproducts.com\/de\/wp-json\/wp\/v2\/comments?post=720"}],"wp:featuredmedia":[{"embeddable":true,"href":"https:\/\/www.elagproducts.com\/de\/wp-json\/wp\/v2\/media\/1114"}],"wp:attachment":[{"href":"https:\/\/www.elagproducts.com\/de\/wp-json\/wp\/v2\/media?parent=720"}],"wp:term":[{"taxonomy":"product_cat","embeddable":true,"href":"https:\/\/www.elagproducts.com\/de\/wp-json\/wp\/v2\/product_cat?post=720"},{"taxonomy":"product_tag","embeddable":true,"href":"https:\/\/www.elagproducts.com\/de\/wp-json\/wp\/v2\/product_tag?post=720"}],"curies":[{"name":"wp","href":"https:\/\/api.w.org\/{rel}","templated":true}]}}