{"id":5270,"date":"2017-01-24T17:05:45","date_gmt":"2017-01-24T15:05:45","guid":{"rendered":"http:\/\/www.elagproducts.com\/shop\/uncategorized\/idk-280120\/"},"modified":"2017-02-09T17:45:59","modified_gmt":"2017-02-09T15:45:59","slug":"idk-200120","status":"publish","type":"product","link":"https:\/\/www.elagproducts.com\/de\/shop\/induktionskocher\/idk-200120\/","title":{"rendered":"ELAG\u00ae Induktionskocher &#8220;HomeSelect&#8221;, 2000 W"},"content":{"rendered":"<h2><strong>ELAG\u00ae\u00a0Induktionskocher &#8220;HomeSelect&#8221;, 2000\u00a0W<\/strong><\/h2>\n<p><strong>Qualit\u00e4tsmerkmale:<\/strong><\/p>\n<ul>\n<li>Drehschalter mit 10 Leistungsstufen<\/li>\n<li>Eingebautes K\u00fchlsystem gegen \u00dcberhitzung<\/li>\n<li>Besonders fester Stand des Ger\u00e4tes dank 2 Gummif\u00fc\u00dfe<\/li>\n<li>Elektrische Spitzenleistung von 2.000 W<\/li>\n<\/ul>\n<p><strong>Produktfunktionen und Besonderheiten:<\/strong><\/p>\n<ul>\n<li>F\u00fcr den privaten Gebrauch<\/li>\n<li>Leistungsstufen: 200 &#8211; 2.000 W<\/li>\n<li>Temperaturstufen: 60 &#8211; 240 \u00b0C<\/li>\n<li>Kurze Aufheizzeit\u00a0beim Kochen<\/li>\n<li>Automatische Topferkennung<\/li>\n<li>Der ELAG Induktionskocher &#8220;HomeSelect ist mobil und flexibel<\/li>\n<\/ul>\n<p><strong>Sicherheit:<\/strong><\/p>\n<ul>\n<li>Gek\u00fchltes Geh\u00e4use<\/li>\n<li>Sicherheit und CE gepr\u00fcft<\/li>\n<\/ul>\n<p><strong>Lieferumfang:<\/strong><\/p>\n<ul>\n<li>Bedienungsanleitung<\/li>\n<\/ul>\n<p><strong>Technische Angaben:<\/strong><\/p>\n<ul>\n<li>Kochfl\u00e4che: \u00d8 19,0 cm<\/li>\n<li>Abmessungen: 37,0 x 28,0 x 7,0 cm<\/li>\n<li>Gewicht: 2,2 kg<\/li>\n<li>Elektrischer Anschluss: 230 V, 10 A, 2000 W<\/li>\n<li>Netzkabel: 1,50 m<\/li>\n<\/ul>\n<h6>\u00a0* 6 Monate\u00a0Garantie bei gewerblicher Nutzung und bitte lesen Sie unsere\u00a0<span style=\"color: #58bdb6;\"><a style=\"color: #58bdb6;\" href=\"http:\/\/www.elagproducts.com\/de\/widerrufsbelehrung\/\">Widerrufsbelehrung<\/a><\/span><\/h6>\n","protected":false},"excerpt":{"rendered":"<h6><strong>Art. Nr.: IDK\u00a0200120<\/strong><\/h6>\n<p>Kochen Sie fortan effizienter und mobiler. Der ELAG Induktionskocher &#8220;HomeSelect&#8221; bietet ausreichend Leistung f\u00fcr schnelles Kochen.\u00a0Die Induktionsplatte\u00a0besticht mit Funktionalit\u00e4t. Das mobile Kochfeld kann entweder durch elektrische Leistung oder die Temperatureinstellung gesteuert werden. Dar\u00fcber hinaus verf\u00fcgt\u00a0der Kocher \u00fcber\u00a0eine Timer-Funktion.<br \/>\n<strong><span style=\"color: #ee7b1b;\"><br \/>\n<a href=\"http:\/\/www.elagproducts.com\/wp-content\/uploads\/2014\/10\/lieferbar_icon.png\"><img decoding=\"async\" class=\"alignnone size-full wp-image-3344\" src=\"http:\/\/www.elagproducts.com\/wp-content\/uploads\/2014\/10\/lieferbar_icon.png\" alt=\"lieferbar_icon\" width=\"15\" height=\"14\" \/><\/a>\u00a0<span style=\"color: #7ad03a;\">lieferbar<\/span><br \/>\n<\/span><\/strong><\/p>\n<p><em>inkl. 2 Jahre Garantie*<\/em><\/p>\n[fusion_builder_container hundred_percent=\"yes\" equal_height_columns=\"no\" menu_anchor=\"\" hide_on_mobile=\"no\" class=\"\" id=\"\" background_color=\"\" background_image=\"\" background_position=\"center center\" background_repeat=\"no-repeat\" fade=\"no\" background_parallax=\"none\" enable_mobile=\"no\" parallax_speed=\"0.3\" video_mp4=\"\" video_webm=\"\" video_ogv=\"\" video_url=\"\" video_aspect_ratio=\"16:9\" video_loop=\"yes\" video_mute=\"yes\" overlay_color=\"\" overlay_opacity=\"0.5\" video_preview_image=\"\" border_size=\"0px\" border_color=\"\" border_style=\"solid\" margin_top=\"\" margin_bottom=\"\" padding_top=\"20\" padding_right=\"\" padding_bottom=\"20\" padding_left=\"\"][fusion_builder_row][fusion_builder_column type=\"1_1\" layout=\"1_1\" spacing=\"\" center_content=\"no\" hover_type=\"none\" link=\"\" min_height=\"\" hide_on_mobile=\"small-visibility,medium-visibility,large-visibility\" class=\"\" id=\"\" background_color=\"\" background_image=\"\" background_position=\"left top\" background_repeat=\"no-repeat\" border_size=\"0\" border_color=\"\" border_style=\"solid\" border_position=\"all\" padding=\"\" dimension_margin=\"\" animation_type=\"\" animation_direction=\"left\" animation_speed=\"0.3\" animation_offset=\"\" last=\"no\"][fusion_separator style_type=\"single solid\" hide_on_mobile=\"small-visibility,medium-visibility,large-visibility\" class=\"\" id=\"\" sep_color=\"\" top_margin=\"\" bottom_margin=\"\" border_size=\"\" icon=\"\" icon_circle=\"\" icon_circle_color=\"\" width=\"\" alignment=\"center\" \/][\/fusion_builder_column][fusion_builder_column type=\"1_2\" layout=\"1_2\" spacing=\"\" center_content=\"no\" hover_type=\"none\" link=\"\" min_height=\"\" hide_on_mobile=\"small-visibility,medium-visibility,large-visibility\" class=\"\" id=\"\" background_color=\"\" background_image=\"\" background_position=\"left top\" background_repeat=\"no-repeat\" border_size=\"0\" border_color=\"\" border_style=\"solid\" border_position=\"all\" padding=\"\" animation_type=\"\" animation_direction=\"left\" animation_speed=\"0.3\" animation_offset=\"\" last=\"no\"][fusion_text]<\/p>\n<h6 style=\"text-align: left;\"><strong>UNSERE QUALIT\u00c4TSSIEGEL<\/strong><\/h6>\n<p>[\/fusion_text][fusion_imageframe image_id=\"2457\" style_type=\"none\" stylecolor=\"\" hover_type=\"none\" bordersize=\"\" bordercolor=\"\" borderradius=\"\" align=\"none\" lightbox=\"no\" gallery_id=\"\" lightbox_image=\"\" alt=\"\" link=\"\" linktarget=\"_self\" hide_on_mobile=\"small-visibility,medium-visibility,large-visibility\" class=\"\" id=\"\" animation_type=\"\" animation_direction=\"left\" animation_speed=\"0.3\" animation_offset=\"\"]http:\/\/www.elagproducts.com\/wp-content\/uploads\/2016\/02\/30_years_of_cooking_experience-1.png[\/fusion_imageframe][fusion_separator style_type=\"single solid\" hide_on_mobile=\"small-visibility,medium-visibility,large-visibility\" class=\"\" id=\"\" sep_color=\"\" top_margin=\"\" bottom_margin=\"\" border_size=\"\" icon=\"\" icon_circle=\"\" icon_circle_color=\"\" width=\"\" alignment=\"center\" \/][\/fusion_builder_column][fusion_builder_column type=\"1_2\" layout=\"1_2\" spacing=\"\" center_content=\"no\" hover_type=\"none\" link=\"\" min_height=\"\" hide_on_mobile=\"small-visibility,medium-visibility,large-visibility\" class=\"\" id=\"\" background_color=\"\" background_image=\"\" background_position=\"left top\" background_repeat=\"no-repeat\" border_size=\"0\" border_color=\"\" border_style=\"solid\" border_position=\"all\" padding=\"\" dimension_margin=\"\" animation_type=\"\" animation_direction=\"left\" animation_speed=\"0.3\" animation_offset=\"\" last=\"no\"][fusion_text]<\/p>\n<h6 style=\"text-align: left;\"><strong>IHRE VORTEILE<br \/>\n<\/strong>Lieferbar in 2-3 Gesch\u00e4ftstagen \u2013 2 Jahre Garantie* \u2013 Technischer Telefonsupport<\/h6>\n<p>[\/fusion_text][fusion_separator style_type=\"single solid\" hide_on_mobile=\"small-visibility,medium-visibility,large-visibility\" class=\"\" id=\"\" sep_color=\"\" top_margin=\"\" bottom_margin=\"\" border_size=\"\" icon=\"\" icon_circle=\"\" icon_circle_color=\"\" width=\"\" alignment=\"center\" \/][fusion_text]<\/p>\n<h6 style=\"text-align: left;\"><strong>SIE BRAUCHEN BERATUNG?<br \/>\n<\/strong>Rufen Sie uns an: +49 (0)6081\u00a0958140<\/h6>\n<p>[\/fusion_text][fusion_separator style_type=\"single solid\" hide_on_mobile=\"small-visibility,medium-visibility,large-visibility\" class=\"\" id=\"\" sep_color=\"\" top_margin=\"\" bottom_margin=\"\" border_size=\"\" icon=\"\" icon_circle=\"\" icon_circle_color=\"\" width=\"\" alignment=\"center\" \/][fusion_text]<\/p>\n<h6><strong>SICHER BEZAHLEN MIT<\/strong><\/h6>\n<p>[\/fusion_text][fusion_imageframe image_id=\"2667\" style_type=\"none\" stylecolor=\"\" hover_type=\"none\" bordersize=\"\" bordercolor=\"\" borderradius=\"\" align=\"none\" lightbox=\"no\" gallery_id=\"\" lightbox_image=\"\" alt=\"\" link=\"\" linktarget=\"_self\" hide_on_mobile=\"small-visibility,medium-visibility,large-visibility\" class=\"\" id=\"\" animation_type=\"\" animation_direction=\"left\" animation_speed=\"0.3\" animation_offset=\"\"]http:\/\/www.elagproducts.com\/wp-content\/uploads\/2016\/03\/payment_terms.png[\/fusion_imageframe][\/fusion_builder_column][\/fusion_builder_row][\/fusion_builder_container]\n","protected":false},"featured_media":5273,"comment_status":"closed","ping_status":"closed","template":"","meta":{"content-type":"","_mi_skip_tracking":false},"product_cat":[53],"product_tag":[],"yoast_head":"<!-- This site is optimized with the Yoast SEO plugin v20.5 - https:\/\/yoast.com\/wordpress\/plugins\/seo\/ -->\n<title>ELAG\u00ae Induction Cooker &quot;HomeSelect&quot;, 2000 W - Kochplatte | ELAG<\/title>\n<meta name=\"description\" content=\"Der ELAG Induktionskocher &quot;HomeSelect&quot; bietet ausreichend Leistung f\u00fcr schnelles Kochen. Die Induktionsplatte besticht mit Funktionalit\u00e4t...\" \/>\n<meta name=\"robots\" content=\"index, follow, max-snippet:-1, max-image-preview:large, max-video-preview:-1\" \/>\n<link rel=\"canonical\" href=\"https:\/\/www.elagproducts.com\/de\/shop\/induktionskocher\/idk-200120\/\" \/>\n<meta property=\"og:locale\" content=\"de_DE\" \/>\n<meta property=\"og:type\" content=\"article\" \/>\n<meta property=\"og:title\" content=\"ELAG\u00ae Induction Cooker &quot;HomeSelect&quot;, 2000 W - Kochplatte | ELAG\" \/>\n<meta property=\"og:description\" content=\"Der ELAG Induktionskocher &quot;HomeSelect&quot; bietet ausreichend Leistung f\u00fcr schnelles Kochen. Die Induktionsplatte besticht mit Funktionalit\u00e4t...\" \/>\n<meta property=\"og:url\" content=\"https:\/\/www.elagproducts.com\/de\/shop\/induktionskocher\/idk-200120\/\" \/>\n<meta property=\"og:site_name\" content=\"ELAG - LeMax Grills &amp; High-Quality Cooktops\" \/>\n<meta property=\"article:modified_time\" content=\"2017-02-09T15:45:59+00:00\" \/>\n<meta property=\"og:image\" content=\"https:\/\/i0.wp.com\/www.elagproducts.com\/wp-content\/uploads\/2017\/01\/idk200120.jpg?fit=500%2C500&ssl=1\" \/>\n\t<meta property=\"og:image:width\" content=\"500\" \/>\n\t<meta property=\"og:image:height\" content=\"500\" \/>\n\t<meta property=\"og:image:type\" content=\"image\/jpeg\" \/>\n<script type=\"application\/ld+json\" class=\"yoast-schema-graph\">{\"@context\":\"https:\/\/schema.org\",\"@graph\":[{\"@type\":\"WebPage\",\"@id\":\"https:\/\/www.elagproducts.com\/de\/shop\/induktionskocher\/idk-200120\/\",\"url\":\"https:\/\/www.elagproducts.com\/de\/shop\/induktionskocher\/idk-200120\/\",\"name\":\"ELAG\u00ae Induction Cooker \\\"HomeSelect\\\", 2000 W - Kochplatte | ELAG\",\"isPartOf\":{\"@id\":\"https:\/\/www.elagproducts.com\/de\/#website\"},\"datePublished\":\"2017-01-24T15:05:45+00:00\",\"dateModified\":\"2017-02-09T15:45:59+00:00\",\"description\":\"Der ELAG Induktionskocher \\\"HomeSelect\\\" bietet ausreichend Leistung f\u00fcr schnelles Kochen. Die Induktionsplatte besticht mit Funktionalit\u00e4t...\",\"breadcrumb\":{\"@id\":\"https:\/\/www.elagproducts.com\/de\/shop\/induktionskocher\/idk-200120\/#breadcrumb\"},\"inLanguage\":\"de\",\"potentialAction\":[{\"@type\":\"ReadAction\",\"target\":[\"https:\/\/www.elagproducts.com\/de\/shop\/induktionskocher\/idk-200120\/\"]}]},{\"@type\":\"BreadcrumbList\",\"@id\":\"https:\/\/www.elagproducts.com\/de\/shop\/induktionskocher\/idk-200120\/#breadcrumb\",\"itemListElement\":[{\"@type\":\"ListItem\",\"position\":1,\"name\":\"Home\",\"item\":\"https:\/\/www.elagproducts.com\/de\/\"},{\"@type\":\"ListItem\",\"position\":2,\"name\":\"Shop\",\"item\":\"https:\/\/www.elagproducts.com\/de\/shop\/\"},{\"@type\":\"ListItem\",\"position\":3,\"name\":\"ELAG\u00ae Induktionskocher &#8220;HomeSelect&#8221;, 2000 W\"}]},{\"@type\":\"WebSite\",\"@id\":\"https:\/\/www.elagproducts.com\/de\/#website\",\"url\":\"https:\/\/www.elagproducts.com\/de\/\",\"name\":\"ELAG - LeMax Grills &amp; High-Quality Cooktops\",\"description\":\"\",\"potentialAction\":[{\"@type\":\"SearchAction\",\"target\":{\"@type\":\"EntryPoint\",\"urlTemplate\":\"https:\/\/www.elagproducts.com\/de\/?s={search_term_string}\"},\"query-input\":\"required name=search_term_string\"}],\"inLanguage\":\"de\"}]}<\/script>\n<!-- \/ Yoast SEO plugin. -->","yoast_head_json":{"title":"ELAG\u00ae Induction Cooker \"HomeSelect\", 2000 W - Kochplatte | ELAG","description":"Der ELAG Induktionskocher \"HomeSelect\" bietet ausreichend Leistung f\u00fcr schnelles Kochen. Die Induktionsplatte besticht mit Funktionalit\u00e4t...","robots":{"index":"index","follow":"follow","max-snippet":"max-snippet:-1","max-image-preview":"max-image-preview:large","max-video-preview":"max-video-preview:-1"},"canonical":"https:\/\/www.elagproducts.com\/de\/shop\/induktionskocher\/idk-200120\/","og_locale":"de_DE","og_type":"article","og_title":"ELAG\u00ae Induction Cooker \"HomeSelect\", 2000 W - Kochplatte | ELAG","og_description":"Der ELAG Induktionskocher \"HomeSelect\" bietet ausreichend Leistung f\u00fcr schnelles Kochen. Die Induktionsplatte besticht mit Funktionalit\u00e4t...","og_url":"https:\/\/www.elagproducts.com\/de\/shop\/induktionskocher\/idk-200120\/","og_site_name":"ELAG - LeMax Grills &amp; High-Quality Cooktops","article_modified_time":"2017-02-09T15:45:59+00:00","og_image":[{"width":500,"height":500,"url":"https:\/\/i0.wp.com\/www.elagproducts.com\/wp-content\/uploads\/2017\/01\/idk200120.jpg?fit=500%2C500&ssl=1","type":"image\/jpeg"}],"schema":{"@context":"https:\/\/schema.org","@graph":[{"@type":"WebPage","@id":"https:\/\/www.elagproducts.com\/de\/shop\/induktionskocher\/idk-200120\/","url":"https:\/\/www.elagproducts.com\/de\/shop\/induktionskocher\/idk-200120\/","name":"ELAG\u00ae Induction Cooker \"HomeSelect\", 2000 W - Kochplatte | ELAG","isPartOf":{"@id":"https:\/\/www.elagproducts.com\/de\/#website"},"datePublished":"2017-01-24T15:05:45+00:00","dateModified":"2017-02-09T15:45:59+00:00","description":"Der ELAG Induktionskocher \"HomeSelect\" bietet ausreichend Leistung f\u00fcr schnelles Kochen. Die Induktionsplatte besticht mit Funktionalit\u00e4t...","breadcrumb":{"@id":"https:\/\/www.elagproducts.com\/de\/shop\/induktionskocher\/idk-200120\/#breadcrumb"},"inLanguage":"de","potentialAction":[{"@type":"ReadAction","target":["https:\/\/www.elagproducts.com\/de\/shop\/induktionskocher\/idk-200120\/"]}]},{"@type":"BreadcrumbList","@id":"https:\/\/www.elagproducts.com\/de\/shop\/induktionskocher\/idk-200120\/#breadcrumb","itemListElement":[{"@type":"ListItem","position":1,"name":"Home","item":"https:\/\/www.elagproducts.com\/de\/"},{"@type":"ListItem","position":2,"name":"Shop","item":"https:\/\/www.elagproducts.com\/de\/shop\/"},{"@type":"ListItem","position":3,"name":"ELAG\u00ae Induktionskocher &#8220;HomeSelect&#8221;, 2000 W"}]},{"@type":"WebSite","@id":"https:\/\/www.elagproducts.com\/de\/#website","url":"https:\/\/www.elagproducts.com\/de\/","name":"ELAG - LeMax Grills &amp; High-Quality Cooktops","description":"","potentialAction":[{"@type":"SearchAction","target":{"@type":"EntryPoint","urlTemplate":"https:\/\/www.elagproducts.com\/de\/?s={search_term_string}"},"query-input":"required name=search_term_string"}],"inLanguage":"de"}]}},"_links":{"self":[{"href":"https:\/\/www.elagproducts.com\/de\/wp-json\/wp\/v3\/product\/5270"}],"collection":[{"href":"https:\/\/www.elagproducts.com\/de\/wp-json\/wp\/v3\/product"}],"about":[{"href":"https:\/\/www.elagproducts.com\/de\/wp-json\/wp\/v2\/types\/product"}],"replies":[{"embeddable":true,"href":"https:\/\/www.elagproducts.com\/de\/wp-json\/wp\/v2\/comments?post=5270"}],"wp:featuredmedia":[{"embeddable":true,"href":"https:\/\/www.elagproducts.com\/de\/wp-json\/wp\/v2\/media\/5273"}],"wp:attachment":[{"href":"https:\/\/www.elagproducts.com\/de\/wp-json\/wp\/v2\/media?parent=5270"}],"wp:term":[{"taxonomy":"product_cat","embeddable":true,"href":"https:\/\/www.elagproducts.com\/de\/wp-json\/wp\/v2\/product_cat?post=5270"},{"taxonomy":"product_tag","embeddable":true,"href":"https:\/\/www.elagproducts.com\/de\/wp-json\/wp\/v2\/product_tag?post=5270"}],"curies":[{"name":"wp","href":"https:\/\/api.w.org\/{rel}","templated":true}]}}