{"id":3359,"date":"2016-05-04T13:25:06","date_gmt":"2016-05-04T11:26:06","guid":{"rendered":"http:\/\/www.elagproducts.com\/de\/?post_type=product&#038;p=3359"},"modified":"2025-07-21T16:16:57","modified_gmt":"2025-07-21T14:16:57","slug":"100121-sp","status":"publish","type":"product","link":"https:\/\/www.elagproducts.com\/de\/shop\/zubehoer\/100121-sp\/","title":{"rendered":"Profi-Wender-Set, 28 cm, 2-teilig"},"content":{"rendered":"<p><strong>Technische Angaben:<\/strong><\/p>\n<ul>\n<li>Wendefl\u00e4che: 12 x 8,5 cm<\/li>\n<li>Gesamtl\u00e4nge: 28 cm<\/li>\n<\/ul>\n","protected":false},"excerpt":{"rendered":"<p><a href=\"http:\/\/www.elagproducts.com\/wp-content\/uploads\/2016\/05\/tested_for_lemax.png\"><img decoding=\"async\" class=\"alignnone wp-image-3355\" src=\"http:\/\/www.elagproducts.com\/wp-content\/uploads\/2016\/05\/tested_for_lemax.png\" alt=\"tested_for_lemax\" width=\"23\" height=\"25\" srcset=\"https:\/\/i0.wp.com\/www.elagproducts.com\/wp-content\/uploads\/2016\/05\/tested_for_lemax.png?resize=120%2C130&amp;ssl=1 120w, https:\/\/i0.wp.com\/www.elagproducts.com\/wp-content\/uploads\/2016\/05\/tested_for_lemax.png?fit=200%2C217&amp;ssl=1 200w\" sizes=\"(max-width: 23px) 100vw, 23px\" \/><\/a>\u00a0<strong>Getestet f\u00fcr den LeMax\u00ae Grill<\/strong><\/p>\n<p>Die Profi-Wender f\u00fcr die LeMax\u00ae Grillger\u00e4te bieten eine gro\u00dfe Wendefl\u00e4che aus flexiblem Edelstahl. Dazu kommen die Grillwender mit einem isoliertem Griff aus stabilem Kunststoff. \u00a0Dieses Modell eignet sich hervorragend als\u00a0Teppanyaki Spachtel oder als Wender beim Grillen auf glatten Oberfl\u00e4chen.<\/p>\n<p><strong>Empfohlen f\u00fcr:<br \/>\n<\/strong>alle ELAG\u00a0<span style=\"color: #58bdb6;\"><a style=\"color: #58bdb6;\" href=\"http:\/\/www.elagproducts.com\/de\/produkt-kategorie\/elektrogrills\/\">Elektrogrills<\/a><\/span>\u00a0und\u00a0<span style=\"color: #58bdb6;\"><a style=\"color: #58bdb6;\" href=\"http:\/\/www.elagproducts.com\/de\/shop\/elektrogrills\">Teppanyaki Grillger\u00e4te<\/a><\/span><\/p>\n<h3><strong><a href=\"https:\/\/www.elagproducts.com\/wp-content\/uploads\/2014\/10\/lieferbar_icon.png\"><img decoding=\"async\" class=\"alignnone wp-image-3345 size-full\" src=\"https:\/\/www.elagproducts.com\/wp-content\/uploads\/2014\/10\/lieferbar_icon.png\" alt=\"\" width=\"15\" height=\"14\" \/><\/a><\/strong>\u00a0<span style=\"color: #99cc00;\">verf\u00fcgbar<\/span><\/h3>\n","protected":false},"featured_media":3351,"comment_status":"open","ping_status":"closed","template":"","meta":{"content-type":"","_mi_skip_tracking":false},"product_cat":[27],"product_tag":[],"yoast_head":"<!-- This site is optimized with the Yoast SEO plugin v20.5 - https:\/\/yoast.com\/wordpress\/plugins\/seo\/ -->\n<title>Prof-Wender-Set, 28 cm, 2-teilig - Grillwender | ELAG<\/title>\n<meta name=\"description\" content=\"Diese Edelstahl-Wender bieten eine gro\u00dfe, flexible Wendefl\u00e4che. Die Grillwender eignen sich hervorragend f\u00fcr das Kochen mit dem LeMax Grill\u00ae...\" \/>\n<meta name=\"robots\" content=\"index, follow, max-snippet:-1, max-image-preview:large, max-video-preview:-1\" \/>\n<link rel=\"canonical\" href=\"https:\/\/www.elagproducts.com\/de\/shop\/zubehoer\/100121-sp\/\" \/>\n<meta property=\"og:locale\" content=\"de_DE\" \/>\n<meta property=\"og:type\" content=\"article\" \/>\n<meta property=\"og:title\" content=\"Prof-Wender-Set, 28 cm, 2-teilig - Grillwender | ELAG\" \/>\n<meta property=\"og:description\" content=\"Diese Edelstahl-Wender bieten eine gro\u00dfe, flexible Wendefl\u00e4che. Die Grillwender eignen sich hervorragend f\u00fcr das Kochen mit dem LeMax Grill\u00ae...\" \/>\n<meta property=\"og:url\" content=\"https:\/\/www.elagproducts.com\/de\/shop\/zubehoer\/100121-sp\/\" \/>\n<meta property=\"og:site_name\" content=\"ELAG - LeMax Grills &amp; High-Quality Cooktops\" \/>\n<meta property=\"article:modified_time\" content=\"2025-07-21T14:16:57+00:00\" \/>\n<meta property=\"og:image\" content=\"https:\/\/www.elagproducts.com\/wp-content\/uploads\/2016\/05\/100121sp.jpg\" \/>\n\t<meta property=\"og:image:width\" content=\"500\" \/>\n\t<meta property=\"og:image:height\" content=\"500\" \/>\n\t<meta property=\"og:image:type\" content=\"image\/jpeg\" \/>\n<meta name=\"twitter:label1\" content=\"Gesch\u00e4tzte Lesezeit\" \/>\n\t<meta name=\"twitter:data1\" content=\"1\u00a0Minute\" \/>\n<script type=\"application\/ld+json\" class=\"yoast-schema-graph\">{\"@context\":\"https:\/\/schema.org\",\"@graph\":[{\"@type\":\"WebPage\",\"@id\":\"https:\/\/www.elagproducts.com\/de\/shop\/zubehoer\/100121-sp\/\",\"url\":\"https:\/\/www.elagproducts.com\/de\/shop\/zubehoer\/100121-sp\/\",\"name\":\"Prof-Wender-Set, 28 cm, 2-teilig - Grillwender | ELAG\",\"isPartOf\":{\"@id\":\"https:\/\/www.elagproducts.com\/de\/#website\"},\"datePublished\":\"2016-05-04T11:26:06+00:00\",\"dateModified\":\"2025-07-21T14:16:57+00:00\",\"description\":\"Diese Edelstahl-Wender bieten eine gro\u00dfe, flexible Wendefl\u00e4che. Die Grillwender eignen sich hervorragend f\u00fcr das Kochen mit dem LeMax Grill\u00ae...\",\"breadcrumb\":{\"@id\":\"https:\/\/www.elagproducts.com\/de\/shop\/zubehoer\/100121-sp\/#breadcrumb\"},\"inLanguage\":\"de\",\"potentialAction\":[{\"@type\":\"ReadAction\",\"target\":[\"https:\/\/www.elagproducts.com\/de\/shop\/zubehoer\/100121-sp\/\"]}]},{\"@type\":\"BreadcrumbList\",\"@id\":\"https:\/\/www.elagproducts.com\/de\/shop\/zubehoer\/100121-sp\/#breadcrumb\",\"itemListElement\":[{\"@type\":\"ListItem\",\"position\":1,\"name\":\"Home\",\"item\":\"https:\/\/www.elagproducts.com\/de\/\"},{\"@type\":\"ListItem\",\"position\":2,\"name\":\"Shop\",\"item\":\"https:\/\/www.elagproducts.com\/de\/shop\/\"},{\"@type\":\"ListItem\",\"position\":3,\"name\":\"Profi-Wender-Set, 28 cm, 2-teilig\"}]},{\"@type\":\"WebSite\",\"@id\":\"https:\/\/www.elagproducts.com\/de\/#website\",\"url\":\"https:\/\/www.elagproducts.com\/de\/\",\"name\":\"ELAG - LeMax Grills &amp; High-Quality Cooktops\",\"description\":\"\",\"potentialAction\":[{\"@type\":\"SearchAction\",\"target\":{\"@type\":\"EntryPoint\",\"urlTemplate\":\"https:\/\/www.elagproducts.com\/de\/?s={search_term_string}\"},\"query-input\":\"required name=search_term_string\"}],\"inLanguage\":\"de\"}]}<\/script>\n<!-- \/ Yoast SEO plugin. -->","yoast_head_json":{"title":"Prof-Wender-Set, 28 cm, 2-teilig - Grillwender | ELAG","description":"Diese Edelstahl-Wender bieten eine gro\u00dfe, flexible Wendefl\u00e4che. Die Grillwender eignen sich hervorragend f\u00fcr das Kochen mit dem LeMax Grill\u00ae...","robots":{"index":"index","follow":"follow","max-snippet":"max-snippet:-1","max-image-preview":"max-image-preview:large","max-video-preview":"max-video-preview:-1"},"canonical":"https:\/\/www.elagproducts.com\/de\/shop\/zubehoer\/100121-sp\/","og_locale":"de_DE","og_type":"article","og_title":"Prof-Wender-Set, 28 cm, 2-teilig - Grillwender | ELAG","og_description":"Diese Edelstahl-Wender bieten eine gro\u00dfe, flexible Wendefl\u00e4che. Die Grillwender eignen sich hervorragend f\u00fcr das Kochen mit dem LeMax Grill\u00ae...","og_url":"https:\/\/www.elagproducts.com\/de\/shop\/zubehoer\/100121-sp\/","og_site_name":"ELAG - LeMax Grills &amp; High-Quality Cooktops","article_modified_time":"2025-07-21T14:16:57+00:00","og_image":[{"width":500,"height":500,"url":"https:\/\/www.elagproducts.com\/wp-content\/uploads\/2016\/05\/100121sp.jpg","type":"image\/jpeg"}],"twitter_misc":{"Gesch\u00e4tzte Lesezeit":"1\u00a0Minute"},"schema":{"@context":"https:\/\/schema.org","@graph":[{"@type":"WebPage","@id":"https:\/\/www.elagproducts.com\/de\/shop\/zubehoer\/100121-sp\/","url":"https:\/\/www.elagproducts.com\/de\/shop\/zubehoer\/100121-sp\/","name":"Prof-Wender-Set, 28 cm, 2-teilig - Grillwender | ELAG","isPartOf":{"@id":"https:\/\/www.elagproducts.com\/de\/#website"},"datePublished":"2016-05-04T11:26:06+00:00","dateModified":"2025-07-21T14:16:57+00:00","description":"Diese Edelstahl-Wender bieten eine gro\u00dfe, flexible Wendefl\u00e4che. Die Grillwender eignen sich hervorragend f\u00fcr das Kochen mit dem LeMax Grill\u00ae...","breadcrumb":{"@id":"https:\/\/www.elagproducts.com\/de\/shop\/zubehoer\/100121-sp\/#breadcrumb"},"inLanguage":"de","potentialAction":[{"@type":"ReadAction","target":["https:\/\/www.elagproducts.com\/de\/shop\/zubehoer\/100121-sp\/"]}]},{"@type":"BreadcrumbList","@id":"https:\/\/www.elagproducts.com\/de\/shop\/zubehoer\/100121-sp\/#breadcrumb","itemListElement":[{"@type":"ListItem","position":1,"name":"Home","item":"https:\/\/www.elagproducts.com\/de\/"},{"@type":"ListItem","position":2,"name":"Shop","item":"https:\/\/www.elagproducts.com\/de\/shop\/"},{"@type":"ListItem","position":3,"name":"Profi-Wender-Set, 28 cm, 2-teilig"}]},{"@type":"WebSite","@id":"https:\/\/www.elagproducts.com\/de\/#website","url":"https:\/\/www.elagproducts.com\/de\/","name":"ELAG - LeMax Grills &amp; High-Quality Cooktops","description":"","potentialAction":[{"@type":"SearchAction","target":{"@type":"EntryPoint","urlTemplate":"https:\/\/www.elagproducts.com\/de\/?s={search_term_string}"},"query-input":"required name=search_term_string"}],"inLanguage":"de"}]}},"_links":{"self":[{"href":"https:\/\/www.elagproducts.com\/de\/wp-json\/wp\/v3\/product\/3359"}],"collection":[{"href":"https:\/\/www.elagproducts.com\/de\/wp-json\/wp\/v3\/product"}],"about":[{"href":"https:\/\/www.elagproducts.com\/de\/wp-json\/wp\/v2\/types\/product"}],"replies":[{"embeddable":true,"href":"https:\/\/www.elagproducts.com\/de\/wp-json\/wp\/v2\/comments?post=3359"}],"wp:featuredmedia":[{"embeddable":true,"href":"https:\/\/www.elagproducts.com\/de\/wp-json\/wp\/v2\/media\/3351"}],"wp:attachment":[{"href":"https:\/\/www.elagproducts.com\/de\/wp-json\/wp\/v2\/media?parent=3359"}],"wp:term":[{"taxonomy":"product_cat","embeddable":true,"href":"https:\/\/www.elagproducts.com\/de\/wp-json\/wp\/v2\/product_cat?post=3359"},{"taxonomy":"product_tag","embeddable":true,"href":"https:\/\/www.elagproducts.com\/de\/wp-json\/wp\/v2\/product_tag?post=3359"}],"curies":[{"name":"wp","href":"https:\/\/api.w.org\/{rel}","templated":true}]}}