{"id":15049,"date":"2022-07-05T10:46:43","date_gmt":"2022-07-05T08:46:40","guid":{"rendered":"https:\/\/www.elagproducts.com\/?post_type=product&#038;p=15049"},"modified":"2024-04-15T10:01:54","modified_gmt":"2024-04-15T08:01:54","slug":"gs-4951201-b","status":"publish","type":"product","link":"https:\/\/www.elagproducts.com\/de\/shop\/grillwagen\/gs-4951201-b\/","title":{"rendered":"LeMax\u00ae Grillstation &#8220;Basic&#8221;"},"content":{"rendered":"<h2><strong>LeMax\u00ae\u00a0Grillstation &#8220;Basic&#8221;<\/strong><\/h2>\n<p>Die LeMax\u00ae Grillstation, Mod. GS 495120.1-B, l\u00e4sst das Grillerherz h\u00f6her schlagen und bietet Ihrem LeMax fortan ein richtiges Zuhause. Der Wagen ist aus hochwertigem Edelstahl gefertigt und auf vier SoftDrive Rollen befestigt. Der Wagen kann somit flexibel als Au\u00dfenk\u00fcche bzw. Grillstation auf der Terrasse oder auf dem Balkon benutzt werden. Alle mobilen <a href=\"https:\/\/www.elagproducts.com\/de\/product-category\/elektrogrills\/\"><span style=\"color: #58bdb6;\">LeMax\u00ae Grills<\/span><\/a> sind mit dem Grillwagen kompatibel. Ihr LeMax\u00ae Grill kann bequem in die Station integriert werden und kann ebenso so leicht herausgenommen werden. Das garantiert noch mehr Flexibilit\u00e4t und Mobilit\u00e4t. Der Grillwagen bietet reichlich Platz f\u00fcr Zubeh\u00f6r und Grillutensilien. Die fahrbare Station hat eine SoftClose Schublade und zus\u00e4tzlichen Stauraum im unteren Bereich. Die Seitentische k\u00f6nnen einfach abgenommen werden, um den idealen Platz f\u00fcr Ihre Grillstation zu finden. Zudem kommt die Grillstation mit einer Edelstahl-Haube, die Ihren Grill vor Staub und Regen zus\u00e4tzlich sch\u00fctzt.<\/p>\n<p><strong>Qualit\u00e4tsmerkmale:<\/strong><\/p>\n<ul>\n<li>LeMax\u00ae\u00a0Grillstation aus hochwertigem Edelstahl<\/li>\n<li>Abnehmbare Seitentische f\u00fcr mehr Platz<\/li>\n<li>SoftDrive Rollen f\u00fcr die angenehme Mon\u00f6vrierung der Station<\/li>\n<li>SoftClose Schublade<\/li>\n<li>Entwickelt und hergestellt in Deutschland<\/li>\n<\/ul>\n<p><strong>Produktfunktionen und Besonderheiten:<\/strong><\/p>\n<ul>\n<li>Nutzen Sie die ausziehbare Schublade zum Verstauen aller Utensilien und Zubeh\u00f6r<\/li>\n<li>Einfache Integrierung Ihres LeMax\u00ae Grills<\/li>\n<li>Edelstahl-Haube zum Schutz Ihres Grills vor Staub und Regen<\/li>\n<\/ul>\n<p><strong>Sicherheit:<\/strong><\/p>\n<ul>\n<li>Alle R\u00e4der an Grillstation k\u00f6nnen eingerastet werden, damit der Wagen nicht wegrollen kann<\/li>\n<li>Sicherheit und CE gepr\u00fcft<\/li>\n<\/ul>\n<p><strong>Lieferumfang:<\/strong><\/p>\n<ul>\n<li>Grillstation<\/li>\n<li>Grillhaube<\/li>\n<li>2 Seitentische<\/li>\n<li>ACHTUNG: im Lieferumfang ist keine LeMax Grill enthalten<\/li>\n<\/ul>\n<p><strong>Technische Angaben<\/strong><\/p>\n<ul>\n<li>Abmessungen: 120 x 52,8 x H 100,5 cm (mit Seitentischen und Grillhaube)<\/li>\n<li>Abmessungen: 61 x 52,8 x H 88,5 cm cm (ohne Klapptische und ohne Grillhaube)<\/li>\n<\/ul>\n<h6>* 6 Monate\u00a0Garantie bei gewerblicher Nutzung<\/h6>\n<p>&nbsp;<\/p>\n","protected":false},"excerpt":{"rendered":"<h3><strong>Die Grillstation f\u00fcr Ihr Zuhause!<br \/>\n<\/strong><\/h3>\n<p><span style=\"color: #ff0000;\">Achtung! &#8211; LeMax Grill nicht im Lieferumfang enthalten<\/span><\/p>\n<h4><strong><span style=\"color: #808080;\">Kompatibel mit allen LeMax Grills &#8211; Abnehmbare\u00a0<span style=\"caret-color: #808080;\">Seitentische<\/span>\u00a0&#8211; SoftClose Schublade &#8211; Leichte Rollbarkeit &#8211; Mit Grillhaube<\/span><\/strong><\/h4>\n<h4><span style=\"color: #58bdb6;\"><a style=\"color: #58bdb6;\" href=\"http:\/\/www.elagproducts.com\/de\/lemax-grillstation\">Mehr erfahren&#8230;<\/a><\/span><\/h4>\n<h3><strong><a style=\"color: #ee7b1b;\" href=\"https:\/\/www.elagproducts.com\/wp-content\/uploads\/2016\/02\/ausverkauft_icon.png\"><img decoding=\"async\" class=\"alignnone wp-image-4152 size-full\" src=\"https:\/\/www.elagproducts.com\/wp-content\/uploads\/2016\/02\/ausverkauft_icon.png\" alt=\"\" width=\"16\" height=\"17\" \/><\/a> <span style=\"color: #ff0000;\">Nicht verf\u00fcgbar<\/span><\/strong><\/h3>\n<p><em>inkl. 2 Jahre Garantie*<\/em><\/p>\n[fusion_builder_container admin_label=\"\" hundred_percent=\"yes\" equal_height_columns=\"no\" menu_anchor=\"\" hide_on_mobile=\"medium-visibility,large-visibility\" class=\"\" id=\"\" background_color=\"\" background_image=\"\" background_position=\"center center\" background_repeat=\"no-repeat\" fade=\"no\" background_parallax=\"none\" enable_mobile=\"no\" parallax_speed=\"0.3\" video_mp4=\"\" video_webm=\"\" video_ogv=\"\" video_url=\"\" video_aspect_ratio=\"16:9\" video_loop=\"yes\" video_mute=\"yes\" video_preview_image=\"\" border_size=\"2\" border_color=\"\" border_style=\"solid\" margin_top=\"\" margin_bottom=\"\" padding_top=\"5\" padding_right=\"5\" padding_bottom=\"5\" padding_left=\"5\"][fusion_builder_row][fusion_builder_column type=\"1_4\" layout=\"1_1\" background_position=\"left top\" background_color=\"\" border_size=\"\" border_color=\"\" border_style=\"solid\" spacing=\"yes\" background_image=\"\" background_repeat=\"no-repeat\" padding=\"\" margin_top=\"0px\" margin_bottom=\"0px\" class=\"\" id=\"\" animation_type=\"\" animation_speed=\"0.3\" animation_direction=\"left\" hide_on_mobile=\"no\" center_content=\"no\" min_height=\"none\" last=\"no\" hover_type=\"none\" link=\"\" border_position=\"all\"][fusion_imageframe image_id=\"5087\" style_type=\"none\" stylecolor=\"\" hover_type=\"none\" bordersize=\"\" bordercolor=\"\" borderradius=\"\" align=\"none\" lightbox=\"no\" gallery_id=\"\" lightbox_image=\"\" alt=\"\" link=\"http:\/\/www.elagproducts.com\/de\/shop\/elektrogrills\/gr-495165-e\/\" linktarget=\"_self\" hide_on_mobile=\"small-visibility,medium-visibility,large-visibility\" class=\"\" id=\"\" animation_type=\"\" animation_direction=\"left\" animation_speed=\"0.3\" animation_offset=\"\"]https:\/\/www.elagproducts.com\/wp-content\/uploads\/2016\/11\/lemax_grill_cross_selling.jpg[\/fusion_imageframe][\/fusion_builder_column][fusion_builder_column type=\"3_4\" layout=\"2_3\" spacing=\"yes\" center_content=\"no\" hover_type=\"none\" link=\"\" min_height=\"none\" hide_on_mobile=\"no\" class=\"\" id=\"\" background_color=\"\" background_image=\"\" background_position=\"left top\" undefined=\"\" background_repeat=\"no-repeat\" border_size=\"\" border_color=\"\" border_style=\"solid\" border_position=\"all\" padding=\"\" margin_top=\"10px\" margin_bottom=\"0px\" animation_type=\"\" animation_direction=\"left\" animation_speed=\"0.3\" animation_offset=\"\" last=\"no\"][fusion_text]<\/p>\n<p><strong>LeMax Grill kaufen: <\/strong>entscheiden Sie sich f\u00fcr den wohl vielseitigsten Elektrogrill in Ihrer Grillstation<\/p>\n<p>[\/fusion_text][\/fusion_builder_column][\/fusion_builder_row][\/fusion_builder_container]\n[fusion_builder_container background_color=\"\" background_image=\"\" background_parallax=\"none\" enable_mobile=\"no\" parallax_speed=\"0.3\" background_repeat=\"no-repeat\" background_position=\"left top\" video_url=\"\" video_aspect_ratio=\"16:9\" video_webm=\"\" video_mp4=\"\" video_ogv=\"\" video_preview_image=\"\" overlay_color=\"\" video_mute=\"yes\" video_loop=\"yes\" fade=\"no\" border_color=\"\" border_style=\"\" padding_top=\"20\" padding_bottom=\"20\" padding_left=\"0\" padding_right=\"0\" hundred_percent=\"no\" equal_height_columns=\"no\" hide_on_mobile=\"no\" menu_anchor=\"\" class=\"\" id=\"\" type=\"legacy\" border_sizes_top=\"0px\" border_sizes_bottom=\"0px\" border_sizes_left=\"0px\" border_sizes_right=\"0px\"][fusion_builder_row][fusion_builder_column type=\"1_1\" layout=\"1_1\" background_position=\"left top\" background_color=\"\" border_color=\"\" border_style=\"solid\" spacing=\"yes\" background_image=\"\" background_repeat=\"no-repeat\" padding_top=\"\" padding_right=\"\" padding_bottom=\"\" padding_left=\"\" margin_top=\"0px\" margin_bottom=\"0px\" class=\"\" id=\"\" animation_type=\"\" animation_speed=\"0.3\" animation_direction=\"left\" hide_on_mobile=\"no\" center_content=\"no\" min_height=\"none\" last=\"true\" hover_type=\"none\" link=\"\" border_position=\"all\" align_self=\"flex-start\" border_sizes_top=\"\" border_sizes_bottom=\"\" border_sizes_left=\"\" border_sizes_right=\"\" first=\"true\" type=\"1_1\"][fusion_button link=\"https:\/\/www.elagproducts.com\/de\/shop\/elektrogrills\/gr-495165-e\/\" text_transform=\"\" title=\"\" target=\"_self\" link_attributes=\"\" alignment_medium=\"\" alignment_small=\"\" alignment=\"\" modal=\"\" hide_on_mobile=\"small-visibility\" sticky_display=\"normal,sticky\" class=\"\" id=\"\" color=\"material-light-blue\" button_gradient_top_color=\"\" button_gradient_bottom_color=\"\" button_gradient_top_color_hover=\"\" button_gradient_bottom_color_hover=\"\" accent_color=\"\" accent_hover_color=\"\" type=\"\" bevel_color=\"\" border_width=\"\" border_radius=\"\" border_color=\"\" border_hover_color=\"\" size=\"small\" stretch=\"default\" margin_top=\"\" margin_right=\"\" margin_bottom=\"\" margin_left=\"\" icon=\"\" icon_position=\"left\" icon_divider=\"no\" animation_type=\"\" animation_direction=\"left\" animation_speed=\"0.3\" animation_offset=\"\"]LeMax Grill kaufen[\/fusion_button][\/fusion_builder_column][\/fusion_builder_row][\/fusion_builder_container]\n","protected":false},"featured_media":15053,"comment_status":"open","ping_status":"closed","template":"","meta":{"content-type":"","_mi_skip_tracking":false},"product_cat":[29],"product_tag":[],"yoast_head":"<!-- This site is optimized with the Yoast SEO plugin v20.5 - https:\/\/yoast.com\/wordpress\/plugins\/seo\/ -->\n<title>LeMax\u00ae Grillstation &quot;Basic&quot; - Terrasse &amp; Garten | ELAG<\/title>\n<meta name=\"description\" content=\"Die LeMax\u00ae Grillstation &quot;Basic&quot;, Mod. GS 495120.1-B, aus hochwertigem Edelstahl ist der ideale, mobile Grillwagen f\u00fcr den heimischen Grillmeister...\" \/>\n<meta name=\"robots\" content=\"index, follow, max-snippet:-1, max-image-preview:large, max-video-preview:-1\" \/>\n<link rel=\"canonical\" href=\"https:\/\/www.elagproducts.com\/de\/shop\/grillwagen\/gs-4951201-b\/\" \/>\n<meta property=\"og:locale\" content=\"de_DE\" \/>\n<meta property=\"og:type\" content=\"article\" \/>\n<meta property=\"og:title\" content=\"LeMax\u00ae Grillstation &quot;Basic&quot; - Terrasse &amp; Garten | ELAG\" \/>\n<meta property=\"og:description\" content=\"Die LeMax\u00ae Grillstation &quot;Basic&quot;, Mod. GS 495120.1-B, aus hochwertigem Edelstahl ist der ideale, mobile Grillwagen f\u00fcr den heimischen Grillmeister...\" \/>\n<meta property=\"og:url\" content=\"https:\/\/www.elagproducts.com\/de\/shop\/grillwagen\/gs-4951201-b\/\" \/>\n<meta property=\"og:site_name\" content=\"ELAG - LeMax Grills &amp; High-Quality Cooktops\" \/>\n<meta property=\"article:modified_time\" content=\"2024-04-15T08:01:54+00:00\" \/>\n<meta property=\"og:image\" content=\"https:\/\/www.elagproducts.com\/wp-content\/uploads\/2022\/07\/gs4951201b_00001.jpeg\" \/>\n\t<meta property=\"og:image:width\" content=\"1200\" \/>\n\t<meta property=\"og:image:height\" content=\"1200\" \/>\n\t<meta property=\"og:image:type\" content=\"image\/jpeg\" \/>\n<meta name=\"twitter:label1\" content=\"Gesch\u00e4tzte Lesezeit\" \/>\n\t<meta name=\"twitter:data1\" content=\"2\u00a0Minuten\" \/>\n<script type=\"application\/ld+json\" class=\"yoast-schema-graph\">{\"@context\":\"https:\/\/schema.org\",\"@graph\":[{\"@type\":\"WebPage\",\"@id\":\"https:\/\/www.elagproducts.com\/de\/shop\/grillwagen\/gs-4951201-b\/\",\"url\":\"https:\/\/www.elagproducts.com\/de\/shop\/grillwagen\/gs-4951201-b\/\",\"name\":\"LeMax\u00ae Grillstation \\\"Basic\\\" - Terrasse & Garten | ELAG\",\"isPartOf\":{\"@id\":\"https:\/\/www.elagproducts.com\/de\/#website\"},\"datePublished\":\"2022-07-05T08:46:40+00:00\",\"dateModified\":\"2024-04-15T08:01:54+00:00\",\"description\":\"Die LeMax\u00ae Grillstation \\\"Basic\\\", Mod. GS 495120.1-B, aus hochwertigem Edelstahl ist der ideale, mobile Grillwagen f\u00fcr den heimischen Grillmeister...\",\"breadcrumb\":{\"@id\":\"https:\/\/www.elagproducts.com\/de\/shop\/grillwagen\/gs-4951201-b\/#breadcrumb\"},\"inLanguage\":\"de\",\"potentialAction\":[{\"@type\":\"ReadAction\",\"target\":[\"https:\/\/www.elagproducts.com\/de\/shop\/grillwagen\/gs-4951201-b\/\"]}]},{\"@type\":\"BreadcrumbList\",\"@id\":\"https:\/\/www.elagproducts.com\/de\/shop\/grillwagen\/gs-4951201-b\/#breadcrumb\",\"itemListElement\":[{\"@type\":\"ListItem\",\"position\":1,\"name\":\"Home\",\"item\":\"https:\/\/www.elagproducts.com\/de\/\"},{\"@type\":\"ListItem\",\"position\":2,\"name\":\"Shop\",\"item\":\"https:\/\/www.elagproducts.com\/de\/shop\/\"},{\"@type\":\"ListItem\",\"position\":3,\"name\":\"LeMax\u00ae Grillstation &#8220;Basic&#8221;\"}]},{\"@type\":\"WebSite\",\"@id\":\"https:\/\/www.elagproducts.com\/de\/#website\",\"url\":\"https:\/\/www.elagproducts.com\/de\/\",\"name\":\"ELAG - LeMax Grills &amp; High-Quality Cooktops\",\"description\":\"\",\"potentialAction\":[{\"@type\":\"SearchAction\",\"target\":{\"@type\":\"EntryPoint\",\"urlTemplate\":\"https:\/\/www.elagproducts.com\/de\/?s={search_term_string}\"},\"query-input\":\"required name=search_term_string\"}],\"inLanguage\":\"de\"}]}<\/script>\n<!-- \/ Yoast SEO plugin. -->","yoast_head_json":{"title":"LeMax\u00ae Grillstation \"Basic\" - Terrasse & Garten | ELAG","description":"Die LeMax\u00ae Grillstation \"Basic\", Mod. GS 495120.1-B, aus hochwertigem Edelstahl ist der ideale, mobile Grillwagen f\u00fcr den heimischen Grillmeister...","robots":{"index":"index","follow":"follow","max-snippet":"max-snippet:-1","max-image-preview":"max-image-preview:large","max-video-preview":"max-video-preview:-1"},"canonical":"https:\/\/www.elagproducts.com\/de\/shop\/grillwagen\/gs-4951201-b\/","og_locale":"de_DE","og_type":"article","og_title":"LeMax\u00ae Grillstation \"Basic\" - Terrasse & Garten | ELAG","og_description":"Die LeMax\u00ae Grillstation \"Basic\", Mod. GS 495120.1-B, aus hochwertigem Edelstahl ist der ideale, mobile Grillwagen f\u00fcr den heimischen Grillmeister...","og_url":"https:\/\/www.elagproducts.com\/de\/shop\/grillwagen\/gs-4951201-b\/","og_site_name":"ELAG - LeMax Grills &amp; High-Quality Cooktops","article_modified_time":"2024-04-15T08:01:54+00:00","og_image":[{"width":1200,"height":1200,"url":"https:\/\/www.elagproducts.com\/wp-content\/uploads\/2022\/07\/gs4951201b_00001.jpeg","type":"image\/jpeg"}],"twitter_misc":{"Gesch\u00e4tzte Lesezeit":"2\u00a0Minuten"},"schema":{"@context":"https:\/\/schema.org","@graph":[{"@type":"WebPage","@id":"https:\/\/www.elagproducts.com\/de\/shop\/grillwagen\/gs-4951201-b\/","url":"https:\/\/www.elagproducts.com\/de\/shop\/grillwagen\/gs-4951201-b\/","name":"LeMax\u00ae Grillstation \"Basic\" - Terrasse & Garten | ELAG","isPartOf":{"@id":"https:\/\/www.elagproducts.com\/de\/#website"},"datePublished":"2022-07-05T08:46:40+00:00","dateModified":"2024-04-15T08:01:54+00:00","description":"Die LeMax\u00ae Grillstation \"Basic\", Mod. GS 495120.1-B, aus hochwertigem Edelstahl ist der ideale, mobile Grillwagen f\u00fcr den heimischen Grillmeister...","breadcrumb":{"@id":"https:\/\/www.elagproducts.com\/de\/shop\/grillwagen\/gs-4951201-b\/#breadcrumb"},"inLanguage":"de","potentialAction":[{"@type":"ReadAction","target":["https:\/\/www.elagproducts.com\/de\/shop\/grillwagen\/gs-4951201-b\/"]}]},{"@type":"BreadcrumbList","@id":"https:\/\/www.elagproducts.com\/de\/shop\/grillwagen\/gs-4951201-b\/#breadcrumb","itemListElement":[{"@type":"ListItem","position":1,"name":"Home","item":"https:\/\/www.elagproducts.com\/de\/"},{"@type":"ListItem","position":2,"name":"Shop","item":"https:\/\/www.elagproducts.com\/de\/shop\/"},{"@type":"ListItem","position":3,"name":"LeMax\u00ae Grillstation &#8220;Basic&#8221;"}]},{"@type":"WebSite","@id":"https:\/\/www.elagproducts.com\/de\/#website","url":"https:\/\/www.elagproducts.com\/de\/","name":"ELAG - LeMax Grills &amp; High-Quality Cooktops","description":"","potentialAction":[{"@type":"SearchAction","target":{"@type":"EntryPoint","urlTemplate":"https:\/\/www.elagproducts.com\/de\/?s={search_term_string}"},"query-input":"required name=search_term_string"}],"inLanguage":"de"}]}},"_links":{"self":[{"href":"https:\/\/www.elagproducts.com\/de\/wp-json\/wp\/v3\/product\/15049"}],"collection":[{"href":"https:\/\/www.elagproducts.com\/de\/wp-json\/wp\/v3\/product"}],"about":[{"href":"https:\/\/www.elagproducts.com\/de\/wp-json\/wp\/v2\/types\/product"}],"replies":[{"embeddable":true,"href":"https:\/\/www.elagproducts.com\/de\/wp-json\/wp\/v2\/comments?post=15049"}],"wp:featuredmedia":[{"embeddable":true,"href":"https:\/\/www.elagproducts.com\/de\/wp-json\/wp\/v2\/media\/15053"}],"wp:attachment":[{"href":"https:\/\/www.elagproducts.com\/de\/wp-json\/wp\/v2\/media?parent=15049"}],"wp:term":[{"taxonomy":"product_cat","embeddable":true,"href":"https:\/\/www.elagproducts.com\/de\/wp-json\/wp\/v2\/product_cat?post=15049"},{"taxonomy":"product_tag","embeddable":true,"href":"https:\/\/www.elagproducts.com\/de\/wp-json\/wp\/v2\/product_tag?post=15049"}],"curies":[{"name":"wp","href":"https:\/\/api.w.org\/{rel}","templated":true}]}}