{"id":14558,"date":"2022-05-06T17:47:09","date_gmt":"2022-05-06T15:47:12","guid":{"rendered":"https:\/\/www.elagproducts.com\/?post_type=product&#038;p=14558"},"modified":"2025-07-21T18:12:46","modified_gmt":"2025-07-21T16:12:46","slug":"gr-495225-e","status":"publish","type":"product","link":"https:\/\/www.elagproducts.com\/de\/shop\/elektrogrills\/gr-495225-e\/","title":{"rendered":"LeMax\u00ae Grill &#8220;LC-1500&#8221;"},"content":{"rendered":"<h2><strong>LeMax\u00ae\u00a0Grill &#8220;LC-1500&#8221;<\/strong><\/h2>\n<p>Mit dem\u00a0LeMax\u00ae\u00a0Grill, Mod. GR 495225-E, bereiten Sie k\u00fcnftig Ihre Speisen noch ges\u00fcnder und effizienter zu. Verwenden Sie fortan weniger Fett und kochen Sie ges\u00fcnder. Dank der zwei separat beheizbaren Kochzonen haben Sie nun volle Flexibilit\u00e4t. Die Touch Steuerung erlaubt eine noch intuitivere und schnellere Steuerung. Mithilfe der herausnehmbaren Fettwanne ist die Reinigung sogar noch leichter. Der LeMax\u00ae Elektrogrill erreicht Temperaturen von \u00fcber 380\u00b0C und ist damit ideal um Steaks ohne zus\u00e4tzliches Fett zu grillen (Mehr dazu: <span style=\"color: #58bdb6;\"><a style=\"color: #58bdb6;\" href=\"https:\/\/www.elagproducts.com\/de\/steaks-grillen-ohne-fett\/\">Perfekte Steaks mit LeMax<\/a><\/span>). Dank hochwertigster Isolierung und modernstem Design k\u00f6nnen Sie den Grill &#8211; oder besser Ihre K\u00fcche &#8211; \u00fcberallhin mitnehmen. Kochen, D\u00fcnsten, Braten, Backen und Grillen\u00a0sind f\u00fcr den LeMax\u00ae Tischgrill kein Problem. \u00a0Die Einsatzm\u00f6glichkeiten sind endlos &#8211; und das alles mit weniger Fett. Cr\u00eapes, Gem\u00fcse, Fleisch, Eierspeisen, Pizza und vieles mehr (hier: <a href=\"https:\/\/www.elagproducts.com\/de\/rezepte\/\"><span style=\"color: #58bdb6;\">Rezepte<\/span><\/a>)\u00a0gelingt besonders vorz\u00fcglich und geschmackvoll. <span style=\"color: #58bdb6;\"><a style=\"color: #58bdb6;\" href=\"https:\/\/www.elagproducts.com\/de\/lemax-grill-ii\/\">Erfahren <span style=\"color: #58bdb6;\">Sie<\/span> mehr \u00fcber den LeMax Grill&#8230;<\/a><\/span><\/p>\n<div class=\"fusion-fullwidth fullwidth-box fusion-builder-row-1 gradient-container-1 nonhundred-percent-fullwidth non-hundred-percent-height-scrolling\" style=\"background-color: rgba(255,255,255,0);background-position: left top;background-repeat: no-repeat;padding-top:20px;padding-right:0px;padding-bottom:20px;padding-left:0px;margin-bottom: 0px;margin-top: 0px;border-width: 0px 0px 0px 0px;border-color:#eae9e9;border-style:solid;\" ><div class=\"fusion-builder-row fusion-row\"><div class=\"fusion-layout-column fusion_builder_column fusion-builder-column-0 fusion_builder_column_1_3 1_3 fusion-one-third fusion-column-first gradient-column-1\" style=\"width:30.6666%; margin-right: 4%;margin-top:0px;margin-bottom:20px;\"><div class=\"fusion-column-wrapper fusion-flex-column-wrapper-legacy\" style=\"background-position:left top;background-repeat:no-repeat;-webkit-background-size:cover;-moz-background-size:cover;-o-background-size:cover;background-size:cover;padding: 0px 0px 0px 0px;\"><div class=\"imageframe-align-center\"><span class=\" fusion-imageframe imageframe-none imageframe-1 hover-type-none\"><img decoding=\"async\" image_id=\"0\" src=\"https:\/\/i0.wp.com\/www.elagproducts.com\/wp-content\/uploads\/2016\/03\/perfect_grilling.gif?w=1100\" class=\"img-responsive\" data-recalc-dims=\"1\"\/><\/span><\/div><div class=\"fusion-text fusion-text-1\"><p style=\"text-align: center;\">Zarte und saftige Steaks garantiert<\/p>\n<\/div><div class=\"fusion-sep-clear\"><\/div><div class=\"fusion-separator fusion-full-width-sep\" style=\"margin-left: auto;margin-right: auto;margin-top:20px;margin-bottom:20px;width:100%;\"><div class=\"fusion-separator-border sep-shadow\" style=\"background:radial-gradient(ellipse at 50% -50% , #e0dede 0px, rgba(255, 255, 255, 0) 80%) repeat scroll 0 0 rgba(0, 0, 0, 0);background:-webkit-radial-gradient(ellipse at 50% -50% , #e0dede 0px, rgba(255, 255, 255, 0) 80%) repeat scroll 0 0 rgba(0, 0, 0, 0);background:-moz-radial-gradient(ellipse at 50% -50% , #e0dede 0px, rgba(255, 255, 255, 0) 80%) repeat scroll 0 0 rgba(0, 0, 0, 0);background:-o-radial-gradient(ellipse at 50% -50% , #e0dede 0px, rgba(255, 255, 255, 0) 80%) repeat scroll 0 0 rgba(0, 0, 0, 0);\"><\/div><\/div><div class=\"fusion-sep-clear\"><\/div><div class=\"fusion-clearfix\"><\/div><\/div><\/div><div class=\"fusion-layout-column fusion_builder_column fusion-builder-column-1 fusion_builder_column_1_3 1_3 fusion-one-third gradient-column-2\" style=\"width:30.6666%; margin-right: 4%;margin-top:0px;margin-bottom:20px;\"><div class=\"fusion-column-wrapper fusion-flex-column-wrapper-legacy\" style=\"background-position:left top;background-repeat:no-repeat;-webkit-background-size:cover;-moz-background-size:cover;-o-background-size:cover;background-size:cover;padding: 0px 0px 0px 0px;\"><div class=\"imageframe-align-center\"><span class=\" fusion-imageframe imageframe-none imageframe-2 hover-type-none\"><img decoding=\"async\" image_id=\"0\" src=\"https:\/\/i0.wp.com\/www.elagproducts.com\/wp-content\/uploads\/2016\/03\/making_crepes.gif?w=1100\" class=\"img-responsive\" data-recalc-dims=\"1\"\/><\/span><\/div><div class=\"fusion-text fusion-text-2\"><p style=\"text-align: center;\">Ideal f\u00fcr Pfannkuchen, Reibekuchen und Cr\u00eapes<\/p>\n<\/div><div class=\"fusion-sep-clear\"><\/div><div class=\"fusion-separator fusion-full-width-sep\" style=\"margin-left: auto;margin-right: auto;margin-top:20px;margin-bottom:20px;width:100%;\"><div class=\"fusion-separator-border sep-shadow\" style=\"background:radial-gradient(ellipse at 50% -50% , #e0dede 0px, rgba(255, 255, 255, 0) 80%) repeat scroll 0 0 rgba(0, 0, 0, 0);background:-webkit-radial-gradient(ellipse at 50% -50% , #e0dede 0px, rgba(255, 255, 255, 0) 80%) repeat scroll 0 0 rgba(0, 0, 0, 0);background:-moz-radial-gradient(ellipse at 50% -50% , #e0dede 0px, rgba(255, 255, 255, 0) 80%) repeat scroll 0 0 rgba(0, 0, 0, 0);background:-o-radial-gradient(ellipse at 50% -50% , #e0dede 0px, rgba(255, 255, 255, 0) 80%) repeat scroll 0 0 rgba(0, 0, 0, 0);\"><\/div><\/div><div class=\"fusion-sep-clear\"><\/div><div class=\"fusion-clearfix\"><\/div><\/div><\/div><div class=\"fusion-layout-column fusion_builder_column fusion-builder-column-2 fusion_builder_column_1_3 1_3 fusion-one-third fusion-column-last gradient-column-3\" style=\"width:30.6666%;margin-top:0px;margin-bottom:20px;\"><div class=\"fusion-column-wrapper fusion-flex-column-wrapper-legacy\" style=\"background-position:left top;background-repeat:no-repeat;-webkit-background-size:cover;-moz-background-size:cover;-o-background-size:cover;background-size:cover;padding: 0px 0px 0px 0px;\"><div class=\"imageframe-align-center\"><span class=\" fusion-imageframe imageframe-none imageframe-3 hover-type-none\"><img decoding=\"async\" image_id=\"0\" src=\"https:\/\/i0.wp.com\/www.elagproducts.com\/wp-content\/uploads\/2016\/03\/making_eggs.gif?w=1100\" class=\"img-responsive\" data-recalc-dims=\"1\"\/><\/span><\/div><div class=\"fusion-text fusion-text-3\"><p style=\"text-align: center;\">Kochen Sie mit deutlich weniger Fett<\/p>\n<\/div><div class=\"fusion-sep-clear\"><\/div><div class=\"fusion-separator fusion-full-width-sep\" style=\"margin-left: auto;margin-right: auto;margin-top:20px;margin-bottom:20px;width:100%;\"><div class=\"fusion-separator-border sep-shadow\" style=\"background:radial-gradient(ellipse at 50% -50% , #e0dede 0px, rgba(255, 255, 255, 0) 80%) repeat scroll 0 0 rgba(0, 0, 0, 0);background:-webkit-radial-gradient(ellipse at 50% -50% , #e0dede 0px, rgba(255, 255, 255, 0) 80%) repeat scroll 0 0 rgba(0, 0, 0, 0);background:-moz-radial-gradient(ellipse at 50% -50% , #e0dede 0px, rgba(255, 255, 255, 0) 80%) repeat scroll 0 0 rgba(0, 0, 0, 0);background:-o-radial-gradient(ellipse at 50% -50% , #e0dede 0px, rgba(255, 255, 255, 0) 80%) repeat scroll 0 0 rgba(0, 0, 0, 0);\"><\/div><\/div><div class=\"fusion-sep-clear\"><\/div><div class=\"fusion-clearfix\"><\/div><\/div><\/div><\/div><\/div>\n<p style=\"text-align: left;\"><div class=\"fusion-fullwidth fullwidth-box fusion-builder-row-2 gradient-container-2 hundred-percent-fullwidth non-hundred-percent-height-scrolling\" style=\"background-color: rgba(255,255,255,0);background-position: center center;background-repeat: no-repeat;padding-top:0px;padding-right:0px;padding-bottom:0px;padding-left:0px;margin-bottom: 0px;margin-top: 0px;border-width: 0px 0px 0px 0px;border-color:#eae9e9;border-style:solid;\" ><div class=\"fusion-builder-row fusion-row\"><div class=\"fusion-layout-column fusion_builder_column fusion-builder-column-3 fusion_builder_column_1_1 1_1 fusion-one-full fusion-column-first fusion-column-last gradient-column-4 fusion-column-no-min-height\" style=\"margin-top:0px;margin-bottom:0px;\"><div class=\"fusion-column-wrapper fusion-flex-column-wrapper-legacy\" style=\"background-position:left top;background-repeat:no-repeat;-webkit-background-size:cover;-moz-background-size:cover;-o-background-size:cover;background-size:cover;padding: 0px 0px 0px 0px;\"><div class=\"fusion-button-wrapper\"><style type=\"text\/css\">.fusion-button.button-1 .fusion-button-text, .fusion-button.button-1 i {color:#ffffff;}.fusion-button.button-1 .fusion-button-icon-divider{border-color:#ffffff;}.fusion-button.button-1:hover .fusion-button-text, .fusion-button.button-1:hover i,.fusion-button.button-1:focus .fusion-button-text, .fusion-button.button-1:focus i,.fusion-button.button-1:active .fusion-button-text, .fusion-button.button-1:active{color:#ffffff;}.fusion-button.button-1:hover .fusion-button-icon-divider, .fusion-button.button-1:hover .fusion-button-icon-divider, .fusion-button.button-1:active .fusion-button-icon-divider{border-color:#ffffff;}.fusion-button.button-1:hover, .fusion-button.button-1:focus, .fusion-button.button-1:active{border-color:#ffffff;}.fusion-button.button-1 {border-color:#ffffff;border-radius:0px;}.fusion-button.button-1{background: #58bdb6;}.fusion-button.button-1:hover,.button-1:focus,.fusion-button.button-1:active{background: #58bdb6;}<\/style><a class=\"fusion-button button-flat button-large button-custom button-1 fusion-button-default-span fusion-button-default-type\" target=\"_self\" href=\"http:\/\/www.elagproducts.com\/de\/elektrogrills-im-vergleich\"><span class=\"fusion-button-text\">Modelle vergleichen<\/span><\/a><\/div>\n<p><span style=\"color: #ffffff;\">.<\/span><\/p>\n<p><strong>Qualit\u00e4tsmerkmale:<\/strong><\/p>\n<ul>\n<li>Herausnehmbare Fettwanne\u00a0aus hochwertigem Edelstahl<\/li>\n<li>LeMax\u00ae Kochoberfl\u00e4che ist kratzfest und unbeschichtet<\/li>\n<li>Abgesenkte Kochfl\u00e4che<\/li>\n<li>CoolTouch Griffe &#8211; isolierte Griffe<\/li>\n<li>Steuerung mit 12 Leistungsstufen<\/li>\n<li>Einzigartige <em>StoneTouch<\/em> Bedienung<\/li>\n<li>Unibody Geh\u00e4use mit hochwertigster Hitzeisolierung<\/li>\n<li>Besonders fester Stand des Ger\u00e4tes dank\u00a0Gummif\u00fc\u00dfe<\/li>\n<li>Geh\u00e4use aus dickem korrosionsfreiem Edelstahl<\/li>\n<li>Spitzentemperaturen von \u00fcber 380\u00b0C<\/li>\n<li>Gleichm\u00e4\u00dfige Hitzeverteilung<\/li>\n<li>Entwickelt und hergestellt in Deutschland\u00a0(Mehr dazu:\u00a0<span style=\"color: #58bdb6;\"><a style=\"color: #58bdb6;\" href=\"https:\/\/www.elagproducts.com\/de\/deutsche-kochgeraete\/\">Unsere Produktion<\/a><\/span>)<\/li>\n<\/ul>\n<p><strong>Produktfunktionen und Besonderheiten:<\/strong><\/p>\n<ul>\n<li>Zwei separat steuerbare Kochzonen<\/li>\n<li>Vier automatische Aufheizprogramme<\/li>\n<li><em>StoneTouch<\/em> Bedienung: keine Reflexionen, keine Fettschlieren und leichte Reinigung<\/li>\n<li>Kein Kochgeschirr mehr n\u00f6tig<\/li>\n<li>Dank hoher Temperaturen exzellente Resultate bei Steaks und sonstigem Grillgut<\/li>\n<li>Endlose M\u00f6glichkeiten\u00a0beim\u00a0Kochen, D\u00fcnsten, Braten, Backen und Grillen<\/li>\n<li>LeMax\u00ae ist mobil und flexibel einsatzf\u00e4hig, ob im Haus, auf Balkon, Terrasse oder im Garten<\/li>\n<li>Gesunde Zubereitung: kaum Fett bei der Zubereitung n\u00f6tig<\/li>\n<li>Fl\u00fcssigkeiten bleiben auf der Kochfl\u00e4che dank abgesenkter Oberfl\u00e4che<\/li>\n<li>LeMax\u00ae\u00a0ist gesellig:\u00a0laden Sie Freunde ein und kochen Sie zusammen um den\u00a0Grill<\/li>\n<\/ul>\n<p><strong>Sicherheit:<\/strong><\/p>\n<ul>\n<li>Spritzwasser Schutz: gem\u00e4\u00df IP 34<\/li>\n<li>\u00dcberhitzungsschutz der Elektronik<\/li>\n<li>Restw\u00e4rmeanzeige<\/li>\n<li>Isoliertes Geh\u00e4use<\/li>\n<li>Spezielle isolierte Griffe<\/li>\n<li>Sicherheit und CE gepr\u00fcft<\/li>\n<\/ul>\n<p><strong>Lieferumfang:<\/strong><\/p>\n<ul>\n<li>Quickstart<\/li>\n<li>Bedienungsanleitung<\/li>\n<li>Reinigungsglasschaber<\/li>\n<\/ul>\n<p><strong>Technische Angaben:<\/strong><\/p>\n<ul>\n<li>Kochfl\u00e4che: 33,5 x 28,5 cm<\/li>\n<li>Abmessungen: 60,5 x 45 x 8 cm<\/li>\n<li>Gewicht: 9,2 kg<\/li>\n<li>Elektrischer Anschluss: 230 V, 10 A, 2300 W<\/li>\n<li>Netzkabel: 1,80 m<\/li>\n<\/ul>\n<h6>* 6 Monate\u00a0Garantie bei gewerblicher Nutzung und bitte lesen Sie unsere <span style=\"color: #58bdb6;\"><a style=\"color: #58bdb6;\" href=\"https:\/\/www.elagproducts.com\/de\/widerrufsbelehrung\/\">Widerrufsbelehrung<\/a><\/span><\/h6>\n<div class=\"fusion-clearfix\"><\/div><\/div><\/div><\/div><style type=\"text\/css\">.fusion-fullwidth.fusion-builder-row-2 { overflow:visible; }<\/style><\/div><\/p>\n","protected":false},"excerpt":{"rendered":"<h3><strong><span style=\"color: #ff0000;\">NEU!<\/span> &#8211; Der beste LeMax sogar noch besser<\/strong><strong>!<\/strong><\/h3>\n<h4><strong><span style=\"color: #808080;\">Herausnehmbare Fettwanne &#8211; Zwei\u00a0<span style=\"caret-color: #808080;\">separate<\/span>\u00a0Kochzonen &#8211; Kurze Aufheizzeiten &#8211; Touch Steuerung &#8211; Gleichm\u00e4\u00dfige Hitzeverteilung &#8211; 380\u00b0C\u00a0Grillleistung<\/span><\/strong><\/h4>\n<p><strong><span style=\"color: #ff9900;\">Mit 100% Zufriedenheitsgarantie!<\/span><\/strong><\/p>\n<h4><span style=\"color: #58bdb6;\"><a style=\"color: #58bdb6;\" href=\"http:\/\/www.elagproducts.com\/de\/lemax-grill-ii\">Mehr erfahren&#8230;<\/a><\/span><\/h4>\n<h3><strong><a href=\"https:\/\/www.elagproducts.com\/wp-content\/uploads\/2016\/02\/ausverkauft_icon.png\"><img decoding=\"async\" class=\"alignnone wp-image-4153 size-full\" src=\"https:\/\/www.elagproducts.com\/wp-content\/uploads\/2016\/02\/ausverkauft_icon.png\" alt=\"\" width=\"16\" height=\"17\" \/><\/a> <span style=\"color: #ff0000;\">Nicht verf\u00fcgbar<\/span><\/strong><\/h3>\n<p><em>inkl. 2 Jahre Garantie*<\/em><\/p>\n[fusion_builder_container admin_label=\"\" hundred_percent=\"yes\" equal_height_columns=\"no\" menu_anchor=\"\" hide_on_mobile=\"medium-visibility,large-visibility\" class=\"\" id=\"\" background_color=\"\" background_image=\"\" background_position=\"center center\" background_repeat=\"no-repeat\" fade=\"no\" background_parallax=\"none\" enable_mobile=\"no\" parallax_speed=\"0.3\" video_mp4=\"\" video_webm=\"\" video_ogv=\"\" video_url=\"\" video_aspect_ratio=\"16:9\" video_loop=\"yes\" video_mute=\"yes\" video_preview_image=\"\" border_size=\"2\" border_color=\"\" border_style=\"solid\" margin_top=\"\" margin_bottom=\"\" padding_top=\"5\" padding_right=\"5\" padding_bottom=\"5\" padding_left=\"5\"][fusion_builder_row][fusion_builder_column type=\"1_4\" layout=\"1_1\" background_position=\"left top\" background_color=\"\" border_size=\"\" border_color=\"\" border_style=\"solid\" spacing=\"yes\" background_image=\"\" background_repeat=\"no-repeat\" padding=\"\" margin_top=\"0px\" margin_bottom=\"0px\" class=\"\" id=\"\" animation_type=\"\" animation_speed=\"0.3\" animation_direction=\"left\" hide_on_mobile=\"no\" center_content=\"no\" min_height=\"none\" last=\"no\" hover_type=\"none\" link=\"\" border_position=\"all\"][fusion_imageframe image_id=\"5087\" style_type=\"none\" stylecolor=\"\" hover_type=\"none\" bordersize=\"\" bordercolor=\"\" borderradius=\"\" align=\"none\" lightbox=\"no\" gallery_id=\"\" lightbox_image=\"\" alt=\"\" link=\"http:\/\/www.elagproducts.com\/de\/shop\/zubehoer\/100121-sp\/\" linktarget=\"_self\" hide_on_mobile=\"small-visibility,medium-visibility,large-visibility\" class=\"\" id=\"\" animation_type=\"\" animation_direction=\"left\" animation_speed=\"0.3\" animation_offset=\"\"]http:\/\/www.elagproducts.com\/wp-content\/uploads\/2014\/10\/wender_set_empfehlung-300x222.png[\/fusion_imageframe][\/fusion_builder_column][fusion_builder_column type=\"3_4\" layout=\"2_3\" spacing=\"yes\" center_content=\"no\" hover_type=\"none\" link=\"\" min_height=\"none\" hide_on_mobile=\"no\" class=\"\" id=\"\" background_color=\"\" background_image=\"\" background_position=\"left top\" undefined=\"\" background_repeat=\"no-repeat\" border_size=\"\" border_color=\"\" border_style=\"solid\" border_position=\"all\" padding=\"\" margin_top=\"10px\" margin_bottom=\"0px\" animation_type=\"\" animation_direction=\"left\" animation_speed=\"0.3\" animation_offset=\"\" last=\"no\"][fusion_text]<\/p>\n<p><strong>Zubeh\u00f6r empfohlen:<\/strong>\u00a0mit dem Profi-Wender-Set haben Sie das perfekte Werkzeug f\u00fcr Ihren LeMax Grill.<\/p>\n<p>[\/fusion_text][\/fusion_builder_column][\/fusion_builder_row][\/fusion_builder_container]\n[fusion_builder_container background_color=\"\" background_image=\"\" background_parallax=\"none\" enable_mobile=\"no\" parallax_speed=\"0.3\" background_repeat=\"no-repeat\" background_position=\"left top\" video_url=\"\" video_aspect_ratio=\"16:9\" video_webm=\"\" video_mp4=\"\" video_ogv=\"\" video_preview_image=\"\" overlay_color=\"\" video_mute=\"yes\" video_loop=\"yes\" fade=\"no\" border_color=\"\" border_style=\"\" padding_top=\"20\" padding_bottom=\"20\" padding_left=\"0\" padding_right=\"0\" hundred_percent=\"no\" equal_height_columns=\"no\" hide_on_mobile=\"no\" menu_anchor=\"\" class=\"\" id=\"\" type=\"legacy\" border_sizes_top=\"0px\" border_sizes_bottom=\"0px\" border_sizes_left=\"0px\" border_sizes_right=\"0px\"][fusion_builder_row][fusion_builder_column type=\"1_1\" layout=\"1_1\" background_position=\"left top\" background_color=\"\" border_color=\"\" border_style=\"solid\" spacing=\"yes\" background_image=\"\" background_repeat=\"no-repeat\" padding_top=\"\" padding_right=\"\" padding_bottom=\"\" padding_left=\"\" margin_top=\"0px\" margin_bottom=\"0px\" class=\"\" id=\"\" animation_type=\"\" animation_speed=\"0.3\" animation_direction=\"left\" hide_on_mobile=\"no\" center_content=\"no\" min_height=\"none\" last=\"true\" hover_type=\"none\" link=\"\" border_position=\"all\" align_self=\"flex-start\" border_sizes_top=\"\" border_sizes_bottom=\"\" border_sizes_left=\"\" border_sizes_right=\"\" first=\"true\" type=\"1_1\"][fusion_button link=\"https:\/\/www.elagproducts.com\/de\/elektrogrills-im-vergleich\/\" text_transform=\"\" title=\"\" target=\"_self\" link_attributes=\"\" alignment_medium=\"\" alignment_small=\"\" alignment=\"\" modal=\"\" hide_on_mobile=\"small-visibility\" sticky_display=\"normal,sticky\" class=\"\" id=\"\" color=\"material-light-blue\" button_gradient_top_color=\"\" button_gradient_bottom_color=\"\" button_gradient_top_color_hover=\"\" button_gradient_bottom_color_hover=\"\" accent_color=\"\" accent_hover_color=\"\" type=\"\" bevel_color=\"\" border_width=\"\" border_radius=\"\" border_color=\"\" border_hover_color=\"\" size=\"medium\" stretch=\"default\" margin_top=\"\" margin_right=\"\" margin_bottom=\"\" margin_left=\"\" icon=\"\" icon_position=\"left\" icon_divider=\"no\" animation_type=\"\" animation_direction=\"left\" animation_speed=\"0.3\" animation_offset=\"\"]Modelle vergleichen[\/fusion_button][\/fusion_builder_column][\/fusion_builder_row][\/fusion_builder_container]\n","protected":false},"featured_media":14564,"comment_status":"open","ping_status":"closed","template":"","meta":{"content-type":"","_mi_skip_tracking":false},"product_cat":[30],"product_tag":[],"yoast_head":"<!-- This site is optimized with the Yoast SEO plugin v20.5 - https:\/\/yoast.com\/wordpress\/plugins\/seo\/ -->\n<title>LeMax\u00ae\u00a0Grill &quot;LC-1500&quot; - Elektrogrill, Tischgrill | ELAG<\/title>\n<meta name=\"description\" content=\"Der LeMax\u00ae\u00a0Elektrogrill, Mod. GR 495225-E, bietet\u00a0zwei seperate Kochzonen, eine herausnehmbar Fettwanne und eine Touch Bedienung mit weiteren Funktionen...\" \/>\n<meta name=\"robots\" content=\"index, follow, max-snippet:-1, max-image-preview:large, max-video-preview:-1\" \/>\n<link rel=\"canonical\" href=\"https:\/\/www.elagproducts.com\/de\/shop\/elektrogrills\/gr-495225-e\/\" \/>\n<meta property=\"og:locale\" content=\"de_DE\" \/>\n<meta property=\"og:type\" content=\"article\" \/>\n<meta property=\"og:title\" content=\"LeMax\u00ae\u00a0Grill &quot;LC-1500&quot; - Elektrogrill, Tischgrill | ELAG\" \/>\n<meta property=\"og:description\" content=\"Der LeMax\u00ae\u00a0Elektrogrill, Mod. GR 495225-E, bietet\u00a0zwei seperate Kochzonen, eine herausnehmbar Fettwanne und eine Touch Bedienung mit weiteren Funktionen...\" \/>\n<meta property=\"og:url\" content=\"https:\/\/www.elagproducts.com\/de\/shop\/elektrogrills\/gr-495225-e\/\" \/>\n<meta property=\"og:site_name\" content=\"ELAG - LeMax Grills &amp; High-Quality Cooktops\" \/>\n<meta property=\"article:modified_time\" content=\"2025-07-21T16:12:46+00:00\" \/>\n<meta property=\"og:image\" content=\"https:\/\/www.elagproducts.com\/wp-content\/uploads\/2022\/05\/gr495225e.jpeg\" \/>\n\t<meta property=\"og:image:width\" content=\"1000\" \/>\n\t<meta property=\"og:image:height\" content=\"1000\" \/>\n\t<meta property=\"og:image:type\" content=\"image\/jpeg\" \/>\n<meta name=\"twitter:label1\" content=\"Gesch\u00e4tzte Lesezeit\" \/>\n\t<meta name=\"twitter:data1\" content=\"4\u00a0Minuten\" \/>\n<script type=\"application\/ld+json\" class=\"yoast-schema-graph\">{\"@context\":\"https:\/\/schema.org\",\"@graph\":[{\"@type\":\"WebPage\",\"@id\":\"https:\/\/www.elagproducts.com\/de\/shop\/elektrogrills\/gr-495225-e\/\",\"url\":\"https:\/\/www.elagproducts.com\/de\/shop\/elektrogrills\/gr-495225-e\/\",\"name\":\"LeMax\u00ae\u00a0Grill \\\"LC-1500\\\" - Elektrogrill, Tischgrill | ELAG\",\"isPartOf\":{\"@id\":\"https:\/\/www.elagproducts.com\/de\/#website\"},\"datePublished\":\"2022-05-06T15:47:12+00:00\",\"dateModified\":\"2025-07-21T16:12:46+00:00\",\"description\":\"Der LeMax\u00ae\u00a0Elektrogrill, Mod. GR 495225-E, bietet\u00a0zwei seperate Kochzonen, eine herausnehmbar Fettwanne und eine Touch Bedienung mit weiteren Funktionen...\",\"breadcrumb\":{\"@id\":\"https:\/\/www.elagproducts.com\/de\/shop\/elektrogrills\/gr-495225-e\/#breadcrumb\"},\"inLanguage\":\"de\",\"potentialAction\":[{\"@type\":\"ReadAction\",\"target\":[\"https:\/\/www.elagproducts.com\/de\/shop\/elektrogrills\/gr-495225-e\/\"]}]},{\"@type\":\"BreadcrumbList\",\"@id\":\"https:\/\/www.elagproducts.com\/de\/shop\/elektrogrills\/gr-495225-e\/#breadcrumb\",\"itemListElement\":[{\"@type\":\"ListItem\",\"position\":1,\"name\":\"Home\",\"item\":\"https:\/\/www.elagproducts.com\/de\/\"},{\"@type\":\"ListItem\",\"position\":2,\"name\":\"Shop\",\"item\":\"https:\/\/www.elagproducts.com\/de\/shop\/\"},{\"@type\":\"ListItem\",\"position\":3,\"name\":\"LeMax\u00ae Grill &#8220;LC-1500&#8221;\"}]},{\"@type\":\"WebSite\",\"@id\":\"https:\/\/www.elagproducts.com\/de\/#website\",\"url\":\"https:\/\/www.elagproducts.com\/de\/\",\"name\":\"ELAG - LeMax Grills &amp; High-Quality Cooktops\",\"description\":\"\",\"potentialAction\":[{\"@type\":\"SearchAction\",\"target\":{\"@type\":\"EntryPoint\",\"urlTemplate\":\"https:\/\/www.elagproducts.com\/de\/?s={search_term_string}\"},\"query-input\":\"required name=search_term_string\"}],\"inLanguage\":\"de\"}]}<\/script>\n<!-- \/ Yoast SEO plugin. -->","yoast_head_json":{"title":"LeMax\u00ae\u00a0Grill \"LC-1500\" - Elektrogrill, Tischgrill | ELAG","description":"Der LeMax\u00ae\u00a0Elektrogrill, Mod. GR 495225-E, bietet\u00a0zwei seperate Kochzonen, eine herausnehmbar Fettwanne und eine Touch Bedienung mit weiteren Funktionen...","robots":{"index":"index","follow":"follow","max-snippet":"max-snippet:-1","max-image-preview":"max-image-preview:large","max-video-preview":"max-video-preview:-1"},"canonical":"https:\/\/www.elagproducts.com\/de\/shop\/elektrogrills\/gr-495225-e\/","og_locale":"de_DE","og_type":"article","og_title":"LeMax\u00ae\u00a0Grill \"LC-1500\" - Elektrogrill, Tischgrill | ELAG","og_description":"Der LeMax\u00ae\u00a0Elektrogrill, Mod. GR 495225-E, bietet\u00a0zwei seperate Kochzonen, eine herausnehmbar Fettwanne und eine Touch Bedienung mit weiteren Funktionen...","og_url":"https:\/\/www.elagproducts.com\/de\/shop\/elektrogrills\/gr-495225-e\/","og_site_name":"ELAG - LeMax Grills &amp; High-Quality Cooktops","article_modified_time":"2025-07-21T16:12:46+00:00","og_image":[{"width":1000,"height":1000,"url":"https:\/\/www.elagproducts.com\/wp-content\/uploads\/2022\/05\/gr495225e.jpeg","type":"image\/jpeg"}],"twitter_misc":{"Gesch\u00e4tzte Lesezeit":"4\u00a0Minuten"},"schema":{"@context":"https:\/\/schema.org","@graph":[{"@type":"WebPage","@id":"https:\/\/www.elagproducts.com\/de\/shop\/elektrogrills\/gr-495225-e\/","url":"https:\/\/www.elagproducts.com\/de\/shop\/elektrogrills\/gr-495225-e\/","name":"LeMax\u00ae\u00a0Grill \"LC-1500\" - Elektrogrill, Tischgrill | ELAG","isPartOf":{"@id":"https:\/\/www.elagproducts.com\/de\/#website"},"datePublished":"2022-05-06T15:47:12+00:00","dateModified":"2025-07-21T16:12:46+00:00","description":"Der LeMax\u00ae\u00a0Elektrogrill, Mod. GR 495225-E, bietet\u00a0zwei seperate Kochzonen, eine herausnehmbar Fettwanne und eine Touch Bedienung mit weiteren Funktionen...","breadcrumb":{"@id":"https:\/\/www.elagproducts.com\/de\/shop\/elektrogrills\/gr-495225-e\/#breadcrumb"},"inLanguage":"de","potentialAction":[{"@type":"ReadAction","target":["https:\/\/www.elagproducts.com\/de\/shop\/elektrogrills\/gr-495225-e\/"]}]},{"@type":"BreadcrumbList","@id":"https:\/\/www.elagproducts.com\/de\/shop\/elektrogrills\/gr-495225-e\/#breadcrumb","itemListElement":[{"@type":"ListItem","position":1,"name":"Home","item":"https:\/\/www.elagproducts.com\/de\/"},{"@type":"ListItem","position":2,"name":"Shop","item":"https:\/\/www.elagproducts.com\/de\/shop\/"},{"@type":"ListItem","position":3,"name":"LeMax\u00ae Grill &#8220;LC-1500&#8221;"}]},{"@type":"WebSite","@id":"https:\/\/www.elagproducts.com\/de\/#website","url":"https:\/\/www.elagproducts.com\/de\/","name":"ELAG - LeMax Grills &amp; High-Quality Cooktops","description":"","potentialAction":[{"@type":"SearchAction","target":{"@type":"EntryPoint","urlTemplate":"https:\/\/www.elagproducts.com\/de\/?s={search_term_string}"},"query-input":"required name=search_term_string"}],"inLanguage":"de"}]}},"_links":{"self":[{"href":"https:\/\/www.elagproducts.com\/de\/wp-json\/wp\/v3\/product\/14558"}],"collection":[{"href":"https:\/\/www.elagproducts.com\/de\/wp-json\/wp\/v3\/product"}],"about":[{"href":"https:\/\/www.elagproducts.com\/de\/wp-json\/wp\/v2\/types\/product"}],"replies":[{"embeddable":true,"href":"https:\/\/www.elagproducts.com\/de\/wp-json\/wp\/v2\/comments?post=14558"}],"wp:featuredmedia":[{"embeddable":true,"href":"https:\/\/www.elagproducts.com\/de\/wp-json\/wp\/v2\/media\/14564"}],"wp:attachment":[{"href":"https:\/\/www.elagproducts.com\/de\/wp-json\/wp\/v2\/media?parent=14558"}],"wp:term":[{"taxonomy":"product_cat","embeddable":true,"href":"https:\/\/www.elagproducts.com\/de\/wp-json\/wp\/v2\/product_cat?post=14558"},{"taxonomy":"product_tag","embeddable":true,"href":"https:\/\/www.elagproducts.com\/de\/wp-json\/wp\/v2\/product_tag?post=14558"}],"curies":[{"name":"wp","href":"https:\/\/api.w.org\/{rel}","templated":true}]}}