{"id":13119,"date":"2021-11-25T15:48:56","date_gmt":"2021-11-25T13:48:59","guid":{"rendered":"https:\/\/www.elagproducts.com\/?post_type=product&#038;p=13119"},"modified":"2023-02-02T20:35:54","modified_gmt":"2023-02-02T18:35:54","slug":"kmi-606254-f","status":"publish","type":"product","link":"https:\/\/www.elagproducts.com\/de\/shop\/kochfelder\/kmi-606254-f\/","title":{"rendered":"ELAG 4-Zonen Induktionskochfeld &#8220;EC-1500&#8221; mit LightGuide, 60 cm"},"content":{"rendered":"<h2><strong>ELAG 4-Zonen Induktionskochfeld &#8220;EC-1500&#8221; mit LightGuide<\/strong><\/h2>\n<div class=\"fusion-fullwidth fullwidth-box fusion-builder-row-1 gradient-container-1 nonhundred-percent-fullwidth non-hundred-percent-height-scrolling\" style=\"background-color: rgba(255,255,255,0);background-position: left top;background-repeat: no-repeat;padding-top:20px;padding-right:0px;padding-bottom:20px;padding-left:0px;margin-bottom: 0px;margin-top: 0px;border-width: 0px 0px 0px 0px;border-color:#eae9e9;border-style:solid;\" ><div class=\"fusion-builder-row fusion-row\"><div class=\"fusion-layout-column fusion_builder_column fusion-builder-column-0 fusion_builder_column_1_3 1_3 fusion-one-third fusion-column-first gradient-column-1\" style=\"width:30.6666%; margin-right: 4%;margin-top:0px;margin-bottom:20px;\"><div class=\"fusion-column-wrapper fusion-flex-column-wrapper-legacy\" style=\"background-position:left top;background-repeat:no-repeat;-webkit-background-size:cover;-moz-background-size:cover;-o-background-size:cover;background-size:cover;padding: 0px 0px 0px 0px;\"><div class=\"imageframe-align-center\"><span class=\" fusion-imageframe imageframe-none imageframe-1 hover-type-none\"><img decoding=\"async\" image_height=\"233\" image_id=\"15749\" title=\"ec1500_gesamtansicht\" src=\"https:\/\/i0.wp.com\/www.elagproducts.com\/wp-content\/uploads\/2016\/11\/ec1500_gesamtansicht-1.gif?w=350&#038;ssl=1\" class=\"img-responsive wp-image-15749\" data-recalc-dims=\"1\"\/><\/span><\/div><div class=\"fusion-text fusion-text-1\"><p style=\"text-align: center;\">LightGuide als optisches Highlight<\/p>\n<\/div><div class=\"fusion-sep-clear\"><\/div><div class=\"fusion-separator fusion-full-width-sep\" style=\"margin-left: auto;margin-right: auto;margin-top:20px;margin-bottom:20px;width:100%;\"><div class=\"fusion-separator-border sep-shadow\" style=\"background:radial-gradient(ellipse at 50% -50% , #e0dede 0px, rgba(255, 255, 255, 0) 80%) repeat scroll 0 0 rgba(0, 0, 0, 0);background:-webkit-radial-gradient(ellipse at 50% -50% , #e0dede 0px, rgba(255, 255, 255, 0) 80%) repeat scroll 0 0 rgba(0, 0, 0, 0);background:-moz-radial-gradient(ellipse at 50% -50% , #e0dede 0px, rgba(255, 255, 255, 0) 80%) repeat scroll 0 0 rgba(0, 0, 0, 0);background:-o-radial-gradient(ellipse at 50% -50% , #e0dede 0px, rgba(255, 255, 255, 0) 80%) repeat scroll 0 0 rgba(0, 0, 0, 0);\"><\/div><\/div><div class=\"fusion-sep-clear\"><\/div><div class=\"fusion-clearfix\"><\/div><\/div><\/div><div class=\"fusion-layout-column fusion_builder_column fusion-builder-column-1 fusion_builder_column_1_3 1_3 fusion-one-third gradient-column-2\" style=\"width:30.6666%; margin-right: 4%;margin-top:0px;margin-bottom:20px;\"><div class=\"fusion-column-wrapper fusion-flex-column-wrapper-legacy\" style=\"background-position:left top;background-repeat:no-repeat;-webkit-background-size:cover;-moz-background-size:cover;-o-background-size:cover;background-size:cover;padding: 0px 0px 0px 0px;\"><div class=\"imageframe-align-center\"><span class=\" fusion-imageframe imageframe-none imageframe-2 hover-type-none\"><img decoding=\"async\" image_height=\"233\" image_id=\"15744\" title=\"ec1500_steuerung\" src=\"https:\/\/i0.wp.com\/www.elagproducts.com\/wp-content\/uploads\/2016\/11\/ec1500_steuerung.gif?w=350&#038;ssl=1\" class=\"img-responsive wp-image-15744\" data-recalc-dims=\"1\"\/><\/span><\/div><div class=\"fusion-text fusion-text-2\"><p style=\"text-align: center;\">Intuitive Slider Steuerung<\/p>\n<\/div><div class=\"fusion-sep-clear\"><\/div><div class=\"fusion-separator fusion-full-width-sep\" style=\"margin-left: auto;margin-right: auto;margin-top:20px;margin-bottom:20px;width:100%;\"><div class=\"fusion-separator-border sep-shadow\" style=\"background:radial-gradient(ellipse at 50% -50% , #e0dede 0px, rgba(255, 255, 255, 0) 80%) repeat scroll 0 0 rgba(0, 0, 0, 0);background:-webkit-radial-gradient(ellipse at 50% -50% , #e0dede 0px, rgba(255, 255, 255, 0) 80%) repeat scroll 0 0 rgba(0, 0, 0, 0);background:-moz-radial-gradient(ellipse at 50% -50% , #e0dede 0px, rgba(255, 255, 255, 0) 80%) repeat scroll 0 0 rgba(0, 0, 0, 0);background:-o-radial-gradient(ellipse at 50% -50% , #e0dede 0px, rgba(255, 255, 255, 0) 80%) repeat scroll 0 0 rgba(0, 0, 0, 0);\"><\/div><\/div><div class=\"fusion-sep-clear\"><\/div><div class=\"fusion-clearfix\"><\/div><\/div><\/div><div class=\"fusion-layout-column fusion_builder_column fusion-builder-column-2 fusion_builder_column_1_3 1_3 fusion-one-third fusion-column-last gradient-column-3\" style=\"width:30.6666%;margin-top:0px;margin-bottom:20px;\"><div class=\"fusion-column-wrapper fusion-flex-column-wrapper-legacy\" style=\"background-position:left top;background-repeat:no-repeat;-webkit-background-size:cover;-moz-background-size:cover;-o-background-size:cover;background-size:cover;padding: 0px 0px 0px 0px;\"><div class=\"imageframe-align-center\"><span class=\" fusion-imageframe imageframe-none imageframe-3 hover-type-none\"><img decoding=\"async\" image_height=\"233\" image_id=\"15734\" title=\"ec1500_design\" src=\"https:\/\/i0.wp.com\/www.elagproducts.com\/wp-content\/uploads\/2016\/11\/ec1500_design.gif?w=350&#038;ssl=1\" class=\"img-responsive wp-image-15734\" data-recalc-dims=\"1\"\/><\/span><\/div><div class=\"fusion-text fusion-text-3\"><p style=\"text-align: center;\">\u00a0Spitzendesign dank Glasveredelung<\/p>\n<\/div><div class=\"fusion-sep-clear\"><\/div><div class=\"fusion-separator fusion-full-width-sep\" style=\"margin-left: auto;margin-right: auto;margin-top:20px;margin-bottom:20px;width:100%;\"><div class=\"fusion-separator-border sep-shadow\" style=\"background:radial-gradient(ellipse at 50% -50% , #e0dede 0px, rgba(255, 255, 255, 0) 80%) repeat scroll 0 0 rgba(0, 0, 0, 0);background:-webkit-radial-gradient(ellipse at 50% -50% , #e0dede 0px, rgba(255, 255, 255, 0) 80%) repeat scroll 0 0 rgba(0, 0, 0, 0);background:-moz-radial-gradient(ellipse at 50% -50% , #e0dede 0px, rgba(255, 255, 255, 0) 80%) repeat scroll 0 0 rgba(0, 0, 0, 0);background:-o-radial-gradient(ellipse at 50% -50% , #e0dede 0px, rgba(255, 255, 255, 0) 80%) repeat scroll 0 0 rgba(0, 0, 0, 0);\"><\/div><\/div><div class=\"fusion-sep-clear\"><\/div><div class=\"fusion-clearfix\"><\/div><\/div><\/div><\/div><\/div>\n<p style=\"text-align: left;\"><div class=\"fusion-fullwidth fullwidth-box fusion-builder-row-2 gradient-container-2 hundred-percent-fullwidth non-hundred-percent-height-scrolling\" style=\"background-color: rgba(255,255,255,0);background-position: center center;background-repeat: no-repeat;padding-top:0px;padding-right:0px;padding-bottom:0px;padding-left:0px;margin-bottom: 0px;margin-top: 0px;border-width: 0px 0px 0px 0px;border-color:#eae9e9;border-style:solid;\" ><style type=\"text\/css\">.fusion-fullwidth.fusion-builder-row-2 { overflow:visible; }<\/style><\/div><div class=\"fusion-builder-row fusion-row\"><\/div><div class=\"fusion-layout-column fusion_builder_column fusion-builder-column-3 fusion_builder_column_1_1 1_1 fusion-one-full fusion-column-first fusion-column-last gradient-column-4 fusion-column-no-min-height\" style=\"width:100%;margin-top:0px;margin-bottom:0px;\"><div class=\"fusion-column-wrapper fusion-flex-column-wrapper-legacy\" style=\"background-position:left top;background-repeat:no-repeat;-webkit-background-size:cover;-moz-background-size:cover;-o-background-size:cover;background-size:cover;padding: 0px 0px 0px 0px;\"><div class=\"fusion-clearfix\"><\/div><\/div><\/div><div class=\"fusion-button-wrapper\"><style type=\"text\/css\">.fusion-button.button-1 .fusion-button-text, .fusion-button.button-1 i {color:#ffffff;}.fusion-button.button-1 .fusion-button-icon-divider{border-color:#ffffff;}.fusion-button.button-1:hover .fusion-button-text, .fusion-button.button-1:hover i,.fusion-button.button-1:focus .fusion-button-text, .fusion-button.button-1:focus i,.fusion-button.button-1:active .fusion-button-text, .fusion-button.button-1:active{color:#ffffff;}.fusion-button.button-1:hover .fusion-button-icon-divider, .fusion-button.button-1:hover .fusion-button-icon-divider, .fusion-button.button-1:active .fusion-button-icon-divider{border-color:#ffffff;}.fusion-button.button-1:hover, .fusion-button.button-1:focus, .fusion-button.button-1:active{border-color:#ffffff;}.fusion-button.button-1 {border-color:#ffffff;border-radius:0px;}.fusion-button.button-1{background: #58bdb6;}.fusion-button.button-1:hover,.button-1:focus,.fusion-button.button-1:active{background: #58bdb6;}<\/style><a class=\"fusion-button button-flat button-large button-custom button-1 fusion-button-default-span fusion-button-default-type\" target=\"_self\" href=\"http:\/\/www.elagproducts.com\/de\/kochfelder-im-vergleich\"><span class=\"fusion-button-text\">Modelle vergleichen<\/span><\/a><\/div><\/p>\n<p><strong>Qualit\u00e4tsmerkmale:<\/strong><\/p>\n<ul>\n<li>LightGuide<\/li>\n<li>ELAGs <em>InfiniteCooking Technologie<\/em><\/li>\n<li>FusionTechnology von ELAG<\/li>\n<li>4-Slider-Steuerung<\/li>\n<li>SCHOTT CERAN\u00ae Miradur\u00ae Glas mit Perlglanz-Veredelung<\/li>\n<li>Aufwendiger\u00a0Facettenschliff am Glas mit hochwertigem Aluminium-Rahmen<\/li>\n<li>ScratchPROTECT+ f\u00fcr mehr Kratzresistenz<\/li>\n<li>Entwickelt und hergestellt in Deutschland\u00a0(Mehr dazu:\u00a0<span style=\"color: #58bdb6;\"><a style=\"color: #58bdb6;\" href=\"https:\/\/www.elagproducts.com\/de\/deutsche-kochgeraete\/\">Unsere Produktion<\/a><\/span>)<\/li>\n<\/ul>\n<p><strong>Produktfunktionen und Besonderheiten:<\/strong><\/p>\n<ul>\n<li>LightGuide: Licht f\u00fchrt die Position Ihres Topfes<\/li>\n<li>ELAG <em>InfiniteCooking Technologie<\/em>: die gleichm\u00e4\u00dfigste Heiztechnik<\/li>\n<li>FusionTechnology: mehr Flexibilit\u00e4t durch Zusammenschalten zweier Kochzonen zu einer durchgehenden Fl\u00e4che oder einer gro\u00dfen Kochzone<\/li>\n<li>K\u00fcrzeste Aufheizzeiten dank Induktion bis zu 3700W pro Kochzone<\/li>\n<li>Weniger Kratzer auf der Glasplatte dank ScratchPROTECT+<\/li>\n<li>Leichte Reinigung durch Induktion<\/li>\n<li>4-Slider-Steuerung\u00a0machen die Auswahl des Kochvorgangs schneller denn je<\/li>\n<li>Wie ein echter Koch: unsere leistungsst\u00e4rkste Booster-Funktion auf allen vier Kochzonen<\/li>\n<li>3 Warmhaltefunktionen<\/li>\n<li>SmartContinue Funktion &#8211; kochen Sie auf Ihren gespeicherten Einstellungen fort<\/li>\n<\/ul>\n<p><strong>Sicherheit:<\/strong><\/p>\n<ul>\n<li>Lock-Funktion f\u00fcr Kindersicherheit<\/li>\n<li>Intelligente Topferkennung<\/li>\n<li>Automatisches Ausschalten bei \u00dcberhitzung<\/li>\n<li>Restw\u00e4rmeanzeige<\/li>\n<li>Zeitabschaltung<\/li>\n<li>Sicherheit und CE gepr\u00fcft<\/li>\n<\/ul>\n<p><strong>Lieferumfang:<\/strong><\/p>\n<ul>\n<li>Bedienungsanleitung<\/li>\n<li>Reinigungsglasschaber<\/li>\n<li>Dichtungsband<\/li>\n<\/ul>\n<p><strong>Technische Angaben:<\/strong><\/p>\n<ul>\n<li>Kochfl\u00e4che:\u00a02x \u00a024,0 x 41,0 mm (mit FusionTechnology)<\/li>\n<li>Abmessungen: 59,0\u00a0x 52,0 \u00a0x 5,5 cm<\/li>\n<li>Einbauma\u00dfe: 56,0 x 49,0 cm<\/li>\n<li>Gewicht: 13,46 kg<\/li>\n<li>Elektrischer Anschluss: 230 V, 2x 16 A, 7400 W<\/li>\n<li>Netzkabel: 1,50 m<\/li>\n<\/ul>\n","protected":false},"excerpt":{"rendered":"<h3><strong><span style=\"color: #ff0000;\">NEU!<\/span> &#8211; <\/strong><strong>Entscheiden\u00a0Sie sich f\u00fcr das bislang beste 60cm Induktionskochfeld &#8211; garantiert!<\/strong><\/h3>\n<h4><strong><span style=\"color: #808080;\">LightGuide &#8211; InfiniteCooking &#8211;\u00a0<\/span><\/strong><strong><span style=\"color: #808080;\">ScratchPROTECT+ &#8211;\u00a0<\/span><\/strong><strong><span style=\"color: #808080;\">FusionTechnology &#8211;\u00a0<\/span><\/strong><strong><span style=\"color: #808080;\">Booster-Funktion &#8211; <\/span><\/strong><strong><span style=\"color: #808080;\"><span style=\"caret-color: #808080;\">Perlglanz-Veredelung<\/span><\/span><\/strong><\/h4>\n<h4><span style=\"color: #58bdb6;\"><a style=\"color: #58bdb6;\" href=\"http:\/\/www.elagproducts.com\/de\/kochfelder-im-vergleich\">Modelle hier vergleichen<\/a><\/span><\/h4>\n<h3><strong><span style=\"color: #ee7b1b;\"><a href=\"https:\/\/www.elagproducts.com\/wp-content\/uploads\/2014\/10\/lieferbar_icon.png\"><img decoding=\"async\" class=\"alignnone wp-image-3345 size-full\" src=\"https:\/\/www.elagproducts.com\/wp-content\/uploads\/2014\/10\/lieferbar_icon.png\" alt=\"\" width=\"15\" height=\"14\" \/><\/a><\/span><\/strong><span style=\"color: #ee7b1b;\">\u00a0<\/span><span style=\"color: #ee7b1b;\"><span style=\"color: #7ad04f;\">verf\u00fcgbar<\/span><\/span><\/h3>\n<p><em>inkl. 2 Jahre Garantie*<\/em><\/p>\n[fusion_builder_container admin_label=\"\" hundred_percent=\"yes\" equal_height_columns=\"no\" menu_anchor=\"\" hide_on_mobile=\"medium-visibility,large-visibility\" class=\"\" id=\"\" background_color=\"\" background_image=\"\" background_position=\"center center\" background_repeat=\"no-repeat\" fade=\"no\" background_parallax=\"none\" enable_mobile=\"no\" parallax_speed=\"0.3\" video_mp4=\"\" video_webm=\"\" video_ogv=\"\" video_url=\"\" video_aspect_ratio=\"16:9\" video_loop=\"yes\" video_mute=\"yes\" video_preview_image=\"\" border_size=\"2\" border_color=\"\" border_style=\"solid\" margin_top=\"\" margin_bottom=\"\" padding_top=\"5\" padding_right=\"5\" padding_bottom=\"5\" padding_left=\"5\"][fusion_builder_row][fusion_builder_column type=\"1_4\" layout=\"1_1\" background_position=\"left top\" background_color=\"\" border_size=\"\" border_color=\"\" border_style=\"solid\" spacing=\"yes\" background_image=\"\" background_repeat=\"no-repeat\" padding=\"\" margin_top=\"0px\" margin_bottom=\"0px\" class=\"\" id=\"\" animation_type=\"\" animation_speed=\"0.3\" animation_direction=\"left\" hide_on_mobile=\"no\" center_content=\"no\" min_height=\"none\" last=\"no\" hover_type=\"none\" link=\"\" border_position=\"all\"][fusion_imageframe image_id=\"5087\" style_type=\"none\" stylecolor=\"\" hover_type=\"none\" bordersize=\"\" bordercolor=\"\" borderradius=\"\" align=\"none\" lightbox=\"no\" gallery_id=\"\" lightbox_image=\"\" alt=\"\" link=\"http:\/\/www.elagproducts.com\/de\/shop\/zubehoer\/gourmet-grillplatte\/\" linktarget=\"_self\" hide_on_mobile=\"small-visibility,medium-visibility,large-visibility\" class=\"\" id=\"\" animation_type=\"\" animation_direction=\"left\" animation_speed=\"0.3\" animation_offset=\"\"]https:\/\/www.elagproducts.com\/wp-content\/uploads\/2020\/05\/grillplatte_cross_selling.jpeg[\/fusion_imageframe][\/fusion_builder_column][fusion_builder_column type=\"3_4\" layout=\"2_3\" spacing=\"yes\" center_content=\"no\" hover_type=\"none\" link=\"\" min_height=\"none\" hide_on_mobile=\"no\" class=\"\" id=\"\" background_color=\"\" background_image=\"\" background_position=\"left top\" undefined=\"\" background_repeat=\"no-repeat\" border_size=\"\" border_color=\"\" border_style=\"solid\" border_position=\"all\" padding=\"\" margin_top=\"10px\" margin_bottom=\"0px\" animation_type=\"\" animation_direction=\"left\" animation_speed=\"0.3\" animation_offset=\"\" last=\"no\"][fusion_text]<\/p>\n<p><strong>Zubeh\u00f6r empfohlen:<\/strong>\u00a0mit der ELAG Grillplatte holen Sie sich das Grillvergn\u00fcgen in die K\u00fcche<\/p>\n<p>[\/fusion_text][\/fusion_builder_column][\/fusion_builder_row][\/fusion_builder_container]\n[fusion_builder_container background_color=\"\" background_image=\"\" background_parallax=\"none\" enable_mobile=\"no\" parallax_speed=\"0.3\" background_repeat=\"no-repeat\" background_position=\"left top\" video_url=\"\" video_aspect_ratio=\"16:9\" video_webm=\"\" video_mp4=\"\" video_ogv=\"\" video_preview_image=\"\" overlay_color=\"\" video_mute=\"yes\" video_loop=\"yes\" fade=\"no\" border_color=\"\" border_style=\"\" padding_top=\"20\" padding_bottom=\"20\" padding_left=\"0\" padding_right=\"0\" hundred_percent=\"no\" equal_height_columns=\"no\" hide_on_mobile=\"no\" menu_anchor=\"\" class=\"\" id=\"\" type=\"legacy\" border_sizes_top=\"0px\" border_sizes_bottom=\"0px\" border_sizes_left=\"0px\" border_sizes_right=\"0px\"][fusion_builder_row][fusion_builder_column type=\"1_1\" layout=\"1_1\" background_position=\"left top\" background_color=\"\" border_color=\"\" border_style=\"solid\" spacing=\"yes\" background_image=\"\" background_repeat=\"no-repeat\" padding_top=\"\" padding_right=\"\" padding_bottom=\"\" padding_left=\"\" margin_top=\"0px\" margin_bottom=\"0px\" class=\"\" id=\"\" animation_type=\"\" animation_speed=\"0.3\" animation_direction=\"left\" hide_on_mobile=\"no\" center_content=\"no\" min_height=\"none\" last=\"true\" hover_type=\"none\" link=\"\" border_position=\"all\" align_self=\"flex-start\" border_sizes_top=\"\" border_sizes_bottom=\"\" border_sizes_left=\"\" border_sizes_right=\"\" first=\"true\" type=\"1_1\"][fusion_button link=\"https:\/\/www.elagproducts.com\/de\/kochfelder-im-vergleich\/\" text_transform=\"\" title=\"\" target=\"_self\" link_attributes=\"\" alignment_medium=\"\" alignment_small=\"\" alignment=\"\" modal=\"\" hide_on_mobile=\"small-visibility\" sticky_display=\"normal,sticky\" class=\"\" id=\"\" color=\"material-light-blue\" button_gradient_top_color=\"\" button_gradient_bottom_color=\"\" button_gradient_top_color_hover=\"\" button_gradient_bottom_color_hover=\"\" accent_color=\"\" accent_hover_color=\"\" type=\"\" bevel_color=\"\" border_width=\"\" border_radius=\"\" border_color=\"\" border_hover_color=\"\" size=\"medium\" stretch=\"default\" margin_top=\"\" margin_right=\"\" margin_bottom=\"\" margin_left=\"\" icon=\"\" icon_position=\"left\" icon_divider=\"no\" animation_type=\"\" animation_direction=\"left\" animation_speed=\"0.3\" animation_offset=\"\"]Modelle vergleichen[\/fusion_button][\/fusion_builder_column][\/fusion_builder_row][\/fusion_builder_container]\n<p>&nbsp;<\/p>\n","protected":false},"featured_media":13124,"comment_status":"open","ping_status":"closed","template":"","meta":{"content-type":"","_mi_skip_tracking":false},"product_cat":[28],"product_tag":[],"yoast_head":"<!-- This site is optimized with the Yoast SEO plugin v20.5 - https:\/\/yoast.com\/wordpress\/plugins\/seo\/ -->\n<title>ELAG 4-Zonen Induktionskochfeld &quot;EC-1000&quot; mit LightGuide | ELAG<\/title>\n<meta name=\"description\" content=\"Das Modell &quot;EC-1000&quot; ist ELAGs bestes 60cm Induktionskochfeld aller Zeiten. H\u00f6chste Leistung und maximale Kochfreiheit. Kochen wie Profis...\" \/>\n<meta name=\"robots\" content=\"index, follow, max-snippet:-1, max-image-preview:large, max-video-preview:-1\" \/>\n<link rel=\"canonical\" href=\"https:\/\/www.elagproducts.com\/de\/shop\/kochfelder\/kmi-606254-f\/\" \/>\n<meta property=\"og:locale\" content=\"de_DE\" \/>\n<meta property=\"og:type\" content=\"article\" \/>\n<meta property=\"og:title\" content=\"ELAG 4-Zonen Induktionskochfeld &quot;EC-1000&quot; mit LightGuide | ELAG\" \/>\n<meta property=\"og:description\" content=\"Das Modell &quot;EC-1000&quot; ist ELAGs bestes 60cm Induktionskochfeld aller Zeiten. H\u00f6chste Leistung und maximale Kochfreiheit. Kochen wie Profis...\" \/>\n<meta property=\"og:url\" content=\"https:\/\/www.elagproducts.com\/de\/shop\/kochfelder\/kmi-606254-f\/\" \/>\n<meta property=\"og:site_name\" content=\"ELAG - LeMax Grills &amp; High-Quality Cooktops\" \/>\n<meta property=\"article:modified_time\" content=\"2023-02-02T18:35:54+00:00\" \/>\n<meta property=\"og:image\" content=\"https:\/\/www.elagproducts.com\/wp-content\/uploads\/2021\/11\/Folie1.jpeg\" \/>\n\t<meta property=\"og:image:width\" content=\"1000\" \/>\n\t<meta property=\"og:image:height\" content=\"1000\" \/>\n\t<meta property=\"og:image:type\" content=\"image\/jpeg\" \/>\n<meta name=\"twitter:label1\" content=\"Gesch\u00e4tzte Lesezeit\" \/>\n\t<meta name=\"twitter:data1\" content=\"4\u00a0Minuten\" \/>\n<script type=\"application\/ld+json\" class=\"yoast-schema-graph\">{\"@context\":\"https:\/\/schema.org\",\"@graph\":[{\"@type\":\"WebPage\",\"@id\":\"https:\/\/www.elagproducts.com\/de\/shop\/kochfelder\/kmi-606254-f\/\",\"url\":\"https:\/\/www.elagproducts.com\/de\/shop\/kochfelder\/kmi-606254-f\/\",\"name\":\"ELAG 4-Zonen Induktionskochfeld \\\"EC-1000\\\" mit LightGuide | ELAG\",\"isPartOf\":{\"@id\":\"https:\/\/www.elagproducts.com\/de\/#website\"},\"datePublished\":\"2021-11-25T13:48:59+00:00\",\"dateModified\":\"2023-02-02T18:35:54+00:00\",\"description\":\"Das Modell \\\"EC-1000\\\" ist ELAGs bestes 60cm Induktionskochfeld aller Zeiten. H\u00f6chste Leistung und maximale Kochfreiheit. Kochen wie Profis...\",\"breadcrumb\":{\"@id\":\"https:\/\/www.elagproducts.com\/de\/shop\/kochfelder\/kmi-606254-f\/#breadcrumb\"},\"inLanguage\":\"de\",\"potentialAction\":[{\"@type\":\"ReadAction\",\"target\":[\"https:\/\/www.elagproducts.com\/de\/shop\/kochfelder\/kmi-606254-f\/\"]}]},{\"@type\":\"BreadcrumbList\",\"@id\":\"https:\/\/www.elagproducts.com\/de\/shop\/kochfelder\/kmi-606254-f\/#breadcrumb\",\"itemListElement\":[{\"@type\":\"ListItem\",\"position\":1,\"name\":\"Home\",\"item\":\"https:\/\/www.elagproducts.com\/de\/\"},{\"@type\":\"ListItem\",\"position\":2,\"name\":\"Shop\",\"item\":\"https:\/\/www.elagproducts.com\/de\/shop\/\"},{\"@type\":\"ListItem\",\"position\":3,\"name\":\"ELAG 4-Zonen Induktionskochfeld &#8220;EC-1500&#8221; mit LightGuide, 60 cm\"}]},{\"@type\":\"WebSite\",\"@id\":\"https:\/\/www.elagproducts.com\/de\/#website\",\"url\":\"https:\/\/www.elagproducts.com\/de\/\",\"name\":\"ELAG - LeMax Grills &amp; High-Quality Cooktops\",\"description\":\"\",\"potentialAction\":[{\"@type\":\"SearchAction\",\"target\":{\"@type\":\"EntryPoint\",\"urlTemplate\":\"https:\/\/www.elagproducts.com\/de\/?s={search_term_string}\"},\"query-input\":\"required name=search_term_string\"}],\"inLanguage\":\"de\"}]}<\/script>\n<!-- \/ Yoast SEO plugin. -->","yoast_head_json":{"title":"ELAG 4-Zonen Induktionskochfeld \"EC-1000\" mit LightGuide | ELAG","description":"Das Modell \"EC-1000\" ist ELAGs bestes 60cm Induktionskochfeld aller Zeiten. H\u00f6chste Leistung und maximale Kochfreiheit. Kochen wie Profis...","robots":{"index":"index","follow":"follow","max-snippet":"max-snippet:-1","max-image-preview":"max-image-preview:large","max-video-preview":"max-video-preview:-1"},"canonical":"https:\/\/www.elagproducts.com\/de\/shop\/kochfelder\/kmi-606254-f\/","og_locale":"de_DE","og_type":"article","og_title":"ELAG 4-Zonen Induktionskochfeld \"EC-1000\" mit LightGuide | ELAG","og_description":"Das Modell \"EC-1000\" ist ELAGs bestes 60cm Induktionskochfeld aller Zeiten. H\u00f6chste Leistung und maximale Kochfreiheit. Kochen wie Profis...","og_url":"https:\/\/www.elagproducts.com\/de\/shop\/kochfelder\/kmi-606254-f\/","og_site_name":"ELAG - LeMax Grills &amp; High-Quality Cooktops","article_modified_time":"2023-02-02T18:35:54+00:00","og_image":[{"width":1000,"height":1000,"url":"https:\/\/www.elagproducts.com\/wp-content\/uploads\/2021\/11\/Folie1.jpeg","type":"image\/jpeg"}],"twitter_misc":{"Gesch\u00e4tzte Lesezeit":"4\u00a0Minuten"},"schema":{"@context":"https:\/\/schema.org","@graph":[{"@type":"WebPage","@id":"https:\/\/www.elagproducts.com\/de\/shop\/kochfelder\/kmi-606254-f\/","url":"https:\/\/www.elagproducts.com\/de\/shop\/kochfelder\/kmi-606254-f\/","name":"ELAG 4-Zonen Induktionskochfeld \"EC-1000\" mit LightGuide | ELAG","isPartOf":{"@id":"https:\/\/www.elagproducts.com\/de\/#website"},"datePublished":"2021-11-25T13:48:59+00:00","dateModified":"2023-02-02T18:35:54+00:00","description":"Das Modell \"EC-1000\" ist ELAGs bestes 60cm Induktionskochfeld aller Zeiten. H\u00f6chste Leistung und maximale Kochfreiheit. Kochen wie Profis...","breadcrumb":{"@id":"https:\/\/www.elagproducts.com\/de\/shop\/kochfelder\/kmi-606254-f\/#breadcrumb"},"inLanguage":"de","potentialAction":[{"@type":"ReadAction","target":["https:\/\/www.elagproducts.com\/de\/shop\/kochfelder\/kmi-606254-f\/"]}]},{"@type":"BreadcrumbList","@id":"https:\/\/www.elagproducts.com\/de\/shop\/kochfelder\/kmi-606254-f\/#breadcrumb","itemListElement":[{"@type":"ListItem","position":1,"name":"Home","item":"https:\/\/www.elagproducts.com\/de\/"},{"@type":"ListItem","position":2,"name":"Shop","item":"https:\/\/www.elagproducts.com\/de\/shop\/"},{"@type":"ListItem","position":3,"name":"ELAG 4-Zonen Induktionskochfeld &#8220;EC-1500&#8221; mit LightGuide, 60 cm"}]},{"@type":"WebSite","@id":"https:\/\/www.elagproducts.com\/de\/#website","url":"https:\/\/www.elagproducts.com\/de\/","name":"ELAG - LeMax Grills &amp; High-Quality Cooktops","description":"","potentialAction":[{"@type":"SearchAction","target":{"@type":"EntryPoint","urlTemplate":"https:\/\/www.elagproducts.com\/de\/?s={search_term_string}"},"query-input":"required name=search_term_string"}],"inLanguage":"de"}]}},"_links":{"self":[{"href":"https:\/\/www.elagproducts.com\/de\/wp-json\/wp\/v3\/product\/13119"}],"collection":[{"href":"https:\/\/www.elagproducts.com\/de\/wp-json\/wp\/v3\/product"}],"about":[{"href":"https:\/\/www.elagproducts.com\/de\/wp-json\/wp\/v2\/types\/product"}],"replies":[{"embeddable":true,"href":"https:\/\/www.elagproducts.com\/de\/wp-json\/wp\/v2\/comments?post=13119"}],"wp:featuredmedia":[{"embeddable":true,"href":"https:\/\/www.elagproducts.com\/de\/wp-json\/wp\/v2\/media\/13124"}],"wp:attachment":[{"href":"https:\/\/www.elagproducts.com\/de\/wp-json\/wp\/v2\/media?parent=13119"}],"wp:term":[{"taxonomy":"product_cat","embeddable":true,"href":"https:\/\/www.elagproducts.com\/de\/wp-json\/wp\/v2\/product_cat?post=13119"},{"taxonomy":"product_tag","embeddable":true,"href":"https:\/\/www.elagproducts.com\/de\/wp-json\/wp\/v2\/product_tag?post=13119"}],"curies":[{"name":"wp","href":"https:\/\/api.w.org\/{rel}","templated":true}]}}