{"id":13075,"date":"2021-11-23T18:48:17","date_gmt":"2021-11-23T16:48:17","guid":{"rendered":"https:\/\/www.elagproducts.com\/?post_type=product&#038;p=13075"},"modified":"2025-06-20T17:55:49","modified_gmt":"2025-06-20T15:55:49","slug":"edelstahl-haube-lemax-grill","status":"publish","type":"product","link":"https:\/\/www.elagproducts.com\/de\/shop\/zubehoer\/edelstahl-haube-lemax-grill\/","title":{"rendered":"Edelstahl-Haube f\u00fcr LeMax\u00ae Grill"},"content":{"rendered":"<p><strong>Technische Angaben:<\/strong><\/p>\n<ul>\n<li>Abmessungen: 61 x 52,5 x 8 cm (mit Griff: 11,5 cm)<\/li>\n<li>Gewicht: 4,0 kg<\/li>\n<\/ul>\n","protected":false},"excerpt":{"rendered":"<p><strong>Achtung! &#8211; Es handelt sich hier um eine Abdeckung f\u00fcr den Grill. Die Haube darf nicht w\u00e4hrend des Kochvorgangs verwendet werden.<\/strong><\/p>\n<p>Diese Edelstahl-Haube f\u00fcr Ihren LeMax Grill ist der perfekte und robuste Schutz f\u00fcr Ihren Grill. Die Abdeckung wurde speziell f\u00fcr den LeMax Grill entwickelt. Dank des Kabelauslasses an der R\u00fcckseite und den rutschfesten F\u00fc\u00dfen passt die Abdeckung ideal zu Ihrem Grill. Die Haube ist aus langlebigem V2A Edelstahl gefertigt.<\/p>\n<p><strong>Empfohlen f\u00fcr:<br \/>\n<\/strong>alle mobilen <span style=\"color: #58bdb6;\"><a style=\"color: #58bdb6;\" href=\"https:\/\/www.elagproducts.com\/de\/besten-elektrogrills\/\">LeMax Grills<\/a><\/span><\/p>\n<h3><strong><a style=\"color: #ee7b1b;\" href=\"https:\/\/www.elagproducts.com\/wp-content\/uploads\/2016\/02\/ausverkauft_icon.png\"><img decoding=\"async\" class=\"alignnone wp-image-4153 size-full\" src=\"https:\/\/www.elagproducts.com\/wp-content\/uploads\/2016\/02\/ausverkauft_icon.png\" alt=\"\" width=\"16\" height=\"17\" \/><\/a><span style=\"color: #ee7b1b;\">\u00a0<span style=\"color: #ff0000;\">Nicht verf\u00fcgbar<\/span><\/span><\/strong><\/h3>\n","protected":false},"featured_media":13079,"comment_status":"open","ping_status":"closed","template":"","meta":{"content-type":"","_mi_skip_tracking":false},"product_cat":[27],"product_tag":[],"yoast_head":"<!-- This site is optimized with the Yoast SEO plugin v20.5 - https:\/\/yoast.com\/wordpress\/plugins\/seo\/ -->\n<title>Edelstahl-Haube f\u00fcr LeMax\u00ae Grill - Abdeckung &amp; Schutz | ELAG<\/title>\n<meta name=\"description\" content=\"Sch\u00fctzen Sie Ihren LeMax\u00ae Grill gegen Wind und Wetter. Mit der Edelstahl-Haube ist Ihr Grill gegen Regen und UV-Strahlen bestens gewappnet...\" \/>\n<meta name=\"robots\" content=\"index, follow, max-snippet:-1, max-image-preview:large, max-video-preview:-1\" \/>\n<link rel=\"canonical\" href=\"https:\/\/www.elagproducts.com\/de\/shop\/zubehoer\/edelstahl-haube-lemax-grill\/\" \/>\n<meta property=\"og:locale\" content=\"de_DE\" \/>\n<meta property=\"og:type\" content=\"article\" \/>\n<meta property=\"og:title\" content=\"Edelstahl-Haube f\u00fcr LeMax\u00ae Grill - Abdeckung &amp; Schutz | ELAG\" \/>\n<meta property=\"og:description\" content=\"Sch\u00fctzen Sie Ihren LeMax\u00ae Grill gegen Wind und Wetter. Mit der Edelstahl-Haube ist Ihr Grill gegen Regen und UV-Strahlen bestens gewappnet...\" \/>\n<meta property=\"og:url\" content=\"https:\/\/www.elagproducts.com\/de\/shop\/zubehoer\/edelstahl-haube-lemax-grill\/\" \/>\n<meta property=\"og:site_name\" content=\"ELAG - LeMax Grills &amp; High-Quality Cooktops\" \/>\n<meta property=\"article:modified_time\" content=\"2025-06-20T15:55:49+00:00\" \/>\n<meta property=\"og:image\" content=\"https:\/\/www.elagproducts.com\/wp-content\/uploads\/2021\/11\/edelstahl_haube_shop_01.jpeg\" \/>\n\t<meta property=\"og:image:width\" content=\"1000\" \/>\n\t<meta property=\"og:image:height\" content=\"1000\" \/>\n\t<meta property=\"og:image:type\" content=\"image\/jpeg\" \/>\n<meta name=\"twitter:label1\" content=\"Gesch\u00e4tzte Lesezeit\" \/>\n\t<meta name=\"twitter:data1\" content=\"1\u00a0Minute\" \/>\n<script type=\"application\/ld+json\" class=\"yoast-schema-graph\">{\"@context\":\"https:\/\/schema.org\",\"@graph\":[{\"@type\":\"WebPage\",\"@id\":\"https:\/\/www.elagproducts.com\/de\/shop\/zubehoer\/edelstahl-haube-lemax-grill\/\",\"url\":\"https:\/\/www.elagproducts.com\/de\/shop\/zubehoer\/edelstahl-haube-lemax-grill\/\",\"name\":\"Edelstahl-Haube f\u00fcr LeMax\u00ae Grill - Abdeckung & Schutz | ELAG\",\"isPartOf\":{\"@id\":\"https:\/\/www.elagproducts.com\/de\/#website\"},\"datePublished\":\"2021-11-23T16:48:17+00:00\",\"dateModified\":\"2025-06-20T15:55:49+00:00\",\"description\":\"Sch\u00fctzen Sie Ihren LeMax\u00ae Grill gegen Wind und Wetter. Mit der Edelstahl-Haube ist Ihr Grill gegen Regen und UV-Strahlen bestens gewappnet...\",\"breadcrumb\":{\"@id\":\"https:\/\/www.elagproducts.com\/de\/shop\/zubehoer\/edelstahl-haube-lemax-grill\/#breadcrumb\"},\"inLanguage\":\"de\",\"potentialAction\":[{\"@type\":\"ReadAction\",\"target\":[\"https:\/\/www.elagproducts.com\/de\/shop\/zubehoer\/edelstahl-haube-lemax-grill\/\"]}]},{\"@type\":\"BreadcrumbList\",\"@id\":\"https:\/\/www.elagproducts.com\/de\/shop\/zubehoer\/edelstahl-haube-lemax-grill\/#breadcrumb\",\"itemListElement\":[{\"@type\":\"ListItem\",\"position\":1,\"name\":\"Home\",\"item\":\"https:\/\/www.elagproducts.com\/de\/\"},{\"@type\":\"ListItem\",\"position\":2,\"name\":\"Shop\",\"item\":\"https:\/\/www.elagproducts.com\/de\/shop\/\"},{\"@type\":\"ListItem\",\"position\":3,\"name\":\"Edelstahl-Haube f\u00fcr LeMax\u00ae Grill\"}]},{\"@type\":\"WebSite\",\"@id\":\"https:\/\/www.elagproducts.com\/de\/#website\",\"url\":\"https:\/\/www.elagproducts.com\/de\/\",\"name\":\"ELAG - LeMax Grills &amp; High-Quality Cooktops\",\"description\":\"\",\"potentialAction\":[{\"@type\":\"SearchAction\",\"target\":{\"@type\":\"EntryPoint\",\"urlTemplate\":\"https:\/\/www.elagproducts.com\/de\/?s={search_term_string}\"},\"query-input\":\"required name=search_term_string\"}],\"inLanguage\":\"de\"}]}<\/script>\n<!-- \/ Yoast SEO plugin. -->","yoast_head_json":{"title":"Edelstahl-Haube f\u00fcr LeMax\u00ae Grill - Abdeckung & Schutz | ELAG","description":"Sch\u00fctzen Sie Ihren LeMax\u00ae Grill gegen Wind und Wetter. Mit der Edelstahl-Haube ist Ihr Grill gegen Regen und UV-Strahlen bestens gewappnet...","robots":{"index":"index","follow":"follow","max-snippet":"max-snippet:-1","max-image-preview":"max-image-preview:large","max-video-preview":"max-video-preview:-1"},"canonical":"https:\/\/www.elagproducts.com\/de\/shop\/zubehoer\/edelstahl-haube-lemax-grill\/","og_locale":"de_DE","og_type":"article","og_title":"Edelstahl-Haube f\u00fcr LeMax\u00ae Grill - Abdeckung & Schutz | ELAG","og_description":"Sch\u00fctzen Sie Ihren LeMax\u00ae Grill gegen Wind und Wetter. Mit der Edelstahl-Haube ist Ihr Grill gegen Regen und UV-Strahlen bestens gewappnet...","og_url":"https:\/\/www.elagproducts.com\/de\/shop\/zubehoer\/edelstahl-haube-lemax-grill\/","og_site_name":"ELAG - LeMax Grills &amp; High-Quality Cooktops","article_modified_time":"2025-06-20T15:55:49+00:00","og_image":[{"width":1000,"height":1000,"url":"https:\/\/www.elagproducts.com\/wp-content\/uploads\/2021\/11\/edelstahl_haube_shop_01.jpeg","type":"image\/jpeg"}],"twitter_misc":{"Gesch\u00e4tzte Lesezeit":"1\u00a0Minute"},"schema":{"@context":"https:\/\/schema.org","@graph":[{"@type":"WebPage","@id":"https:\/\/www.elagproducts.com\/de\/shop\/zubehoer\/edelstahl-haube-lemax-grill\/","url":"https:\/\/www.elagproducts.com\/de\/shop\/zubehoer\/edelstahl-haube-lemax-grill\/","name":"Edelstahl-Haube f\u00fcr LeMax\u00ae Grill - Abdeckung & Schutz | ELAG","isPartOf":{"@id":"https:\/\/www.elagproducts.com\/de\/#website"},"datePublished":"2021-11-23T16:48:17+00:00","dateModified":"2025-06-20T15:55:49+00:00","description":"Sch\u00fctzen Sie Ihren LeMax\u00ae Grill gegen Wind und Wetter. Mit der Edelstahl-Haube ist Ihr Grill gegen Regen und UV-Strahlen bestens gewappnet...","breadcrumb":{"@id":"https:\/\/www.elagproducts.com\/de\/shop\/zubehoer\/edelstahl-haube-lemax-grill\/#breadcrumb"},"inLanguage":"de","potentialAction":[{"@type":"ReadAction","target":["https:\/\/www.elagproducts.com\/de\/shop\/zubehoer\/edelstahl-haube-lemax-grill\/"]}]},{"@type":"BreadcrumbList","@id":"https:\/\/www.elagproducts.com\/de\/shop\/zubehoer\/edelstahl-haube-lemax-grill\/#breadcrumb","itemListElement":[{"@type":"ListItem","position":1,"name":"Home","item":"https:\/\/www.elagproducts.com\/de\/"},{"@type":"ListItem","position":2,"name":"Shop","item":"https:\/\/www.elagproducts.com\/de\/shop\/"},{"@type":"ListItem","position":3,"name":"Edelstahl-Haube f\u00fcr LeMax\u00ae Grill"}]},{"@type":"WebSite","@id":"https:\/\/www.elagproducts.com\/de\/#website","url":"https:\/\/www.elagproducts.com\/de\/","name":"ELAG - LeMax Grills &amp; High-Quality Cooktops","description":"","potentialAction":[{"@type":"SearchAction","target":{"@type":"EntryPoint","urlTemplate":"https:\/\/www.elagproducts.com\/de\/?s={search_term_string}"},"query-input":"required name=search_term_string"}],"inLanguage":"de"}]}},"_links":{"self":[{"href":"https:\/\/www.elagproducts.com\/de\/wp-json\/wp\/v3\/product\/13075"}],"collection":[{"href":"https:\/\/www.elagproducts.com\/de\/wp-json\/wp\/v3\/product"}],"about":[{"href":"https:\/\/www.elagproducts.com\/de\/wp-json\/wp\/v2\/types\/product"}],"replies":[{"embeddable":true,"href":"https:\/\/www.elagproducts.com\/de\/wp-json\/wp\/v2\/comments?post=13075"}],"wp:featuredmedia":[{"embeddable":true,"href":"https:\/\/www.elagproducts.com\/de\/wp-json\/wp\/v2\/media\/13079"}],"wp:attachment":[{"href":"https:\/\/www.elagproducts.com\/de\/wp-json\/wp\/v2\/media?parent=13075"}],"wp:term":[{"taxonomy":"product_cat","embeddable":true,"href":"https:\/\/www.elagproducts.com\/de\/wp-json\/wp\/v2\/product_cat?post=13075"},{"taxonomy":"product_tag","embeddable":true,"href":"https:\/\/www.elagproducts.com\/de\/wp-json\/wp\/v2\/product_tag?post=13075"}],"curies":[{"name":"wp","href":"https:\/\/api.w.org\/{rel}","templated":true}]}}