{"id":12469,"date":"2021-09-19T17:00:13","date_gmt":"2021-09-19T15:00:16","guid":{"rendered":"https:\/\/www.elagproducts.com\/?post_type=product&#038;p=12469"},"modified":"2021-09-21T19:31:38","modified_gmt":"2021-09-21T17:31:38","slug":"gourmet-grillplatte-2","status":"publish","type":"product","link":"https:\/\/www.elagproducts.com\/de\/shop\/zubehoer\/gourmet-grillplatte-2\/","title":{"rendered":"ELAG Gourmet Grillplatte *SONDERPREIS*"},"content":{"rendered":"<div class=\"fusion-fullwidth fullwidth-box fusion-builder-row-1 fusion-flex-container nonhundred-percent-fullwidth non-hundred-percent-height-scrolling\" style=\"background-color: rgba(255,255,255,0);background-position: center center;background-repeat: no-repeat;border-width: 0px 0px 0px 0px;border-color:#eae9e9;border-style:solid;\" ><div class=\"fusion-builder-row fusion-row fusion-flex-align-items-flex-start\" style=\"max-width:1144px;margin-left: calc(-4% \/ 2 );margin-right: calc(-4% \/ 2 );\"><div class=\"fusion-layout-column fusion_builder_column fusion-builder-column-0 fusion_builder_column_1_1 1_1 fusion-flex-column\"><div class=\"fusion-column-wrapper fusion-flex-justify-content-flex-start fusion-content-layout-column\" style=\"background-position:left top;background-repeat:no-repeat;-webkit-background-size:cover;-moz-background-size:cover;-o-background-size:cover;background-size:cover;padding: 0px 0px 0px 0px;\"><div class=\"fusion-video fusion-youtube\" style=\"max-width:600px;max-height:360px;\"><div class=\"video-shortcode\"><iframe title=\"YouTube video player\" src=\"https:\/\/www.youtube.com\/embed\/IhRW4sddDgo?wmode=transparent&autoplay=0\" width=\"600\" height=\"360\" allowfullscreen allow=\"autoplay; fullscreen\"><\/iframe><\/div><\/div><\/div><\/div><style type=\"text\/css\">.fusion-body .fusion-builder-column-0{width:100% !important;margin-top : 0px;margin-bottom : 20px;}.fusion-builder-column-0 > .fusion-column-wrapper {padding-top : 0px !important;padding-right : 0px !important;margin-right : 1.92%;padding-bottom : 0px !important;padding-left : 0px !important;margin-left : 1.92%;}@media only screen and (max-width:1024px) {.fusion-body .fusion-builder-column-0{width:100% !important;order : 0;}.fusion-builder-column-0 > .fusion-column-wrapper {margin-right : 1.92%;margin-left : 1.92%;}}@media only screen and (max-width:640px) {.fusion-body .fusion-builder-column-0{width:100% !important;order : 0;}.fusion-builder-column-0 > .fusion-column-wrapper {margin-right : 1.92%;margin-left : 1.92%;}}<\/style><\/div><style type=\"text\/css\">.fusion-body .fusion-flex-container.fusion-builder-row-1{ padding-top : 0px;margin-top : 0px;padding-right : 0px;padding-bottom : 0px;margin-bottom : 0px;padding-left : 0px;}<\/style><\/div>\n<ul>\n<li>HOCHWERTIGE GRILLPLATTE F\u00dcR DIE EWIGKEIT \u2013 Die Grillplatte wird aus hochwertigstem und dickem Gusseisen gefertigt. Die Bratplatte verzieht sich nicht dank seines besonderen ELAG ThermoComplex Bodens.<\/li>\n<li>MIT ANTIHAFT BESCHICHTUNG \u2013 Die ELAG Grillplatte verf\u00fcgt \u00fcber eine robuste Antihaft-Beschichtung. Die Grillplatte verliert auch nach Jahren nicht an dieser Eigenschaft. Genie\u00dfen Sie fettfreies Braten und eine schnelle Reinigung.<\/li>\n<li>ELEGANTES UND FUNKTIONALES DESIGN \u2013 Die Bratplatte f\u00fcr Induktion beweist ein zeitloses Design mit eleganten Griffleisten. Dar\u00fcber hinaus verf\u00fcgt die Grillplatte sowohl \u00fcber eine gerippt als auch eine glatte Grillfl\u00e4che. Somit l\u00e4sst die Grillplatte keine W\u00fcnsche beim Grillen und Braten \u00fcbrig.<\/li>\n<li>MIT HITZEBEST\u00c4NDIGEN UND KRATZFESTEN SPEZIALF\u00dc\u00dfEN \u2013 Dank der in der Industrie einzigartigen Spezial-Standf\u00fc\u00dfen brauchen Sie zu keine Sorgen mehr haben, dass Sie die Glasfl\u00e4che Ihres Kochfeldes besch\u00e4digen. Ein enormer Vorteil gegen\u00fcber herk\u00f6mmlichen Grillplatten.<\/li>\n<li>F\u00dcR ALLE GEEIGNET UND DOCH OPTIMIERT F\u00dcR ELAG KOCHFELDER \u2013 Die Grillplatte eignet sich problemlos f\u00fcr alle Induktionskochfelder mit Flexzonen Funktion. Die Temperatureigenschaften und Gr\u00f6\u00dfe der Platte wurde jedoch auf die Standards von ELAG Kochfeldern aus Deutschland optimiert.<\/li>\n<\/ul>\n<p>&nbsp;<\/p>\n<p><strong>Technische Angaben:<\/strong><\/p>\n<ul>\n<li>Abmessung: 43 x 23 cm<\/li>\n<li>Grillfl\u00e4che: 37 x 20 cm<\/li>\n<\/ul>\n","protected":false},"excerpt":{"rendered":"<p><a href=\"http:\/\/www.elagproducts.com\/wp-content\/uploads\/2016\/05\/tested_for_lemax.png\"><img decoding=\"async\" class=\"alignnone wp-image-3355\" src=\"http:\/\/www.elagproducts.com\/wp-content\/uploads\/2016\/05\/tested_for_lemax.png\" alt=\"tested_for_lemax\" width=\"23\" height=\"25\" srcset=\"https:\/\/i0.wp.com\/www.elagproducts.com\/wp-content\/uploads\/2016\/05\/tested_for_lemax.png?resize=120%2C130&amp;ssl=1 120w, https:\/\/i0.wp.com\/www.elagproducts.com\/wp-content\/uploads\/2016\/05\/tested_for_lemax.png?fit=200%2C217&amp;ssl=1 200w\" sizes=\"(max-width: 23px) 100vw, 23px\" \/><\/a>\u00a0<strong>Getestet f\u00fcr Induktionskochfelder<\/strong><\/p>\n<p>Die ELAG Gourmet-Grillplatte holt das meiste aus Deinem Kochfeld heraus! Er\u00f6ffne Dir neue M\u00f6glichkeiten beim Kochen und Du wird begeistert sein!<\/p>\n<p>&#x1f389;\u00a0<span style=\"color: #ff0000;\"><strong>LIMITIERTES KENNENLERN-ANGEBOT F\u00dcR KURZE ZEIT !<\/strong><\/span><\/p>\n<h6><strong><span style=\"color: #ff0000;\">Warum machen wir dieses Angebot? Wir wissen, dass die Grillplatte Euch begeistern wird und hoffen, dass Ihr zuk\u00fcnftig ELAG f\u00fcr weitere Kochprodukte in Erw\u00e4gung ziehen werdet. Wir m\u00f6chten Euer Vertrauen verdienen und gehen daf\u00fcr mit diesem Angebot in Vorleistung<span style=\"caret-color: #ff9900;\">.\u00a0<\/span><\/span><\/strong>&#x2764;&#xfe0f;<\/h6>\n<h4><span style=\"color: #58bdb6;\"><a style=\"color: #58bdb6;\" href=\"http:\/\/www.elagproducts.com\/de\/gourmet-grillplatte\">Mehr erfahren&#8230;<\/a><\/span><\/h4>\n<h3><strong><span style=\"color: #ee7b1b;\"><a href=\"https:\/\/www.elagproducts.com\/wp-content\/uploads\/2014\/10\/lieferbar_icon.png\"><img decoding=\"async\" class=\"alignnone wp-image-3345 size-full\" src=\"https:\/\/www.elagproducts.com\/wp-content\/uploads\/2014\/10\/lieferbar_icon.png\" alt=\"\" width=\"15\" height=\"14\" \/><\/a><\/span><\/strong><span style=\"color: #ee7b1b;\">\u00a0<\/span><span style=\"color: #ee7b1b;\"><span style=\"color: #7ad04f;\">verf\u00fcgbar<\/span><\/span><\/h3>\n","protected":false},"featured_media":9905,"comment_status":"open","ping_status":"closed","template":"","meta":{"content-type":"","_mi_skip_tracking":false},"product_cat":[111,27],"product_tag":[],"yoast_head":"<!-- This site is optimized with the Yoast SEO plugin v20.5 - https:\/\/yoast.com\/wordpress\/plugins\/seo\/ -->\n<title>Gourmet-Grillplatte f\u00fcr Induktion - Bratplatte &amp; Grillaufsatz | ELAG<\/title>\n<meta name=\"description\" content=\"Die Gourmet-Grillplatte wird aus hochwertigstem und dickem Gusseisen gefertigt. Die Bratplatte verzieht sich nicht dank seines besonderen ELAG ThermoComplex...\" \/>\n<meta name=\"robots\" content=\"index, follow, max-snippet:-1, max-image-preview:large, max-video-preview:-1\" \/>\n<link rel=\"canonical\" href=\"https:\/\/www.elagproducts.com\/de\/shop\/zubehoer\/gourmet-grillplatte-2\/\" \/>\n<meta property=\"og:locale\" content=\"de_DE\" \/>\n<meta property=\"og:type\" content=\"article\" \/>\n<meta property=\"og:title\" content=\"Gourmet-Grillplatte f\u00fcr Induktion - Bratplatte &amp; Grillaufsatz | ELAG\" \/>\n<meta property=\"og:description\" content=\"Die Gourmet-Grillplatte wird aus hochwertigstem und dickem Gusseisen gefertigt. Die Bratplatte verzieht sich nicht dank seines besonderen ELAG ThermoComplex...\" \/>\n<meta property=\"og:url\" content=\"https:\/\/www.elagproducts.com\/de\/shop\/zubehoer\/gourmet-grillplatte-2\/\" \/>\n<meta property=\"og:site_name\" content=\"ELAG - LeMax Grills &amp; High-Quality Cooktops\" \/>\n<meta property=\"article:modified_time\" content=\"2021-09-21T17:31:38+00:00\" \/>\n<meta property=\"og:image\" content=\"https:\/\/i0.wp.com\/www.elagproducts.com\/wp-content\/uploads\/2020\/05\/gourmet_grillplatte_shop_01.jpeg?fit=1000%2C1000&ssl=1\" \/>\n\t<meta property=\"og:image:width\" content=\"1000\" \/>\n\t<meta property=\"og:image:height\" content=\"1000\" \/>\n\t<meta property=\"og:image:type\" content=\"image\/jpeg\" \/>\n<meta name=\"twitter:label1\" content=\"Gesch\u00e4tzte Lesezeit\" \/>\n\t<meta name=\"twitter:data1\" content=\"4\u00a0Minuten\" \/>\n<script type=\"application\/ld+json\" class=\"yoast-schema-graph\">{\"@context\":\"https:\/\/schema.org\",\"@graph\":[{\"@type\":\"WebPage\",\"@id\":\"https:\/\/www.elagproducts.com\/de\/shop\/zubehoer\/gourmet-grillplatte-2\/\",\"url\":\"https:\/\/www.elagproducts.com\/de\/shop\/zubehoer\/gourmet-grillplatte-2\/\",\"name\":\"Gourmet-Grillplatte f\u00fcr Induktion - Bratplatte & Grillaufsatz | ELAG\",\"isPartOf\":{\"@id\":\"https:\/\/www.elagproducts.com\/de\/#website\"},\"datePublished\":\"2021-09-19T15:00:16+00:00\",\"dateModified\":\"2021-09-21T17:31:38+00:00\",\"description\":\"Die Gourmet-Grillplatte wird aus hochwertigstem und dickem Gusseisen gefertigt. Die Bratplatte verzieht sich nicht dank seines besonderen ELAG ThermoComplex...\",\"breadcrumb\":{\"@id\":\"https:\/\/www.elagproducts.com\/de\/shop\/zubehoer\/gourmet-grillplatte-2\/#breadcrumb\"},\"inLanguage\":\"de\",\"potentialAction\":[{\"@type\":\"ReadAction\",\"target\":[\"https:\/\/www.elagproducts.com\/de\/shop\/zubehoer\/gourmet-grillplatte-2\/\"]}]},{\"@type\":\"BreadcrumbList\",\"@id\":\"https:\/\/www.elagproducts.com\/de\/shop\/zubehoer\/gourmet-grillplatte-2\/#breadcrumb\",\"itemListElement\":[{\"@type\":\"ListItem\",\"position\":1,\"name\":\"Home\",\"item\":\"https:\/\/www.elagproducts.com\/de\/\"},{\"@type\":\"ListItem\",\"position\":2,\"name\":\"Shop\",\"item\":\"https:\/\/www.elagproducts.com\/de\/shop\/\"},{\"@type\":\"ListItem\",\"position\":3,\"name\":\"ELAG Gourmet Grillplatte *SONDERPREIS*\"}]},{\"@type\":\"WebSite\",\"@id\":\"https:\/\/www.elagproducts.com\/de\/#website\",\"url\":\"https:\/\/www.elagproducts.com\/de\/\",\"name\":\"ELAG - LeMax Grills &amp; High-Quality Cooktops\",\"description\":\"\",\"potentialAction\":[{\"@type\":\"SearchAction\",\"target\":{\"@type\":\"EntryPoint\",\"urlTemplate\":\"https:\/\/www.elagproducts.com\/de\/?s={search_term_string}\"},\"query-input\":\"required name=search_term_string\"}],\"inLanguage\":\"de\"}]}<\/script>\n<!-- \/ Yoast SEO plugin. -->","yoast_head_json":{"title":"Gourmet-Grillplatte f\u00fcr Induktion - Bratplatte & Grillaufsatz | ELAG","description":"Die Gourmet-Grillplatte wird aus hochwertigstem und dickem Gusseisen gefertigt. Die Bratplatte verzieht sich nicht dank seines besonderen ELAG ThermoComplex...","robots":{"index":"index","follow":"follow","max-snippet":"max-snippet:-1","max-image-preview":"max-image-preview:large","max-video-preview":"max-video-preview:-1"},"canonical":"https:\/\/www.elagproducts.com\/de\/shop\/zubehoer\/gourmet-grillplatte-2\/","og_locale":"de_DE","og_type":"article","og_title":"Gourmet-Grillplatte f\u00fcr Induktion - Bratplatte & Grillaufsatz | ELAG","og_description":"Die Gourmet-Grillplatte wird aus hochwertigstem und dickem Gusseisen gefertigt. Die Bratplatte verzieht sich nicht dank seines besonderen ELAG ThermoComplex...","og_url":"https:\/\/www.elagproducts.com\/de\/shop\/zubehoer\/gourmet-grillplatte-2\/","og_site_name":"ELAG - LeMax Grills &amp; High-Quality Cooktops","article_modified_time":"2021-09-21T17:31:38+00:00","og_image":[{"width":1000,"height":1000,"url":"https:\/\/i0.wp.com\/www.elagproducts.com\/wp-content\/uploads\/2020\/05\/gourmet_grillplatte_shop_01.jpeg?fit=1000%2C1000&ssl=1","type":"image\/jpeg"}],"twitter_misc":{"Gesch\u00e4tzte Lesezeit":"4\u00a0Minuten"},"schema":{"@context":"https:\/\/schema.org","@graph":[{"@type":"WebPage","@id":"https:\/\/www.elagproducts.com\/de\/shop\/zubehoer\/gourmet-grillplatte-2\/","url":"https:\/\/www.elagproducts.com\/de\/shop\/zubehoer\/gourmet-grillplatte-2\/","name":"Gourmet-Grillplatte f\u00fcr Induktion - Bratplatte & Grillaufsatz | ELAG","isPartOf":{"@id":"https:\/\/www.elagproducts.com\/de\/#website"},"datePublished":"2021-09-19T15:00:16+00:00","dateModified":"2021-09-21T17:31:38+00:00","description":"Die Gourmet-Grillplatte wird aus hochwertigstem und dickem Gusseisen gefertigt. Die Bratplatte verzieht sich nicht dank seines besonderen ELAG ThermoComplex...","breadcrumb":{"@id":"https:\/\/www.elagproducts.com\/de\/shop\/zubehoer\/gourmet-grillplatte-2\/#breadcrumb"},"inLanguage":"de","potentialAction":[{"@type":"ReadAction","target":["https:\/\/www.elagproducts.com\/de\/shop\/zubehoer\/gourmet-grillplatte-2\/"]}]},{"@type":"BreadcrumbList","@id":"https:\/\/www.elagproducts.com\/de\/shop\/zubehoer\/gourmet-grillplatte-2\/#breadcrumb","itemListElement":[{"@type":"ListItem","position":1,"name":"Home","item":"https:\/\/www.elagproducts.com\/de\/"},{"@type":"ListItem","position":2,"name":"Shop","item":"https:\/\/www.elagproducts.com\/de\/shop\/"},{"@type":"ListItem","position":3,"name":"ELAG Gourmet Grillplatte *SONDERPREIS*"}]},{"@type":"WebSite","@id":"https:\/\/www.elagproducts.com\/de\/#website","url":"https:\/\/www.elagproducts.com\/de\/","name":"ELAG - LeMax Grills &amp; High-Quality Cooktops","description":"","potentialAction":[{"@type":"SearchAction","target":{"@type":"EntryPoint","urlTemplate":"https:\/\/www.elagproducts.com\/de\/?s={search_term_string}"},"query-input":"required name=search_term_string"}],"inLanguage":"de"}]}},"_links":{"self":[{"href":"https:\/\/www.elagproducts.com\/de\/wp-json\/wp\/v3\/product\/12469"}],"collection":[{"href":"https:\/\/www.elagproducts.com\/de\/wp-json\/wp\/v3\/product"}],"about":[{"href":"https:\/\/www.elagproducts.com\/de\/wp-json\/wp\/v2\/types\/product"}],"replies":[{"embeddable":true,"href":"https:\/\/www.elagproducts.com\/de\/wp-json\/wp\/v2\/comments?post=12469"}],"wp:featuredmedia":[{"embeddable":true,"href":"https:\/\/www.elagproducts.com\/de\/wp-json\/wp\/v2\/media\/9905"}],"wp:attachment":[{"href":"https:\/\/www.elagproducts.com\/de\/wp-json\/wp\/v2\/media?parent=12469"}],"wp:term":[{"taxonomy":"product_cat","embeddable":true,"href":"https:\/\/www.elagproducts.com\/de\/wp-json\/wp\/v2\/product_cat?post=12469"},{"taxonomy":"product_tag","embeddable":true,"href":"https:\/\/www.elagproducts.com\/de\/wp-json\/wp\/v2\/product_tag?post=12469"}],"curies":[{"name":"wp","href":"https:\/\/api.w.org\/{rel}","templated":true}]}}