{"id":12259,"date":"2021-09-17T17:13:39","date_gmt":"2021-09-17T15:13:44","guid":{"rendered":"https:\/\/www.elagproducts.com\/?post_type=product&#038;p=12259"},"modified":"2024-03-25T13:47:14","modified_gmt":"2024-03-25T11:47:14","slug":"gourmet-grillplatte","status":"publish","type":"product","link":"https:\/\/www.elagproducts.com\/de\/shop\/kochgeschirr\/gourmet-grillplatte\/","title":{"rendered":"ELAG Gourmet Grillplatte"},"content":{"rendered":"<p><div class=\"fusion-fullwidth fullwidth-box fusion-builder-row-2 fusion-flex-container nonhundred-percent-fullwidth non-hundred-percent-height-scrolling\" style=\"background-color: rgba(255,255,255,0);background-position: center center;background-repeat: no-repeat;border-width: 0px 0px 0px 0px;border-color:#eae9e9;border-style:solid;\" ><div class=\"fusion-builder-row fusion-row fusion-flex-align-items-flex-start\" style=\"max-width:1144px;margin-left: calc(-4% \/ 2 );margin-right: calc(-4% \/ 2 );\"><div class=\"fusion-layout-column fusion_builder_column fusion-builder-column-1 fusion_builder_column_1_1 1_1 fusion-flex-column\"><div class=\"fusion-column-wrapper fusion-flex-justify-content-flex-start fusion-content-layout-column\" style=\"background-position:left top;background-repeat:no-repeat;-webkit-background-size:cover;-moz-background-size:cover;-o-background-size:cover;background-size:cover;padding: 0px 0px 0px 0px;\"><div class=\"fusion-video fusion-youtube\" style=\"max-width:1100px;max-height:619px;align-self:center; width:100%\"><div class=\"video-shortcode\"><iframe title=\"YouTube video player\" src=\"https:\/\/www.youtube.com\/embed\/IhRW4sddDgo?wmode=transparent&autoplay=0\" width=\"1100\" height=\"619\" allowfullscreen allow=\"autoplay; fullscreen\"><\/iframe><\/div><\/div><\/div><\/div><style type=\"text\/css\">.fusion-body .fusion-builder-column-1{width:100% !important;margin-top : 0px;margin-bottom : 6px;}.fusion-builder-column-1 > .fusion-column-wrapper {padding-top : 0px !important;padding-right : 0px !important;margin-right : 1.92%;padding-bottom : 0px !important;padding-left : 0px !important;margin-left : 1.92%;}@media only screen and (max-width:1024px) {.fusion-body .fusion-builder-column-1{width:100% !important;order : 0;}.fusion-builder-column-1 > .fusion-column-wrapper {margin-right : 1.92%;margin-left : 1.92%;}}@media only screen and (max-width:640px) {.fusion-body .fusion-builder-column-1{width:100% !important;order : 0;}.fusion-builder-column-1 > .fusion-column-wrapper {margin-right : 1.92%;margin-left : 1.92%;}}<\/style><\/div><style type=\"text\/css\">.fusion-body .fusion-flex-container.fusion-builder-row-2{ padding-top : 0px;margin-top : 0px;padding-right : 0px;padding-bottom : 0px;margin-bottom : 0px;padding-left : 0px;}<\/style><\/div><div class=\"fusion-fullwidth fullwidth-box fusion-builder-row-4 fusion-flex-container nonhundred-percent-fullwidth non-hundred-percent-height-scrolling\" style=\"background-color: rgba(31,153,145,0.26);background-position: center center;background-repeat: no-repeat;border-width: 0px 0px 0px 0px;border-color:#eae9e9;border-style:solid;\" ><div class=\"fusion-builder-row fusion-row fusion-flex-align-items-flex-start\" style=\"max-width:1144px;margin-left: calc(-4% \/ 2 );margin-right: calc(-4% \/ 2 );\"><div class=\"fusion-layout-column fusion_builder_column fusion-builder-column-6 fusion_builder_column_1_4 1_4 fusion-flex-column\"><div class=\"fusion-column-wrapper fusion-flex-justify-content-flex-start fusion-content-layout-column\" style=\"background-position:left top;background-repeat:no-repeat;-webkit-background-size:cover;-moz-background-size:cover;-o-background-size:cover;background-size:cover;padding: 0px 10px 0px 10px;\"><i class=\"fb-icon-element-5 fb-icon-element fontawesome-icon fa-hammer fas circle-yes\" style=\"font-size:28.16px;line-height:54.32px;height:56.32px;width:56.32px;border-width:1px;align-self:center;margin-bottom:20px;\"><\/i><style>i.fb-icon-element.fontawesome-icon.fb-icon-element-5{ color: #ffffff; background-color: #333333; border-color: #333333;}i.fb-icon-element.fontawesome-icon.fb-icon-element-5:hover { color: #ffffff; background-color: #333333; border-color: #333333;}<\/style><div class=\"fusion-text fusion-text-5\"><p style=\"text-align: center; font-size: 22px;\" data-fusion-font=\"true\"><b>Qualit\u00e4tsprodukt<\/b><\/p>\n<p style=\"text-align: center; font-size: 21px;\" data-fusion-font=\"true\">Hergestellt f\u00fcr die Ewigkeit. Damit Du lange Freude an Deinem Kochgeschirr hast.<\/p>\n<\/div><\/div><\/div><style type=\"text\/css\">.fusion-body .fusion-builder-column-6{width:25% !important;margin-top : 0px;margin-bottom : 20px;}.fusion-builder-column-6 > .fusion-column-wrapper {padding-top : 0px !important;padding-right : 10px !important;margin-right : 7.68%;padding-bottom : 0px !important;padding-left : 10px !important;margin-left : 7.68%;}@media only screen and (max-width:1024px) {.fusion-body .fusion-builder-column-6{width:100% !important;order : 0;}.fusion-builder-column-6 > .fusion-column-wrapper {margin-right : 1.92%;margin-left : 1.92%;}}@media only screen and (max-width:640px) {.fusion-body .fusion-builder-column-6{width:100% !important;order : 0;}.fusion-builder-column-6 > .fusion-column-wrapper {margin-right : 1.92%;margin-left : 1.92%;}}<\/style><div class=\"fusion-layout-column fusion_builder_column fusion-builder-column-7 fusion_builder_column_1_4 1_4 fusion-flex-column\"><div class=\"fusion-column-wrapper fusion-flex-justify-content-flex-start fusion-content-layout-column\" style=\"background-position:left top;background-repeat:no-repeat;-webkit-background-size:cover;-moz-background-size:cover;-o-background-size:cover;background-size:cover;padding: 0px 10px 0px 10px;\"><i class=\"fb-icon-element-6 fb-icon-element fontawesome-icon fa-hand-sparkles fas circle-yes\" style=\"font-size:28.16px;line-height:54.32px;height:56.32px;width:56.32px;border-width:1px;align-self:center;margin-bottom:20px;\"><\/i><style>i.fb-icon-element.fontawesome-icon.fb-icon-element-6{ color: #ffffff; background-color: #333333; border-color: #333333;}i.fb-icon-element.fontawesome-icon.fb-icon-element-6:hover { color: #ffffff; background-color: #333333; border-color: #333333;}<\/style><div class=\"fusion-text fusion-text-6\"><p style=\"text-align: center; font-size: 22px;\" data-fusion-font=\"true\"><b>Leichte Reinigung<\/b><\/p>\n<p style=\"text-align: center; font-size: 21px;\" data-fusion-font=\"true\">Dank der hochwertigen Antihaft-Beschichtung ist die Reinigung ein Kinderspiel.<\/p>\n<\/div><\/div><\/div><style type=\"text\/css\">.fusion-body .fusion-builder-column-7{width:25% !important;margin-top : 0px;margin-bottom : 20px;}.fusion-builder-column-7 > .fusion-column-wrapper {padding-top : 0px !important;padding-right : 10 !important;margin-right : 7.68%;padding-bottom : 0px !important;padding-left : 10 !important;margin-left : 7.68%;}@media only screen and (max-width:1024px) {.fusion-body .fusion-builder-column-7{width:100% !important;order : 0;}.fusion-builder-column-7 > .fusion-column-wrapper {margin-right : 1.92%;margin-left : 1.92%;}}@media only screen and (max-width:640px) {.fusion-body .fusion-builder-column-7{width:100% !important;order : 0;}.fusion-builder-column-7 > .fusion-column-wrapper {margin-right : 1.92%;margin-left : 1.92%;}}<\/style><div class=\"fusion-layout-column fusion_builder_column fusion-builder-column-8 fusion_builder_column_1_4 1_4 fusion-flex-column\"><div class=\"fusion-column-wrapper fusion-flex-justify-content-flex-start fusion-content-layout-column\" style=\"background-position:left top;background-repeat:no-repeat;-webkit-background-size:cover;-moz-background-size:cover;-o-background-size:cover;background-size:cover;padding: 0px 10px 0px 10px;\"><i class=\"fb-icon-element-7 fb-icon-element fontawesome-icon fa-concierge-bell fas circle-yes\" style=\"font-size:28.16px;line-height:54.32px;height:56.32px;width:56.32px;border-width:1px;align-self:center;margin-bottom:20px;\"><\/i><style>i.fb-icon-element.fontawesome-icon.fb-icon-element-7{ color: #ffffff; background-color: #333333; border-color: #333333;}i.fb-icon-element.fontawesome-icon.fb-icon-element-7:hover { color: #ffffff; background-color: #333333; border-color: #333333;}<\/style><div class=\"fusion-text fusion-text-7\"><p style=\"text-align: center; font-size: 22px;\" data-fusion-font=\"true\"><b>Mehr M\u00f6glichkeiten<\/b><\/p>\n<p style=\"text-align: center; font-size: 21px;\" data-fusion-font=\"true\">Gegrillte Steaks, ganzer Fisch, Grillspie\u00dfe und vieles mehr ist fortan m\u00f6glich.<\/p>\n<\/div><\/div><\/div><style type=\"text\/css\">.fusion-body .fusion-builder-column-8{width:25% !important;margin-top : 0px;margin-bottom : 20px;}.fusion-builder-column-8 > .fusion-column-wrapper {padding-top : 0px !important;padding-right : 10 !important;margin-right : 7.68%;padding-bottom : 0px !important;padding-left : 10 !important;margin-left : 7.68%;}@media only screen and (max-width:1024px) {.fusion-body .fusion-builder-column-8{width:100% !important;order : 0;}.fusion-builder-column-8 > .fusion-column-wrapper {margin-right : 1.92%;margin-left : 1.92%;}}@media only screen and (max-width:640px) {.fusion-body .fusion-builder-column-8{width:100% !important;order : 0;}.fusion-builder-column-8 > .fusion-column-wrapper {margin-right : 1.92%;margin-left : 1.92%;}}<\/style><div class=\"fusion-layout-column fusion_builder_column fusion-builder-column-9 fusion_builder_column_1_4 1_4 fusion-flex-column\"><div class=\"fusion-column-wrapper fusion-flex-justify-content-flex-start fusion-content-layout-column\" style=\"background-position:left top;background-repeat:no-repeat;-webkit-background-size:cover;-moz-background-size:cover;-o-background-size:cover;background-size:cover;padding: 0px 10px 0px 10px;\"><i class=\"fb-icon-element-8 fb-icon-element fontawesome-icon fa-band-aid fas circle-yes\" style=\"font-size:28.16px;line-height:54.32px;height:56.32px;width:56.32px;border-width:1px;align-self:center;margin-bottom:20px;\"><\/i><style>i.fb-icon-element.fontawesome-icon.fb-icon-element-8{ color: #ffffff; background-color: #333333; border-color: #333333;}i.fb-icon-element.fontawesome-icon.fb-icon-element-8:hover { color: #ffffff; background-color: #333333; border-color: #333333;}<\/style><div class=\"fusion-text fusion-text-8\"><p style=\"text-align: center; font-size: 22px;\" data-fusion-font=\"true\"><b>Keine Kratzer mehr<\/b><\/p>\n<p style=\"text-align: center; font-size: 21px;\" data-fusion-font=\"true\">Das erste Kochgeschirr, das keine Kratzer auf dem Kochfeld hinterl\u00e4sst.<\/p>\n<\/div><\/div><\/div><style type=\"text\/css\">.fusion-body .fusion-builder-column-9{width:25% !important;margin-top : 0px;margin-bottom : 20px;}.fusion-builder-column-9 > .fusion-column-wrapper {padding-top : 0px !important;padding-right : 10 !important;margin-right : 7.68%;padding-bottom : 0px !important;padding-left : 10 !important;margin-left : 7.68%;}@media only screen and (max-width:1024px) {.fusion-body .fusion-builder-column-9{width:100% !important;order : 0;}.fusion-builder-column-9 > .fusion-column-wrapper {margin-right : 1.92%;margin-left : 1.92%;}}@media only screen and (max-width:640px) {.fusion-body .fusion-builder-column-9{width:100% !important;order : 0;}.fusion-builder-column-9 > .fusion-column-wrapper {margin-right : 1.92%;margin-left : 1.92%;}}<\/style><\/div><style type=\"text\/css\">.fusion-body .fusion-flex-container.fusion-builder-row-4{ padding-top : 27px;margin-top : 8px;padding-right : 0px;padding-bottom : 0px;margin-bottom : 0px;padding-left : 0px;}<\/style><\/div><div class=\"fusion-fullwidth fullwidth-box fusion-builder-row-6 fusion-flex-container nonhundred-percent-fullwidth non-hundred-percent-height-scrolling\" style=\"background-color: rgba(255,255,255,0);background-position: center center;background-repeat: no-repeat;border-width: 0px 0px 0px 0px;border-color:#eae9e9;border-style:solid;\" ><div class=\"fusion-builder-row fusion-row fusion-flex-align-items-flex-start\" style=\"max-width:1144px;margin-left: calc(-4% \/ 2 );margin-right: calc(-4% \/ 2 );\"><div class=\"fusion-layout-column fusion_builder_column fusion-builder-column-12 fusion_builder_column_2_3 2_3 fusion-flex-column\"><div class=\"fusion-column-wrapper fusion-flex-justify-content-flex-start fusion-content-layout-column\" style=\"background-position:left top;background-repeat:no-repeat;-webkit-background-size:cover;-moz-background-size:cover;-o-background-size:cover;background-size:cover;padding: 0px 0px 0px 20px;\"><div class=\"fusion-text fusion-text-12\"><p><b style=\"font-size: 35px;\" data-fusion-font=\"true\">Eigenschaften<\/b><\/p>\n<p><b>HOCHWERTIGE GRILLPLATTE F\u00dcR DIE EWIGKEIT<\/b> \u2013 Die Grillplatte wird aus hochwertigstem und dickem Gusseisen gefertigt. Die Bratplatte verzieht sich nicht dank seines besonderen ELAG ThermoComplex Bodens.<\/p>\n<p><b>MIT ANTIHAFT BESCHICHTUNG<\/b> \u2013 Die ELAG Grillplatte verf\u00fcgt \u00fcber eine robuste Antihaft-Beschichtung. Die Grillplatte verliert auch nach Jahren nicht an dieser Eigenschaft. Genie\u00dfen Sie fettfreies Braten und eine schnelle Reinigung.<\/p>\n<p><b>ELEGANTES UND FUNKTIONALES DESIGN<\/b> \u2013 Die Bratplatte f\u00fcr Induktion beweist ein zeitloses Design mit eleganten Griffleisten. Dar\u00fcber hinaus verf\u00fcgt die Grillplatte sowohl \u00fcber eine gerippt als auch eine glatte Grillfl\u00e4che. Somit l\u00e4sst die Grillplatte keine W\u00fcnsche beim Grillen und Braten \u00fcbrig.<\/p>\n<p><b>MIT HITZEBEST\u00c4NDIGEN UND KRATZFESTEN SPEZIALF\u00dc\u00dfEN<\/b> \u2013 Dank der in der Industrie einzigartigen Spezial-Standf\u00fc\u00dfen brauchen Sie zu keine Sorgen mehr haben, dass Sie die Glasfl\u00e4che Ihres Kochfeldes besch\u00e4digen. Ein enormer Vorteil gegen\u00fcber herk\u00f6mmlichen Grillplatten.<\/p>\n<p><b>F\u00dcR ALLE GEEIGNET UND DOCH OPTIMIERT F\u00dcR ELAG KOCHFELDER<\/b> \u2013 Die Grillplatte eignet sich problemlos f\u00fcr alle Induktionskochfelder. Die Temperatureigenschaften und Gr\u00f6\u00dfe der Platte wurde jedoch auf die Standards von ELAG Kochfeldern aus Deutschland optimiert.<\/p>\n<p><b><i>Wichtiger Hinweis!<\/i><\/b><\/p>\n<p><i>Die Grillplatte kann auch f\u00fcr Glaskeramik-Kochfelder ohne Induktion verwendet werden. Hierf\u00fcr m\u00fcssen jedoch die Spezialf\u00fc\u00dfchen auf dem Boden der Grillplatte endg\u00fcltig gel\u00f6st werden.<\/i><\/p>\n<\/div><\/div><\/div><style type=\"text\/css\">.fusion-body .fusion-builder-column-12{width:66.666666666667% !important;margin-top : 0px;margin-bottom : 20px;}.fusion-builder-column-12 > .fusion-column-wrapper {padding-top : 0px !important;padding-right : 0px !important;margin-right : 2.88%;padding-bottom : 0px !important;padding-left : 20 !important;margin-left : 2.88%;}@media only screen and (max-width:1024px) {.fusion-body .fusion-builder-column-12{width:100% !important;order : 0;}.fusion-builder-column-12 > .fusion-column-wrapper {margin-right : 1.92%;margin-left : 1.92%;}}@media only screen and (max-width:640px) {.fusion-body .fusion-builder-column-12{width:100% !important;order : 0;}.fusion-builder-column-12 > .fusion-column-wrapper {margin-right : 1.92%;margin-left : 1.92%;}}<\/style><div class=\"fusion-layout-column fusion_builder_column fusion-builder-column-13 fusion_builder_column_1_3 1_3 fusion-flex-column\"><div class=\"fusion-column-wrapper fusion-flex-justify-content-flex-start fusion-content-layout-column\" style=\"background-position:left top;background-repeat:no-repeat;-webkit-background-size:cover;-moz-background-size:cover;-o-background-size:cover;background-size:cover;padding: 0px 0px 0px 20px;\"><div class=\"fusion-text fusion-text-13\"><p><span style=\"color: var(--body_typography-color); font-family: var(--body_typography-font-family); font-size: var(--body_typography-font-size); font-style: var(--body_typography-font-style,normal); letter-spacing: var(--body_typography-letter-spacing);\"><b style=\"font-size: 35px;\" data-fusion-font=\"true\">Technische Angaben<\/b><\/span><\/p>\n<p>Abmessung: 43 x 23 cm<\/p>\n<p>Grillfl\u00e4che: 37 x 20 cm<\/p>\n<p>Gewicht: 4,6 kg<\/p>\n<\/div><div class=\"fusion-text fusion-text-14\"><p>&nbsp;<\/p>\n<p><span style=\"color: var(--body_typography-color); font-family: var(--body_typography-font-family); font-size: var(--body_typography-font-size); font-style: var(--body_typography-font-style,normal); letter-spacing: var(--body_typography-letter-spacing);\"><b style=\"font-size: 35px;\" data-fusion-font=\"true\">In der Kiste<\/b><\/span><\/p>\n<p>&#8211; Gourmet-Grillplatte<\/p>\n<p>&#8211; Gebrauchs- &amp; Sicherheitsanweisung<\/p>\n<p>&#8211; Rezeptkarte<\/p>\n<p>&#8211; 2 Topflappen<\/p>\n<p>&#8211; Aufsteller<\/p>\n<\/div><\/div><\/div><style type=\"text\/css\">.fusion-body .fusion-builder-column-13{width:33.333333333333% !important;margin-top : 0px;margin-bottom : 20px;}.fusion-builder-column-13 > .fusion-column-wrapper {padding-top : 0px !important;padding-right : 0px !important;margin-right : 5.76%;padding-bottom : 0px !important;padding-left : 20 !important;margin-left : 5.76%;}@media only screen and (max-width:1024px) {.fusion-body .fusion-builder-column-13{width:100% !important;order : 0;}.fusion-builder-column-13 > .fusion-column-wrapper {margin-right : 1.92%;margin-left : 1.92%;}}@media only screen and (max-width:640px) {.fusion-body .fusion-builder-column-13{width:100% !important;order : 0;}.fusion-builder-column-13 > .fusion-column-wrapper {margin-right : 1.92%;margin-left : 1.92%;}}<\/style><\/div><style type=\"text\/css\">.fusion-body .fusion-flex-container.fusion-builder-row-6{ padding-top : 46px;margin-top : 0px;padding-right : 0px;padding-bottom : 0px;margin-bottom : 0px;padding-left : 0px;}<\/style><\/div><\/p>\n","protected":false},"excerpt":{"rendered":"<p><a href=\"http:\/\/www.elagproducts.com\/wp-content\/uploads\/2016\/05\/tested_for_lemax.png\"><img decoding=\"async\" class=\"alignnone wp-image-3355\" src=\"http:\/\/www.elagproducts.com\/wp-content\/uploads\/2016\/05\/tested_for_lemax.png\" alt=\"tested_for_lemax\" width=\"23\" height=\"25\" srcset=\"https:\/\/i0.wp.com\/www.elagproducts.com\/wp-content\/uploads\/2016\/05\/tested_for_lemax.png?resize=120%2C130&amp;ssl=1 120w, https:\/\/i0.wp.com\/www.elagproducts.com\/wp-content\/uploads\/2016\/05\/tested_for_lemax.png?fit=200%2C217&amp;ssl=1 200w\" sizes=\"(max-width: 23px) 100vw, 23px\" \/><\/a>\u00a0<strong>Getestet f\u00fcr Induktionskochfelder<\/strong><\/p>\n<p>Die ELAG Gourmet-Grillplatte holt das meiste aus Deinem Kochfeld heraus! Er\u00f6ffne Dir neue M\u00f6glichkeiten beim Kochen und Du wird begeistert sein!<\/p>\n<h4><span style=\"color: #58bdb6;\"><a style=\"color: #58bdb6;\" href=\"http:\/\/www.elagproducts.com\/de\/gourmet-grillplatte\">Mehr erfahren&#8230;<\/a><\/span><\/h4>\n<h3><strong><a style=\"color: #ee7b1b;\" href=\"https:\/\/www.elagproducts.com\/wp-content\/uploads\/2016\/02\/ausverkauft_icon.png\"><img decoding=\"async\" class=\"alignnone wp-image-4152 size-full\" src=\"https:\/\/www.elagproducts.com\/wp-content\/uploads\/2016\/02\/ausverkauft_icon.png\" alt=\"\" width=\"16\" height=\"17\" \/><\/a> <span style=\"color: #ff0000;\">Nicht verf\u00fcgbar<\/span><\/strong><\/h3>\n","protected":false},"featured_media":9905,"comment_status":"open","ping_status":"closed","template":"","meta":{"content-type":"","_mi_skip_tracking":false},"product_cat":[111],"product_tag":[],"yoast_head":"<!-- This site is optimized with the Yoast SEO plugin v20.5 - https:\/\/yoast.com\/wordpress\/plugins\/seo\/ -->\n<title>Gourmet-Grillplatte f\u00fcr Induktion - Bratplatte &amp; Grillaufsatz | ELAG<\/title>\n<meta name=\"description\" content=\"Die Gourmet-Grillplatte wird aus hochwertigstem und dickem Gusseisen gefertigt. Die Bratplatte verzieht sich nicht dank seines besonderen ELAG ThermoComplex...\" \/>\n<meta name=\"robots\" content=\"index, follow, max-snippet:-1, max-image-preview:large, max-video-preview:-1\" \/>\n<link rel=\"canonical\" href=\"https:\/\/www.elagproducts.com\/de\/shop\/kochgeschirr\/gourmet-grillplatte\/\" \/>\n<meta property=\"og:locale\" content=\"de_DE\" \/>\n<meta property=\"og:type\" content=\"article\" \/>\n<meta property=\"og:title\" content=\"Gourmet-Grillplatte f\u00fcr Induktion - Bratplatte &amp; Grillaufsatz | ELAG\" \/>\n<meta property=\"og:description\" content=\"Die Gourmet-Grillplatte wird aus hochwertigstem und dickem Gusseisen gefertigt. Die Bratplatte verzieht sich nicht dank seines besonderen ELAG ThermoComplex...\" \/>\n<meta property=\"og:url\" content=\"https:\/\/www.elagproducts.com\/de\/shop\/kochgeschirr\/gourmet-grillplatte\/\" \/>\n<meta property=\"og:site_name\" content=\"ELAG - LeMax Grills &amp; High-Quality Cooktops\" \/>\n<meta property=\"article:modified_time\" content=\"2024-03-25T11:47:14+00:00\" \/>\n<meta property=\"og:image\" content=\"https:\/\/www.elagproducts.com\/wp-content\/uploads\/2020\/05\/gourmet_grillplatte_shop_01.jpeg\" \/>\n\t<meta property=\"og:image:width\" content=\"1000\" \/>\n\t<meta property=\"og:image:height\" content=\"1000\" \/>\n\t<meta property=\"og:image:type\" content=\"image\/jpeg\" \/>\n<meta name=\"twitter:label1\" content=\"Gesch\u00e4tzte Lesezeit\" \/>\n\t<meta name=\"twitter:data1\" content=\"6\u00a0Minuten\" \/>\n<script type=\"application\/ld+json\" class=\"yoast-schema-graph\">{\"@context\":\"https:\/\/schema.org\",\"@graph\":[{\"@type\":\"WebPage\",\"@id\":\"https:\/\/www.elagproducts.com\/de\/shop\/kochgeschirr\/gourmet-grillplatte\/\",\"url\":\"https:\/\/www.elagproducts.com\/de\/shop\/kochgeschirr\/gourmet-grillplatte\/\",\"name\":\"Gourmet-Grillplatte f\u00fcr Induktion - Bratplatte & Grillaufsatz | ELAG\",\"isPartOf\":{\"@id\":\"https:\/\/www.elagproducts.com\/de\/#website\"},\"datePublished\":\"2021-09-17T15:13:44+00:00\",\"dateModified\":\"2024-03-25T11:47:14+00:00\",\"description\":\"Die Gourmet-Grillplatte wird aus hochwertigstem und dickem Gusseisen gefertigt. Die Bratplatte verzieht sich nicht dank seines besonderen ELAG ThermoComplex...\",\"breadcrumb\":{\"@id\":\"https:\/\/www.elagproducts.com\/de\/shop\/kochgeschirr\/gourmet-grillplatte\/#breadcrumb\"},\"inLanguage\":\"de\",\"potentialAction\":[{\"@type\":\"ReadAction\",\"target\":[\"https:\/\/www.elagproducts.com\/de\/shop\/kochgeschirr\/gourmet-grillplatte\/\"]}]},{\"@type\":\"BreadcrumbList\",\"@id\":\"https:\/\/www.elagproducts.com\/de\/shop\/kochgeschirr\/gourmet-grillplatte\/#breadcrumb\",\"itemListElement\":[{\"@type\":\"ListItem\",\"position\":1,\"name\":\"Home\",\"item\":\"https:\/\/www.elagproducts.com\/de\/\"},{\"@type\":\"ListItem\",\"position\":2,\"name\":\"Shop\",\"item\":\"https:\/\/www.elagproducts.com\/de\/shop\/\"},{\"@type\":\"ListItem\",\"position\":3,\"name\":\"ELAG Gourmet Grillplatte\"}]},{\"@type\":\"WebSite\",\"@id\":\"https:\/\/www.elagproducts.com\/de\/#website\",\"url\":\"https:\/\/www.elagproducts.com\/de\/\",\"name\":\"ELAG - LeMax Grills &amp; High-Quality Cooktops\",\"description\":\"\",\"potentialAction\":[{\"@type\":\"SearchAction\",\"target\":{\"@type\":\"EntryPoint\",\"urlTemplate\":\"https:\/\/www.elagproducts.com\/de\/?s={search_term_string}\"},\"query-input\":\"required name=search_term_string\"}],\"inLanguage\":\"de\"}]}<\/script>\n<!-- \/ Yoast SEO plugin. -->","yoast_head_json":{"title":"Gourmet-Grillplatte f\u00fcr Induktion - Bratplatte & Grillaufsatz | ELAG","description":"Die Gourmet-Grillplatte wird aus hochwertigstem und dickem Gusseisen gefertigt. Die Bratplatte verzieht sich nicht dank seines besonderen ELAG ThermoComplex...","robots":{"index":"index","follow":"follow","max-snippet":"max-snippet:-1","max-image-preview":"max-image-preview:large","max-video-preview":"max-video-preview:-1"},"canonical":"https:\/\/www.elagproducts.com\/de\/shop\/kochgeschirr\/gourmet-grillplatte\/","og_locale":"de_DE","og_type":"article","og_title":"Gourmet-Grillplatte f\u00fcr Induktion - Bratplatte & Grillaufsatz | ELAG","og_description":"Die Gourmet-Grillplatte wird aus hochwertigstem und dickem Gusseisen gefertigt. Die Bratplatte verzieht sich nicht dank seines besonderen ELAG ThermoComplex...","og_url":"https:\/\/www.elagproducts.com\/de\/shop\/kochgeschirr\/gourmet-grillplatte\/","og_site_name":"ELAG - LeMax Grills &amp; High-Quality Cooktops","article_modified_time":"2024-03-25T11:47:14+00:00","og_image":[{"width":1000,"height":1000,"url":"https:\/\/www.elagproducts.com\/wp-content\/uploads\/2020\/05\/gourmet_grillplatte_shop_01.jpeg","type":"image\/jpeg"}],"twitter_misc":{"Gesch\u00e4tzte Lesezeit":"6\u00a0Minuten"},"schema":{"@context":"https:\/\/schema.org","@graph":[{"@type":"WebPage","@id":"https:\/\/www.elagproducts.com\/de\/shop\/kochgeschirr\/gourmet-grillplatte\/","url":"https:\/\/www.elagproducts.com\/de\/shop\/kochgeschirr\/gourmet-grillplatte\/","name":"Gourmet-Grillplatte f\u00fcr Induktion - Bratplatte & Grillaufsatz | ELAG","isPartOf":{"@id":"https:\/\/www.elagproducts.com\/de\/#website"},"datePublished":"2021-09-17T15:13:44+00:00","dateModified":"2024-03-25T11:47:14+00:00","description":"Die Gourmet-Grillplatte wird aus hochwertigstem und dickem Gusseisen gefertigt. Die Bratplatte verzieht sich nicht dank seines besonderen ELAG ThermoComplex...","breadcrumb":{"@id":"https:\/\/www.elagproducts.com\/de\/shop\/kochgeschirr\/gourmet-grillplatte\/#breadcrumb"},"inLanguage":"de","potentialAction":[{"@type":"ReadAction","target":["https:\/\/www.elagproducts.com\/de\/shop\/kochgeschirr\/gourmet-grillplatte\/"]}]},{"@type":"BreadcrumbList","@id":"https:\/\/www.elagproducts.com\/de\/shop\/kochgeschirr\/gourmet-grillplatte\/#breadcrumb","itemListElement":[{"@type":"ListItem","position":1,"name":"Home","item":"https:\/\/www.elagproducts.com\/de\/"},{"@type":"ListItem","position":2,"name":"Shop","item":"https:\/\/www.elagproducts.com\/de\/shop\/"},{"@type":"ListItem","position":3,"name":"ELAG Gourmet Grillplatte"}]},{"@type":"WebSite","@id":"https:\/\/www.elagproducts.com\/de\/#website","url":"https:\/\/www.elagproducts.com\/de\/","name":"ELAG - LeMax Grills &amp; High-Quality Cooktops","description":"","potentialAction":[{"@type":"SearchAction","target":{"@type":"EntryPoint","urlTemplate":"https:\/\/www.elagproducts.com\/de\/?s={search_term_string}"},"query-input":"required name=search_term_string"}],"inLanguage":"de"}]}},"_links":{"self":[{"href":"https:\/\/www.elagproducts.com\/de\/wp-json\/wp\/v3\/product\/12259"}],"collection":[{"href":"https:\/\/www.elagproducts.com\/de\/wp-json\/wp\/v3\/product"}],"about":[{"href":"https:\/\/www.elagproducts.com\/de\/wp-json\/wp\/v2\/types\/product"}],"replies":[{"embeddable":true,"href":"https:\/\/www.elagproducts.com\/de\/wp-json\/wp\/v2\/comments?post=12259"}],"wp:featuredmedia":[{"embeddable":true,"href":"https:\/\/www.elagproducts.com\/de\/wp-json\/wp\/v2\/media\/9905"}],"wp:attachment":[{"href":"https:\/\/www.elagproducts.com\/de\/wp-json\/wp\/v2\/media?parent=12259"}],"wp:term":[{"taxonomy":"product_cat","embeddable":true,"href":"https:\/\/www.elagproducts.com\/de\/wp-json\/wp\/v2\/product_cat?post=12259"},{"taxonomy":"product_tag","embeddable":true,"href":"https:\/\/www.elagproducts.com\/de\/wp-json\/wp\/v2\/product_tag?post=12259"}],"curies":[{"name":"wp","href":"https:\/\/api.w.org\/{rel}","templated":true}]}}