{"id":11546,"date":"2021-05-27T09:21:23","date_gmt":"2021-05-27T07:21:05","guid":{"rendered":"https:\/\/www.elagproducts.com\/?post_type=product&#038;p=11546"},"modified":"2023-09-13T15:29:38","modified_gmt":"2023-09-13T13:29:38","slug":"elag-professional-line","status":"publish","type":"product","link":"https:\/\/www.elagproducts.com\/de\/shop\/kochfelder\/elag-professional-line\/","title":{"rendered":"ELAG Professional Line"},"content":{"rendered":"<h2><strong>ELAG Professional Line<\/strong><\/h2>\n<p><strong>Qualit\u00e4tsmerkmale:<\/strong><\/p>\n<ul>\n<li>FusionTechnology von ELAG beim Induktionsmodul<\/li>\n<li>Hochwertiges Edelstahlprofil in der Mitte<\/li>\n<li>Eleganter Edelstahlrahmen um jedes Modul<\/li>\n<li>ScratchPROTECT f\u00fcr mehr Kratzresistenz auf dem Induktionsmodul<\/li>\n<li>Entwickelt und hergestellt in Deutschland\u00a0(Mehr dazu:\u00a0<span style=\"color: #58bdb6;\"><a style=\"color: #58bdb6;\" href=\"https:\/\/www.elagproducts.com\/de\/deutsche-kochgeraete\/\">Unsere Produktion<\/a><\/span>)<\/li>\n<\/ul>\n<p><strong>Produktfunktionen und Besonderheiten:<\/strong><\/p>\n<ul>\n<li>FusionTechnology: mehr Flexibilit\u00e4t durch Zusammenschalten zweier Kochzonen zu einer durchgehenden Fl\u00e4che oder einer gro\u00dfen Kochzone<\/li>\n<li>Kurze Aufheizzeiten dank Induktionstechnik<\/li>\n<li>Besonders leichte Reinigung beim Grillmodul dank herausnehmbarer\u00a0Fettwanne<\/li>\n<li>Dank hoher Temperaturen exzellente Resultate bei Steaks und sonstigem Grillgut<\/li>\n<li>Endlose M\u00f6glichkeiten\u00a0beim\u00a0Kochen, D\u00fcnsten, Braten, Backen und Grillen<\/li>\n<li>Gesunde Zubereitung: kaum Fett bei der Zubereitung n\u00f6tig<\/li>\n<li>Alternativ ist das Kochen mit T\u00f6pfen und Pfannen auf dem LeMax Modul m\u00f6glich<\/li>\n<li>Weniger Kratzer auf der Glasplatte dank ScratchPROTECT<\/li>\n<li>Eine Touch Elektronik bietet Ihnen eine kompakte und elegante Steuerung<\/li>\n<li>Booster-Funktion auf beiden Induktions-Kochzonen<\/li>\n<\/ul>\n<p><strong>Sicherheit:<\/strong><\/p>\n<ul>\n<li>Lock-Funktion f\u00fcr Kindersicherheit<\/li>\n<li>Intelligente Topferkennung<\/li>\n<li>Automatisches Ausschalten bei \u00dcberhitzung<\/li>\n<li>Restw\u00e4rmeanzeige<\/li>\n<li>Zeitabschaltung<\/li>\n<li>Sicherheit und CE gepr\u00fcft<\/li>\n<\/ul>\n<p><strong>Lieferumfang:<\/strong><\/p>\n<ul>\n<li>Bedienungsanleitung<\/li>\n<li>Reinigungsglasschaber<\/li>\n<\/ul>\n<p><strong>Technische Angaben:<\/strong><\/p>\n<ul>\n<li>Kochfl\u00e4che Induktionsmodul:\u00a02x \u00a032,0 x 18,5 cm (mit FusionTechnology: 1x 32,0 x 37,0 cm)<\/li>\n<li>Kochfl\u00e4che LeMax Modul: 32,0 x 32,0 cm<\/li>\n<li>Abmessungen: 90,0\u00a0x 52,0 \u00a0x 6,2 cm<\/li>\n<li>Einbauma\u00dfe: 88,5 x 50,5 cm<\/li>\n<li>Gesamtgewicht: 15,8 kg<\/li>\n<li>Elektrischer Anschluss Induktionsmodul: 230 V, 16 A, 3700 W<\/li>\n<li>Elektrischer Anschluss LeMax Modul: 230 V, 16 A, 2700 W<\/li>\n<li>Netzkabel: 2x 2,00 m<\/li>\n<\/ul>\n","protected":false},"excerpt":{"rendered":"<h3><span style=\"color: #ff0000;\"><span style=\"caret-color: #ff0000;\"><span style=\"color: #000000;\">Das Beste vereint! &#8211; Ihr neues Flaggschiff in der K\u00fcche<\/span><\/span><\/span><\/h3>\n<h4><strong><span style=\"color: #808080;\">LeMax Einbau-Grill mit Fettwanne \u00a0&#8211;\u00a0<\/span><\/strong><strong><span style=\"color: #808080;\">Leistungsstarkes Induktionsmodul mit 2 Zonen &#8211; Hochwertige Edelstahlrahmen f\u00fcr zus\u00e4tzlichen Schutz &#8211; fl\u00e4chenb\u00fcndiger Einbau<\/span><\/strong><\/h4>\n<h4><span style=\"color: #58bdb6;\"><a style=\"color: #58bdb6;\" href=\"http:\/\/www.elagproducts.com\/de\/professional-line\/\">Mehr erfahren<\/a><\/span><\/h4>\n<h3><a href=\"http:\/\/www.elagproducts.com\/wp-content\/uploads\/2014\/10\/lieferbar_icon.png\"><img decoding=\"async\" class=\"alignnone size-full wp-image-3344\" src=\"http:\/\/www.elagproducts.com\/wp-content\/uploads\/2014\/10\/lieferbar_icon.png\" alt=\"lieferbar_icon\" width=\"15\" height=\"14\" \/><\/a> <span style=\"color: #7ad03a;\">verf\u00fcgar<\/span><\/h3>\n<h3><span style=\"color: #ee7b1b;\">\u00a0<\/span><\/h3>\n<p><em>inkl. 2 Jahre Garantie*<\/em><\/p>\n[fusion_builder_container admin_label=\"\" hundred_percent=\"yes\" equal_height_columns=\"no\" menu_anchor=\"\" hide_on_mobile=\"medium-visibility,large-visibility\" class=\"\" id=\"\" background_color=\"\" background_image=\"\" background_position=\"center center\" background_repeat=\"no-repeat\" fade=\"no\" background_parallax=\"none\" enable_mobile=\"no\" parallax_speed=\"0.3\" video_mp4=\"\" video_webm=\"\" video_ogv=\"\" video_url=\"\" video_aspect_ratio=\"16:9\" video_loop=\"yes\" video_mute=\"yes\" video_preview_image=\"\" border_size=\"2\" border_color=\"\" border_style=\"solid\" margin_top=\"\" margin_bottom=\"\" padding_top=\"5\" padding_right=\"5\" padding_bottom=\"5\" padding_left=\"5\"][fusion_builder_row][fusion_builder_column type=\"1_4\" layout=\"1_1\" background_position=\"left top\" background_color=\"\" border_size=\"\" border_color=\"\" border_style=\"solid\" spacing=\"yes\" background_image=\"\" background_repeat=\"no-repeat\" padding=\"\" margin_top=\"0px\" margin_bottom=\"0px\" class=\"\" id=\"\" animation_type=\"\" animation_speed=\"0.3\" animation_direction=\"left\" hide_on_mobile=\"no\" center_content=\"no\" min_height=\"none\" last=\"no\" hover_type=\"none\" link=\"\" border_position=\"all\"][fusion_imageframe image_id=\"5087\" style_type=\"none\" stylecolor=\"\" hover_type=\"none\" bordersize=\"\" bordercolor=\"\" borderradius=\"\" align=\"none\" lightbox=\"no\" gallery_id=\"\" lightbox_image=\"\" alt=\"\" link=\"http:\/\/www.elagproducts.com\/de\/shop\/zubehoer\/100121-sp\/\" linktarget=\"_self\" hide_on_mobile=\"small-visibility,medium-visibility,large-visibility\" class=\"\" id=\"\" animation_type=\"\" animation_direction=\"left\" animation_speed=\"0.3\" animation_offset=\"\"]http:\/\/www.elagproducts.com\/wp-content\/uploads\/2014\/10\/wender_set_empfehlung-300x222.png[\/fusion_imageframe][\/fusion_builder_column][fusion_builder_column type=\"3_4\" layout=\"2_3\" spacing=\"yes\" center_content=\"no\" hover_type=\"none\" link=\"\" min_height=\"none\" hide_on_mobile=\"no\" class=\"\" id=\"\" background_color=\"\" background_image=\"\" background_position=\"left top\" undefined=\"\" background_repeat=\"no-repeat\" border_size=\"\" border_color=\"\" border_style=\"solid\" border_position=\"all\" padding=\"\" margin_top=\"10px\" margin_bottom=\"0px\" animation_type=\"\" animation_direction=\"left\" animation_speed=\"0.3\" animation_offset=\"\" last=\"no\"][fusion_text]<\/p>\n<p><strong>Zubeh\u00f6r empfohlen:<\/strong>\u00a0mit dem Profi-Wender-Set haben Sie das perfekte Werkzeug f\u00fcr Ihren LeMax Grill.<\/p>\n<p>[\/fusion_text][\/fusion_builder_column][\/fusion_builder_row][\/fusion_builder_container]\n","protected":false},"featured_media":11548,"comment_status":"open","ping_status":"closed","template":"","meta":{"content-type":"","_mi_skip_tracking":false},"product_cat":[28],"product_tag":[],"yoast_head":"<!-- This site is optimized with the Yoast SEO plugin v20.5 - https:\/\/yoast.com\/wordpress\/plugins\/seo\/ -->\n<title>ELAG Professional Line | ELAG<\/title>\n<meta name=\"description\" content=\"ELAGs beste Technologien vereint in der ELAG Professional Line. Das LeMax Grillmodul Seite an Seite mit einem leistungsstarken Induktionsmodul....\" \/>\n<meta name=\"robots\" content=\"index, follow, max-snippet:-1, max-image-preview:large, max-video-preview:-1\" \/>\n<link rel=\"canonical\" href=\"https:\/\/www.elagproducts.com\/de\/shop\/kochfelder\/elag-professional-line\/\" \/>\n<meta property=\"og:locale\" content=\"de_DE\" \/>\n<meta property=\"og:type\" content=\"article\" \/>\n<meta property=\"og:title\" content=\"ELAG Professional Line | ELAG\" \/>\n<meta property=\"og:description\" content=\"ELAGs beste Technologien vereint in der ELAG Professional Line. Das LeMax Grillmodul Seite an Seite mit einem leistungsstarken Induktionsmodul....\" \/>\n<meta property=\"og:url\" content=\"https:\/\/www.elagproducts.com\/de\/shop\/kochfelder\/elag-professional-line\/\" \/>\n<meta property=\"og:site_name\" content=\"ELAG - LeMax Grills &amp; High-Quality Cooktops\" \/>\n<meta property=\"article:modified_time\" content=\"2023-09-13T13:29:38+00:00\" \/>\n<meta property=\"og:image\" content=\"https:\/\/www.elagproducts.com\/wp-content\/uploads\/2021\/05\/professional_line_shop_01.jpeg\" \/>\n\t<meta property=\"og:image:width\" content=\"1000\" \/>\n\t<meta property=\"og:image:height\" content=\"1000\" \/>\n\t<meta property=\"og:image:type\" content=\"image\/jpeg\" \/>\n<meta name=\"twitter:label1\" content=\"Gesch\u00e4tzte Lesezeit\" \/>\n\t<meta name=\"twitter:data1\" content=\"1\u00a0Minute\" \/>\n<script type=\"application\/ld+json\" class=\"yoast-schema-graph\">{\"@context\":\"https:\/\/schema.org\",\"@graph\":[{\"@type\":\"WebPage\",\"@id\":\"https:\/\/www.elagproducts.com\/de\/shop\/kochfelder\/elag-professional-line\/\",\"url\":\"https:\/\/www.elagproducts.com\/de\/shop\/kochfelder\/elag-professional-line\/\",\"name\":\"ELAG Professional Line | ELAG\",\"isPartOf\":{\"@id\":\"https:\/\/www.elagproducts.com\/de\/#website\"},\"datePublished\":\"2021-05-27T07:21:05+00:00\",\"dateModified\":\"2023-09-13T13:29:38+00:00\",\"description\":\"ELAGs beste Technologien vereint in der ELAG Professional Line. Das LeMax Grillmodul Seite an Seite mit einem leistungsstarken Induktionsmodul....\",\"breadcrumb\":{\"@id\":\"https:\/\/www.elagproducts.com\/de\/shop\/kochfelder\/elag-professional-line\/#breadcrumb\"},\"inLanguage\":\"de\",\"potentialAction\":[{\"@type\":\"ReadAction\",\"target\":[\"https:\/\/www.elagproducts.com\/de\/shop\/kochfelder\/elag-professional-line\/\"]}]},{\"@type\":\"BreadcrumbList\",\"@id\":\"https:\/\/www.elagproducts.com\/de\/shop\/kochfelder\/elag-professional-line\/#breadcrumb\",\"itemListElement\":[{\"@type\":\"ListItem\",\"position\":1,\"name\":\"Home\",\"item\":\"https:\/\/www.elagproducts.com\/de\/\"},{\"@type\":\"ListItem\",\"position\":2,\"name\":\"Shop\",\"item\":\"https:\/\/www.elagproducts.com\/de\/shop\/\"},{\"@type\":\"ListItem\",\"position\":3,\"name\":\"ELAG Professional Line\"}]},{\"@type\":\"WebSite\",\"@id\":\"https:\/\/www.elagproducts.com\/de\/#website\",\"url\":\"https:\/\/www.elagproducts.com\/de\/\",\"name\":\"ELAG - LeMax Grills &amp; High-Quality Cooktops\",\"description\":\"\",\"potentialAction\":[{\"@type\":\"SearchAction\",\"target\":{\"@type\":\"EntryPoint\",\"urlTemplate\":\"https:\/\/www.elagproducts.com\/de\/?s={search_term_string}\"},\"query-input\":\"required name=search_term_string\"}],\"inLanguage\":\"de\"}]}<\/script>\n<!-- \/ Yoast SEO plugin. -->","yoast_head_json":{"title":"ELAG Professional Line | ELAG","description":"ELAGs beste Technologien vereint in der ELAG Professional Line. Das LeMax Grillmodul Seite an Seite mit einem leistungsstarken Induktionsmodul....","robots":{"index":"index","follow":"follow","max-snippet":"max-snippet:-1","max-image-preview":"max-image-preview:large","max-video-preview":"max-video-preview:-1"},"canonical":"https:\/\/www.elagproducts.com\/de\/shop\/kochfelder\/elag-professional-line\/","og_locale":"de_DE","og_type":"article","og_title":"ELAG Professional Line | ELAG","og_description":"ELAGs beste Technologien vereint in der ELAG Professional Line. Das LeMax Grillmodul Seite an Seite mit einem leistungsstarken Induktionsmodul....","og_url":"https:\/\/www.elagproducts.com\/de\/shop\/kochfelder\/elag-professional-line\/","og_site_name":"ELAG - LeMax Grills &amp; High-Quality Cooktops","article_modified_time":"2023-09-13T13:29:38+00:00","og_image":[{"width":1000,"height":1000,"url":"https:\/\/www.elagproducts.com\/wp-content\/uploads\/2021\/05\/professional_line_shop_01.jpeg","type":"image\/jpeg"}],"twitter_misc":{"Gesch\u00e4tzte Lesezeit":"1\u00a0Minute"},"schema":{"@context":"https:\/\/schema.org","@graph":[{"@type":"WebPage","@id":"https:\/\/www.elagproducts.com\/de\/shop\/kochfelder\/elag-professional-line\/","url":"https:\/\/www.elagproducts.com\/de\/shop\/kochfelder\/elag-professional-line\/","name":"ELAG Professional Line | ELAG","isPartOf":{"@id":"https:\/\/www.elagproducts.com\/de\/#website"},"datePublished":"2021-05-27T07:21:05+00:00","dateModified":"2023-09-13T13:29:38+00:00","description":"ELAGs beste Technologien vereint in der ELAG Professional Line. Das LeMax Grillmodul Seite an Seite mit einem leistungsstarken Induktionsmodul....","breadcrumb":{"@id":"https:\/\/www.elagproducts.com\/de\/shop\/kochfelder\/elag-professional-line\/#breadcrumb"},"inLanguage":"de","potentialAction":[{"@type":"ReadAction","target":["https:\/\/www.elagproducts.com\/de\/shop\/kochfelder\/elag-professional-line\/"]}]},{"@type":"BreadcrumbList","@id":"https:\/\/www.elagproducts.com\/de\/shop\/kochfelder\/elag-professional-line\/#breadcrumb","itemListElement":[{"@type":"ListItem","position":1,"name":"Home","item":"https:\/\/www.elagproducts.com\/de\/"},{"@type":"ListItem","position":2,"name":"Shop","item":"https:\/\/www.elagproducts.com\/de\/shop\/"},{"@type":"ListItem","position":3,"name":"ELAG Professional Line"}]},{"@type":"WebSite","@id":"https:\/\/www.elagproducts.com\/de\/#website","url":"https:\/\/www.elagproducts.com\/de\/","name":"ELAG - LeMax Grills &amp; High-Quality Cooktops","description":"","potentialAction":[{"@type":"SearchAction","target":{"@type":"EntryPoint","urlTemplate":"https:\/\/www.elagproducts.com\/de\/?s={search_term_string}"},"query-input":"required name=search_term_string"}],"inLanguage":"de"}]}},"_links":{"self":[{"href":"https:\/\/www.elagproducts.com\/de\/wp-json\/wp\/v3\/product\/11546"}],"collection":[{"href":"https:\/\/www.elagproducts.com\/de\/wp-json\/wp\/v3\/product"}],"about":[{"href":"https:\/\/www.elagproducts.com\/de\/wp-json\/wp\/v2\/types\/product"}],"replies":[{"embeddable":true,"href":"https:\/\/www.elagproducts.com\/de\/wp-json\/wp\/v2\/comments?post=11546"}],"wp:featuredmedia":[{"embeddable":true,"href":"https:\/\/www.elagproducts.com\/de\/wp-json\/wp\/v2\/media\/11548"}],"wp:attachment":[{"href":"https:\/\/www.elagproducts.com\/de\/wp-json\/wp\/v2\/media?parent=11546"}],"wp:term":[{"taxonomy":"product_cat","embeddable":true,"href":"https:\/\/www.elagproducts.com\/de\/wp-json\/wp\/v2\/product_cat?post=11546"},{"taxonomy":"product_tag","embeddable":true,"href":"https:\/\/www.elagproducts.com\/de\/wp-json\/wp\/v2\/product_tag?post=11546"}],"curies":[{"name":"wp","href":"https:\/\/api.w.org\/{rel}","templated":true}]}}