{"id":11106,"date":"2021-02-01T17:27:51","date_gmt":"2021-02-01T15:27:53","guid":{"rendered":"https:\/\/www.elagproducts.com\/?post_type=product&#038;p=11106"},"modified":"2025-12-08T13:14:51","modified_gmt":"2025-12-08T11:14:51","slug":"kmi-806154-f","status":"publish","type":"product","link":"https:\/\/www.elagproducts.com\/de\/shop\/kochfelder\/kmi-806154-f\/","title":{"rendered":"ELAG 4-Zonen Induktionskochfeld &#8220;EX-700&#8221; mit FusionTechnology, 80cm"},"content":{"rendered":"<h2><strong>ELAG 4-Zonen Induktionskochfeld &#8220;EX-700&#8221; mit &#8220;FusionTechnology<\/strong><\/h2>\n<p><strong>Qualit\u00e4tsmerkmale:<\/strong><\/p>\n<ul>\n<li>FusionTechnology von ELAG<\/li>\n<li>LightTouch Elektronik<\/li>\n<li>SCHOTT CERAN\u00ae Miradur\u00ae Glas mit Perlglanz-Veredelung<\/li>\n<li>Aufwendiger\u00a0Facettenschliff am Glas mit hochwertigem Aluminium-Rahmen<\/li>\n<li>ScratchPROTECT+ f\u00fcr mehr Kratzresistenz<\/li>\n<li>Entwickelt und hergestellt in Deutschland\u00a0(Mehr dazu:\u00a0<span style=\"color: #58bdb6;\"><a style=\"color: #58bdb6;\" href=\"https:\/\/www.elagproducts.com\/de\/deutsche-kochgeraete\/\">Unsere Produktion<\/a><\/span>)<\/li>\n<\/ul>\n<p><strong>Produktfunktionen und Besonderheiten:<\/strong><\/p>\n<ul>\n<li>FusionTechnology: mehr Flexibilit\u00e4t durch Zusammenschalten zweier Kochzonen zu einer durchgehenden Fl\u00e4che oder einer gro\u00dfen Kochzone<\/li>\n<li>Kurze Aufheizzeiten dank Induktionstechnik<\/li>\n<li>CoolDown Area: dieser Bereich dient Ihnen als zus\u00e4tzliche Abstellfl\u00e4che f\u00fcr fertige und noch hei\u00dfe Speisen<\/li>\n<li>Weniger Kratzer auf der Glasplatte dank ScratchPROTECT+<\/li>\n<li>Leichte Reinigung durch Induktion<\/li>\n<li>LightTouch Elektronik bietet Ihnen eine kompakte und elegante Steuerung<\/li>\n<li>Booster-Funktion auf allen vier Kochzonen<\/li>\n<li>Spezielle Warmhaltefunktion<\/li>\n<li>SmartContinue Funktion &#8211; kochen Sie auf Ihren gespeicherten Einstellungen fort<\/li>\n<li>Mehr Einstellungsm\u00f6glichkeiten: Piepton an\/aus, Helligkeit der Lichtsteuerung etc.<\/li>\n<\/ul>\n<p><strong>Sicherheit:<\/strong><\/p>\n<ul>\n<li>Lock-Funktion f\u00fcr Kindersicherheit<\/li>\n<li>Intelligente Topferkennung<\/li>\n<li>Automatisches Ausschalten bei \u00dcberhitzung<\/li>\n<li>Restw\u00e4rmeanzeige<\/li>\n<li>Zeitabschaltung<\/li>\n<li>Sicherheit und CE gepr\u00fcft<\/li>\n<\/ul>\n<p><strong>Lieferumfang:<\/strong><\/p>\n<ul>\n<li>Bedienungsanleitung<\/li>\n<li>Reinigungsglasschaber<\/li>\n<\/ul>\n<p><strong>Technische Angaben:<\/strong><\/p>\n<ul>\n<li>Kochfl\u00e4che:\u00a02x \u00a026,0 x 43,5 cm (mit FusionTechnology)<\/li>\n<li>Abmessungen: 80,0\u00a0x 52,0 \u00a0x 5,5 cm<\/li>\n<li>Einbauma\u00dfe: 75,0-77,0 x 49,0 cm<\/li>\n<li>Gewicht: 14,6 kg<\/li>\n<li>Elektrischer Anschluss: 230 V, 2x 16 A, 7400 W<\/li>\n<li>Netzkabel: 1,50 m<\/li>\n<\/ul>\n","protected":false},"excerpt":{"rendered":"<h3><strong><span style=\"color: #ff0000;\">NEU!<\/span> &#8211; <\/strong><strong>Entscheiden\u00a0Sie sich f\u00fcr unsere beste Induktions-Kochtechnologie\u00a0<\/strong><\/h3>\n<h4><strong><span style=\"color: #808080;\">LightTouch Steuerung &#8211;\u00a0<\/span><\/strong><strong><span style=\"color: #808080;\">ScratchPROTECT+ &#8211;\u00a0<\/span><\/strong><strong><span style=\"color: #808080;\">FusionTechnology &#8211;\u00a0<\/span><\/strong><strong><span style=\"color: #808080;\">Booster-Funktion &#8211; <\/span><\/strong><strong><span style=\"color: #808080;\"><span style=\"caret-color: #808080;\">Perlglanz-Veredelung<\/span><\/span><\/strong><strong><span style=\"color: #808080;\"> &#8211; mit CoolDown Area<\/span><\/strong><\/h4>\n<h4><span style=\"color: #58bdb6;\"><a style=\"color: #58bdb6;\" href=\"http:\/\/www.elagproducts.com\/de\/kochfelder-im-vergleich\">Modelle hier vergleichen<\/a><\/span><\/h4>\n<h3><strong><span style=\"color: #ee7b1b;\"><a href=\"https:\/\/www.elagproducts.com\/wp-content\/uploads\/2014\/10\/lieferbar_icon.png\"><img decoding=\"async\" class=\"alignnone wp-image-3345 size-full\" src=\"https:\/\/www.elagproducts.com\/wp-content\/uploads\/2014\/10\/lieferbar_icon.png\" alt=\"\" width=\"15\" height=\"14\" \/><\/a><\/span><\/strong><span style=\"color: #ee7b1b;\">\u00a0<\/span><span style=\"color: #ee7b1b;\"><span style=\"color: #7ad04f;\">verf\u00fcgbar<\/span><\/span><\/h3>\n<p><em>inkl. 2 Jahre Garantie*<\/em><\/p>\n[fusion_builder_container admin_label=\"\" hundred_percent=\"yes\" equal_height_columns=\"no\" menu_anchor=\"\" hide_on_mobile=\"medium-visibility,large-visibility\" class=\"\" id=\"\" background_color=\"\" background_image=\"\" background_position=\"center center\" background_repeat=\"no-repeat\" fade=\"no\" background_parallax=\"none\" enable_mobile=\"no\" parallax_speed=\"0.3\" video_mp4=\"\" video_webm=\"\" video_ogv=\"\" video_url=\"\" video_aspect_ratio=\"16:9\" video_loop=\"yes\" video_mute=\"yes\" video_preview_image=\"\" border_size=\"2\" border_color=\"\" border_style=\"solid\" margin_top=\"\" margin_bottom=\"\" padding_top=\"5\" padding_right=\"5\" padding_bottom=\"5\" padding_left=\"5\"][fusion_builder_row][fusion_builder_column type=\"1_4\" layout=\"1_1\" background_position=\"left top\" background_color=\"\" border_size=\"\" border_color=\"\" border_style=\"solid\" spacing=\"yes\" background_image=\"\" background_repeat=\"no-repeat\" padding=\"\" margin_top=\"0px\" margin_bottom=\"0px\" class=\"\" id=\"\" animation_type=\"\" animation_speed=\"0.3\" animation_direction=\"left\" hide_on_mobile=\"no\" center_content=\"no\" min_height=\"none\" last=\"no\" hover_type=\"none\" link=\"\" border_position=\"all\"][fusion_imageframe image_id=\"5087\" style_type=\"none\" stylecolor=\"\" hover_type=\"none\" bordersize=\"\" bordercolor=\"\" borderradius=\"\" align=\"none\" lightbox=\"no\" gallery_id=\"\" lightbox_image=\"\" alt=\"\" link=\"http:\/\/www.elagproducts.com\/de\/shop\/kochfelder\/kmi-806204-f\/\" linktarget=\"_self\" hide_on_mobile=\"small-visibility,medium-visibility,large-visibility\" class=\"\" id=\"\" animation_type=\"\" animation_direction=\"left\" animation_speed=\"0.3\" animation_offset=\"\"]http:\/\/www.elagproducts.com\/wp-content\/uploads\/2016\/11\/kmi806204f_upselling.jpg[\/fusion_imageframe][\/fusion_builder_column][fusion_builder_column type=\"3_4\" layout=\"2_3\" spacing=\"yes\" center_content=\"no\" hover_type=\"none\" link=\"\" min_height=\"none\" hide_on_mobile=\"no\" class=\"\" id=\"\" background_color=\"\" background_image=\"\" background_position=\"left top\" undefined=\"\" background_repeat=\"no-repeat\" border_size=\"\" border_color=\"\" border_style=\"solid\" border_position=\"all\" padding=\"\" margin_top=\"10px\" margin_bottom=\"0px\" animation_type=\"\" animation_direction=\"left\" animation_speed=\"0.3\" animation_offset=\"\" last=\"no\"][fusion_text]<\/p>\n<p><b>Upgrade verf\u00fcgbar:<\/b>\u00a0das Modell EX-1000 ist das bislang leistungsst\u00e4rkste 80cm Induktionskochfeld &#8211; garantiert.<\/p>\n<p>[\/fusion_text][\/fusion_builder_column][\/fusion_builder_row][\/fusion_builder_container]\n[fusion_builder_container enable_background_slider=\"no\" image_ids=\"\" elegant_transition_effect=\"fade\" elegant_background_scale=\"cover\" elegant_transition_delay=\"3\" gradient_top_color=\"\" gradient_bottom_color=\"\" gradient_type=\"linear\" gradient_direction=\"0deg\" gradient_force=\"yes\" type=\"flex\" hundred_percent=\"no\" hundred_percent_height=\"no\" min_height=\"\" hundred_percent_height_scroll=\"no\" align_content=\"stretch\" flex_align_items=\"flex-start\" flex_justify_content=\"flex-start\" flex_column_spacing=\"\" hundred_percent_height_center_content=\"yes\" equal_height_columns=\"no\" container_tag=\"div\" menu_anchor=\"\" hide_on_mobile=\"small-visibility,medium-visibility,large-visibility\" status=\"published\" publish_date=\"\" class=\"\" id=\"\" link_color=\"\" link_hover_color=\"\" border_sizes=\"\" border_sizes_top=\"\" border_sizes_right=\"\" border_sizes_bottom=\"\" border_sizes_left=\"\" border_color=\"\" border_style=\"solid\" spacing_medium=\"\" margin_top_medium=\"\" margin_bottom_medium=\"\" spacing_small=\"\" margin_top_small=\"\" margin_bottom_small=\"\" margin_top=\"\" margin_bottom=\"\" padding_dimensions_medium=\"\" padding_top_medium=\"\" padding_right_medium=\"\" padding_bottom_medium=\"\" padding_left_medium=\"\" padding_dimensions_small=\"\" padding_top_small=\"\" padding_right_small=\"\" padding_bottom_small=\"\" padding_left_small=\"\" padding_top=\"\" padding_right=\"\" padding_bottom=\"\" padding_left=\"\" box_shadow=\"no\" box_shadow_vertical=\"\" box_shadow_horizontal=\"\" box_shadow_blur=\"0\" box_shadow_spread=\"0\" box_shadow_color=\"\" box_shadow_style=\"\" z_index=\"\" overflow=\"\" gradient_start_color=\"\" gradient_end_color=\"\" gradient_start_position=\"0\" gradient_end_position=\"100\" radial_direction=\"center center\" linear_angle=\"180\" background_color=\"\" background_image=\"\" background_position=\"center center\" background_repeat=\"no-repeat\" fade=\"no\" background_parallax=\"none\" enable_mobile=\"no\" parallax_speed=\"0.3\" background_blend_mode=\"none\" video_mp4=\"\" video_webm=\"\" video_ogv=\"\" video_url=\"\" video_aspect_ratio=\"16:9\" video_loop=\"yes\" video_mute=\"yes\" video_preview_image=\"\" absolute=\"off\" absolute_devices=\"small,medium,large\" sticky=\"off\" sticky_devices=\"small-visibility,medium-visibility,large-visibility\" sticky_background_color=\"\" sticky_height=\"\" sticky_offset=\"\" sticky_transition_offset=\"0\" scroll_offset=\"0\" animation_type=\"\" animation_direction=\"left\" animation_speed=\"0.3\" animation_offset=\"\" filter_hue=\"0\" filter_saturation=\"100\" filter_brightness=\"100\" filter_contrast=\"100\" filter_invert=\"0\" filter_sepia=\"0\" filter_opacity=\"100\" filter_blur=\"0\" filter_hue_hover=\"0\" filter_saturation_hover=\"100\" filter_brightness_hover=\"100\" filter_contrast_hover=\"100\" filter_invert_hover=\"0\" filter_sepia_hover=\"0\" filter_opacity_hover=\"100\" filter_blur_hover=\"0\"][fusion_builder_row][fusion_builder_column type=\"1_1\" layout=\"1_1\" enable_background_slider=\"no\" image_ids=\"\" elegant_transition_effect=\"fade\" elegant_background_scale=\"cover\" elegant_transition_delay=\"3\" gradient_top_color=\"\" gradient_bottom_color=\"\" gradient_type=\"linear\" gradient_direction=\"0deg\" gradient_force=\"yes\" align_self=\"auto\" content_layout=\"column\" align_content=\"flex-start\" content_wrap=\"wrap\" spacing=\"\" center_content=\"no\" link=\"\" target=\"_self\" min_height=\"\" hide_on_mobile=\"small-visibility,medium-visibility,large-visibility\" sticky_display=\"normal,sticky\" class=\"\" id=\"\" type_medium=\"\" type_small=\"\" order_medium=\"0\" order_small=\"0\" dimension_spacing_medium=\"\" dimension_spacing_small=\"\" dimension_spacing=\"\" dimension_margin_medium=\"\" dimension_margin_small=\"\" margin_top=\"\" margin_bottom=\"\" padding_medium=\"\" padding_small=\"\" padding_top=\"\" padding_right=\"\" padding_bottom=\"\" padding_left=\"\" hover_type=\"none\" border_sizes=\"\" border_color=\"\" border_style=\"solid\" border_radius=\"\" box_shadow=\"no\" dimension_box_shadow=\"\" box_shadow_blur=\"0\" box_shadow_spread=\"0\" box_shadow_color=\"\" box_shadow_style=\"\" background_type=\"single\" gradient_start_color=\"\" gradient_end_color=\"\" gradient_start_position=\"0\" gradient_end_position=\"100\" radial_direction=\"center center\" linear_angle=\"180\" background_color=\"\" background_image=\"\" background_image_id=\"\" background_position=\"left top\" background_repeat=\"no-repeat\" background_blend_mode=\"none\" animation_type=\"\" animation_direction=\"left\" animation_speed=\"0.3\" animation_offset=\"\" filter_type=\"regular\" filter_hue=\"0\" filter_saturation=\"100\" filter_brightness=\"100\" filter_contrast=\"100\" filter_invert=\"0\" filter_sepia=\"0\" filter_opacity=\"100\" filter_blur=\"0\" filter_hue_hover=\"0\" filter_saturation_hover=\"100\" filter_brightness_hover=\"100\" filter_contrast_hover=\"100\" filter_invert_hover=\"0\" filter_sepia_hover=\"0\" filter_opacity_hover=\"100\" filter_blur_hover=\"0\" last=\"true\" border_position=\"all\" type=\"1_1\" first=\"true\"][fusion_button link=\"https:\/\/www.elagproducts.com\/de\/shop\/kochfelder\/kmi-806204-f\/\" text_transform=\"\" title=\"\" target=\"_self\" link_attributes=\"\" alignment_medium=\"\" alignment_small=\"\" alignment=\"left\" modal=\"\" hide_on_mobile=\"small-visibility\" sticky_display=\"normal,sticky\" class=\"\" id=\"\" color=\"custom\" button_gradient_top_color=\"#009a91\" button_gradient_bottom_color=\"#009a91\" button_gradient_top_color_hover=\"#009a91\" button_gradient_bottom_color_hover=\"#009a91\" accent_color=\"\" accent_hover_color=\"\" type=\"\" bevel_color=\"\" border_width=\"\" border_radius=\"\" border_color=\"\" border_hover_color=\"\" size=\"\" stretch=\"default\" margin_top=\"\" margin_right=\"\" margin_bottom=\"\" margin_left=\"\" icon=\"fa-plus-square fas\" icon_position=\"left\" icon_divider=\"no\" animation_type=\"shake\" animation_direction=\"left\" animation_speed=\"0.3\" animation_offset=\u201e\u201c]Mehr Leistung hinzuf\u00fcgen[\/fusion_button][\/fusion_builder_column][\/fusion_builder_row][\/fusion_builder_container]\n","protected":false},"featured_media":11109,"comment_status":"open","ping_status":"closed","template":"","meta":{"content-type":"","_mi_skip_tracking":false},"product_cat":[28],"product_tag":[],"yoast_head":"<!-- This site is optimized with the Yoast SEO plugin v20.5 - https:\/\/yoast.com\/wordpress\/plugins\/seo\/ -->\n<title>ELAG 4-Zonen Induktionskochfeld &quot;EX-700&quot; mit FusionTechnology | ELAG<\/title>\n<meta name=\"description\" content=\"Das ELAG 4-Zonen Induktionskochfeld mit FusionTechnology, Mod. KMI 80615.4-F, bietet fortschrittliche Technologie &amp; die derzeit robusteste Glasfl\u00e4che...\" \/>\n<meta name=\"robots\" content=\"index, follow, max-snippet:-1, max-image-preview:large, max-video-preview:-1\" \/>\n<link rel=\"canonical\" href=\"https:\/\/www.elagproducts.com\/de\/shop\/kochfelder\/kmi-806154-f\/\" \/>\n<meta property=\"og:locale\" content=\"de_DE\" \/>\n<meta property=\"og:type\" content=\"article\" \/>\n<meta property=\"og:title\" content=\"ELAG 4-Zonen Induktionskochfeld &quot;EX-700&quot; mit FusionTechnology | ELAG\" \/>\n<meta property=\"og:description\" content=\"Das ELAG 4-Zonen Induktionskochfeld mit FusionTechnology, Mod. KMI 80615.4-F, bietet fortschrittliche Technologie &amp; die derzeit robusteste Glasfl\u00e4che...\" \/>\n<meta property=\"og:url\" content=\"https:\/\/www.elagproducts.com\/de\/shop\/kochfelder\/kmi-806154-f\/\" \/>\n<meta property=\"og:site_name\" content=\"ELAG - LeMax Grills &amp; High-Quality Cooktops\" \/>\n<meta property=\"article:modified_time\" content=\"2025-12-08T11:14:51+00:00\" \/>\n<meta property=\"og:image\" content=\"https:\/\/www.elagproducts.com\/wp-content\/uploads\/2021\/02\/kmi806154f_shop_01.jpeg\" \/>\n\t<meta property=\"og:image:width\" content=\"1200\" \/>\n\t<meta property=\"og:image:height\" content=\"1200\" \/>\n\t<meta property=\"og:image:type\" content=\"image\/jpeg\" \/>\n<meta name=\"twitter:label1\" content=\"Gesch\u00e4tzte Lesezeit\" \/>\n\t<meta name=\"twitter:data1\" content=\"1\u00a0Minute\" \/>\n<script type=\"application\/ld+json\" class=\"yoast-schema-graph\">{\"@context\":\"https:\/\/schema.org\",\"@graph\":[{\"@type\":\"WebPage\",\"@id\":\"https:\/\/www.elagproducts.com\/de\/shop\/kochfelder\/kmi-806154-f\/\",\"url\":\"https:\/\/www.elagproducts.com\/de\/shop\/kochfelder\/kmi-806154-f\/\",\"name\":\"ELAG 4-Zonen Induktionskochfeld \\\"EX-700\\\" mit FusionTechnology | ELAG\",\"isPartOf\":{\"@id\":\"https:\/\/www.elagproducts.com\/de\/#website\"},\"datePublished\":\"2021-02-01T15:27:53+00:00\",\"dateModified\":\"2025-12-08T11:14:51+00:00\",\"description\":\"Das ELAG 4-Zonen Induktionskochfeld mit FusionTechnology, Mod. KMI 80615.4-F, bietet fortschrittliche Technologie & die derzeit robusteste Glasfl\u00e4che...\",\"breadcrumb\":{\"@id\":\"https:\/\/www.elagproducts.com\/de\/shop\/kochfelder\/kmi-806154-f\/#breadcrumb\"},\"inLanguage\":\"de\",\"potentialAction\":[{\"@type\":\"ReadAction\",\"target\":[\"https:\/\/www.elagproducts.com\/de\/shop\/kochfelder\/kmi-806154-f\/\"]}]},{\"@type\":\"BreadcrumbList\",\"@id\":\"https:\/\/www.elagproducts.com\/de\/shop\/kochfelder\/kmi-806154-f\/#breadcrumb\",\"itemListElement\":[{\"@type\":\"ListItem\",\"position\":1,\"name\":\"Home\",\"item\":\"https:\/\/www.elagproducts.com\/de\/\"},{\"@type\":\"ListItem\",\"position\":2,\"name\":\"Shop\",\"item\":\"https:\/\/www.elagproducts.com\/de\/shop\/\"},{\"@type\":\"ListItem\",\"position\":3,\"name\":\"ELAG 4-Zonen Induktionskochfeld &#8220;EX-700&#8221; mit FusionTechnology, 80cm\"}]},{\"@type\":\"WebSite\",\"@id\":\"https:\/\/www.elagproducts.com\/de\/#website\",\"url\":\"https:\/\/www.elagproducts.com\/de\/\",\"name\":\"ELAG - LeMax Grills &amp; High-Quality Cooktops\",\"description\":\"\",\"potentialAction\":[{\"@type\":\"SearchAction\",\"target\":{\"@type\":\"EntryPoint\",\"urlTemplate\":\"https:\/\/www.elagproducts.com\/de\/?s={search_term_string}\"},\"query-input\":\"required name=search_term_string\"}],\"inLanguage\":\"de\"}]}<\/script>\n<!-- \/ Yoast SEO plugin. -->","yoast_head_json":{"title":"ELAG 4-Zonen Induktionskochfeld \"EX-700\" mit FusionTechnology | ELAG","description":"Das ELAG 4-Zonen Induktionskochfeld mit FusionTechnology, Mod. KMI 80615.4-F, bietet fortschrittliche Technologie & die derzeit robusteste Glasfl\u00e4che...","robots":{"index":"index","follow":"follow","max-snippet":"max-snippet:-1","max-image-preview":"max-image-preview:large","max-video-preview":"max-video-preview:-1"},"canonical":"https:\/\/www.elagproducts.com\/de\/shop\/kochfelder\/kmi-806154-f\/","og_locale":"de_DE","og_type":"article","og_title":"ELAG 4-Zonen Induktionskochfeld \"EX-700\" mit FusionTechnology | ELAG","og_description":"Das ELAG 4-Zonen Induktionskochfeld mit FusionTechnology, Mod. KMI 80615.4-F, bietet fortschrittliche Technologie & die derzeit robusteste Glasfl\u00e4che...","og_url":"https:\/\/www.elagproducts.com\/de\/shop\/kochfelder\/kmi-806154-f\/","og_site_name":"ELAG - LeMax Grills &amp; High-Quality Cooktops","article_modified_time":"2025-12-08T11:14:51+00:00","og_image":[{"width":1200,"height":1200,"url":"https:\/\/www.elagproducts.com\/wp-content\/uploads\/2021\/02\/kmi806154f_shop_01.jpeg","type":"image\/jpeg"}],"twitter_misc":{"Gesch\u00e4tzte Lesezeit":"1\u00a0Minute"},"schema":{"@context":"https:\/\/schema.org","@graph":[{"@type":"WebPage","@id":"https:\/\/www.elagproducts.com\/de\/shop\/kochfelder\/kmi-806154-f\/","url":"https:\/\/www.elagproducts.com\/de\/shop\/kochfelder\/kmi-806154-f\/","name":"ELAG 4-Zonen Induktionskochfeld \"EX-700\" mit FusionTechnology | ELAG","isPartOf":{"@id":"https:\/\/www.elagproducts.com\/de\/#website"},"datePublished":"2021-02-01T15:27:53+00:00","dateModified":"2025-12-08T11:14:51+00:00","description":"Das ELAG 4-Zonen Induktionskochfeld mit FusionTechnology, Mod. KMI 80615.4-F, bietet fortschrittliche Technologie & die derzeit robusteste Glasfl\u00e4che...","breadcrumb":{"@id":"https:\/\/www.elagproducts.com\/de\/shop\/kochfelder\/kmi-806154-f\/#breadcrumb"},"inLanguage":"de","potentialAction":[{"@type":"ReadAction","target":["https:\/\/www.elagproducts.com\/de\/shop\/kochfelder\/kmi-806154-f\/"]}]},{"@type":"BreadcrumbList","@id":"https:\/\/www.elagproducts.com\/de\/shop\/kochfelder\/kmi-806154-f\/#breadcrumb","itemListElement":[{"@type":"ListItem","position":1,"name":"Home","item":"https:\/\/www.elagproducts.com\/de\/"},{"@type":"ListItem","position":2,"name":"Shop","item":"https:\/\/www.elagproducts.com\/de\/shop\/"},{"@type":"ListItem","position":3,"name":"ELAG 4-Zonen Induktionskochfeld &#8220;EX-700&#8221; mit FusionTechnology, 80cm"}]},{"@type":"WebSite","@id":"https:\/\/www.elagproducts.com\/de\/#website","url":"https:\/\/www.elagproducts.com\/de\/","name":"ELAG - LeMax Grills &amp; High-Quality Cooktops","description":"","potentialAction":[{"@type":"SearchAction","target":{"@type":"EntryPoint","urlTemplate":"https:\/\/www.elagproducts.com\/de\/?s={search_term_string}"},"query-input":"required name=search_term_string"}],"inLanguage":"de"}]}},"_links":{"self":[{"href":"https:\/\/www.elagproducts.com\/de\/wp-json\/wp\/v3\/product\/11106"}],"collection":[{"href":"https:\/\/www.elagproducts.com\/de\/wp-json\/wp\/v3\/product"}],"about":[{"href":"https:\/\/www.elagproducts.com\/de\/wp-json\/wp\/v2\/types\/product"}],"replies":[{"embeddable":true,"href":"https:\/\/www.elagproducts.com\/de\/wp-json\/wp\/v2\/comments?post=11106"}],"wp:featuredmedia":[{"embeddable":true,"href":"https:\/\/www.elagproducts.com\/de\/wp-json\/wp\/v2\/media\/11109"}],"wp:attachment":[{"href":"https:\/\/www.elagproducts.com\/de\/wp-json\/wp\/v2\/media?parent=11106"}],"wp:term":[{"taxonomy":"product_cat","embeddable":true,"href":"https:\/\/www.elagproducts.com\/de\/wp-json\/wp\/v2\/product_cat?post=11106"},{"taxonomy":"product_tag","embeddable":true,"href":"https:\/\/www.elagproducts.com\/de\/wp-json\/wp\/v2\/product_tag?post=11106"}],"curies":[{"name":"wp","href":"https:\/\/api.w.org\/{rel}","templated":true}]}}