{"id":10390,"date":"2020-09-25T10:58:16","date_gmt":"2020-09-25T08:58:19","guid":{"rendered":"https:\/\/www.elagproducts.com\/?post_type=product&#038;p=10390"},"modified":"2020-09-25T11:07:55","modified_gmt":"2020-09-25T09:07:55","slug":"verbinder-fuer-lemax-grillstation","status":"publish","type":"product","link":"https:\/\/www.elagproducts.com\/de\/shop\/zubehoer\/verbinder-fuer-lemax-grillstation\/","title":{"rendered":"Verbinder f\u00fcr LeMax\u00ae Grillstation"},"content":{"rendered":"<p><strong>Technische Angaben:<\/strong><\/p>\n<ul>\n<li class=\"li1\"><span class=\"s2\">Ma\u00dfe: 53 x 32 x H 10\u00a0cm<\/span><\/li>\n<li>Gewicht: 2 kg<\/li>\n<\/ul>\n","protected":false},"excerpt":{"rendered":"<p><a href=\"http:\/\/www.elagproducts.com\/wp-content\/uploads\/2016\/05\/tested_for_lemax.png\"><img decoding=\"async\" class=\"alignnone wp-image-3355\" src=\"http:\/\/www.elagproducts.com\/wp-content\/uploads\/2016\/05\/tested_for_lemax.png\" alt=\"tested_for_lemax\" width=\"23\" height=\"25\" srcset=\"https:\/\/i0.wp.com\/www.elagproducts.com\/wp-content\/uploads\/2016\/05\/tested_for_lemax.png?resize=120%2C130&amp;ssl=1 120w, https:\/\/i0.wp.com\/www.elagproducts.com\/wp-content\/uploads\/2016\/05\/tested_for_lemax.png?fit=200%2C217&amp;ssl=1 200w\" sizes=\"(max-width: 23px) 100vw, 23px\" \/><\/a>\u00a0<strong>Zur Verbindung von mehreren LeMax\u00ae Grillstationen<\/strong><\/p>\n<p>Verbinden Sie mehrere LeMax\u00ae Grillstationen mit dem Verbindungsteil. H\u00e4ngen Sie einfach den Seitentisch Ihres Grillwagens aus und H\u00e4ngen Sie den Verbinder ein. Nun k\u00f6nnen Sie Ihre Station beliebig erweitern.<\/p>\n<p><strong>Kompatibel mit:<br \/>\n<\/strong><span style=\"color: #58bdb6;\"><a style=\"color: #58bdb6;\" href=\"https:\/\/www.elagproducts.com\/de\/shop\/grillwagen\/gs-4951201-c\/\">GS-495120.1-C<\/a><\/span> &amp; <span style=\"color: #58bdb6;\"><a style=\"color: #58bdb6;\" href=\"https:\/\/www.elagproducts.com\/de\/shop\/grillwagen\/gs-4951201-p\/\">GS-495120.1-P<\/a><\/span><\/p>\n<h3><strong><span style=\"color: #ee7b1b;\"><a href=\"http:\/\/www.elagproducts.com\/wp-content\/uploads\/2014\/10\/lieferbar_icon.png\"><img decoding=\"async\" class=\"alignnone size-full wp-image-3344\" src=\"http:\/\/www.elagproducts.com\/wp-content\/uploads\/2014\/10\/lieferbar_icon.png\" alt=\"lieferbar_icon\" width=\"15\" height=\"14\" \/><\/a>\u00a0<span style=\"color: #7ad03a;\">verf\u00fcgbar<\/span><\/span><\/strong><\/h3>\n","protected":false},"featured_media":10394,"comment_status":"open","ping_status":"closed","template":"","meta":{"content-type":"","_mi_skip_tracking":false},"product_cat":[27],"product_tag":[],"yoast_head":"<!-- This site is optimized with the Yoast SEO plugin v20.5 - https:\/\/yoast.com\/wordpress\/plugins\/seo\/ -->\n<title>Prof-Wender-Set, 28 cm, 2-teilig - Grillwender | ELAG<\/title>\n<meta name=\"description\" content=\"Diese Edelstahl-Wender bieten eine gro\u00dfe, flexible Wendefl\u00e4che. Die Grillwender eignen sich hervorragend f\u00fcr das Kochen mit dem LeMax Grill\u00ae...\" \/>\n<meta name=\"robots\" content=\"index, follow, max-snippet:-1, max-image-preview:large, max-video-preview:-1\" \/>\n<link rel=\"canonical\" href=\"https:\/\/www.elagproducts.com\/de\/shop\/zubehoer\/verbinder-fuer-lemax-grillstation\/\" \/>\n<meta property=\"og:locale\" content=\"de_DE\" \/>\n<meta property=\"og:type\" content=\"article\" \/>\n<meta property=\"og:title\" content=\"Prof-Wender-Set, 28 cm, 2-teilig - Grillwender | ELAG\" \/>\n<meta property=\"og:description\" content=\"Diese Edelstahl-Wender bieten eine gro\u00dfe, flexible Wendefl\u00e4che. Die Grillwender eignen sich hervorragend f\u00fcr das Kochen mit dem LeMax Grill\u00ae...\" \/>\n<meta property=\"og:url\" content=\"https:\/\/www.elagproducts.com\/de\/shop\/zubehoer\/verbinder-fuer-lemax-grillstation\/\" \/>\n<meta property=\"og:site_name\" content=\"ELAG - LeMax Grills &amp; High-Quality Cooktops\" \/>\n<meta property=\"article:modified_time\" content=\"2020-09-25T09:07:55+00:00\" \/>\n<meta property=\"og:image\" content=\"https:\/\/i0.wp.com\/www.elagproducts.com\/wp-content\/uploads\/2020\/09\/breiter-verbinder-ablage-aus-edelstahl.jpg?fit=568%2C568&ssl=1\" \/>\n\t<meta property=\"og:image:width\" content=\"568\" \/>\n\t<meta property=\"og:image:height\" content=\"568\" \/>\n\t<meta property=\"og:image:type\" content=\"image\/jpeg\" \/>\n<script type=\"application\/ld+json\" class=\"yoast-schema-graph\">{\"@context\":\"https:\/\/schema.org\",\"@graph\":[{\"@type\":\"WebPage\",\"@id\":\"https:\/\/www.elagproducts.com\/de\/shop\/zubehoer\/verbinder-fuer-lemax-grillstation\/\",\"url\":\"https:\/\/www.elagproducts.com\/de\/shop\/zubehoer\/verbinder-fuer-lemax-grillstation\/\",\"name\":\"Prof-Wender-Set, 28 cm, 2-teilig - Grillwender | ELAG\",\"isPartOf\":{\"@id\":\"https:\/\/www.elagproducts.com\/de\/#website\"},\"datePublished\":\"2020-09-25T08:58:19+00:00\",\"dateModified\":\"2020-09-25T09:07:55+00:00\",\"description\":\"Diese Edelstahl-Wender bieten eine gro\u00dfe, flexible Wendefl\u00e4che. Die Grillwender eignen sich hervorragend f\u00fcr das Kochen mit dem LeMax Grill\u00ae...\",\"breadcrumb\":{\"@id\":\"https:\/\/www.elagproducts.com\/de\/shop\/zubehoer\/verbinder-fuer-lemax-grillstation\/#breadcrumb\"},\"inLanguage\":\"de\",\"potentialAction\":[{\"@type\":\"ReadAction\",\"target\":[\"https:\/\/www.elagproducts.com\/de\/shop\/zubehoer\/verbinder-fuer-lemax-grillstation\/\"]}]},{\"@type\":\"BreadcrumbList\",\"@id\":\"https:\/\/www.elagproducts.com\/de\/shop\/zubehoer\/verbinder-fuer-lemax-grillstation\/#breadcrumb\",\"itemListElement\":[{\"@type\":\"ListItem\",\"position\":1,\"name\":\"Home\",\"item\":\"https:\/\/www.elagproducts.com\/de\/\"},{\"@type\":\"ListItem\",\"position\":2,\"name\":\"Shop\",\"item\":\"https:\/\/www.elagproducts.com\/de\/shop\/\"},{\"@type\":\"ListItem\",\"position\":3,\"name\":\"Verbinder f\u00fcr LeMax\u00ae Grillstation\"}]},{\"@type\":\"WebSite\",\"@id\":\"https:\/\/www.elagproducts.com\/de\/#website\",\"url\":\"https:\/\/www.elagproducts.com\/de\/\",\"name\":\"ELAG - LeMax Grills &amp; High-Quality Cooktops\",\"description\":\"\",\"potentialAction\":[{\"@type\":\"SearchAction\",\"target\":{\"@type\":\"EntryPoint\",\"urlTemplate\":\"https:\/\/www.elagproducts.com\/de\/?s={search_term_string}\"},\"query-input\":\"required name=search_term_string\"}],\"inLanguage\":\"de\"}]}<\/script>\n<!-- \/ Yoast SEO plugin. -->","yoast_head_json":{"title":"Prof-Wender-Set, 28 cm, 2-teilig - Grillwender | ELAG","description":"Diese Edelstahl-Wender bieten eine gro\u00dfe, flexible Wendefl\u00e4che. Die Grillwender eignen sich hervorragend f\u00fcr das Kochen mit dem LeMax Grill\u00ae...","robots":{"index":"index","follow":"follow","max-snippet":"max-snippet:-1","max-image-preview":"max-image-preview:large","max-video-preview":"max-video-preview:-1"},"canonical":"https:\/\/www.elagproducts.com\/de\/shop\/zubehoer\/verbinder-fuer-lemax-grillstation\/","og_locale":"de_DE","og_type":"article","og_title":"Prof-Wender-Set, 28 cm, 2-teilig - Grillwender | ELAG","og_description":"Diese Edelstahl-Wender bieten eine gro\u00dfe, flexible Wendefl\u00e4che. Die Grillwender eignen sich hervorragend f\u00fcr das Kochen mit dem LeMax Grill\u00ae...","og_url":"https:\/\/www.elagproducts.com\/de\/shop\/zubehoer\/verbinder-fuer-lemax-grillstation\/","og_site_name":"ELAG - LeMax Grills &amp; High-Quality Cooktops","article_modified_time":"2020-09-25T09:07:55+00:00","og_image":[{"width":568,"height":568,"url":"https:\/\/i0.wp.com\/www.elagproducts.com\/wp-content\/uploads\/2020\/09\/breiter-verbinder-ablage-aus-edelstahl.jpg?fit=568%2C568&ssl=1","type":"image\/jpeg"}],"schema":{"@context":"https:\/\/schema.org","@graph":[{"@type":"WebPage","@id":"https:\/\/www.elagproducts.com\/de\/shop\/zubehoer\/verbinder-fuer-lemax-grillstation\/","url":"https:\/\/www.elagproducts.com\/de\/shop\/zubehoer\/verbinder-fuer-lemax-grillstation\/","name":"Prof-Wender-Set, 28 cm, 2-teilig - Grillwender | ELAG","isPartOf":{"@id":"https:\/\/www.elagproducts.com\/de\/#website"},"datePublished":"2020-09-25T08:58:19+00:00","dateModified":"2020-09-25T09:07:55+00:00","description":"Diese Edelstahl-Wender bieten eine gro\u00dfe, flexible Wendefl\u00e4che. Die Grillwender eignen sich hervorragend f\u00fcr das Kochen mit dem LeMax Grill\u00ae...","breadcrumb":{"@id":"https:\/\/www.elagproducts.com\/de\/shop\/zubehoer\/verbinder-fuer-lemax-grillstation\/#breadcrumb"},"inLanguage":"de","potentialAction":[{"@type":"ReadAction","target":["https:\/\/www.elagproducts.com\/de\/shop\/zubehoer\/verbinder-fuer-lemax-grillstation\/"]}]},{"@type":"BreadcrumbList","@id":"https:\/\/www.elagproducts.com\/de\/shop\/zubehoer\/verbinder-fuer-lemax-grillstation\/#breadcrumb","itemListElement":[{"@type":"ListItem","position":1,"name":"Home","item":"https:\/\/www.elagproducts.com\/de\/"},{"@type":"ListItem","position":2,"name":"Shop","item":"https:\/\/www.elagproducts.com\/de\/shop\/"},{"@type":"ListItem","position":3,"name":"Verbinder f\u00fcr LeMax\u00ae Grillstation"}]},{"@type":"WebSite","@id":"https:\/\/www.elagproducts.com\/de\/#website","url":"https:\/\/www.elagproducts.com\/de\/","name":"ELAG - LeMax Grills &amp; High-Quality Cooktops","description":"","potentialAction":[{"@type":"SearchAction","target":{"@type":"EntryPoint","urlTemplate":"https:\/\/www.elagproducts.com\/de\/?s={search_term_string}"},"query-input":"required name=search_term_string"}],"inLanguage":"de"}]}},"_links":{"self":[{"href":"https:\/\/www.elagproducts.com\/de\/wp-json\/wp\/v3\/product\/10390"}],"collection":[{"href":"https:\/\/www.elagproducts.com\/de\/wp-json\/wp\/v3\/product"}],"about":[{"href":"https:\/\/www.elagproducts.com\/de\/wp-json\/wp\/v2\/types\/product"}],"replies":[{"embeddable":true,"href":"https:\/\/www.elagproducts.com\/de\/wp-json\/wp\/v2\/comments?post=10390"}],"wp:featuredmedia":[{"embeddable":true,"href":"https:\/\/www.elagproducts.com\/de\/wp-json\/wp\/v2\/media\/10394"}],"wp:attachment":[{"href":"https:\/\/www.elagproducts.com\/de\/wp-json\/wp\/v2\/media?parent=10390"}],"wp:term":[{"taxonomy":"product_cat","embeddable":true,"href":"https:\/\/www.elagproducts.com\/de\/wp-json\/wp\/v2\/product_cat?post=10390"},{"taxonomy":"product_tag","embeddable":true,"href":"https:\/\/www.elagproducts.com\/de\/wp-json\/wp\/v2\/product_tag?post=10390"}],"curies":[{"name":"wp","href":"https:\/\/api.w.org\/{rel}","templated":true}]}}