{"id":10221,"date":"2020-08-13T18:53:04","date_gmt":"2020-08-13T16:53:04","guid":{"rendered":"https:\/\/www.elagproducts.com\/?post_type=product&#038;p=10221"},"modified":"2024-08-05T12:27:33","modified_gmt":"2024-08-05T10:27:33","slug":"abdeckung-lemax-grill","status":"publish","type":"product","link":"https:\/\/www.elagproducts.com\/de\/shop\/abdeckungen\/abdeckung-lemax-grill\/","title":{"rendered":"Premium-Abdeckung f\u00fcr LeMax\u00ae Grill"},"content":{"rendered":"","protected":false},"excerpt":{"rendered":"<p><a href=\"http:\/\/www.elagproducts.com\/wp-content\/uploads\/2016\/05\/tested_for_lemax.png\"><img decoding=\"async\" class=\"alignnone wp-image-3355\" src=\"http:\/\/www.elagproducts.com\/wp-content\/uploads\/2016\/05\/tested_for_lemax.png\" alt=\"tested_for_lemax\" width=\"23\" height=\"25\" srcset=\"https:\/\/i0.wp.com\/www.elagproducts.com\/wp-content\/uploads\/2016\/05\/tested_for_lemax.png?resize=120%2C130&amp;ssl=1 120w, https:\/\/i0.wp.com\/www.elagproducts.com\/wp-content\/uploads\/2016\/05\/tested_for_lemax.png?fit=200%2C217&amp;ssl=1 200w\" sizes=\"(max-width: 23px) 100vw, 23px\" \/><\/a>\u00a0<strong>Getestet f\u00fcr den LeMax\u00ae Grill<\/strong><\/p>\n<p>Die Premium-Abdeckung f\u00fcr Ihren LeMax Grill ist aus langlebigen und extra stabilen Material gen\u00e4ht und kann einfach \u00fcber Ihren Elektrorill gest\u00fclpt und wieder abgenommen werden. Dank des Zugbandes mit Stopper kann sie fixiert werden und h\u00e4lt auch gegen starken Wind. Das Material ist schmutzabweisend und sch\u00fctzt gegen UV-Strahlen. Zudem verf\u00fcgt die Haube \u00fcber eine besondere, wasserbest\u00e4ndige Doppelnaht.<\/p>\n<p><strong>Empfohlen f\u00fcr:<br \/>\n<\/strong>alle mobilen <span style=\"color: #58bdb6;\"><a style=\"color: #58bdb6;\" href=\"https:\/\/www.elagproducts.com\/de\/besten-elektrogrills\/\">LeMax Grills<\/a><\/span><\/p>\n<h3><strong><span style=\"color: #ee7b1b;\"><a href=\"http:\/\/www.elagproducts.com\/wp-content\/uploads\/2014\/10\/lieferbar_icon.png\"><img decoding=\"async\" class=\"alignnone size-full wp-image-3344\" src=\"http:\/\/www.elagproducts.com\/wp-content\/uploads\/2014\/10\/lieferbar_icon.png\" alt=\"lieferbar_icon\" width=\"15\" height=\"14\" \/><\/a><\/span><\/strong><span style=\"color: #ee7b1b;\"><span style=\"color: #7ad03a;\">verf\u00fcgbar<\/span><\/span><\/h3>\n","protected":false},"featured_media":10222,"comment_status":"open","ping_status":"closed","template":"","meta":{"content-type":"","_mi_skip_tracking":false},"product_cat":[112],"product_tag":[],"yoast_head":"<!-- This site is optimized with the Yoast SEO plugin v20.5 - https:\/\/yoast.com\/wordpress\/plugins\/seo\/ -->\n<title>Premium-Abdeckung f\u00fcr LeMax\u00ae Grill - Haube &amp; Schutz | ELAG<\/title>\n<meta name=\"description\" content=\"Sch\u00fctzen Sie Ihren LeMax\u00ae Grill gegen Wind und Wetter. Mit der Premium-Abdeckung ist Ihr Grill gegen Regen und UV-Strahlen gewappnet...\" \/>\n<meta name=\"robots\" content=\"index, follow, max-snippet:-1, max-image-preview:large, max-video-preview:-1\" \/>\n<link rel=\"canonical\" href=\"https:\/\/www.elagproducts.com\/de\/shop\/abdeckungen\/abdeckung-lemax-grill\/\" \/>\n<meta property=\"og:locale\" content=\"de_DE\" \/>\n<meta property=\"og:type\" content=\"article\" \/>\n<meta property=\"og:title\" content=\"Premium-Abdeckung f\u00fcr LeMax\u00ae Grill - Haube &amp; Schutz | ELAG\" \/>\n<meta property=\"og:description\" content=\"Sch\u00fctzen Sie Ihren LeMax\u00ae Grill gegen Wind und Wetter. Mit der Premium-Abdeckung ist Ihr Grill gegen Regen und UV-Strahlen gewappnet...\" \/>\n<meta property=\"og:url\" content=\"https:\/\/www.elagproducts.com\/de\/shop\/abdeckungen\/abdeckung-lemax-grill\/\" \/>\n<meta property=\"og:site_name\" content=\"ELAG - LeMax Grills &amp; High-Quality Cooktops\" \/>\n<meta property=\"article:modified_time\" content=\"2024-08-05T10:27:33+00:00\" \/>\n<meta property=\"og:image\" content=\"https:\/\/i0.wp.com\/www.elagproducts.com\/wp-content\/uploads\/2020\/08\/abdeckhaube_01.jpeg?fit=1200%2C1200&ssl=1\" \/>\n\t<meta property=\"og:image:width\" content=\"1200\" \/>\n\t<meta property=\"og:image:height\" content=\"1200\" \/>\n\t<meta property=\"og:image:type\" content=\"image\/jpeg\" \/>\n<script type=\"application\/ld+json\" class=\"yoast-schema-graph\">{\"@context\":\"https:\/\/schema.org\",\"@graph\":[{\"@type\":\"WebPage\",\"@id\":\"https:\/\/www.elagproducts.com\/de\/shop\/abdeckungen\/abdeckung-lemax-grill\/\",\"url\":\"https:\/\/www.elagproducts.com\/de\/shop\/abdeckungen\/abdeckung-lemax-grill\/\",\"name\":\"Premium-Abdeckung f\u00fcr LeMax\u00ae Grill - Haube & Schutz | ELAG\",\"isPartOf\":{\"@id\":\"https:\/\/www.elagproducts.com\/de\/#website\"},\"datePublished\":\"2020-08-13T16:53:04+00:00\",\"dateModified\":\"2024-08-05T10:27:33+00:00\",\"description\":\"Sch\u00fctzen Sie Ihren LeMax\u00ae Grill gegen Wind und Wetter. Mit der Premium-Abdeckung ist Ihr Grill gegen Regen und UV-Strahlen gewappnet...\",\"breadcrumb\":{\"@id\":\"https:\/\/www.elagproducts.com\/de\/shop\/abdeckungen\/abdeckung-lemax-grill\/#breadcrumb\"},\"inLanguage\":\"de\",\"potentialAction\":[{\"@type\":\"ReadAction\",\"target\":[\"https:\/\/www.elagproducts.com\/de\/shop\/abdeckungen\/abdeckung-lemax-grill\/\"]}]},{\"@type\":\"BreadcrumbList\",\"@id\":\"https:\/\/www.elagproducts.com\/de\/shop\/abdeckungen\/abdeckung-lemax-grill\/#breadcrumb\",\"itemListElement\":[{\"@type\":\"ListItem\",\"position\":1,\"name\":\"Home\",\"item\":\"https:\/\/www.elagproducts.com\/de\/\"},{\"@type\":\"ListItem\",\"position\":2,\"name\":\"Shop\",\"item\":\"https:\/\/www.elagproducts.com\/de\/shop\/\"},{\"@type\":\"ListItem\",\"position\":3,\"name\":\"Premium-Abdeckung f\u00fcr LeMax\u00ae Grill\"}]},{\"@type\":\"WebSite\",\"@id\":\"https:\/\/www.elagproducts.com\/de\/#website\",\"url\":\"https:\/\/www.elagproducts.com\/de\/\",\"name\":\"ELAG - LeMax Grills &amp; High-Quality Cooktops\",\"description\":\"\",\"potentialAction\":[{\"@type\":\"SearchAction\",\"target\":{\"@type\":\"EntryPoint\",\"urlTemplate\":\"https:\/\/www.elagproducts.com\/de\/?s={search_term_string}\"},\"query-input\":\"required name=search_term_string\"}],\"inLanguage\":\"de\"}]}<\/script>\n<!-- \/ Yoast SEO plugin. -->","yoast_head_json":{"title":"Premium-Abdeckung f\u00fcr LeMax\u00ae Grill - Haube & Schutz | ELAG","description":"Sch\u00fctzen Sie Ihren LeMax\u00ae Grill gegen Wind und Wetter. Mit der Premium-Abdeckung ist Ihr Grill gegen Regen und UV-Strahlen gewappnet...","robots":{"index":"index","follow":"follow","max-snippet":"max-snippet:-1","max-image-preview":"max-image-preview:large","max-video-preview":"max-video-preview:-1"},"canonical":"https:\/\/www.elagproducts.com\/de\/shop\/abdeckungen\/abdeckung-lemax-grill\/","og_locale":"de_DE","og_type":"article","og_title":"Premium-Abdeckung f\u00fcr LeMax\u00ae Grill - Haube & Schutz | ELAG","og_description":"Sch\u00fctzen Sie Ihren LeMax\u00ae Grill gegen Wind und Wetter. Mit der Premium-Abdeckung ist Ihr Grill gegen Regen und UV-Strahlen gewappnet...","og_url":"https:\/\/www.elagproducts.com\/de\/shop\/abdeckungen\/abdeckung-lemax-grill\/","og_site_name":"ELAG - LeMax Grills &amp; High-Quality Cooktops","article_modified_time":"2024-08-05T10:27:33+00:00","og_image":[{"width":1200,"height":1200,"url":"https:\/\/i0.wp.com\/www.elagproducts.com\/wp-content\/uploads\/2020\/08\/abdeckhaube_01.jpeg?fit=1200%2C1200&ssl=1","type":"image\/jpeg"}],"schema":{"@context":"https:\/\/schema.org","@graph":[{"@type":"WebPage","@id":"https:\/\/www.elagproducts.com\/de\/shop\/abdeckungen\/abdeckung-lemax-grill\/","url":"https:\/\/www.elagproducts.com\/de\/shop\/abdeckungen\/abdeckung-lemax-grill\/","name":"Premium-Abdeckung f\u00fcr LeMax\u00ae Grill - Haube & Schutz | ELAG","isPartOf":{"@id":"https:\/\/www.elagproducts.com\/de\/#website"},"datePublished":"2020-08-13T16:53:04+00:00","dateModified":"2024-08-05T10:27:33+00:00","description":"Sch\u00fctzen Sie Ihren LeMax\u00ae Grill gegen Wind und Wetter. Mit der Premium-Abdeckung ist Ihr Grill gegen Regen und UV-Strahlen gewappnet...","breadcrumb":{"@id":"https:\/\/www.elagproducts.com\/de\/shop\/abdeckungen\/abdeckung-lemax-grill\/#breadcrumb"},"inLanguage":"de","potentialAction":[{"@type":"ReadAction","target":["https:\/\/www.elagproducts.com\/de\/shop\/abdeckungen\/abdeckung-lemax-grill\/"]}]},{"@type":"BreadcrumbList","@id":"https:\/\/www.elagproducts.com\/de\/shop\/abdeckungen\/abdeckung-lemax-grill\/#breadcrumb","itemListElement":[{"@type":"ListItem","position":1,"name":"Home","item":"https:\/\/www.elagproducts.com\/de\/"},{"@type":"ListItem","position":2,"name":"Shop","item":"https:\/\/www.elagproducts.com\/de\/shop\/"},{"@type":"ListItem","position":3,"name":"Premium-Abdeckung f\u00fcr LeMax\u00ae Grill"}]},{"@type":"WebSite","@id":"https:\/\/www.elagproducts.com\/de\/#website","url":"https:\/\/www.elagproducts.com\/de\/","name":"ELAG - LeMax Grills &amp; High-Quality Cooktops","description":"","potentialAction":[{"@type":"SearchAction","target":{"@type":"EntryPoint","urlTemplate":"https:\/\/www.elagproducts.com\/de\/?s={search_term_string}"},"query-input":"required name=search_term_string"}],"inLanguage":"de"}]}},"_links":{"self":[{"href":"https:\/\/www.elagproducts.com\/de\/wp-json\/wp\/v3\/product\/10221"}],"collection":[{"href":"https:\/\/www.elagproducts.com\/de\/wp-json\/wp\/v3\/product"}],"about":[{"href":"https:\/\/www.elagproducts.com\/de\/wp-json\/wp\/v2\/types\/product"}],"replies":[{"embeddable":true,"href":"https:\/\/www.elagproducts.com\/de\/wp-json\/wp\/v2\/comments?post=10221"}],"wp:featuredmedia":[{"embeddable":true,"href":"https:\/\/www.elagproducts.com\/de\/wp-json\/wp\/v2\/media\/10222"}],"wp:attachment":[{"href":"https:\/\/www.elagproducts.com\/de\/wp-json\/wp\/v2\/media?parent=10221"}],"wp:term":[{"taxonomy":"product_cat","embeddable":true,"href":"https:\/\/www.elagproducts.com\/de\/wp-json\/wp\/v2\/product_cat?post=10221"},{"taxonomy":"product_tag","embeddable":true,"href":"https:\/\/www.elagproducts.com\/de\/wp-json\/wp\/v2\/product_tag?post=10221"}],"curies":[{"name":"wp","href":"https:\/\/api.w.org\/{rel}","templated":true}]}}