{"id":9139,"date":"2019-03-27T17:29:40","date_gmt":"2019-03-27T15:29:40","guid":{"rendered":"http:\/\/www.elagproducts.com\/?page_id=9139"},"modified":"2019-04-06T13:37:32","modified_gmt":"2019-04-06T11:37:32","slug":"rezept-tortillas-lemax","status":"publish","type":"page","link":"https:\/\/www.elagproducts.com\/de\/rezept-tortillas-lemax\/","title":{"rendered":"Rezept | Tortillas mit K\u00e4se"},"content":{"rendered":"<p><div class=\"fusion-fullwidth fullwidth-box fusion-builder-row-1 gradient-container-1 nonhundred-percent-fullwidth non-hundred-percent-height-scrolling\" style=\"background-color: rgba(255,255,255,0);background-position: left top;background-repeat: no-repeat;padding-top:20px;padding-right:0px;padding-bottom:20px;padding-left:0px;margin-bottom: 0px;margin-top: 0px;border-width: 0px 0px 0px 0px;border-color:#eae9e9;border-style:solid;\" ><div class=\"fusion-builder-row fusion-row\"><div class=\"fusion-layout-column fusion_builder_column fusion-builder-column-0 fusion_builder_column_1_1 1_1 fusion-one-full fusion-column-first fusion-column-last gradient-column-1 fusion-column-no-min-height\" style=\"margin-top:0px;margin-bottom:0px;\"><div class=\"fusion-column-wrapper fusion-flex-column-wrapper-legacy\" style=\"background-position:left top;background-repeat:no-repeat;-webkit-background-size:cover;-moz-background-size:cover;-o-background-size:cover;background-size:cover;padding: 0px 0px 0px 0px;\"><div class=\"share-box fusion-sharing-box\" style=\"background-color:#f6f6f6;\" data-title=\"Rezept | Tortillas mit K\u00e4se\" data-description=\"&lt; Zur\u00fcck zur \u00dcbersicht \r\nTortillas mit K\u00e4se\r\nDie mexikanische K\u00fcche eignet sich ideal f\u00fcr einen geselligen Abend. Gemeinsam mit Freunden und Familie kreieren Sie bunte Tortillas am runden Tisch. Viel Spa\u00df dabei!    \r\nTortillas mit K\u00e4se\r\nHeizen Sie das Kochger\u00e4t auf Schalterstellung 8 f\u00fcr\" data-link=\"https:\/\/www.elagproducts.com\/de\/rezept-tortillas-lemax\/\"><h4 class=\"tagline\" style=\"color:#333333;\">Teile dieses Rezept:<\/h4><div class=\"fusion-social-networks\"><a class=\"fusion-social-network-icon fusion-tooltip fusion-facebook fusion-icon-facebook\" href=\"https:\/\/www.facebook.com\/sharer.php?u=https%3A%2F%2Fwww.elagproducts.com%2Fde%2Frezept-tortillas-lemax%2F&amp;t=Rezept%20%7C%20Tortillas%20mit%20K%C3%A4se\" target=\"_blank\" style=\"color:#bebdbd;\" title=\"Facebook\" aria-label=\"Facebook\" data-placement=\"top\" data-toggle=\"tooltip\" data-title=\"Facebook\"><\/a><a class=\"fusion-social-network-icon fusion-tooltip fusion-twitter fusion-icon-twitter\" href=\"https:\/\/twitter.com\/share?text=Rezept%20%7C%20Tortillas%20mit%20K%C3%A4se&amp;url=https%3A%2F%2Fwww.elagproducts.com%2Fde%2Frezept-tortillas-lemax%2F\" target=\"_blank\" rel=\"noopener noreferrer\" style=\"color:#bebdbd;\" title=\"Twitter\" aria-label=\"Twitter\" data-placement=\"top\" data-toggle=\"tooltip\" data-title=\"Twitter\"><\/a><a class=\"fusion-social-network-icon fusion-tooltip fusion-linkedin fusion-icon-linkedin\" href=\"https:\/\/www.linkedin.com\/shareArticle?mini=true&amp;url=https%3A%2F%2Fwww.elagproducts.com%2Fde%2Frezept-tortillas-lemax%2F&amp;title=Rezept%20%7C%20Tortillas%20mit%20K%C3%A4se&amp;summary=%26lt%3B%20Zur%C3%BCck%20zur%20%C3%9Cbersicht%20%0D%0ATortillas%20mit%20K%C3%A4se%0D%0ADie%20mexikanische%20K%C3%BCche%20eignet%20sich%20ideal%20f%C3%BCr%20einen%20geselligen%20Abend.%20Gemeinsam%20mit%20Freunden%20und%20Familie%20kreieren%20Sie%20bunte%20Tortillas%20am%20runden%20Tisch.%20Viel%20Spa%C3%9F%20dabei%21%20%20%20%20%20%20%20%0D%0ATortillas%20mit%20K%C3%A4se%0D%0AHeizen%20Sie%20das%20Kochger%C3%A4t%20auf%20Schalterstellung%208%20f%C3%BCr\" target=\"_blank\" rel=\"noopener noreferrer\" style=\"color:#bebdbd;\" title=\"LinkedIn\" aria-label=\"LinkedIn\" data-placement=\"top\" data-toggle=\"tooltip\" data-title=\"LinkedIn\"><\/a><a class=\"fusion-social-network-icon fusion-tooltip fusion-reddit fusion-icon-reddit\" href=\"http:\/\/reddit.com\/submit?url=https:\/\/www.elagproducts.com\/de\/rezept-tortillas-lemax\/&amp;title=Rezept | Tortillas mit K\u00e4se\" target=\"_blank\" rel=\"noopener noreferrer\" style=\"color:#bebdbd;\" title=\"Reddit\" aria-label=\"Reddit\" data-placement=\"top\" data-toggle=\"tooltip\" data-title=\"Reddit\"><\/a><a class=\"fusion-social-network-icon fusion-tooltip fusion-tumblr fusion-icon-tumblr\" href=\"http:\/\/www.tumblr.com\/share\/link?url=https%3A%2F%2Fwww.elagproducts.com%2Fde%2Frezept-tortillas-lemax%2F&amp;name=Rezept%20%7C%20Tortillas%20mit%20K%C3%A4se&amp;description=%26lt%3B%20Zur%C3%BCck%20zur%20%C3%9Cbersicht%20%0D%0ATortillas%20mit%20K%C3%A4se%0D%0ADie%20mexikanische%20K%C3%BCche%20eignet%20sich%20ideal%20f%C3%BCr%20einen%20geselligen%20Abend.%20Gemeinsam%20mit%20Freunden%20und%20Familie%20kreieren%20Sie%20bunte%20Tortillas%20am%20runden%20Tisch.%20Viel%20Spa%C3%9F%20dabei%21%20%20%20%20%20%20%20%0D%0ATortillas%20mit%20K%C3%A4se%0D%0AHeizen%20Sie%20das%20Kochger%C3%A4t%20auf%20Schalterstellung%208%20f%C3%BCr\" target=\"_blank\" rel=\"noopener noreferrer\" style=\"color:#bebdbd;\" title=\"Tumblr\" aria-label=\"Tumblr\" data-placement=\"top\" data-toggle=\"tooltip\" data-title=\"Tumblr\"><\/a><a class=\"fusion-social-network-icon fusion-tooltip fusion-pinterest fusion-icon-pinterest\" href=\"http:\/\/pinterest.com\/pin\/create\/button\/?url=https%3A%2F%2Fwww.elagproducts.com%2Fde%2Frezept-tortillas-lemax%2F&amp;description=%26lt%3B%20Zur%C3%BCck%20zur%20%C3%9Cbersicht%20%0D%0ATortillas%20mit%20K%C3%A4se%0D%0ADie%20mexikanische%20K%C3%BCche%20eignet%20sich%20ideal%20f%C3%BCr%20einen%20geselligen%20Abend.%20Gemeinsam%20mit%20Freunden%20und%20Familie%20kreieren%20Sie%20bunte%20Tortillas%20am%20runden%20Tisch.%20Viel%20Spa%C3%9F%20dabei%21%20%20%20%20%20%20%20%0D%0ATortillas%20mit%20K%C3%A4se%0D%0AHeizen%20Sie%20das%20Kochger%C3%A4t%20auf%20Schalterstellung%208%20f%C3%BCr&amp;media=\" target=\"_blank\" rel=\"noopener noreferrer\" style=\"color:#bebdbd;\" title=\"Pinterest\" aria-label=\"Pinterest\" data-placement=\"top\" data-toggle=\"tooltip\" data-title=\"Pinterest\"><\/a><a class=\"fusion-social-network-icon fusion-tooltip fusion-vk fusion-icon-vk\" href=\"http:\/\/vkontakte.ru\/share.php?url=https%3A%2F%2Fwww.elagproducts.com%2Fde%2Frezept-tortillas-lemax%2F&amp;title=Rezept%20%7C%20Tortillas%20mit%20K%C3%A4se&amp;description=%26lt%3B%20Zur%C3%BCck%20zur%20%C3%9Cbersicht%20%0D%0ATortillas%20mit%20K%C3%A4se%0D%0ADie%20mexikanische%20K%C3%BCche%20eignet%20sich%20ideal%20f%C3%BCr%20einen%20geselligen%20Abend.%20Gemeinsam%20mit%20Freunden%20und%20Familie%20kreieren%20Sie%20bunte%20Tortillas%20am%20runden%20Tisch.%20Viel%20Spa%C3%9F%20dabei%21%20%20%20%20%20%20%20%0D%0ATortillas%20mit%20K%C3%A4se%0D%0AHeizen%20Sie%20das%20Kochger%C3%A4t%20auf%20Schalterstellung%208%20f%C3%BCr\" target=\"_blank\" rel=\"noopener noreferrer\" style=\"color:#bebdbd;\" title=\"Vk\" aria-label=\"Vk\" data-placement=\"top\" data-toggle=\"tooltip\" data-title=\"Vk\"><\/a><a class=\"fusion-social-network-icon fusion-tooltip fusion-mail fusion-icon-mail\" href=\"mailto:?subject=Rezept%20%7C%20Tortillas%20mit%20K%C3%A4se&amp;body=https%3A%2F%2Fwww.elagproducts.com%2Fde%2Frezept-tortillas-lemax%2F\" target=\"_self\" style=\"color:#bebdbd;\" title=\"Email\" aria-label=\"Email\" data-placement=\"top\" data-toggle=\"tooltip\" data-title=\"Email\"><\/a><\/div><\/div><div class=\"fusion-text fusion-text-1\"><p><span style=\"color: #58bdb6;\"><a style=\"color: #58bdb6;\" href=\"https:\/\/www.elagproducts.com\/de\/rezepte\/\">&lt; Zur\u00fcck zur \u00dcbersicht<\/a><\/span><\/p>\n<\/div><div class=\"fusion-text fusion-text-2\"><h1>Tortillas mit K\u00e4se<\/h1>\n<h4 style=\"text-align: left;\"><strong>Die mexikanische K\u00fcche eignet sich ideal f\u00fcr einen geselligen Abend. Gemeinsam mit Freunden und Familie kreieren Sie bunte Tortillas am runden Tisch. Viel Spa\u00df dabei!<\/strong><\/h4>\n<\/div><div class=\"fusion-clearfix\"><\/div><\/div><\/div><\/div><\/div><div class=\"fusion-fullwidth fullwidth-box fusion-builder-row-2 gradient-container-2 nonhundred-percent-fullwidth non-hundred-percent-height-scrolling\" style=\"background-color: rgba(255,255,255,0);background-position: left top;background-repeat: no-repeat;padding-top:20px;padding-right:0px;padding-bottom:20px;padding-left:0px;margin-bottom: 0px;margin-top: 0px;border-width: 0px 0px 0px 0px;border-color:#eae9e9;border-style:solid;\" ><div class=\"fusion-builder-row fusion-row\"><div class=\"fusion-layout-column fusion_builder_column fusion-builder-column-1 fusion_builder_column_1_1 1_1 fusion-one-full fusion-column-first fusion-column-last gradient-column-2 fusion-column-no-min-height\" style=\"margin-top:0px;margin-bottom:0px;\"><div class=\"fusion-column-wrapper fusion-flex-column-wrapper-legacy\" style=\"background-position:left top;background-repeat:no-repeat;-webkit-background-size:cover;-moz-background-size:cover;-o-background-size:cover;background-size:cover;padding: 0px 0px 0px 0px;\"><span class=\" fusion-imageframe imageframe-none imageframe-1 hover-type-none\"><img decoding=\"async\" image_height=\"1341\" image_id=\"9100\" title=\"tortillas_lemax\" src=\"https:\/\/i0.wp.com\/www.elagproducts.com\/wp-content\/uploads\/2019\/03\/tortillas_lemax.jpg?w=1100\" class=\"img-responsive wp-image-9100\" srcset=\"https:\/\/i0.wp.com\/www.elagproducts.com\/wp-content\/uploads\/2019\/03\/tortillas_lemax.jpg?resize=200%2C140&amp;ssl=1 200w, https:\/\/i0.wp.com\/www.elagproducts.com\/wp-content\/uploads\/2019\/03\/tortillas_lemax.jpg?resize=300%2C210&amp;ssl=1 300w, https:\/\/i0.wp.com\/www.elagproducts.com\/wp-content\/uploads\/2019\/03\/tortillas_lemax.jpg?resize=400%2C279&amp;ssl=1 400w, https:\/\/i0.wp.com\/www.elagproducts.com\/wp-content\/uploads\/2019\/03\/tortillas_lemax.jpg?resize=500%2C349&amp;ssl=1 500w, https:\/\/i0.wp.com\/www.elagproducts.com\/wp-content\/uploads\/2019\/03\/tortillas_lemax.jpg?resize=600%2C419&amp;ssl=1 600w, https:\/\/i0.wp.com\/www.elagproducts.com\/wp-content\/uploads\/2019\/03\/tortillas_lemax.jpg?resize=768%2C536&amp;ssl=1 768w, https:\/\/i0.wp.com\/www.elagproducts.com\/wp-content\/uploads\/2019\/03\/tortillas_lemax.jpg?resize=800%2C559&amp;ssl=1 800w, https:\/\/i0.wp.com\/www.elagproducts.com\/wp-content\/uploads\/2019\/03\/tortillas_lemax.jpg?resize=1024%2C715&amp;ssl=1 1024w, https:\/\/i0.wp.com\/www.elagproducts.com\/wp-content\/uploads\/2019\/03\/tortillas_lemax.jpg?resize=1200%2C838&amp;ssl=1 1200w, https:\/\/i0.wp.com\/www.elagproducts.com\/wp-content\/uploads\/2019\/03\/tortillas_lemax.jpg?fit=1920%2C1341&amp;ssl=1 1920w\" sizes=\"(max-width: 800px) 100vw, 1200px\" data-recalc-dims=\"1\" \/><\/span><div class=\"fusion-clearfix\"><\/div><\/div><\/div><\/div><\/div><div class=\"fusion-fullwidth fullwidth-box fusion-builder-row-3 gradient-container-3 nonhundred-percent-fullwidth non-hundred-percent-height-scrolling\" style=\"background-color: rgba(255,255,255,0);background-position: left top;background-repeat: no-repeat;padding-top:20px;padding-right:0px;padding-bottom:20px;padding-left:0px;margin-bottom: 0px;margin-top: 0px;border-width: 0px 0px 0px 0px;border-color:#eae9e9;border-style:solid;\" ><div class=\"fusion-builder-row fusion-row\"><div class=\"fusion-layout-column fusion_builder_column fusion-builder-column-2 fusion_builder_column_2_3 2_3 fusion-two-third fusion-column-first gradient-column-3 fusion-column-no-min-height\" style=\"width:65.3333%; margin-right: 4%;margin-top:0px;margin-bottom:0px;\"><div class=\"fusion-column-wrapper fusion-flex-column-wrapper-legacy\" style=\"background-position:left top;background-repeat:no-repeat;-webkit-background-size:cover;-moz-background-size:cover;-o-background-size:cover;background-size:cover;padding: 0px 0px 0px 0px;\"><div class=\"fusion-text fusion-text-3\"><h3><strong>Tortillas mit K\u00e4se<\/strong><\/h3>\n<p>Heizen Sie das Kochger\u00e4t auf Schalterstellung 8 f\u00fcr ca. 5 Minuten vor. Verteilen Sie eine kleine Menge Margarine oder Butter auf der Kochfl\u00e4che. Legen Sie, je nach Gr\u00f6\u00dfe, ein oder zwei Tortillas darauf und bestreuen diese mit geriebenen K\u00e4se. Legen Sie eine weitere Tortilla auf den K\u00e4se und wenden Sie diese nach ca. 1 Minute. Backen Sie die zweite Seite auch etwa 1 Minute und nehmen dann die Tortillas von der Bratfl\u00e4che. Die Tortilla(s) ist nun bereits fertig. Geben Sie nun Streifen von geschnittenem Kopfsalat, Tomate, Sauerrahm gemischt mit Ketchup oder Steakso\u00dfe darauf. Diese Garnierung in die Tortillas einrollen und genie\u00dfen. Oder servieren Sie die K\u00e4setortillas in Streifen geschnitten ohne Garnierung nur mit pikanter mexikanischer Salsa-So\u00dfe.<\/p>\n<\/div><div class=\"fusion-clearfix\"><\/div><\/div><\/div><div class=\"fusion-layout-column fusion_builder_column fusion-builder-column-3 fusion_builder_column_1_3 1_3 fusion-one-third fusion-column-last gradient-column-4 fusion-column-no-min-height\" style=\"width:30.6666%;margin-top:0px;margin-bottom:0px;\"><div class=\"fusion-column-wrapper fusion-flex-column-wrapper-legacy\" style=\"background-position:left top;background-repeat:no-repeat;-webkit-background-size:cover;-moz-background-size:cover;-o-background-size:cover;background-size:cover;padding: 0px 0px 0px 0px;\"><div class=\"fusion-text fusion-text-4\"><p><strong>Zutaten:<\/strong><\/p>\n<p>Tortillas<\/p>\n<p>Pikanter, geriebener K\u00e4se<\/p>\n<p>Kopfsalat<\/p>\n<p>Sauerrahm<\/p>\n<p>Salsa-So\u00dfe<\/p>\n<\/div><div class=\"fusion-clearfix\"><\/div><\/div><\/div><\/div><\/div><\/p>\n","protected":false},"excerpt":{"rendered":"","protected":false},"author":1,"featured_media":0,"parent":0,"menu_order":0,"comment_status":"closed","ping_status":"closed","template":"","meta":{"content-type":"","_mi_skip_tracking":false},"yoast_head":"<!-- This site is optimized with the Yoast SEO plugin v20.5 - https:\/\/yoast.com\/wordpress\/plugins\/seo\/ -->\n<title>Rezeptideen - Tortillas mit dem LeMax Grill | ELAG<\/title>\n<meta name=\"robots\" content=\"index, follow, max-snippet:-1, max-image-preview:large, max-video-preview:-1\" \/>\n<link rel=\"canonical\" href=\"https:\/\/www.elagproducts.com\/de\/rezept-tortillas-lemax\/\" \/>\n<meta property=\"og:locale\" content=\"de_DE\" \/>\n<meta property=\"og:type\" content=\"article\" \/>\n<meta property=\"og:title\" content=\"Rezeptideen - Tortillas mit dem LeMax Grill | ELAG\" \/>\n<meta property=\"og:url\" content=\"https:\/\/www.elagproducts.com\/de\/rezept-tortillas-lemax\/\" \/>\n<meta property=\"og:site_name\" content=\"ELAG - LeMax Grills &amp; High-Quality Cooktops\" \/>\n<meta property=\"article:modified_time\" content=\"2019-04-06T11:37:32+00:00\" \/>\n<meta name=\"twitter:label1\" content=\"Gesch\u00e4tzte Lesezeit\" \/>\n\t<meta name=\"twitter:data1\" content=\"5\u00a0Minuten\" \/>\n<script type=\"application\/ld+json\" class=\"yoast-schema-graph\">{\"@context\":\"https:\/\/schema.org\",\"@graph\":[{\"@type\":\"WebPage\",\"@id\":\"https:\/\/www.elagproducts.com\/de\/rezept-tortillas-lemax\/\",\"url\":\"https:\/\/www.elagproducts.com\/de\/rezept-tortillas-lemax\/\",\"name\":\"Rezeptideen - Tortillas mit dem LeMax Grill | ELAG\",\"isPartOf\":{\"@id\":\"https:\/\/www.elagproducts.com\/de\/#website\"},\"datePublished\":\"2019-03-27T15:29:40+00:00\",\"dateModified\":\"2019-04-06T11:37:32+00:00\",\"breadcrumb\":{\"@id\":\"https:\/\/www.elagproducts.com\/de\/rezept-tortillas-lemax\/#breadcrumb\"},\"inLanguage\":\"de\",\"potentialAction\":[{\"@type\":\"ReadAction\",\"target\":[\"https:\/\/www.elagproducts.com\/de\/rezept-tortillas-lemax\/\"]}]},{\"@type\":\"BreadcrumbList\",\"@id\":\"https:\/\/www.elagproducts.com\/de\/rezept-tortillas-lemax\/#breadcrumb\",\"itemListElement\":[{\"@type\":\"ListItem\",\"position\":1,\"name\":\"Home\",\"item\":\"https:\/\/www.elagproducts.com\/de\/\"},{\"@type\":\"ListItem\",\"position\":2,\"name\":\"Rezept | Tortillas mit K\u00e4se\"}]},{\"@type\":\"WebSite\",\"@id\":\"https:\/\/www.elagproducts.com\/de\/#website\",\"url\":\"https:\/\/www.elagproducts.com\/de\/\",\"name\":\"ELAG - LeMax Grills &amp; High-Quality Cooktops\",\"description\":\"\",\"potentialAction\":[{\"@type\":\"SearchAction\",\"target\":{\"@type\":\"EntryPoint\",\"urlTemplate\":\"https:\/\/www.elagproducts.com\/de\/?s={search_term_string}\"},\"query-input\":\"required name=search_term_string\"}],\"inLanguage\":\"de\"}]}<\/script>\n<!-- \/ Yoast SEO plugin. -->","yoast_head_json":{"title":"Rezeptideen - Tortillas mit dem LeMax Grill | ELAG","robots":{"index":"index","follow":"follow","max-snippet":"max-snippet:-1","max-image-preview":"max-image-preview:large","max-video-preview":"max-video-preview:-1"},"canonical":"https:\/\/www.elagproducts.com\/de\/rezept-tortillas-lemax\/","og_locale":"de_DE","og_type":"article","og_title":"Rezeptideen - Tortillas mit dem LeMax Grill | ELAG","og_url":"https:\/\/www.elagproducts.com\/de\/rezept-tortillas-lemax\/","og_site_name":"ELAG - LeMax Grills &amp; High-Quality Cooktops","article_modified_time":"2019-04-06T11:37:32+00:00","twitter_misc":{"Gesch\u00e4tzte Lesezeit":"5\u00a0Minuten"},"schema":{"@context":"https:\/\/schema.org","@graph":[{"@type":"WebPage","@id":"https:\/\/www.elagproducts.com\/de\/rezept-tortillas-lemax\/","url":"https:\/\/www.elagproducts.com\/de\/rezept-tortillas-lemax\/","name":"Rezeptideen - Tortillas mit dem LeMax Grill | ELAG","isPartOf":{"@id":"https:\/\/www.elagproducts.com\/de\/#website"},"datePublished":"2019-03-27T15:29:40+00:00","dateModified":"2019-04-06T11:37:32+00:00","breadcrumb":{"@id":"https:\/\/www.elagproducts.com\/de\/rezept-tortillas-lemax\/#breadcrumb"},"inLanguage":"de","potentialAction":[{"@type":"ReadAction","target":["https:\/\/www.elagproducts.com\/de\/rezept-tortillas-lemax\/"]}]},{"@type":"BreadcrumbList","@id":"https:\/\/www.elagproducts.com\/de\/rezept-tortillas-lemax\/#breadcrumb","itemListElement":[{"@type":"ListItem","position":1,"name":"Home","item":"https:\/\/www.elagproducts.com\/de\/"},{"@type":"ListItem","position":2,"name":"Rezept | Tortillas mit K\u00e4se"}]},{"@type":"WebSite","@id":"https:\/\/www.elagproducts.com\/de\/#website","url":"https:\/\/www.elagproducts.com\/de\/","name":"ELAG - LeMax Grills &amp; High-Quality Cooktops","description":"","potentialAction":[{"@type":"SearchAction","target":{"@type":"EntryPoint","urlTemplate":"https:\/\/www.elagproducts.com\/de\/?s={search_term_string}"},"query-input":"required name=search_term_string"}],"inLanguage":"de"}]}},"_links":{"self":[{"href":"https:\/\/www.elagproducts.com\/de\/wp-json\/wp\/v2\/pages\/9139"}],"collection":[{"href":"https:\/\/www.elagproducts.com\/de\/wp-json\/wp\/v2\/pages"}],"about":[{"href":"https:\/\/www.elagproducts.com\/de\/wp-json\/wp\/v2\/types\/page"}],"author":[{"embeddable":true,"href":"https:\/\/www.elagproducts.com\/de\/wp-json\/wp\/v2\/users\/1"}],"replies":[{"embeddable":true,"href":"https:\/\/www.elagproducts.com\/de\/wp-json\/wp\/v2\/comments?post=9139"}],"version-history":[{"count":3,"href":"https:\/\/www.elagproducts.com\/de\/wp-json\/wp\/v2\/pages\/9139\/revisions"}],"predecessor-version":[{"id":9165,"href":"https:\/\/www.elagproducts.com\/de\/wp-json\/wp\/v2\/pages\/9139\/revisions\/9165"}],"wp:attachment":[{"href":"https:\/\/www.elagproducts.com\/de\/wp-json\/wp\/v2\/media?parent=9139"}],"curies":[{"name":"wp","href":"https:\/\/api.w.org\/{rel}","templated":true}]}}