{"id":9119,"date":"2019-03-27T13:47:06","date_gmt":"2019-03-27T11:47:06","guid":{"rendered":"http:\/\/www.elagproducts.com\/?page_id=9119"},"modified":"2019-04-06T13:36:02","modified_gmt":"2019-04-06T11:36:02","slug":"rezept-steak-lemax","status":"publish","type":"page","link":"https:\/\/www.elagproducts.com\/de\/rezept-steak-lemax\/","title":{"rendered":"Rezept | Steak"},"content":{"rendered":"<p><div class=\"fusion-fullwidth fullwidth-box fusion-builder-row-1 gradient-container-1 nonhundred-percent-fullwidth non-hundred-percent-height-scrolling\" style=\"background-color: rgba(255,255,255,0);background-position: left top;background-repeat: no-repeat;padding-top:20px;padding-right:0px;padding-bottom:20px;padding-left:0px;margin-bottom: 0px;margin-top: 0px;border-width: 0px 0px 0px 0px;border-color:#eae9e9;border-style:solid;\" ><div class=\"fusion-builder-row fusion-row\"><div class=\"fusion-layout-column fusion_builder_column fusion-builder-column-0 fusion_builder_column_1_1 1_1 fusion-one-full fusion-column-first fusion-column-last gradient-column-1 fusion-column-no-min-height\" style=\"margin-top:0px;margin-bottom:0px;\"><div class=\"fusion-column-wrapper fusion-flex-column-wrapper-legacy\" style=\"background-position:left top;background-repeat:no-repeat;-webkit-background-size:cover;-moz-background-size:cover;-o-background-size:cover;background-size:cover;padding: 0px 0px 0px 0px;\"><div class=\"share-box fusion-sharing-box\" style=\"background-color:#f6f6f6;\" data-title=\"Rezept | Steak\" data-description=\"&lt; Zur\u00fcck zur \u00dcbersicht \r\nSteak\r\nDer LeMax Grill ist gerade f\u00fcr Steaks ideal. Dank seiner flachen Oberfl\u00e4che und hohen Temperaturen kann das Fleisch fl\u00e4chendeckend versiegelt werden. Der Fleischsaft bleibt im Fleisch und das Steak bleibt zart und saftig.Viel Spass beim Ausprobieren!    \r\nWichtig\" data-link=\"https:\/\/www.elagproducts.com\/de\/rezept-steak-lemax\/\"><h4 class=\"tagline\" style=\"color:#333333;\">Teile dieses Rezept:<\/h4><div class=\"fusion-social-networks\"><a class=\"fusion-social-network-icon fusion-tooltip fusion-facebook fusion-icon-facebook\" href=\"https:\/\/www.facebook.com\/sharer.php?u=https%3A%2F%2Fwww.elagproducts.com%2Fde%2Frezept-steak-lemax%2F&amp;t=Rezept%20%7C%20Steak\" target=\"_blank\" style=\"color:#bebdbd;\" title=\"Facebook\" aria-label=\"Facebook\" data-placement=\"top\" data-toggle=\"tooltip\" data-title=\"Facebook\"><\/a><a class=\"fusion-social-network-icon fusion-tooltip fusion-twitter fusion-icon-twitter\" href=\"https:\/\/twitter.com\/share?text=Rezept%20%7C%20Steak&amp;url=https%3A%2F%2Fwww.elagproducts.com%2Fde%2Frezept-steak-lemax%2F\" target=\"_blank\" rel=\"noopener noreferrer\" style=\"color:#bebdbd;\" title=\"Twitter\" aria-label=\"Twitter\" data-placement=\"top\" data-toggle=\"tooltip\" data-title=\"Twitter\"><\/a><a class=\"fusion-social-network-icon fusion-tooltip fusion-linkedin fusion-icon-linkedin\" href=\"https:\/\/www.linkedin.com\/shareArticle?mini=true&amp;url=https%3A%2F%2Fwww.elagproducts.com%2Fde%2Frezept-steak-lemax%2F&amp;title=Rezept%20%7C%20Steak&amp;summary=%26lt%3B%20Zur%C3%BCck%20zur%20%C3%9Cbersicht%20%0D%0ASteak%0D%0ADer%20LeMax%20Grill%20ist%20gerade%20f%C3%BCr%20Steaks%20ideal.%20Dank%20seiner%20flachen%20Oberfl%C3%A4che%20und%20hohen%20Temperaturen%20kann%20das%20Fleisch%20fl%C3%A4chendeckend%20versiegelt%20werden.%20Der%20Fleischsaft%20bleibt%20im%20Fleisch%20und%20das%20Steak%20bleibt%20zart%20und%20saftig.Viel%20Spass%20beim%20Ausprobieren%21%20%20%20%20%20%20%20%0D%0AWichtig\" target=\"_blank\" rel=\"noopener noreferrer\" style=\"color:#bebdbd;\" title=\"LinkedIn\" aria-label=\"LinkedIn\" data-placement=\"top\" data-toggle=\"tooltip\" data-title=\"LinkedIn\"><\/a><a class=\"fusion-social-network-icon fusion-tooltip fusion-reddit fusion-icon-reddit\" href=\"http:\/\/reddit.com\/submit?url=https:\/\/www.elagproducts.com\/de\/rezept-steak-lemax\/&amp;title=Rezept | Steak\" target=\"_blank\" rel=\"noopener noreferrer\" style=\"color:#bebdbd;\" title=\"Reddit\" aria-label=\"Reddit\" data-placement=\"top\" data-toggle=\"tooltip\" data-title=\"Reddit\"><\/a><a class=\"fusion-social-network-icon fusion-tooltip fusion-tumblr fusion-icon-tumblr\" href=\"http:\/\/www.tumblr.com\/share\/link?url=https%3A%2F%2Fwww.elagproducts.com%2Fde%2Frezept-steak-lemax%2F&amp;name=Rezept%20%7C%20Steak&amp;description=%26lt%3B%20Zur%C3%BCck%20zur%20%C3%9Cbersicht%20%0D%0ASteak%0D%0ADer%20LeMax%20Grill%20ist%20gerade%20f%C3%BCr%20Steaks%20ideal.%20Dank%20seiner%20flachen%20Oberfl%C3%A4che%20und%20hohen%20Temperaturen%20kann%20das%20Fleisch%20fl%C3%A4chendeckend%20versiegelt%20werden.%20Der%20Fleischsaft%20bleibt%20im%20Fleisch%20und%20das%20Steak%20bleibt%20zart%20und%20saftig.Viel%20Spass%20beim%20Ausprobieren%21%20%20%20%20%20%20%20%0D%0AWichtig\" target=\"_blank\" rel=\"noopener noreferrer\" style=\"color:#bebdbd;\" title=\"Tumblr\" aria-label=\"Tumblr\" data-placement=\"top\" data-toggle=\"tooltip\" data-title=\"Tumblr\"><\/a><a class=\"fusion-social-network-icon fusion-tooltip fusion-pinterest fusion-icon-pinterest\" href=\"http:\/\/pinterest.com\/pin\/create\/button\/?url=https%3A%2F%2Fwww.elagproducts.com%2Fde%2Frezept-steak-lemax%2F&amp;description=%26lt%3B%20Zur%C3%BCck%20zur%20%C3%9Cbersicht%20%0D%0ASteak%0D%0ADer%20LeMax%20Grill%20ist%20gerade%20f%C3%BCr%20Steaks%20ideal.%20Dank%20seiner%20flachen%20Oberfl%C3%A4che%20und%20hohen%20Temperaturen%20kann%20das%20Fleisch%20fl%C3%A4chendeckend%20versiegelt%20werden.%20Der%20Fleischsaft%20bleibt%20im%20Fleisch%20und%20das%20Steak%20bleibt%20zart%20und%20saftig.Viel%20Spass%20beim%20Ausprobieren%21%20%20%20%20%20%20%20%0D%0AWichtig&amp;media=\" target=\"_blank\" rel=\"noopener noreferrer\" style=\"color:#bebdbd;\" title=\"Pinterest\" aria-label=\"Pinterest\" data-placement=\"top\" data-toggle=\"tooltip\" data-title=\"Pinterest\"><\/a><a class=\"fusion-social-network-icon fusion-tooltip fusion-vk fusion-icon-vk\" href=\"http:\/\/vkontakte.ru\/share.php?url=https%3A%2F%2Fwww.elagproducts.com%2Fde%2Frezept-steak-lemax%2F&amp;title=Rezept%20%7C%20Steak&amp;description=%26lt%3B%20Zur%C3%BCck%20zur%20%C3%9Cbersicht%20%0D%0ASteak%0D%0ADer%20LeMax%20Grill%20ist%20gerade%20f%C3%BCr%20Steaks%20ideal.%20Dank%20seiner%20flachen%20Oberfl%C3%A4che%20und%20hohen%20Temperaturen%20kann%20das%20Fleisch%20fl%C3%A4chendeckend%20versiegelt%20werden.%20Der%20Fleischsaft%20bleibt%20im%20Fleisch%20und%20das%20Steak%20bleibt%20zart%20und%20saftig.Viel%20Spass%20beim%20Ausprobieren%21%20%20%20%20%20%20%20%0D%0AWichtig\" target=\"_blank\" rel=\"noopener noreferrer\" style=\"color:#bebdbd;\" title=\"Vk\" aria-label=\"Vk\" data-placement=\"top\" data-toggle=\"tooltip\" data-title=\"Vk\"><\/a><a class=\"fusion-social-network-icon fusion-tooltip fusion-mail fusion-icon-mail\" href=\"mailto:?subject=Rezept%20%7C%20Steak&amp;body=https%3A%2F%2Fwww.elagproducts.com%2Fde%2Frezept-steak-lemax%2F\" target=\"_self\" style=\"color:#bebdbd;\" title=\"Email\" aria-label=\"Email\" data-placement=\"top\" data-toggle=\"tooltip\" data-title=\"Email\"><\/a><\/div><\/div><div class=\"fusion-text fusion-text-1\"><p><span style=\"color: #58bdb6;\"><a style=\"color: #58bdb6;\" href=\"https:\/\/www.elagproducts.com\/de\/rezepte\/\">&lt; Zur\u00fcck zur \u00dcbersicht<\/a><\/span><\/p>\n<\/div><div class=\"fusion-text fusion-text-2\"><h1>Steak<\/h1>\n<h4 style=\"text-align: left;\"><strong>Der LeMax Grill ist gerade f\u00fcr Steaks ideal. Dank seiner flachen Oberfl\u00e4che und hohen Temperaturen kann das Fleisch fl\u00e4chendeckend versiegelt werden. Der Fleischsaft bleibt im Fleisch und das Steak bleibt zart und saftig.Viel Spass beim Ausprobieren!<\/strong><\/h4>\n<\/div><div class=\"fusion-clearfix\"><\/div><\/div><\/div><\/div><\/div><div class=\"fusion-fullwidth fullwidth-box fusion-builder-row-2 gradient-container-2 nonhundred-percent-fullwidth non-hundred-percent-height-scrolling\" style=\"background-color: rgba(255,255,255,0);background-position: left top;background-repeat: no-repeat;padding-top:20px;padding-right:0px;padding-bottom:20px;padding-left:0px;margin-bottom: 0px;margin-top: 0px;border-width: 0px 0px 0px 0px;border-color:#eae9e9;border-style:solid;\" ><div class=\"fusion-builder-row fusion-row\"><div class=\"fusion-layout-column fusion_builder_column fusion-builder-column-1 fusion_builder_column_1_1 1_1 fusion-one-full fusion-column-first fusion-column-last gradient-column-2 fusion-column-no-min-height\" style=\"margin-top:0px;margin-bottom:0px;\"><div class=\"fusion-column-wrapper fusion-flex-column-wrapper-legacy\" style=\"background-position:left top;background-repeat:no-repeat;-webkit-background-size:cover;-moz-background-size:cover;-o-background-size:cover;background-size:cover;padding: 0px 0px 0px 0px;\"><span class=\" fusion-imageframe imageframe-none imageframe-1 hover-type-none\"><img decoding=\"async\" image_height=\"1280\" image_id=\"9070\" title=\"steak_lemax\" src=\"https:\/\/i0.wp.com\/www.elagproducts.com\/wp-content\/uploads\/2019\/03\/steak_lemax.jpg?w=1100\" class=\"img-responsive wp-image-9070\" srcset=\"https:\/\/i0.wp.com\/www.elagproducts.com\/wp-content\/uploads\/2019\/03\/steak_lemax.jpg?resize=200%2C133&amp;ssl=1 200w, https:\/\/i0.wp.com\/www.elagproducts.com\/wp-content\/uploads\/2019\/03\/steak_lemax.jpg?resize=300%2C200&amp;ssl=1 300w, https:\/\/i0.wp.com\/www.elagproducts.com\/wp-content\/uploads\/2019\/03\/steak_lemax.jpg?resize=400%2C267&amp;ssl=1 400w, https:\/\/i0.wp.com\/www.elagproducts.com\/wp-content\/uploads\/2019\/03\/steak_lemax.jpg?resize=500%2C333&amp;ssl=1 500w, https:\/\/i0.wp.com\/www.elagproducts.com\/wp-content\/uploads\/2019\/03\/steak_lemax.jpg?resize=600%2C400&amp;ssl=1 600w, https:\/\/i0.wp.com\/www.elagproducts.com\/wp-content\/uploads\/2019\/03\/steak_lemax.jpg?resize=768%2C512&amp;ssl=1 768w, https:\/\/i0.wp.com\/www.elagproducts.com\/wp-content\/uploads\/2019\/03\/steak_lemax.jpg?resize=800%2C533&amp;ssl=1 800w, https:\/\/i0.wp.com\/www.elagproducts.com\/wp-content\/uploads\/2019\/03\/steak_lemax.jpg?resize=1024%2C683&amp;ssl=1 1024w, https:\/\/i0.wp.com\/www.elagproducts.com\/wp-content\/uploads\/2019\/03\/steak_lemax.jpg?resize=1200%2C800&amp;ssl=1 1200w, https:\/\/i0.wp.com\/www.elagproducts.com\/wp-content\/uploads\/2019\/03\/steak_lemax.jpg?fit=1920%2C1280&amp;ssl=1 1920w\" sizes=\"(max-width: 800px) 100vw, 1200px\" data-recalc-dims=\"1\" \/><\/span><div class=\"fusion-clearfix\"><\/div><\/div><\/div><\/div><\/div><div class=\"fusion-fullwidth fullwidth-box fusion-builder-row-3 gradient-container-3 nonhundred-percent-fullwidth non-hundred-percent-height-scrolling\" style=\"background-color: rgba(255,255,255,0);background-position: left top;background-repeat: no-repeat;padding-top:20px;padding-right:0px;padding-bottom:20px;padding-left:0px;margin-bottom: 0px;margin-top: 0px;border-width: 0px 0px 0px 0px;border-color:#eae9e9;border-style:solid;\" ><div class=\"fusion-builder-row fusion-row\"><div class=\"fusion-layout-column fusion_builder_column fusion-builder-column-2 fusion_builder_column_2_3 2_3 fusion-two-third fusion-column-first gradient-column-3 fusion-column-no-min-height\" style=\"width:65.3333%; margin-right: 4%;margin-top:0px;margin-bottom:0px;\"><div class=\"fusion-column-wrapper fusion-flex-column-wrapper-legacy\" style=\"background-position:left top;background-repeat:no-repeat;-webkit-background-size:cover;-moz-background-size:cover;-o-background-size:cover;background-size:cover;padding: 0px 0px 0px 0px;\"><div class=\"fusion-text fusion-text-3\"><h3><strong>Wichtig zu wissen, wenn Sie Fleisch braten<\/strong><\/h3>\n<p>Das meiste Fleisch, das wir heute kaufen k\u00f6nnen, ist zu frisch und kaum abgehangen. Um ein zartes St\u00fcck Fleisch zu bekommen, muss es reifen. Fleisch sollte in kalter frischer Luft ruhen, bis es au\u00dfen nicht mehr blutig ist. Reifes Fleisch ist von au\u00dfen trocken und hat seinen Saft im Inneren versiegelt. Sie k\u00f6nnen den Unterschied sehen. Wenn Sie Fleisch grillen, das nicht richtig reif ist, f\u00e4ngt es an in seinem eigenen Saft zu schmoren. Der innere Saft tritt aus, so dass das Fleisch beim Braten und Grillen z\u00e4h und trocken wird. Wenn Sie ein reifes St\u00fcck Fleisch auf die Bratfl\u00e4che legen, sind die Poren der Au\u00dfenseite bereits geschlossen und die S\u00e4fte k\u00f6nnen beim Braten nicht mehr austreten. Versuchen Sie selbst, welchen Unterschied das bei einem guten Steak macht.<\/p>\n<\/div><div class=\"fusion-clearfix\"><\/div><\/div><\/div><\/div><\/div><div class=\"fusion-fullwidth fullwidth-box fusion-builder-row-4 gradient-container-4 nonhundred-percent-fullwidth non-hundred-percent-height-scrolling\" style=\"background-color: rgba(255,255,255,0);background-position: left top;background-repeat: no-repeat;padding-top:20px;padding-right:0px;padding-bottom:20px;padding-left:0px;margin-bottom: 0px;margin-top: 0px;border-width: 0px 0px 0px 0px;border-color:#eae9e9;border-style:solid;\" ><div class=\"fusion-builder-row fusion-row\"><div class=\"fusion-layout-column fusion_builder_column fusion-builder-column-3 fusion_builder_column_2_3 2_3 fusion-two-third fusion-column-first gradient-column-4 fusion-column-no-min-height\" style=\"width:65.3333%; margin-right: 4%;margin-top:0px;margin-bottom:0px;\"><div class=\"fusion-column-wrapper fusion-flex-column-wrapper-legacy\" style=\"background-position:left top;background-repeat:no-repeat;-webkit-background-size:cover;-moz-background-size:cover;-o-background-size:cover;background-size:cover;padding: 0px 0px 0px 0px;\"><div class=\"fusion-text fusion-text-4\"><h3><strong>Fleisch reifen lassen<\/strong><\/h3>\n<p>Das n\u00e4chste Mal, wenn Sie Steaks oder Schnitzel kaufen, nehmen Sie diese sofort aus der Ver-packung. Sp\u00fclen Sie die Fleischscheiben mit klarem Wasser ab und tupfen Sie diese mit einem Papier-tuch trocken. Legen Sie dann die Fleischscheiben auf einen Teller in den K\u00fchlschrank ohne diesen abzudecken. Nachdem die eine Seite trocken erscheint, bestreichen Sie diese mit ein wenig \u00d6l. Drehen sie nun das Fleisch, legen es auf einen sauberen Teller und lassen nun die andere Seite trocknen. Dann ebenfalls mit \u00d6l einstreichen. Dieser Trocknungsprozess kann bis zu 48 Stunden dauern, je nachdem wie frisch das Fleisch war als sie es gekauft haben. Das \u00d6l auf dem Fleisch hilft es gleich-m\u00e4\u00dfiger zu garen, au\u00dferdem bleiben die Gew\u00fcrze besser darauf haften. Nehmen Sie immer gereiftes Fleisch zum Grillen und Braten. Sie werden den Unterschied schmecken und die Konsistenz ist wesentlich zarter und saftiger.<\/p>\n<p><strong>Wenn Sie Fleisch Braten oder Grillen, ist es notwendig die keramische Grillfl\u00e4che mit etwas Fett einzureiben. Wir empfehlen Bratfett oder Pflanzen\u00f6l zu nehmen, welches f\u00fcr hohe Temperaturen geeignet ist und nicht so leicht verbrennt. Erkundigen Sie sich im guten Fachhandel! <\/strong><\/p>\n<\/div><div class=\"fusion-clearfix\"><\/div><\/div><\/div><\/div><\/div><div class=\"fusion-fullwidth fullwidth-box fusion-builder-row-5 gradient-container-5 nonhundred-percent-fullwidth non-hundred-percent-height-scrolling\" style=\"background-color: rgba(255,255,255,0);background-position: left top;background-repeat: no-repeat;padding-top:20px;padding-right:0px;padding-bottom:20px;padding-left:0px;margin-bottom: 0px;margin-top: 0px;border-width: 0px 0px 0px 0px;border-color:#eae9e9;border-style:solid;\" ><div class=\"fusion-builder-row fusion-row\"><div class=\"fusion-layout-column fusion_builder_column fusion-builder-column-4 fusion_builder_column_2_3 2_3 fusion-two-third fusion-column-first gradient-column-5 fusion-column-no-min-height\" style=\"width:65.3333%; margin-right: 4%;margin-top:0px;margin-bottom:0px;\"><div class=\"fusion-column-wrapper fusion-flex-column-wrapper-legacy\" style=\"background-position:left top;background-repeat:no-repeat;-webkit-background-size:cover;-moz-background-size:cover;-o-background-size:cover;background-size:cover;padding: 0px 0px 0px 0px;\"><div class=\"fusion-text fusion-text-5\"><h3><strong>Hinweise zum Braten von Steaks<\/strong><\/h3>\n<p>(Rind, Schwein oder Lamm)<\/p>\n<p>Bevor Sie Fleisch braten, empfehlen wir folgenden Artikel zu lesen: <strong>&#8220;Wichtig zu wissen, wenn Sie Fleisch braten&#8221; <\/strong>Beachten Sie den Abschnitt: &#8220;Fleisch reifen lassen&#8221;. Es macht einen gro\u00dfen Unter-schied, wenn Sie gereiftes Fleisch direkt auf keramischen Glas braten! Gro\u00dfe Fleischscheiben m\u00fcssen in Schalterstellung 9-12 gegart werden. Heizen Sie das Ger\u00e4t ca. 10 Minuten auf Stufe 12 vor. Es ist wichtig beide Seiten des Fleisches kurz anzubraten, um die Poren zu schlie\u00dfen. Zum Anbraten gen\u00fcgt\u00a0ca.1 Minute pro Seite.<\/p>\n<p>Danach braten Sie Ihr Fleisch nach Ihrem eigenen Geschmack weiter. Sie werden nach kurzer Zeit das LeMax Kochger\u00e4t kennengelernt haben und selbst Kreativit\u00e4t entwickeln, wie Sie aus einem langweiligen St\u00fcck Fleisch einen anregenden Gaumengenuss machen. Schneiden Sie das Fleisch in Streifen und braten Sie es zusammen mit frischem Paprika und Zwiebeln. In der letzten Minute geben Sie einen Schuss Wein und probieren Sie einige exotische Gew\u00fcrze dazu. Nutzen Sie Ihren Einfallsreichtum, es gibt so viele M\u00f6glichkeiten k\u00f6stliche Speisen auf Ihrem neuen LeMax Grill- und Kochger\u00e4t zu verwirklichen!<\/p>\n<\/div><div class=\"fusion-clearfix\"><\/div><\/div><\/div><\/div><\/div><div class=\"fusion-fullwidth fullwidth-box fusion-builder-row-6 gradient-container-6 nonhundred-percent-fullwidth non-hundred-percent-height-scrolling\" style=\"background-color: rgba(255,255,255,0);background-position: left top;background-repeat: no-repeat;padding-top:20px;padding-right:0px;padding-bottom:20px;padding-left:0px;margin-bottom: 0px;margin-top: 0px;border-width: 0px 0px 0px 0px;border-color:#eae9e9;border-style:solid;\" ><div class=\"fusion-builder-row fusion-row\"><div class=\"fusion-layout-column fusion_builder_column fusion-builder-column-5 fusion_builder_column_2_3 2_3 fusion-two-third fusion-column-first gradient-column-6 fusion-column-no-min-height\" style=\"width:65.3333%; margin-right: 4%;margin-top:0px;margin-bottom:0px;\"><div class=\"fusion-column-wrapper fusion-flex-column-wrapper-legacy\" style=\"background-position:left top;background-repeat:no-repeat;-webkit-background-size:cover;-moz-background-size:cover;-o-background-size:cover;background-size:cover;padding: 0px 0px 0px 0px;\"><div class=\"fusion-text fusion-text-6\"><h3><strong>Basis\u00f6lmischung<br \/>\n<\/strong><\/h3>\n<p>Bewahren Sie diese einfache Mischung aus \u00d6l und Knoblauch in einer Flasche im K\u00fchlschrank auf.<\/p>\n<p>Benutzen Sie diese \u00d6lmischung als Grundlage f\u00fcr die restlichen Gew\u00fcrze und f\u00fcr eine Marinade.<\/p>\n<p>Reiben Sie das Fleisch zum Grillen gr\u00fcndlich mit dieser \u00d6lmischung ein und f\u00fcgen Sie dann Salz, Pfeffer und sonstige Gew\u00fcrze nach Geschmack hinzu. Achten Sie darauf, dass das verwendete \u00d6l Temperaturen \u00fcber 230\u00b0C vertr\u00e4gt. Reines Sonnenblumen-, Korn- und auch Avocado\u00f6l sind hierf\u00fcr geeignet.<\/p>\n<\/div><div class=\"fusion-clearfix\"><\/div><\/div><\/div><div class=\"fusion-layout-column fusion_builder_column fusion-builder-column-6 fusion_builder_column_1_3 1_3 fusion-one-third fusion-column-last gradient-column-7 fusion-column-no-min-height\" style=\"width:30.6666%;margin-top:0px;margin-bottom:0px;\"><div class=\"fusion-column-wrapper fusion-flex-column-wrapper-legacy\" style=\"background-position:left top;background-repeat:no-repeat;-webkit-background-size:cover;-moz-background-size:cover;-o-background-size:cover;background-size:cover;padding: 0px 0px 0px 0px;\"><div class=\"fusion-text fusion-text-7\"><p><strong>Zutaten:<\/strong><\/p>\n<p>0,5 Ltr. Pflanzen\u00f6l<\/p>\n<p>3 Knoblauchzehen, gerieben, gehackt oder zerdr\u00fcckt<\/p>\n<\/div><div class=\"fusion-clearfix\"><\/div><\/div><\/div><\/div><\/div><\/p>\n","protected":false},"excerpt":{"rendered":"","protected":false},"author":1,"featured_media":0,"parent":0,"menu_order":0,"comment_status":"closed","ping_status":"closed","template":"","meta":{"content-type":"","_mi_skip_tracking":false},"yoast_head":"<!-- This site is optimized with the Yoast SEO plugin v20.5 - https:\/\/yoast.com\/wordpress\/plugins\/seo\/ -->\n<title>Rezeptideen - Steaks mit dem LeMax Grill | ELAG<\/title>\n<meta name=\"robots\" content=\"index, follow, max-snippet:-1, max-image-preview:large, max-video-preview:-1\" \/>\n<link rel=\"canonical\" href=\"https:\/\/www.elagproducts.com\/de\/rezept-steak-lemax\/\" \/>\n<meta property=\"og:locale\" content=\"de_DE\" \/>\n<meta property=\"og:type\" content=\"article\" \/>\n<meta property=\"og:title\" content=\"Rezeptideen - Steaks mit dem LeMax Grill | ELAG\" \/>\n<meta property=\"og:url\" content=\"https:\/\/www.elagproducts.com\/de\/rezept-steak-lemax\/\" \/>\n<meta property=\"og:site_name\" content=\"ELAG - LeMax Grills &amp; High-Quality Cooktops\" \/>\n<meta property=\"article:modified_time\" content=\"2019-04-06T11:36:02+00:00\" \/>\n<meta name=\"twitter:label1\" content=\"Gesch\u00e4tzte Lesezeit\" \/>\n\t<meta name=\"twitter:data1\" content=\"10\u00a0Minuten\" \/>\n<script type=\"application\/ld+json\" class=\"yoast-schema-graph\">{\"@context\":\"https:\/\/schema.org\",\"@graph\":[{\"@type\":\"WebPage\",\"@id\":\"https:\/\/www.elagproducts.com\/de\/rezept-steak-lemax\/\",\"url\":\"https:\/\/www.elagproducts.com\/de\/rezept-steak-lemax\/\",\"name\":\"Rezeptideen - Steaks mit dem LeMax Grill | ELAG\",\"isPartOf\":{\"@id\":\"https:\/\/www.elagproducts.com\/de\/#website\"},\"datePublished\":\"2019-03-27T11:47:06+00:00\",\"dateModified\":\"2019-04-06T11:36:02+00:00\",\"breadcrumb\":{\"@id\":\"https:\/\/www.elagproducts.com\/de\/rezept-steak-lemax\/#breadcrumb\"},\"inLanguage\":\"de\",\"potentialAction\":[{\"@type\":\"ReadAction\",\"target\":[\"https:\/\/www.elagproducts.com\/de\/rezept-steak-lemax\/\"]}]},{\"@type\":\"BreadcrumbList\",\"@id\":\"https:\/\/www.elagproducts.com\/de\/rezept-steak-lemax\/#breadcrumb\",\"itemListElement\":[{\"@type\":\"ListItem\",\"position\":1,\"name\":\"Home\",\"item\":\"https:\/\/www.elagproducts.com\/de\/\"},{\"@type\":\"ListItem\",\"position\":2,\"name\":\"Rezept | Steak\"}]},{\"@type\":\"WebSite\",\"@id\":\"https:\/\/www.elagproducts.com\/de\/#website\",\"url\":\"https:\/\/www.elagproducts.com\/de\/\",\"name\":\"ELAG - LeMax Grills &amp; High-Quality Cooktops\",\"description\":\"\",\"potentialAction\":[{\"@type\":\"SearchAction\",\"target\":{\"@type\":\"EntryPoint\",\"urlTemplate\":\"https:\/\/www.elagproducts.com\/de\/?s={search_term_string}\"},\"query-input\":\"required name=search_term_string\"}],\"inLanguage\":\"de\"}]}<\/script>\n<!-- \/ Yoast SEO plugin. -->","yoast_head_json":{"title":"Rezeptideen - Steaks mit dem LeMax Grill | ELAG","robots":{"index":"index","follow":"follow","max-snippet":"max-snippet:-1","max-image-preview":"max-image-preview:large","max-video-preview":"max-video-preview:-1"},"canonical":"https:\/\/www.elagproducts.com\/de\/rezept-steak-lemax\/","og_locale":"de_DE","og_type":"article","og_title":"Rezeptideen - Steaks mit dem LeMax Grill | ELAG","og_url":"https:\/\/www.elagproducts.com\/de\/rezept-steak-lemax\/","og_site_name":"ELAG - LeMax Grills &amp; High-Quality Cooktops","article_modified_time":"2019-04-06T11:36:02+00:00","twitter_misc":{"Gesch\u00e4tzte Lesezeit":"10\u00a0Minuten"},"schema":{"@context":"https:\/\/schema.org","@graph":[{"@type":"WebPage","@id":"https:\/\/www.elagproducts.com\/de\/rezept-steak-lemax\/","url":"https:\/\/www.elagproducts.com\/de\/rezept-steak-lemax\/","name":"Rezeptideen - Steaks mit dem LeMax Grill | ELAG","isPartOf":{"@id":"https:\/\/www.elagproducts.com\/de\/#website"},"datePublished":"2019-03-27T11:47:06+00:00","dateModified":"2019-04-06T11:36:02+00:00","breadcrumb":{"@id":"https:\/\/www.elagproducts.com\/de\/rezept-steak-lemax\/#breadcrumb"},"inLanguage":"de","potentialAction":[{"@type":"ReadAction","target":["https:\/\/www.elagproducts.com\/de\/rezept-steak-lemax\/"]}]},{"@type":"BreadcrumbList","@id":"https:\/\/www.elagproducts.com\/de\/rezept-steak-lemax\/#breadcrumb","itemListElement":[{"@type":"ListItem","position":1,"name":"Home","item":"https:\/\/www.elagproducts.com\/de\/"},{"@type":"ListItem","position":2,"name":"Rezept | Steak"}]},{"@type":"WebSite","@id":"https:\/\/www.elagproducts.com\/de\/#website","url":"https:\/\/www.elagproducts.com\/de\/","name":"ELAG - LeMax Grills &amp; High-Quality Cooktops","description":"","potentialAction":[{"@type":"SearchAction","target":{"@type":"EntryPoint","urlTemplate":"https:\/\/www.elagproducts.com\/de\/?s={search_term_string}"},"query-input":"required name=search_term_string"}],"inLanguage":"de"}]}},"_links":{"self":[{"href":"https:\/\/www.elagproducts.com\/de\/wp-json\/wp\/v2\/pages\/9119"}],"collection":[{"href":"https:\/\/www.elagproducts.com\/de\/wp-json\/wp\/v2\/pages"}],"about":[{"href":"https:\/\/www.elagproducts.com\/de\/wp-json\/wp\/v2\/types\/page"}],"author":[{"embeddable":true,"href":"https:\/\/www.elagproducts.com\/de\/wp-json\/wp\/v2\/users\/1"}],"replies":[{"embeddable":true,"href":"https:\/\/www.elagproducts.com\/de\/wp-json\/wp\/v2\/comments?post=9119"}],"version-history":[{"count":7,"href":"https:\/\/www.elagproducts.com\/de\/wp-json\/wp\/v2\/pages\/9119\/revisions"}],"predecessor-version":[{"id":9163,"href":"https:\/\/www.elagproducts.com\/de\/wp-json\/wp\/v2\/pages\/9119\/revisions\/9163"}],"wp:attachment":[{"href":"https:\/\/www.elagproducts.com\/de\/wp-json\/wp\/v2\/media?parent=9119"}],"curies":[{"name":"wp","href":"https:\/\/api.w.org\/{rel}","templated":true}]}}