{"id":8996,"date":"2019-02-05T16:39:37","date_gmt":"2019-02-05T14:39:37","guid":{"rendered":"http:\/\/www.elagproducts.com\/?page_id=8996"},"modified":"2019-04-06T13:33:19","modified_gmt":"2019-04-06T11:33:19","slug":"rezept-pizza-lemax","status":"publish","type":"page","link":"https:\/\/www.elagproducts.com\/de\/rezept-pizza-lemax\/","title":{"rendered":"Rezept | Pizza"},"content":{"rendered":"<p><div class=\"fusion-fullwidth fullwidth-box fusion-builder-row-1 gradient-container-1 nonhundred-percent-fullwidth non-hundred-percent-height-scrolling\" style=\"background-color: rgba(255,255,255,0);background-position: left top;background-repeat: no-repeat;padding-top:20px;padding-right:0px;padding-bottom:20px;padding-left:0px;margin-bottom: 0px;margin-top: 0px;border-width: 0px 0px 0px 0px;border-color:#eae9e9;border-style:solid;\" ><div class=\"fusion-builder-row fusion-row\"><div class=\"fusion-layout-column fusion_builder_column fusion-builder-column-0 fusion_builder_column_1_1 1_1 fusion-one-full fusion-column-first fusion-column-last gradient-column-1 fusion-column-no-min-height\" style=\"margin-top:0px;margin-bottom:0px;\"><div class=\"fusion-column-wrapper fusion-flex-column-wrapper-legacy\" style=\"background-position:left top;background-repeat:no-repeat;-webkit-background-size:cover;-moz-background-size:cover;-o-background-size:cover;background-size:cover;padding: 0px 0px 0px 0px;\"><div class=\"share-box fusion-sharing-box\" style=\"background-color:#f6f6f6;\" data-title=\"Rezept | Pizza\" data-description=\"&lt; Zur\u00fcck zur \u00dcbersicht \r\nPizza\r\nDank seiner hohen Leistung und gleichm\u00e4\u00dfigen Hitzeverteilung l\u00e4sst sich mit dem LeMax Grill eine hervorragende Pizza zubereiten. Gem\u00fctlich mit Familie und Freunden um den Tisch sitzend, k\u00f6nnen alle Beteiligten sich Ihre Pizza nach Belieben belegen. Das m\u00fcssen Sie probieren!\" data-link=\"https:\/\/www.elagproducts.com\/de\/rezept-pizza-lemax\/\"><h4 class=\"tagline\" style=\"color:#333333;\">Teile dieses Rezept:<\/h4><div class=\"fusion-social-networks\"><a class=\"fusion-social-network-icon fusion-tooltip fusion-facebook fusion-icon-facebook\" href=\"https:\/\/www.facebook.com\/sharer.php?u=https%3A%2F%2Fwww.elagproducts.com%2Fde%2Frezept-pizza-lemax%2F&amp;t=Rezept%20%7C%20Pizza\" target=\"_blank\" style=\"color:#bebdbd;\" title=\"Facebook\" aria-label=\"Facebook\" data-placement=\"top\" data-toggle=\"tooltip\" data-title=\"Facebook\"><\/a><a class=\"fusion-social-network-icon fusion-tooltip fusion-twitter fusion-icon-twitter\" href=\"https:\/\/twitter.com\/share?text=Rezept%20%7C%20Pizza&amp;url=https%3A%2F%2Fwww.elagproducts.com%2Fde%2Frezept-pizza-lemax%2F\" target=\"_blank\" rel=\"noopener noreferrer\" style=\"color:#bebdbd;\" title=\"Twitter\" aria-label=\"Twitter\" data-placement=\"top\" data-toggle=\"tooltip\" data-title=\"Twitter\"><\/a><a class=\"fusion-social-network-icon fusion-tooltip fusion-linkedin fusion-icon-linkedin\" href=\"https:\/\/www.linkedin.com\/shareArticle?mini=true&amp;url=https%3A%2F%2Fwww.elagproducts.com%2Fde%2Frezept-pizza-lemax%2F&amp;title=Rezept%20%7C%20Pizza&amp;summary=%26lt%3B%20Zur%C3%BCck%20zur%20%C3%9Cbersicht%20%0D%0APizza%0D%0ADank%20seiner%20hohen%20Leistung%20und%20gleichm%C3%A4%C3%9Figen%20Hitzeverteilung%20l%C3%A4sst%20sich%20mit%20dem%20LeMax%20Grill%20eine%20hervorragende%20Pizza%20zubereiten.%20Gem%C3%BCtlich%20mit%20Familie%20und%20Freunden%20um%20den%20Tisch%20sitzend%2C%20k%C3%B6nnen%20alle%20Beteiligten%20sich%20Ihre%20Pizza%20nach%20Belieben%20belegen.%20Das%20m%C3%BCssen%20Sie%20probieren%21\" target=\"_blank\" rel=\"noopener noreferrer\" style=\"color:#bebdbd;\" title=\"LinkedIn\" aria-label=\"LinkedIn\" data-placement=\"top\" data-toggle=\"tooltip\" data-title=\"LinkedIn\"><\/a><a class=\"fusion-social-network-icon fusion-tooltip fusion-reddit fusion-icon-reddit\" href=\"http:\/\/reddit.com\/submit?url=https:\/\/www.elagproducts.com\/de\/rezept-pizza-lemax\/&amp;title=Rezept | Pizza\" target=\"_blank\" rel=\"noopener noreferrer\" style=\"color:#bebdbd;\" title=\"Reddit\" aria-label=\"Reddit\" data-placement=\"top\" data-toggle=\"tooltip\" data-title=\"Reddit\"><\/a><a class=\"fusion-social-network-icon fusion-tooltip fusion-tumblr fusion-icon-tumblr\" href=\"http:\/\/www.tumblr.com\/share\/link?url=https%3A%2F%2Fwww.elagproducts.com%2Fde%2Frezept-pizza-lemax%2F&amp;name=Rezept%20%7C%20Pizza&amp;description=%26lt%3B%20Zur%C3%BCck%20zur%20%C3%9Cbersicht%20%0D%0APizza%0D%0ADank%20seiner%20hohen%20Leistung%20und%20gleichm%C3%A4%C3%9Figen%20Hitzeverteilung%20l%C3%A4sst%20sich%20mit%20dem%20LeMax%20Grill%20eine%20hervorragende%20Pizza%20zubereiten.%20Gem%C3%BCtlich%20mit%20Familie%20und%20Freunden%20um%20den%20Tisch%20sitzend%2C%20k%C3%B6nnen%20alle%20Beteiligten%20sich%20Ihre%20Pizza%20nach%20Belieben%20belegen.%20Das%20m%C3%BCssen%20Sie%20probieren%21\" target=\"_blank\" rel=\"noopener noreferrer\" style=\"color:#bebdbd;\" title=\"Tumblr\" aria-label=\"Tumblr\" data-placement=\"top\" data-toggle=\"tooltip\" data-title=\"Tumblr\"><\/a><a class=\"fusion-social-network-icon fusion-tooltip fusion-pinterest fusion-icon-pinterest\" href=\"http:\/\/pinterest.com\/pin\/create\/button\/?url=https%3A%2F%2Fwww.elagproducts.com%2Fde%2Frezept-pizza-lemax%2F&amp;description=%26lt%3B%20Zur%C3%BCck%20zur%20%C3%9Cbersicht%20%0D%0APizza%0D%0ADank%20seiner%20hohen%20Leistung%20und%20gleichm%C3%A4%C3%9Figen%20Hitzeverteilung%20l%C3%A4sst%20sich%20mit%20dem%20LeMax%20Grill%20eine%20hervorragende%20Pizza%20zubereiten.%20Gem%C3%BCtlich%20mit%20Familie%20und%20Freunden%20um%20den%20Tisch%20sitzend%2C%20k%C3%B6nnen%20alle%20Beteiligten%20sich%20Ihre%20Pizza%20nach%20Belieben%20belegen.%20Das%20m%C3%BCssen%20Sie%20probieren%21&amp;media=\" target=\"_blank\" rel=\"noopener noreferrer\" style=\"color:#bebdbd;\" title=\"Pinterest\" aria-label=\"Pinterest\" data-placement=\"top\" data-toggle=\"tooltip\" data-title=\"Pinterest\"><\/a><a class=\"fusion-social-network-icon fusion-tooltip fusion-vk fusion-icon-vk\" href=\"http:\/\/vkontakte.ru\/share.php?url=https%3A%2F%2Fwww.elagproducts.com%2Fde%2Frezept-pizza-lemax%2F&amp;title=Rezept%20%7C%20Pizza&amp;description=%26lt%3B%20Zur%C3%BCck%20zur%20%C3%9Cbersicht%20%0D%0APizza%0D%0ADank%20seiner%20hohen%20Leistung%20und%20gleichm%C3%A4%C3%9Figen%20Hitzeverteilung%20l%C3%A4sst%20sich%20mit%20dem%20LeMax%20Grill%20eine%20hervorragende%20Pizza%20zubereiten.%20Gem%C3%BCtlich%20mit%20Familie%20und%20Freunden%20um%20den%20Tisch%20sitzend%2C%20k%C3%B6nnen%20alle%20Beteiligten%20sich%20Ihre%20Pizza%20nach%20Belieben%20belegen.%20Das%20m%C3%BCssen%20Sie%20probieren%21\" target=\"_blank\" rel=\"noopener noreferrer\" style=\"color:#bebdbd;\" title=\"Vk\" aria-label=\"Vk\" data-placement=\"top\" data-toggle=\"tooltip\" data-title=\"Vk\"><\/a><a class=\"fusion-social-network-icon fusion-tooltip fusion-mail fusion-icon-mail\" href=\"mailto:?subject=Rezept%20%7C%20Pizza&amp;body=https%3A%2F%2Fwww.elagproducts.com%2Fde%2Frezept-pizza-lemax%2F\" target=\"_self\" style=\"color:#bebdbd;\" title=\"Email\" aria-label=\"Email\" data-placement=\"top\" data-toggle=\"tooltip\" data-title=\"Email\"><\/a><\/div><\/div><div class=\"fusion-text fusion-text-1\"><p><span style=\"color: #58bdb6;\"><a style=\"color: #58bdb6;\" href=\"https:\/\/www.elagproducts.com\/de\/rezepte\/\">&lt; Zur\u00fcck zur \u00dcbersicht<\/a><\/span><\/p>\n<\/div><div class=\"fusion-text fusion-text-2\"><h1>Pizza<\/h1>\n<h4 style=\"text-align: left;\"><strong>Dank seiner hohen Leistung und gleichm\u00e4\u00dfigen Hitzeverteilung l\u00e4sst sich mit dem LeMax Grill eine hervorragende Pizza zubereiten. Gem\u00fctlich mit Familie und Freunden um den Tisch sitzend, k\u00f6nnen alle Beteiligten sich Ihre Pizza nach Belieben belegen. Das m\u00fcssen Sie probieren!<\/strong><\/h4>\n<\/div><div class=\"fusion-clearfix\"><\/div><\/div><\/div><\/div><\/div><div class=\"fusion-fullwidth fullwidth-box fusion-builder-row-2 gradient-container-2 nonhundred-percent-fullwidth non-hundred-percent-height-scrolling\" style=\"background-color: rgba(255,255,255,0);background-position: left top;background-repeat: no-repeat;padding-top:20px;padding-right:0px;padding-bottom:20px;padding-left:0px;margin-bottom: 0px;margin-top: 0px;border-width: 0px 0px 0px 0px;border-color:#eae9e9;border-style:solid;\" ><div class=\"fusion-builder-row fusion-row\"><div class=\"fusion-layout-column fusion_builder_column fusion-builder-column-1 fusion_builder_column_1_1 1_1 fusion-one-full fusion-column-first fusion-column-last gradient-column-2 fusion-column-no-min-height\" style=\"margin-top:0px;margin-bottom:0px;\"><div class=\"fusion-column-wrapper fusion-flex-column-wrapper-legacy\" style=\"background-position:left top;background-repeat:no-repeat;-webkit-background-size:cover;-moz-background-size:cover;-o-background-size:cover;background-size:cover;padding: 0px 0px 0px 0px;\"><span class=\" fusion-imageframe imageframe-none imageframe-1 hover-type-none\"><img decoding=\"async\" image_height=\"1280\" image_id=\"9002\" title=\"pizza_lemax\" src=\"https:\/\/i0.wp.com\/www.elagproducts.com\/wp-content\/uploads\/2019\/02\/pizza_lemax.jpg?w=1100\" class=\"img-responsive wp-image-9002\" srcset=\"https:\/\/i0.wp.com\/www.elagproducts.com\/wp-content\/uploads\/2019\/02\/pizza_lemax.jpg?resize=200%2C133&amp;ssl=1 200w, https:\/\/i0.wp.com\/www.elagproducts.com\/wp-content\/uploads\/2019\/02\/pizza_lemax.jpg?resize=300%2C200&amp;ssl=1 300w, https:\/\/i0.wp.com\/www.elagproducts.com\/wp-content\/uploads\/2019\/02\/pizza_lemax.jpg?resize=400%2C267&amp;ssl=1 400w, https:\/\/i0.wp.com\/www.elagproducts.com\/wp-content\/uploads\/2019\/02\/pizza_lemax.jpg?resize=500%2C333&amp;ssl=1 500w, https:\/\/i0.wp.com\/www.elagproducts.com\/wp-content\/uploads\/2019\/02\/pizza_lemax.jpg?resize=600%2C400&amp;ssl=1 600w, https:\/\/i0.wp.com\/www.elagproducts.com\/wp-content\/uploads\/2019\/02\/pizza_lemax.jpg?resize=768%2C512&amp;ssl=1 768w, https:\/\/i0.wp.com\/www.elagproducts.com\/wp-content\/uploads\/2019\/02\/pizza_lemax.jpg?resize=800%2C533&amp;ssl=1 800w, https:\/\/i0.wp.com\/www.elagproducts.com\/wp-content\/uploads\/2019\/02\/pizza_lemax.jpg?resize=1024%2C683&amp;ssl=1 1024w, https:\/\/i0.wp.com\/www.elagproducts.com\/wp-content\/uploads\/2019\/02\/pizza_lemax.jpg?resize=1200%2C800&amp;ssl=1 1200w, https:\/\/i0.wp.com\/www.elagproducts.com\/wp-content\/uploads\/2019\/02\/pizza_lemax.jpg?fit=1920%2C1280&amp;ssl=1 1920w\" sizes=\"(max-width: 800px) 100vw, 1200px\" data-recalc-dims=\"1\" \/><\/span><div class=\"fusion-clearfix\"><\/div><\/div><\/div><\/div><\/div><div class=\"fusion-fullwidth fullwidth-box fusion-builder-row-3 gradient-container-3 nonhundred-percent-fullwidth non-hundred-percent-height-scrolling\" style=\"background-color: rgba(255,255,255,0);background-position: left top;background-repeat: no-repeat;padding-top:20px;padding-right:0px;padding-bottom:20px;padding-left:0px;margin-bottom: 0px;margin-top: 0px;border-width: 0px 0px 0px 0px;border-color:#eae9e9;border-style:solid;\" ><div class=\"fusion-builder-row fusion-row\"><div class=\"fusion-layout-column fusion_builder_column fusion-builder-column-2 fusion_builder_column_2_3 2_3 fusion-two-third fusion-column-first gradient-column-3 fusion-column-no-min-height\" style=\"width:65.3333%; margin-right: 4%;margin-top:0px;margin-bottom:0px;\"><div class=\"fusion-column-wrapper fusion-flex-column-wrapper-legacy\" style=\"background-position:left top;background-repeat:no-repeat;-webkit-background-size:cover;-moz-background-size:cover;-o-background-size:cover;background-size:cover;padding: 0px 0px 0px 0px;\"><div class=\"fusion-text fusion-text-3\"><h3><strong>Pizza-Teig<\/strong><\/h3>\n<p>L\u00f6sen Sie die Hefe in etwas warmem Wasser auf.\u00a0F\u00fcgen Sie Salz und Mehl hinzu und kneten Sie alles\u00a05 Minuten lang durch, entweder mit einem elektrischen\u00a0Mixer mit Knethaken oder mit der Hand. Geben Sie den\u00a0Teig auf eine leicht bemehlte Fl\u00e4che. Teilen Sie ihn in H\u00e4lften und kneten Sie jede H\u00e4lfte nochmals durch. Falls der Teig noch klebrig ist, geben Sie noch etwas mehr\u00a0Mehl hinzu. Geben Sie die Teigst\u00fccke auf einbemehltes\u00a0Blech. Streuen Sie ein wenig Mehl oben auf den Teig.\u00a0Schieben Sie das Blech in eine dunkle Plastikt\u00fcte und\u00a0verschlie\u00dfen Sie die offene Seite. Lassen Sie den Teig mindestens eine Stunde lang an einem warmen Platz aufgehen. Die Teigmasse ergibt zwei Pizzen.<\/p>\n<p>Aufgepasst: Gefrorenen Pizzateig kann man auch benutzen. Das\u00a0Ergebnis wird jedoch nicht so gut.<\/p>\n<p>Verteilen Sie \u00bc Teel\u00f6ffel Margarine auf der keramischen\u00a0Koch- bzw. Backfl\u00e4che des Ger\u00e4tes. Heizen Sie das Ger\u00e4t auf Stufe 10 ca. 5 Minuten lang vor.\u00a0W\u00e4hrend des Vorheizens rollen Sie eine Teigh\u00e4lfte auf\u00a0einer bemehlten Tischfl\u00e4che aus und formen Sie eine Pizza im Durchmesser von ca. 24-28 cm (je nach Gr\u00f6\u00dfe\u00a0der Kochfl\u00e4che). Backen Sie diese Pizzaseite nun bei Stufe\u00a010 f\u00fcr ca. 3-5 Minuten direkt auf der Kochfl\u00e4che des\u00a0Kochger\u00e4tes. Zerstechen Sie beim Backen entstehende Teigblasen mit einer Gabel. Wenn die 1. Teigseite leicht gebr\u00e4unt ist, drehen Sie den\u00a0Teig auf die andere Seite. Nach dem Umdrehen sofort\u00a0auf Stufe 5-6 schalten. Verteilen Sie nun die Pizzaso\u00dfe gleichm\u00e4\u00dfig auf der gebackenen Seite.\u00a0Dann nach Geschmack den Belag darauf legen: z.B. geteilte Schinkenstreifen mit Pilzen oder Salami.\u00a0Nun geriebenen Mozzarella-K\u00e4se obenauf und abschlie\u00dfend mit etwas Oregano bestreuen. Ca. 4 bis 6 Minuten backen lassen, bis der Boden der zweiten Seite gebr\u00e4unt und der K\u00e4se geschmolzen ist.\u00a0Ergibt eine w\u00fcrzige und knusprige Pizza.<\/p>\n<\/div><div class=\"fusion-clearfix\"><\/div><\/div><\/div><div class=\"fusion-layout-column fusion_builder_column fusion-builder-column-3 fusion_builder_column_1_3 1_3 fusion-one-third fusion-column-last gradient-column-4 fusion-column-no-min-height\" style=\"width:30.6666%;margin-top:0px;margin-bottom:0px;\"><div class=\"fusion-column-wrapper fusion-flex-column-wrapper-legacy\" style=\"background-position:left top;background-repeat:no-repeat;-webkit-background-size:cover;-moz-background-size:cover;-o-background-size:cover;background-size:cover;padding: 0px 0px 0px 0px;\"><div class=\"fusion-text fusion-text-4\"><p><strong>Teig:<\/strong><\/p>\n<p>350g Mehl<\/p>\n<p>1 P\u00e4ckchen Trockenhefe<\/p>\n<p>250 ml warmes Wasser<\/p>\n<p>2 gestrichene TL Salz<\/p>\n<p><strong>Pizzasauce:<\/strong><\/p>\n<p>250 ml Tomatenso\u00dfe<\/p>\n<p>1 TL getrockneter Oregano<\/p>\n<p>1 geriebene Knoblauchzehe<\/p>\n<p>0,5 TL getrockneter Basilikum<\/p>\n<p>Salz &amp; Pfeffer (nach Geschmack)<\/p>\n<p><strong>Belag (nach Geschmack):<\/strong><\/p>\n<p>3-4 Scheiben gekochter Schinken<\/p>\n<p>50 g geschnittene Champignons aus der Dose<\/p>\n<p>50 g Mozzarella<\/p>\n<\/div><div class=\"fusion-clearfix\"><\/div><\/div><\/div><\/div><\/div><\/p>\n","protected":false},"excerpt":{"rendered":"","protected":false},"author":1,"featured_media":0,"parent":0,"menu_order":0,"comment_status":"closed","ping_status":"closed","template":"","meta":{"content-type":"","_mi_skip_tracking":false},"yoast_head":"<!-- This site is optimized with the Yoast SEO plugin v20.5 - https:\/\/yoast.com\/wordpress\/plugins\/seo\/ -->\n<title>Rezeptideen - Pizza mit dem LeMax Grill | ELAG<\/title>\n<meta name=\"robots\" content=\"index, follow, max-snippet:-1, max-image-preview:large, max-video-preview:-1\" \/>\n<link rel=\"canonical\" href=\"https:\/\/www.elagproducts.com\/de\/rezept-pizza-lemax\/\" \/>\n<meta property=\"og:locale\" content=\"de_DE\" \/>\n<meta property=\"og:type\" content=\"article\" \/>\n<meta property=\"og:title\" content=\"Rezeptideen - Pizza mit dem LeMax Grill | ELAG\" \/>\n<meta property=\"og:url\" content=\"https:\/\/www.elagproducts.com\/de\/rezept-pizza-lemax\/\" \/>\n<meta property=\"og:site_name\" content=\"ELAG - LeMax Grills &amp; High-Quality Cooktops\" \/>\n<meta property=\"article:modified_time\" content=\"2019-04-06T11:33:19+00:00\" \/>\n<meta name=\"twitter:label1\" content=\"Gesch\u00e4tzte Lesezeit\" \/>\n\t<meta name=\"twitter:data1\" content=\"6\u00a0Minuten\" \/>\n<script type=\"application\/ld+json\" class=\"yoast-schema-graph\">{\"@context\":\"https:\/\/schema.org\",\"@graph\":[{\"@type\":\"WebPage\",\"@id\":\"https:\/\/www.elagproducts.com\/de\/rezept-pizza-lemax\/\",\"url\":\"https:\/\/www.elagproducts.com\/de\/rezept-pizza-lemax\/\",\"name\":\"Rezeptideen - Pizza mit dem LeMax Grill | ELAG\",\"isPartOf\":{\"@id\":\"https:\/\/www.elagproducts.com\/de\/#website\"},\"datePublished\":\"2019-02-05T14:39:37+00:00\",\"dateModified\":\"2019-04-06T11:33:19+00:00\",\"breadcrumb\":{\"@id\":\"https:\/\/www.elagproducts.com\/de\/rezept-pizza-lemax\/#breadcrumb\"},\"inLanguage\":\"de\",\"potentialAction\":[{\"@type\":\"ReadAction\",\"target\":[\"https:\/\/www.elagproducts.com\/de\/rezept-pizza-lemax\/\"]}]},{\"@type\":\"BreadcrumbList\",\"@id\":\"https:\/\/www.elagproducts.com\/de\/rezept-pizza-lemax\/#breadcrumb\",\"itemListElement\":[{\"@type\":\"ListItem\",\"position\":1,\"name\":\"Home\",\"item\":\"https:\/\/www.elagproducts.com\/de\/\"},{\"@type\":\"ListItem\",\"position\":2,\"name\":\"Rezept | Pizza\"}]},{\"@type\":\"WebSite\",\"@id\":\"https:\/\/www.elagproducts.com\/de\/#website\",\"url\":\"https:\/\/www.elagproducts.com\/de\/\",\"name\":\"ELAG - LeMax Grills &amp; High-Quality Cooktops\",\"description\":\"\",\"potentialAction\":[{\"@type\":\"SearchAction\",\"target\":{\"@type\":\"EntryPoint\",\"urlTemplate\":\"https:\/\/www.elagproducts.com\/de\/?s={search_term_string}\"},\"query-input\":\"required name=search_term_string\"}],\"inLanguage\":\"de\"}]}<\/script>\n<!-- \/ Yoast SEO plugin. -->","yoast_head_json":{"title":"Rezeptideen - Pizza mit dem LeMax Grill | ELAG","robots":{"index":"index","follow":"follow","max-snippet":"max-snippet:-1","max-image-preview":"max-image-preview:large","max-video-preview":"max-video-preview:-1"},"canonical":"https:\/\/www.elagproducts.com\/de\/rezept-pizza-lemax\/","og_locale":"de_DE","og_type":"article","og_title":"Rezeptideen - Pizza mit dem LeMax Grill | ELAG","og_url":"https:\/\/www.elagproducts.com\/de\/rezept-pizza-lemax\/","og_site_name":"ELAG - LeMax Grills &amp; High-Quality Cooktops","article_modified_time":"2019-04-06T11:33:19+00:00","twitter_misc":{"Gesch\u00e4tzte Lesezeit":"6\u00a0Minuten"},"schema":{"@context":"https:\/\/schema.org","@graph":[{"@type":"WebPage","@id":"https:\/\/www.elagproducts.com\/de\/rezept-pizza-lemax\/","url":"https:\/\/www.elagproducts.com\/de\/rezept-pizza-lemax\/","name":"Rezeptideen - Pizza mit dem LeMax Grill | ELAG","isPartOf":{"@id":"https:\/\/www.elagproducts.com\/de\/#website"},"datePublished":"2019-02-05T14:39:37+00:00","dateModified":"2019-04-06T11:33:19+00:00","breadcrumb":{"@id":"https:\/\/www.elagproducts.com\/de\/rezept-pizza-lemax\/#breadcrumb"},"inLanguage":"de","potentialAction":[{"@type":"ReadAction","target":["https:\/\/www.elagproducts.com\/de\/rezept-pizza-lemax\/"]}]},{"@type":"BreadcrumbList","@id":"https:\/\/www.elagproducts.com\/de\/rezept-pizza-lemax\/#breadcrumb","itemListElement":[{"@type":"ListItem","position":1,"name":"Home","item":"https:\/\/www.elagproducts.com\/de\/"},{"@type":"ListItem","position":2,"name":"Rezept | Pizza"}]},{"@type":"WebSite","@id":"https:\/\/www.elagproducts.com\/de\/#website","url":"https:\/\/www.elagproducts.com\/de\/","name":"ELAG - LeMax Grills &amp; High-Quality Cooktops","description":"","potentialAction":[{"@type":"SearchAction","target":{"@type":"EntryPoint","urlTemplate":"https:\/\/www.elagproducts.com\/de\/?s={search_term_string}"},"query-input":"required name=search_term_string"}],"inLanguage":"de"}]}},"_links":{"self":[{"href":"https:\/\/www.elagproducts.com\/de\/wp-json\/wp\/v2\/pages\/8996"}],"collection":[{"href":"https:\/\/www.elagproducts.com\/de\/wp-json\/wp\/v2\/pages"}],"about":[{"href":"https:\/\/www.elagproducts.com\/de\/wp-json\/wp\/v2\/types\/page"}],"author":[{"embeddable":true,"href":"https:\/\/www.elagproducts.com\/de\/wp-json\/wp\/v2\/users\/1"}],"replies":[{"embeddable":true,"href":"https:\/\/www.elagproducts.com\/de\/wp-json\/wp\/v2\/comments?post=8996"}],"version-history":[{"count":5,"href":"https:\/\/www.elagproducts.com\/de\/wp-json\/wp\/v2\/pages\/8996\/revisions"}],"predecessor-version":[{"id":9162,"href":"https:\/\/www.elagproducts.com\/de\/wp-json\/wp\/v2\/pages\/8996\/revisions\/9162"}],"wp:attachment":[{"href":"https:\/\/www.elagproducts.com\/de\/wp-json\/wp\/v2\/media?parent=8996"}],"curies":[{"name":"wp","href":"https:\/\/api.w.org\/{rel}","templated":true}]}}