{"id":8960,"date":"2019-02-04T11:41:47","date_gmt":"2019-02-04T09:41:47","guid":{"rendered":"http:\/\/www.elagproducts.com\/?page_id=8960"},"modified":"2019-04-06T13:32:32","modified_gmt":"2019-04-06T11:32:32","slug":"rezept-crepes-lemax","status":"publish","type":"page","link":"https:\/\/www.elagproducts.com\/de\/rezept-crepes-lemax\/","title":{"rendered":"Rezept | Cr\u00eapes"},"content":{"rendered":"<p><div class=\"fusion-fullwidth fullwidth-box fusion-builder-row-1 gradient-container-1 nonhundred-percent-fullwidth non-hundred-percent-height-scrolling\" style=\"background-color: rgba(255,255,255,0);background-position: left top;background-repeat: no-repeat;padding-top:20px;padding-right:0px;padding-bottom:20px;padding-left:0px;margin-bottom: 0px;margin-top: 0px;border-width: 0px 0px 0px 0px;border-color:#eae9e9;border-style:solid;\" ><div class=\"fusion-builder-row fusion-row\"><div class=\"fusion-layout-column fusion_builder_column fusion-builder-column-0 fusion_builder_column_1_1 1_1 fusion-one-full fusion-column-first fusion-column-last gradient-column-1 fusion-column-no-min-height\" style=\"margin-top:0px;margin-bottom:0px;\"><div class=\"fusion-column-wrapper fusion-flex-column-wrapper-legacy\" style=\"background-position:left top;background-repeat:no-repeat;-webkit-background-size:cover;-moz-background-size:cover;-o-background-size:cover;background-size:cover;padding: 0px 0px 0px 0px;\"><div class=\"share-box fusion-sharing-box\" style=\"background-color:#f6f6f6;\" data-title=\"Rezept | Cr\u00eapes\" data-description=\"&lt; Zur\u00fcck zur \u00dcbersicht \r\nCr\u00eapes\r\nDer LeMax Grill eignet sich ideal f\u00fcr die Zubereitung von franz\u00f6sischen Cr\u00eapes. Dank der gro\u00dfen und glatten Oberfl\u00e4che lassen sich die Cr\u00eapes ideal wenden. Sie k\u00f6nnen entweder vier kleine Cr\u00eapes oder einen gro\u00dfen Cr\u00eapes auf dem LeMax Grill zubereiten. Viel Spa\u00df!\" data-link=\"https:\/\/www.elagproducts.com\/de\/rezept-crepes-lemax\/\"><h4 class=\"tagline\" style=\"color:#333333;\">Teile dieses Rezept:<\/h4><div class=\"fusion-social-networks\"><a class=\"fusion-social-network-icon fusion-tooltip fusion-facebook fusion-icon-facebook\" href=\"https:\/\/www.facebook.com\/sharer.php?u=https%3A%2F%2Fwww.elagproducts.com%2Fde%2Frezept-crepes-lemax%2F&amp;t=Rezept%20%7C%20Cr%C3%AApes\" target=\"_blank\" style=\"color:#bebdbd;\" title=\"Facebook\" aria-label=\"Facebook\" data-placement=\"top\" data-toggle=\"tooltip\" data-title=\"Facebook\"><\/a><a class=\"fusion-social-network-icon fusion-tooltip fusion-twitter fusion-icon-twitter\" href=\"https:\/\/twitter.com\/share?text=Rezept%20%7C%20Cr%C3%AApes&amp;url=https%3A%2F%2Fwww.elagproducts.com%2Fde%2Frezept-crepes-lemax%2F\" target=\"_blank\" rel=\"noopener noreferrer\" style=\"color:#bebdbd;\" title=\"Twitter\" aria-label=\"Twitter\" data-placement=\"top\" data-toggle=\"tooltip\" data-title=\"Twitter\"><\/a><a class=\"fusion-social-network-icon fusion-tooltip fusion-linkedin fusion-icon-linkedin\" href=\"https:\/\/www.linkedin.com\/shareArticle?mini=true&amp;url=https%3A%2F%2Fwww.elagproducts.com%2Fde%2Frezept-crepes-lemax%2F&amp;title=Rezept%20%7C%20Cr%C3%AApes&amp;summary=%26lt%3B%20Zur%C3%BCck%20zur%20%C3%9Cbersicht%20%0D%0ACr%C3%AApes%0D%0ADer%20LeMax%20Grill%20eignet%20sich%20ideal%20f%C3%BCr%20die%20Zubereitung%20von%20franz%C3%B6sischen%20Cr%C3%AApes.%20Dank%20der%20gro%C3%9Fen%20und%20glatten%20Oberfl%C3%A4che%20lassen%20sich%20die%20Cr%C3%AApes%20ideal%20wenden.%20Sie%20k%C3%B6nnen%20entweder%20vier%20kleine%20Cr%C3%AApes%20oder%20einen%20gro%C3%9Fen%20Cr%C3%AApes%20auf%20dem%20LeMax%20Grill%20zubereiten.%20Viel%20Spa%C3%9F%21\" target=\"_blank\" rel=\"noopener noreferrer\" style=\"color:#bebdbd;\" title=\"LinkedIn\" aria-label=\"LinkedIn\" data-placement=\"top\" data-toggle=\"tooltip\" data-title=\"LinkedIn\"><\/a><a class=\"fusion-social-network-icon fusion-tooltip fusion-reddit fusion-icon-reddit\" href=\"http:\/\/reddit.com\/submit?url=https:\/\/www.elagproducts.com\/de\/rezept-crepes-lemax\/&amp;title=Rezept | Cr\u00eapes\" target=\"_blank\" rel=\"noopener noreferrer\" style=\"color:#bebdbd;\" title=\"Reddit\" aria-label=\"Reddit\" data-placement=\"top\" data-toggle=\"tooltip\" data-title=\"Reddit\"><\/a><a class=\"fusion-social-network-icon fusion-tooltip fusion-tumblr fusion-icon-tumblr\" href=\"http:\/\/www.tumblr.com\/share\/link?url=https%3A%2F%2Fwww.elagproducts.com%2Fde%2Frezept-crepes-lemax%2F&amp;name=Rezept%20%7C%20Cr%C3%AApes&amp;description=%26lt%3B%20Zur%C3%BCck%20zur%20%C3%9Cbersicht%20%0D%0ACr%C3%AApes%0D%0ADer%20LeMax%20Grill%20eignet%20sich%20ideal%20f%C3%BCr%20die%20Zubereitung%20von%20franz%C3%B6sischen%20Cr%C3%AApes.%20Dank%20der%20gro%C3%9Fen%20und%20glatten%20Oberfl%C3%A4che%20lassen%20sich%20die%20Cr%C3%AApes%20ideal%20wenden.%20Sie%20k%C3%B6nnen%20entweder%20vier%20kleine%20Cr%C3%AApes%20oder%20einen%20gro%C3%9Fen%20Cr%C3%AApes%20auf%20dem%20LeMax%20Grill%20zubereiten.%20Viel%20Spa%C3%9F%21\" target=\"_blank\" rel=\"noopener noreferrer\" style=\"color:#bebdbd;\" title=\"Tumblr\" aria-label=\"Tumblr\" data-placement=\"top\" data-toggle=\"tooltip\" data-title=\"Tumblr\"><\/a><a class=\"fusion-social-network-icon fusion-tooltip fusion-pinterest fusion-icon-pinterest\" href=\"http:\/\/pinterest.com\/pin\/create\/button\/?url=https%3A%2F%2Fwww.elagproducts.com%2Fde%2Frezept-crepes-lemax%2F&amp;description=%26lt%3B%20Zur%C3%BCck%20zur%20%C3%9Cbersicht%20%0D%0ACr%C3%AApes%0D%0ADer%20LeMax%20Grill%20eignet%20sich%20ideal%20f%C3%BCr%20die%20Zubereitung%20von%20franz%C3%B6sischen%20Cr%C3%AApes.%20Dank%20der%20gro%C3%9Fen%20und%20glatten%20Oberfl%C3%A4che%20lassen%20sich%20die%20Cr%C3%AApes%20ideal%20wenden.%20Sie%20k%C3%B6nnen%20entweder%20vier%20kleine%20Cr%C3%AApes%20oder%20einen%20gro%C3%9Fen%20Cr%C3%AApes%20auf%20dem%20LeMax%20Grill%20zubereiten.%20Viel%20Spa%C3%9F%21&amp;media=\" target=\"_blank\" rel=\"noopener noreferrer\" style=\"color:#bebdbd;\" title=\"Pinterest\" aria-label=\"Pinterest\" data-placement=\"top\" data-toggle=\"tooltip\" data-title=\"Pinterest\"><\/a><a class=\"fusion-social-network-icon fusion-tooltip fusion-vk fusion-icon-vk\" href=\"http:\/\/vkontakte.ru\/share.php?url=https%3A%2F%2Fwww.elagproducts.com%2Fde%2Frezept-crepes-lemax%2F&amp;title=Rezept%20%7C%20Cr%C3%AApes&amp;description=%26lt%3B%20Zur%C3%BCck%20zur%20%C3%9Cbersicht%20%0D%0ACr%C3%AApes%0D%0ADer%20LeMax%20Grill%20eignet%20sich%20ideal%20f%C3%BCr%20die%20Zubereitung%20von%20franz%C3%B6sischen%20Cr%C3%AApes.%20Dank%20der%20gro%C3%9Fen%20und%20glatten%20Oberfl%C3%A4che%20lassen%20sich%20die%20Cr%C3%AApes%20ideal%20wenden.%20Sie%20k%C3%B6nnen%20entweder%20vier%20kleine%20Cr%C3%AApes%20oder%20einen%20gro%C3%9Fen%20Cr%C3%AApes%20auf%20dem%20LeMax%20Grill%20zubereiten.%20Viel%20Spa%C3%9F%21\" target=\"_blank\" rel=\"noopener noreferrer\" style=\"color:#bebdbd;\" title=\"Vk\" aria-label=\"Vk\" data-placement=\"top\" data-toggle=\"tooltip\" data-title=\"Vk\"><\/a><a class=\"fusion-social-network-icon fusion-tooltip fusion-mail fusion-icon-mail\" href=\"mailto:?subject=Rezept%20%7C%20Cr%C3%AApes&amp;body=https%3A%2F%2Fwww.elagproducts.com%2Fde%2Frezept-crepes-lemax%2F\" target=\"_self\" style=\"color:#bebdbd;\" title=\"Email\" aria-label=\"Email\" data-placement=\"top\" data-toggle=\"tooltip\" data-title=\"Email\"><\/a><\/div><\/div><div class=\"fusion-text fusion-text-1\"><p><span style=\"color: #58bdb6;\"><a style=\"color: #58bdb6;\" href=\"https:\/\/www.elagproducts.com\/de\/rezepte\/\">&lt; Zur\u00fcck zur \u00dcbersicht<\/a><\/span><\/p>\n<\/div><div class=\"fusion-text fusion-text-2\"><h1>Cr\u00eapes<\/h1>\n<h4 style=\"text-align: left;\"><strong>Der LeMax Grill eignet sich ideal f\u00fcr die Zubereitung von franz\u00f6sischen Cr\u00eapes. Dank der gro\u00dfen und glatten Oberfl\u00e4che lassen sich die Cr\u00eapes ideal wenden. Sie k\u00f6nnen entweder vier kleine Cr\u00eapes oder einen gro\u00dfen Cr\u00eapes auf dem LeMax Grill zubereiten. Viel Spa\u00df!<\/strong><\/h4>\n<\/div><div class=\"fusion-clearfix\"><\/div><\/div><\/div><\/div><\/div><div class=\"fusion-fullwidth fullwidth-box fusion-builder-row-2 gradient-container-2 nonhundred-percent-fullwidth non-hundred-percent-height-scrolling\" style=\"background-color: rgba(255,255,255,0);background-position: left top;background-repeat: no-repeat;padding-top:20px;padding-right:0px;padding-bottom:20px;padding-left:0px;margin-bottom: 0px;margin-top: 0px;border-width: 0px 0px 0px 0px;border-color:#eae9e9;border-style:solid;\" ><div class=\"fusion-builder-row fusion-row\"><div class=\"fusion-layout-column fusion_builder_column fusion-builder-column-1 fusion_builder_column_1_1 1_1 fusion-one-full fusion-column-first fusion-column-last gradient-column-2 fusion-column-no-min-height\" style=\"margin-top:0px;margin-bottom:0px;\"><div class=\"fusion-column-wrapper fusion-flex-column-wrapper-legacy\" style=\"background-position:left top;background-repeat:no-repeat;-webkit-background-size:cover;-moz-background-size:cover;-o-background-size:cover;background-size:cover;padding: 0px 0px 0px 0px;\"><span class=\" fusion-imageframe imageframe-none imageframe-1 hover-type-none\"><img decoding=\"async\" image_height=\"1280\" image_id=\"8961\" title=\"cr\u00eapes_lemax\" src=\"https:\/\/i0.wp.com\/www.elagproducts.com\/wp-content\/uploads\/2019\/02\/cr\u00eapes_lemax.jpg?w=1100\" class=\"img-responsive wp-image-8961\" srcset=\"https:\/\/i0.wp.com\/www.elagproducts.com\/wp-content\/uploads\/2019\/02\/cr\u00eapes_lemax.jpg?resize=200%2C133&amp;ssl=1 200w, https:\/\/i0.wp.com\/www.elagproducts.com\/wp-content\/uploads\/2019\/02\/cr\u00eapes_lemax.jpg?resize=300%2C200&amp;ssl=1 300w, https:\/\/i0.wp.com\/www.elagproducts.com\/wp-content\/uploads\/2019\/02\/cr\u00eapes_lemax.jpg?resize=400%2C267&amp;ssl=1 400w, https:\/\/i0.wp.com\/www.elagproducts.com\/wp-content\/uploads\/2019\/02\/cr\u00eapes_lemax.jpg?resize=500%2C333&amp;ssl=1 500w, https:\/\/i0.wp.com\/www.elagproducts.com\/wp-content\/uploads\/2019\/02\/cr\u00eapes_lemax.jpg?resize=600%2C400&amp;ssl=1 600w, https:\/\/i0.wp.com\/www.elagproducts.com\/wp-content\/uploads\/2019\/02\/cr\u00eapes_lemax.jpg?resize=768%2C512&amp;ssl=1 768w, https:\/\/i0.wp.com\/www.elagproducts.com\/wp-content\/uploads\/2019\/02\/cr\u00eapes_lemax.jpg?resize=800%2C533&amp;ssl=1 800w, https:\/\/i0.wp.com\/www.elagproducts.com\/wp-content\/uploads\/2019\/02\/cr\u00eapes_lemax.jpg?resize=1024%2C683&amp;ssl=1 1024w, https:\/\/i0.wp.com\/www.elagproducts.com\/wp-content\/uploads\/2019\/02\/cr\u00eapes_lemax.jpg?resize=1200%2C800&amp;ssl=1 1200w, https:\/\/i0.wp.com\/www.elagproducts.com\/wp-content\/uploads\/2019\/02\/cr\u00eapes_lemax.jpg?fit=1920%2C1280&amp;ssl=1 1920w\" sizes=\"(max-width: 800px) 100vw, 1200px\" data-recalc-dims=\"1\" \/><\/span><div class=\"fusion-clearfix\"><\/div><\/div><\/div><\/div><\/div><div class=\"fusion-fullwidth fullwidth-box fusion-builder-row-3 gradient-container-3 nonhundred-percent-fullwidth non-hundred-percent-height-scrolling\" style=\"background-color: rgba(255,255,255,0);background-position: left top;background-repeat: no-repeat;padding-top:20px;padding-right:0px;padding-bottom:20px;padding-left:0px;margin-bottom: 0px;margin-top: 0px;border-width: 0px 0px 0px 0px;border-color:#eae9e9;border-style:solid;\" ><div class=\"fusion-builder-row fusion-row\"><div class=\"fusion-layout-column fusion_builder_column fusion-builder-column-2 fusion_builder_column_2_3 2_3 fusion-two-third fusion-column-first gradient-column-3 fusion-column-no-min-height\" style=\"width:65.3333%; margin-right: 4%;margin-top:0px;margin-bottom:0px;\"><div class=\"fusion-column-wrapper fusion-flex-column-wrapper-legacy\" style=\"background-position:left top;background-repeat:no-repeat;-webkit-background-size:cover;-moz-background-size:cover;-o-background-size:cover;background-size:cover;padding: 0px 0px 0px 0px;\"><div class=\"fusion-text fusion-text-3\"><h3><strong>Cr\u00eapes-Teig<\/strong><\/h3>\n<p>Mischen Sie zuerst das Mehl mit dem Zucker und dem\u00a0Salz. R\u00fchren Sie dann die anderen Zutaten hinzu.\u00a0Schlagen Sie die Masse mit dem Schneebesen durch\u00a0bis der Teig glatt und ohne Klumpen ist.\u00a0Heizen Sie nun den LeMax Grill auf Schalterstellung 8 ca. 5 Minuten lang vor.\u00a0Um die Temperatur zu pr\u00fcfen, bespritzen Sie die Kochfl\u00e4che mit ein paar Tropfen Wasser. Wenn Wasserblasen auf der Kochfl\u00e4che erscheinen, ist die Temperatur genau richtig.<\/p>\n<p>Streichen Sie mit Hilfe eines Wenders ca.\u00a0\u00bd Teel\u00f6ffel Margarine auf die Kochfl\u00e4che. W\u00e4hrend\u00a0dem nachfolgenden Backprozess brauchen Sie kein\u00a0weiteres Fett mehr hinzuzugeben. Um perfekt geformte Cr\u00eapes zu erhalten, geben Sie den Teig am besten in\u00a0ein Gie\u00dfk\u00e4nnchen. Gie\u00dfen Sie eine kleine Menge auf die\u00a0Kochfl\u00e4che. Mit der Unterseite eines Servierl\u00f6ffels streichen\u00a0Sie dann den Teig rasch kreisf\u00f6rmig von Innen nach Au\u00dfen.<\/p>\n<p>Perfekte Cr\u00eapes sollten ca. 3-4 mm dick und 14-15 cm im\u00a0Durchmesser sein. Backen Sie die Cr\u00eapes bis die erste\u00a0Seite hellbraun ist. F\u00fchren Sie dann den Wender an den\u00a0Rand der Cr\u00eapes, um Sie von der keramischen Kochfl\u00e4che\u00a0zu l\u00f6sen. Wenden und backen Sie nun die anderen Seiten.\u00a0Wenn beide Seiten leicht braun sind, sollten die Cr\u00eapes\u00a0durchgebacken sein.<\/p>\n<p>Der Teig ergibt 12 Cr\u00eapes.<\/p>\n<\/div><div class=\"fusion-clearfix\"><\/div><\/div><\/div><div class=\"fusion-layout-column fusion_builder_column fusion-builder-column-3 fusion_builder_column_1_3 1_3 fusion-one-third fusion-column-last gradient-column-4 fusion-column-no-min-height\" style=\"width:30.6666%;margin-top:0px;margin-bottom:0px;\"><div class=\"fusion-column-wrapper fusion-flex-column-wrapper-legacy\" style=\"background-position:left top;background-repeat:no-repeat;-webkit-background-size:cover;-moz-background-size:cover;-o-background-size:cover;background-size:cover;padding: 0px 0px 0px 0px;\"><div class=\"fusion-text fusion-text-4\"><p><strong>Zutaten:<\/strong><\/p>\n<p>200g Mehl<\/p>\n<p>0,5 TL Margarine<\/p>\n<p>1 EL Zucker<\/p>\n<p>0,25 TL Salz<\/p>\n<p>0,5l Milch<\/p>\n<p>2 Eier<\/p>\n<p>0,5 TL Vanille-Extrakt<\/p>\n<\/div><div class=\"fusion-clearfix\"><\/div><\/div><\/div><\/div><\/div><div class=\"fusion-fullwidth fullwidth-box fusion-builder-row-4 gradient-container-4 nonhundred-percent-fullwidth non-hundred-percent-height-scrolling\" style=\"background-color: rgba(255,255,255,0);background-position: left top;background-repeat: no-repeat;padding-top:20px;padding-right:0px;padding-bottom:20px;padding-left:0px;margin-bottom: 0px;margin-top: 0px;border-width: 0px 0px 0px 0px;border-color:#eae9e9;border-style:solid;\" ><div class=\"fusion-builder-row fusion-row\"><div class=\"fusion-layout-column fusion_builder_column fusion-builder-column-4 fusion_builder_column_2_3 2_3 fusion-two-third fusion-column-first gradient-column-5 fusion-column-no-min-height\" style=\"width:65.3333%; margin-right: 4%;margin-top:0px;margin-bottom:0px;\"><div class=\"fusion-column-wrapper fusion-flex-column-wrapper-legacy\" style=\"background-position:left top;background-repeat:no-repeat;-webkit-background-size:cover;-moz-background-size:cover;-o-background-size:cover;background-size:cover;padding: 0px 0px 0px 0px;\"><div class=\"fusion-text fusion-text-5\"><h3><strong>Optional: Apfel-Walnuss-F\u00fcllung<\/strong><\/h3>\n<p>Alle Zutaten mit den \u00c4pfeln vermischen. Dann die Apfelf\u00fcllung in der Mikrowelle vorkochen bis sie\u00a0weich ist. Auf die Cr\u00eapes verteilen und einrollen.\u00a0Geben Sie Schlagsahne dar\u00fcber und bestreuen Sie\u00a0die Cr\u00eapes abschlie\u00dfend mit Puderzucker.<\/p>\n<\/div><div class=\"fusion-clearfix\"><\/div><\/div><\/div><div class=\"fusion-layout-column fusion_builder_column fusion-builder-column-5 fusion_builder_column_1_3 1_3 fusion-one-third fusion-column-last gradient-column-6 fusion-column-no-min-height\" style=\"width:30.6666%;margin-top:0px;margin-bottom:0px;\"><div class=\"fusion-column-wrapper fusion-flex-column-wrapper-legacy\" style=\"background-position:left top;background-repeat:no-repeat;-webkit-background-size:cover;-moz-background-size:cover;-o-background-size:cover;background-size:cover;padding: 0px 0px 0px 0px;\"><div class=\"fusion-text fusion-text-6\"><p><strong>Zutaten:<\/strong><\/p>\n<p>3 gesch\u00e4lte \u00c4pfel, in kleine W\u00fcrfel geschnitten<\/p>\n<p>1 EL Butter<\/p>\n<p>50g Waln\u00fcsse, grob gehackt<\/p>\n<p>3 EL brauner Zucker<\/p>\n<p>1 Prise Zimt<\/p>\n<\/div><div class=\"fusion-clearfix\"><\/div><\/div><\/div><\/div><\/div><\/p>\n","protected":false},"excerpt":{"rendered":"","protected":false},"author":1,"featured_media":0,"parent":0,"menu_order":0,"comment_status":"closed","ping_status":"closed","template":"","meta":{"content-type":"","_mi_skip_tracking":false},"yoast_head":"<!-- This site is optimized with the Yoast SEO plugin v20.5 - https:\/\/yoast.com\/wordpress\/plugins\/seo\/ -->\n<title>Rezeptideen - Cr\u00eapes mit dem LeMax Grill | ELAG<\/title>\n<meta name=\"robots\" content=\"index, follow, max-snippet:-1, max-image-preview:large, max-video-preview:-1\" \/>\n<link rel=\"canonical\" href=\"https:\/\/www.elagproducts.com\/de\/rezept-crepes-lemax\/\" \/>\n<meta property=\"og:locale\" content=\"de_DE\" \/>\n<meta property=\"og:type\" content=\"article\" \/>\n<meta property=\"og:title\" content=\"Rezeptideen - Cr\u00eapes mit dem LeMax Grill | ELAG\" \/>\n<meta property=\"og:url\" content=\"https:\/\/www.elagproducts.com\/de\/rezept-crepes-lemax\/\" \/>\n<meta property=\"og:site_name\" content=\"ELAG - LeMax Grills &amp; High-Quality Cooktops\" \/>\n<meta property=\"article:modified_time\" content=\"2019-04-06T11:32:32+00:00\" \/>\n<meta name=\"twitter:label1\" content=\"Gesch\u00e4tzte Lesezeit\" \/>\n\t<meta name=\"twitter:data1\" content=\"7\u00a0Minuten\" \/>\n<script type=\"application\/ld+json\" class=\"yoast-schema-graph\">{\"@context\":\"https:\/\/schema.org\",\"@graph\":[{\"@type\":\"WebPage\",\"@id\":\"https:\/\/www.elagproducts.com\/de\/rezept-crepes-lemax\/\",\"url\":\"https:\/\/www.elagproducts.com\/de\/rezept-crepes-lemax\/\",\"name\":\"Rezeptideen - Cr\u00eapes mit dem LeMax Grill | ELAG\",\"isPartOf\":{\"@id\":\"https:\/\/www.elagproducts.com\/de\/#website\"},\"datePublished\":\"2019-02-04T09:41:47+00:00\",\"dateModified\":\"2019-04-06T11:32:32+00:00\",\"breadcrumb\":{\"@id\":\"https:\/\/www.elagproducts.com\/de\/rezept-crepes-lemax\/#breadcrumb\"},\"inLanguage\":\"de\",\"potentialAction\":[{\"@type\":\"ReadAction\",\"target\":[\"https:\/\/www.elagproducts.com\/de\/rezept-crepes-lemax\/\"]}]},{\"@type\":\"BreadcrumbList\",\"@id\":\"https:\/\/www.elagproducts.com\/de\/rezept-crepes-lemax\/#breadcrumb\",\"itemListElement\":[{\"@type\":\"ListItem\",\"position\":1,\"name\":\"Home\",\"item\":\"https:\/\/www.elagproducts.com\/de\/\"},{\"@type\":\"ListItem\",\"position\":2,\"name\":\"Rezept | Cr\u00eapes\"}]},{\"@type\":\"WebSite\",\"@id\":\"https:\/\/www.elagproducts.com\/de\/#website\",\"url\":\"https:\/\/www.elagproducts.com\/de\/\",\"name\":\"ELAG - LeMax Grills &amp; High-Quality Cooktops\",\"description\":\"\",\"potentialAction\":[{\"@type\":\"SearchAction\",\"target\":{\"@type\":\"EntryPoint\",\"urlTemplate\":\"https:\/\/www.elagproducts.com\/de\/?s={search_term_string}\"},\"query-input\":\"required name=search_term_string\"}],\"inLanguage\":\"de\"}]}<\/script>\n<!-- \/ Yoast SEO plugin. -->","yoast_head_json":{"title":"Rezeptideen - Cr\u00eapes mit dem LeMax Grill | ELAG","robots":{"index":"index","follow":"follow","max-snippet":"max-snippet:-1","max-image-preview":"max-image-preview:large","max-video-preview":"max-video-preview:-1"},"canonical":"https:\/\/www.elagproducts.com\/de\/rezept-crepes-lemax\/","og_locale":"de_DE","og_type":"article","og_title":"Rezeptideen - Cr\u00eapes mit dem LeMax Grill | ELAG","og_url":"https:\/\/www.elagproducts.com\/de\/rezept-crepes-lemax\/","og_site_name":"ELAG - LeMax Grills &amp; High-Quality Cooktops","article_modified_time":"2019-04-06T11:32:32+00:00","twitter_misc":{"Gesch\u00e4tzte Lesezeit":"7\u00a0Minuten"},"schema":{"@context":"https:\/\/schema.org","@graph":[{"@type":"WebPage","@id":"https:\/\/www.elagproducts.com\/de\/rezept-crepes-lemax\/","url":"https:\/\/www.elagproducts.com\/de\/rezept-crepes-lemax\/","name":"Rezeptideen - Cr\u00eapes mit dem LeMax Grill | ELAG","isPartOf":{"@id":"https:\/\/www.elagproducts.com\/de\/#website"},"datePublished":"2019-02-04T09:41:47+00:00","dateModified":"2019-04-06T11:32:32+00:00","breadcrumb":{"@id":"https:\/\/www.elagproducts.com\/de\/rezept-crepes-lemax\/#breadcrumb"},"inLanguage":"de","potentialAction":[{"@type":"ReadAction","target":["https:\/\/www.elagproducts.com\/de\/rezept-crepes-lemax\/"]}]},{"@type":"BreadcrumbList","@id":"https:\/\/www.elagproducts.com\/de\/rezept-crepes-lemax\/#breadcrumb","itemListElement":[{"@type":"ListItem","position":1,"name":"Home","item":"https:\/\/www.elagproducts.com\/de\/"},{"@type":"ListItem","position":2,"name":"Rezept | Cr\u00eapes"}]},{"@type":"WebSite","@id":"https:\/\/www.elagproducts.com\/de\/#website","url":"https:\/\/www.elagproducts.com\/de\/","name":"ELAG - LeMax Grills &amp; High-Quality Cooktops","description":"","potentialAction":[{"@type":"SearchAction","target":{"@type":"EntryPoint","urlTemplate":"https:\/\/www.elagproducts.com\/de\/?s={search_term_string}"},"query-input":"required name=search_term_string"}],"inLanguage":"de"}]}},"_links":{"self":[{"href":"https:\/\/www.elagproducts.com\/de\/wp-json\/wp\/v2\/pages\/8960"}],"collection":[{"href":"https:\/\/www.elagproducts.com\/de\/wp-json\/wp\/v2\/pages"}],"about":[{"href":"https:\/\/www.elagproducts.com\/de\/wp-json\/wp\/v2\/types\/page"}],"author":[{"embeddable":true,"href":"https:\/\/www.elagproducts.com\/de\/wp-json\/wp\/v2\/users\/1"}],"replies":[{"embeddable":true,"href":"https:\/\/www.elagproducts.com\/de\/wp-json\/wp\/v2\/comments?post=8960"}],"version-history":[{"count":14,"href":"https:\/\/www.elagproducts.com\/de\/wp-json\/wp\/v2\/pages\/8960\/revisions"}],"predecessor-version":[{"id":9161,"href":"https:\/\/www.elagproducts.com\/de\/wp-json\/wp\/v2\/pages\/8960\/revisions\/9161"}],"wp:attachment":[{"href":"https:\/\/www.elagproducts.com\/de\/wp-json\/wp\/v2\/media?parent=8960"}],"curies":[{"name":"wp","href":"https:\/\/api.w.org\/{rel}","templated":true}]}}