{"id":734,"date":"2014-10-20T11:55:56","date_gmt":"2014-10-20T09:55:56","guid":{"rendered":"http:\/\/www.elagproducts.com\/expertise-2\/"},"modified":"2016-10-27T14:17:26","modified_gmt":"2016-10-27T12:17:26","slug":"kompetenzen","status":"publish","type":"page","link":"https:\/\/www.elagproducts.com\/de\/kompetenzen\/","title":{"rendered":"Kompetenzen"},"content":{"rendered":"<p><div class=\"fusion-fullwidth fullwidth-box fusion-builder-row-1 gradient-container-1 nonhundred-percent-fullwidth non-hundred-percent-height-scrolling\" style=\"background-color: no;background-position: left top;background-repeat: no-repeat;padding-top:0px;padding-right:0px;padding-bottom:0px;padding-left:0px;margin-bottom: 0px;margin-top: 0px;border-width: 0px 0px 0px 0px;border-color:#eae9e9;border-style:solid;\" ><div class=\"fusion-builder-row fusion-row\"><div class=\"fusion-layout-column fusion_builder_column fusion-builder-column-0 fusion_builder_column_1_1 1_1 fusion-one-full fusion-column-first fusion-column-last gradient-column-1 fusion-column-no-min-height\" style=\"margin-top:0px;margin-bottom:0px;\"><div class=\"fusion-column-wrapper fusion-flex-column-wrapper-legacy\" style=\"background-position:left top;background-repeat:no-repeat;-webkit-background-size:cover;-moz-background-size:cover;-o-background-size:cover;background-size:cover;padding: 0px 0px 0px 0px;\"><div class=\"fusion-text fusion-text-1\"><h1 style=\"text-align: center;\"><strong>Der Spezialist f\u00fcr glaskeramische Kochger\u00e4te<\/strong><\/h1>\n<p style=\"text-align: center;\">Kompetenz kommt von Erfahrung. ELAG produziert und vertreibt weltweit seit \u00fcber 35 Jahren ausgew\u00e4hlte Kochger\u00e4te.<\/p>\n<\/div><div class=\"fusion-clearfix\"><\/div><\/div><\/div><\/div><\/div><div class=\"fusion-fullwidth fullwidth-box fusion-builder-row-2 gradient-container-2 nonhundred-percent-fullwidth non-hundred-percent-height-scrolling\" style=\"background-color: no;background-position: left top;background-repeat: no-repeat;padding-top:0px;padding-right:0px;padding-bottom:0px;padding-left:0px;margin-bottom: 0px;margin-top: 0px;border-width: 0px 0px 0px 0px;border-color:#eae9e9;border-style:solid;\" ><div class=\"fusion-builder-row fusion-row\"><div class=\"fusion-layout-column fusion_builder_column fusion-builder-column-1 fusion_builder_column_1_2 1_2 fusion-one-half fusion-column-first gradient-column-2\" style=\"width:50%;width:calc(50% - ( ( 4% ) * 0.5 ) );margin-right: 4%;margin-top:0px;margin-bottom:20px;\"><div class=\"fusion-column-wrapper fusion-flex-column-wrapper-legacy\" style=\"background-position:left top;background-repeat:no-repeat;-webkit-background-size:cover;-moz-background-size:cover;-o-background-size:cover;background-size:cover;padding: 0px 0px 0px 0px;\"><div class=\"fusion-text fusion-text-2\"><h3><strong>LeMax Grills \u2013 Die Schaffung einer neuen Kategorie an Kochger\u00e4ten<\/strong><\/h3>\n<p>Bereits Ende der 1990er Jahre stellte ELAG seinen ersten <a title=\"Glaskeramischer Elektrogrill\" href=\"http:\/\/www.elagproducts.com\/de\/elektrogrill\">glaskeramischen Elektrogrill<\/a> vor. Die Idee war es das Kochen effizienter und ges\u00fcnder zu gestalten, indem Speisen direkt auf der glaskeramischen Kochfl\u00e4che zubereitet werden. Aufgrund der gro\u00dfen Popularit\u00e4t taufte ELAG seinen <a title=\"Elektro-Tischgrill\" href=\"http:\/\/www.elagproducts.com\/de\/tischgrill\">Elektro-Tischgrill<\/a> auf den Namen LeMax. Seither gilt die <a href=\"http:\/\/www.elagproducts.com\/de\/grillplatte\">LeMax Grillplatte<\/a> als das Original f\u00fcr das Direkte Kochen auf Glaskeramik und sucht noch heute in den Kategorien <a title=\"Elektrogrill\" href=\"http:\/\/www.elagproducts.com\/de\/elektrogrill\">Elektrogrills<\/a>, <a title=\"CERAN Grill\" href=\"http:\/\/www.elagproducts.com\/de\/ceran-grill\">CERAN Grills<\/a>, <a title=\"Tischgrill\" href=\"http:\/\/www.elagproducts.com\/de\/tischgrill\">Tischgrills<\/a> und sogar <a title=\"Teppanyaki Grill\" href=\"http:\/\/www.elagproducts.com\/de\/teppanyaki-grill\">Teppanyaki Grills<\/a> in Qualit\u00e4t und in Lebensdauer seinesgleichen. Die <a title=\"Grillger\u00e4t\" href=\"http:\/\/www.elagproducts.com\/de\/grillger\u00e4t\">LeMax Grillger\u00e4te<\/a> kommen heute sowohl im Haushalt als auch in der Gastronomie zum Einsatz. Ob als <a href=\"http:\/\/www.elagproducts.com\/de\/tischgrill\">Tischgrill<\/a> und <a title=\"Warmhalteplatte\" href=\"http:\/\/www.elagproducts.com\/de\/warmhalteplatte\">Warmhalteplatte<\/a> bei Parties oder <a title=\"Elektrogrill\" href=\"http:\/\/www.elagproducts.com\/de\/elektrogrill\">Elektrogrill<\/a> auf Balkon und Terrasse oder doch als <a title=\"Catering Grill\" href=\"http:\/\/www.elagproducts.com\/de\/gastrogrill\">Catering Grill<\/a> f\u00fcr Showcooking und Frontcooking, auf den <a title=\"Kochplatte\" href=\"http:\/\/www.elagproducts.com\/de\/mobile-kochplatte\">LeMax Kochplatten<\/a> lassen sich nahezu alle Speisen ohne Topfe und Pfannen zubereiten. Die <a title=\"Elektrogrill\" href=\"http:\/\/www.elagproducts.com\/de\/elektrogrill\">LeMax Elektrogrills<\/a> genie\u00dfen nicht nur bei unseren Kunden einen besonderen Stellenwert, auch bei ELAG. Unsere Ingenieure entwickeln die <a title=\"Grillger\u00e4t\" href=\"http:\/\/www.elagproducts.com\/de\/grillgeraet\">Grillger\u00e4te<\/a> st\u00e4ndig weiter und setzen immer h\u00f6here Qualit\u00e4tsma\u00dfst\u00e4be an. Die <a title=\"Kontaktgrill\" href=\"http:\/\/www.elagproducts.com\/de\/kontaktgrill\">LeMax Kontaktgrills<\/a> werden seit dem ersten Modell in Deutschland gefertigt \u2013 das ist mit Stolz \u201eMade in Germany\u201c.<\/p>\n<\/div><div class=\"fusion-clearfix\"><\/div><\/div><\/div><\/div><\/div><\/p>\n","protected":false},"excerpt":{"rendered":"","protected":false},"author":1,"featured_media":0,"parent":0,"menu_order":0,"comment_status":"open","ping_status":"closed","template":"","meta":{"content-type":"","_mi_skip_tracking":false},"yoast_head":"<!-- This site is optimized with the Yoast SEO plugin v20.5 - https:\/\/yoast.com\/wordpress\/plugins\/seo\/ -->\n<title>Kompetenzen - ELAG - LeMax Grills &amp; High-Quality Cooktops<\/title>\n<meta name=\"robots\" content=\"index, follow, max-snippet:-1, max-image-preview:large, max-video-preview:-1\" \/>\n<link rel=\"canonical\" href=\"https:\/\/www.elagproducts.com\/de\/kompetenzen\/\" \/>\n<meta property=\"og:locale\" content=\"de_DE\" \/>\n<meta property=\"og:type\" content=\"article\" \/>\n<meta property=\"og:title\" content=\"Kompetenzen - ELAG - LeMax Grills &amp; High-Quality Cooktops\" \/>\n<meta property=\"og:url\" content=\"https:\/\/www.elagproducts.com\/de\/kompetenzen\/\" \/>\n<meta property=\"og:site_name\" content=\"ELAG - LeMax Grills &amp; High-Quality Cooktops\" \/>\n<meta property=\"article:modified_time\" content=\"2016-10-27T12:17:26+00:00\" \/>\n<meta name=\"twitter:label1\" content=\"Gesch\u00e4tzte Lesezeit\" \/>\n\t<meta name=\"twitter:data1\" content=\"2\u00a0Minuten\" \/>\n<script type=\"application\/ld+json\" class=\"yoast-schema-graph\">{\"@context\":\"https:\/\/schema.org\",\"@graph\":[{\"@type\":\"WebPage\",\"@id\":\"https:\/\/www.elagproducts.com\/de\/kompetenzen\/\",\"url\":\"https:\/\/www.elagproducts.com\/de\/kompetenzen\/\",\"name\":\"Kompetenzen - ELAG - LeMax Grills &amp; High-Quality Cooktops\",\"isPartOf\":{\"@id\":\"https:\/\/www.elagproducts.com\/de\/#website\"},\"datePublished\":\"2014-10-20T09:55:56+00:00\",\"dateModified\":\"2016-10-27T12:17:26+00:00\",\"breadcrumb\":{\"@id\":\"https:\/\/www.elagproducts.com\/de\/kompetenzen\/#breadcrumb\"},\"inLanguage\":\"de\",\"potentialAction\":[{\"@type\":\"ReadAction\",\"target\":[\"https:\/\/www.elagproducts.com\/de\/kompetenzen\/\"]}]},{\"@type\":\"BreadcrumbList\",\"@id\":\"https:\/\/www.elagproducts.com\/de\/kompetenzen\/#breadcrumb\",\"itemListElement\":[{\"@type\":\"ListItem\",\"position\":1,\"name\":\"Home\",\"item\":\"https:\/\/www.elagproducts.com\/de\/\"},{\"@type\":\"ListItem\",\"position\":2,\"name\":\"Kompetenzen\"}]},{\"@type\":\"WebSite\",\"@id\":\"https:\/\/www.elagproducts.com\/de\/#website\",\"url\":\"https:\/\/www.elagproducts.com\/de\/\",\"name\":\"ELAG - LeMax Grills &amp; High-Quality Cooktops\",\"description\":\"\",\"potentialAction\":[{\"@type\":\"SearchAction\",\"target\":{\"@type\":\"EntryPoint\",\"urlTemplate\":\"https:\/\/www.elagproducts.com\/de\/?s={search_term_string}\"},\"query-input\":\"required name=search_term_string\"}],\"inLanguage\":\"de\"}]}<\/script>\n<!-- \/ Yoast SEO plugin. -->","yoast_head_json":{"title":"Kompetenzen - ELAG - LeMax Grills &amp; High-Quality Cooktops","robots":{"index":"index","follow":"follow","max-snippet":"max-snippet:-1","max-image-preview":"max-image-preview:large","max-video-preview":"max-video-preview:-1"},"canonical":"https:\/\/www.elagproducts.com\/de\/kompetenzen\/","og_locale":"de_DE","og_type":"article","og_title":"Kompetenzen - ELAG - LeMax Grills &amp; High-Quality Cooktops","og_url":"https:\/\/www.elagproducts.com\/de\/kompetenzen\/","og_site_name":"ELAG - LeMax Grills &amp; High-Quality Cooktops","article_modified_time":"2016-10-27T12:17:26+00:00","twitter_misc":{"Gesch\u00e4tzte Lesezeit":"2\u00a0Minuten"},"schema":{"@context":"https:\/\/schema.org","@graph":[{"@type":"WebPage","@id":"https:\/\/www.elagproducts.com\/de\/kompetenzen\/","url":"https:\/\/www.elagproducts.com\/de\/kompetenzen\/","name":"Kompetenzen - ELAG - LeMax Grills &amp; High-Quality Cooktops","isPartOf":{"@id":"https:\/\/www.elagproducts.com\/de\/#website"},"datePublished":"2014-10-20T09:55:56+00:00","dateModified":"2016-10-27T12:17:26+00:00","breadcrumb":{"@id":"https:\/\/www.elagproducts.com\/de\/kompetenzen\/#breadcrumb"},"inLanguage":"de","potentialAction":[{"@type":"ReadAction","target":["https:\/\/www.elagproducts.com\/de\/kompetenzen\/"]}]},{"@type":"BreadcrumbList","@id":"https:\/\/www.elagproducts.com\/de\/kompetenzen\/#breadcrumb","itemListElement":[{"@type":"ListItem","position":1,"name":"Home","item":"https:\/\/www.elagproducts.com\/de\/"},{"@type":"ListItem","position":2,"name":"Kompetenzen"}]},{"@type":"WebSite","@id":"https:\/\/www.elagproducts.com\/de\/#website","url":"https:\/\/www.elagproducts.com\/de\/","name":"ELAG - LeMax Grills &amp; High-Quality Cooktops","description":"","potentialAction":[{"@type":"SearchAction","target":{"@type":"EntryPoint","urlTemplate":"https:\/\/www.elagproducts.com\/de\/?s={search_term_string}"},"query-input":"required name=search_term_string"}],"inLanguage":"de"}]}},"_links":{"self":[{"href":"https:\/\/www.elagproducts.com\/de\/wp-json\/wp\/v2\/pages\/734"}],"collection":[{"href":"https:\/\/www.elagproducts.com\/de\/wp-json\/wp\/v2\/pages"}],"about":[{"href":"https:\/\/www.elagproducts.com\/de\/wp-json\/wp\/v2\/types\/page"}],"author":[{"embeddable":true,"href":"https:\/\/www.elagproducts.com\/de\/wp-json\/wp\/v2\/users\/1"}],"replies":[{"embeddable":true,"href":"https:\/\/www.elagproducts.com\/de\/wp-json\/wp\/v2\/comments?post=734"}],"version-history":[{"count":9,"href":"https:\/\/www.elagproducts.com\/de\/wp-json\/wp\/v2\/pages\/734\/revisions"}],"predecessor-version":[{"id":4484,"href":"https:\/\/www.elagproducts.com\/de\/wp-json\/wp\/v2\/pages\/734\/revisions\/4484"}],"wp:attachment":[{"href":"https:\/\/www.elagproducts.com\/de\/wp-json\/wp\/v2\/media?parent=734"}],"curies":[{"name":"wp","href":"https:\/\/api.w.org\/{rel}","templated":true}]}}