{"id":616,"date":"2014-10-24T12:21:32","date_gmt":"2014-10-24T10:21:32","guid":{"rendered":"http:\/\/www.elagproducts.com\/legal-notice-2\/"},"modified":"2026-02-11T15:25:13","modified_gmt":"2026-02-11T13:25:13","slug":"impressum","status":"publish","type":"page","link":"https:\/\/www.elagproducts.com\/de\/impressum\/","title":{"rendered":"Impressum"},"content":{"rendered":"<p><div class=\"fusion-fullwidth fullwidth-box fusion-builder-row-1 gradient-container-1 hundred-percent-fullwidth non-hundred-percent-height-scrolling\" style=\"background-color: rgba(255,255,255,0);background-position: center center;background-repeat: no-repeat;padding-top:0px;padding-right:0px;padding-bottom:0px;padding-left:0px;margin-bottom: 0px;margin-top: 0px;border-width: 0px 0px 0px 0px;border-color:#eae9e9;border-style:solid;\" ><div class=\"fusion-builder-row fusion-row\"><div class=\"fusion-layout-column fusion_builder_column fusion-builder-column-0 fusion_builder_column_1_2 1_2 fusion-one-half fusion-column-first gradient-column-1\" style=\"width:48%; margin-right: 4%;margin-top:0px;margin-bottom:20px;\"><div class=\"fusion-column-wrapper fusion-flex-column-wrapper-legacy\" style=\"background-position:left top;background-repeat:no-repeat;-webkit-background-size:cover;-moz-background-size:cover;-o-background-size:cover;background-size:cover;padding: 0px 0px 0px 0px;\"><div class=\"fusion-text fusion-text-1\"><h2>Impressum<\/h2>\n<\/div><div class=\"fusion-clearfix\"><\/div><\/div><\/div><div class=\"fusion-layout-column fusion_builder_column fusion-builder-column-1 fusion_builder_column_1_2 1_2 fusion-one-half fusion-column-last gradient-column-2\" style=\"width:48%;margin-top:0px;margin-bottom:20px;\"><div class=\"fusion-column-wrapper fusion-flex-column-wrapper-legacy\" style=\"background-position:left top;background-repeat:no-repeat;-webkit-background-size:cover;-moz-background-size:cover;-o-background-size:cover;background-size:cover;padding: 0px 0px 0px 0px;\"><div class=\"fusion-clearfix\"><\/div><\/div><\/div><\/div><style type=\"text\/css\">.fusion-fullwidth.fusion-builder-row-1 { overflow:visible; }<\/style><\/div><div class=\"fusion-fullwidth fullwidth-box fusion-builder-row-2 gradient-container-2 hundred-percent-fullwidth non-hundred-percent-height-scrolling\" style=\"background-color: rgba(255,255,255,0);background-position: center center;background-repeat: no-repeat;padding-top:0px;padding-right:0px;padding-bottom:0px;padding-left:0px;margin-bottom: 0px;margin-top: 0px;border-width: 0px 0px 0px 0px;border-color:#eae9e9;border-style:solid;\" ><div class=\"fusion-builder-row fusion-row\"><div class=\"fusion-layout-column fusion_builder_column fusion-builder-column-2 fusion_builder_column_1_2 1_2 fusion-one-half fusion-column-first gradient-column-3\" style=\"width:48%; margin-right: 4%;margin-top:0px;margin-bottom:20px;\"><div class=\"fusion-column-wrapper fusion-flex-column-wrapper-legacy\" style=\"background-position:left top;background-repeat:no-repeat;-webkit-background-size:cover;-moz-background-size:cover;-o-background-size:cover;background-size:cover;padding: 0px 0px 0px 0px;\"><div class=\"fusion-text fusion-text-2\"><p><strong>Kontaktdaten:<\/strong><\/p>\n<p>ELAG Products GmbH i.L.<br \/>\nSiemensstr. 22<br \/>\n61267 Neu-Anspach<br \/>\n&#8211; DEUTSCHLAND &#8211;<\/p>\n<p>Telefon: +49 (0)6081 95814-0<br \/>\nTelefax: +49 (0)6081 95814-015<br \/>\nE-Mail:\u00a0<a href=\"mailto:info@elagproducts.com\">info@elagproducts.com<\/a><\/p>\n<\/div><div class=\"fusion-text fusion-text-3\"><p><strong>Gesch\u00e4ftsf\u00fchrer:<\/strong><br \/>\nLothar Schubring und Max F. Schubring<\/p>\n<p><strong>Handelsregistereintrag:<\/strong><br \/>\nRegistriert im Handelsregister.<br \/>\nAmtsgericht:\u00a0Bad Homburg<br \/>\nRegistereintrag: Nummer HRB 13371<\/p>\n<p><strong>Umsatzsteuernummer:\u00a0<\/strong><br \/>\nUmsatzsteuernummer gem\u00e4\u00df \u00a7 27a deutschem Umsatzsteuergesetz:\u00a0DE 812848401<\/p>\n<\/div><div class=\"fusion-clearfix\"><\/div><\/div><\/div><div class=\"fusion-layout-column fusion_builder_column fusion-builder-column-3 fusion_builder_column_1_2 1_2 fusion-one-half fusion-column-last gradient-column-4\" style=\"width:48%;margin-top:0px;margin-bottom:20px;\"><div class=\"fusion-column-wrapper fusion-flex-column-wrapper-legacy\" style=\"background-position:left top;background-repeat:no-repeat;-webkit-background-size:cover;-moz-background-size:cover;-o-background-size:cover;background-size:cover;padding: 0px 0px 0px 0px;\"><div class=\"fusion-text fusion-text-4\"><p><em><strong>&#8220;Kann ich auch vor Ort bei Euch einkaufen?&#8221;<\/strong><\/em><br \/>\nSelbstverst\u00e4ndlich, bitte vereinbaren Sie jedoch vorher einen Termin, damit wir uns Zeit f\u00fcr Sie nehmen k\u00f6nnen.<\/p>\n<p><strong><br \/>\nAdresse &amp; \u00d6ffnungszeiten f\u00fcr Werksverkauf:<\/strong><\/p>\n<p>Siemensstra\u00dfe 22, 61267 Neu-Anspach<br \/>\nMo \u2013 Fr: 9:00 \u2013 16:30 Uhr<\/p>\n<\/div><div class=\"fusion-clearfix\"><\/div><\/div><\/div><\/div><style type=\"text\/css\">.fusion-fullwidth.fusion-builder-row-2 { overflow:visible; }<\/style><\/div><\/p>\n","protected":false},"excerpt":{"rendered":"","protected":false},"author":1,"featured_media":0,"parent":0,"menu_order":0,"comment_status":"closed","ping_status":"closed","template":"","meta":{"content-type":"","_mi_skip_tracking":false},"yoast_head":"<!-- This site is optimized with the Yoast SEO plugin v20.5 - https:\/\/yoast.com\/wordpress\/plugins\/seo\/ -->\n<title>Impressum | ELAG<\/title>\n<meta name=\"description\" content=\"Unsere Kontaktadresse: ELAG Products GmbH - Siemensstra\u00dfe 22 - 61267 Neu-Anspach - Tel.: +49 (0)6081 95814-0 - info@elagproducts.com\" \/>\n<meta name=\"robots\" content=\"index, follow, max-snippet:-1, max-image-preview:large, max-video-preview:-1\" \/>\n<link rel=\"canonical\" href=\"https:\/\/www.elagproducts.com\/de\/impressum\/\" \/>\n<meta property=\"og:locale\" content=\"de_DE\" \/>\n<meta property=\"og:type\" content=\"article\" \/>\n<meta property=\"og:title\" content=\"Impressum | ELAG\" \/>\n<meta property=\"og:description\" content=\"Unsere Kontaktadresse: ELAG Products GmbH - Siemensstra\u00dfe 22 - 61267 Neu-Anspach - Tel.: +49 (0)6081 95814-0 - info@elagproducts.com\" \/>\n<meta property=\"og:url\" content=\"https:\/\/www.elagproducts.com\/de\/impressum\/\" \/>\n<meta property=\"og:site_name\" content=\"ELAG - LeMax Grills &amp; High-Quality Cooktops\" \/>\n<meta property=\"article:modified_time\" content=\"2026-02-11T13:25:13+00:00\" \/>\n<meta name=\"twitter:label1\" content=\"Gesch\u00e4tzte Lesezeit\" \/>\n\t<meta name=\"twitter:data1\" content=\"2\u00a0Minuten\" \/>\n<script type=\"application\/ld+json\" class=\"yoast-schema-graph\">{\"@context\":\"https:\/\/schema.org\",\"@graph\":[{\"@type\":\"WebPage\",\"@id\":\"https:\/\/www.elagproducts.com\/de\/impressum\/\",\"url\":\"https:\/\/www.elagproducts.com\/de\/impressum\/\",\"name\":\"Impressum | ELAG\",\"isPartOf\":{\"@id\":\"https:\/\/www.elagproducts.com\/de\/#website\"},\"datePublished\":\"2014-10-24T10:21:32+00:00\",\"dateModified\":\"2026-02-11T13:25:13+00:00\",\"description\":\"Unsere Kontaktadresse: ELAG Products GmbH - Siemensstra\u00dfe 22 - 61267 Neu-Anspach - Tel.: +49 (0)6081 95814-0 - info@elagproducts.com\",\"breadcrumb\":{\"@id\":\"https:\/\/www.elagproducts.com\/de\/impressum\/#breadcrumb\"},\"inLanguage\":\"de\",\"potentialAction\":[{\"@type\":\"ReadAction\",\"target\":[\"https:\/\/www.elagproducts.com\/de\/impressum\/\"]}]},{\"@type\":\"BreadcrumbList\",\"@id\":\"https:\/\/www.elagproducts.com\/de\/impressum\/#breadcrumb\",\"itemListElement\":[{\"@type\":\"ListItem\",\"position\":1,\"name\":\"Home\",\"item\":\"https:\/\/www.elagproducts.com\/de\/\"},{\"@type\":\"ListItem\",\"position\":2,\"name\":\"Impressum\"}]},{\"@type\":\"WebSite\",\"@id\":\"https:\/\/www.elagproducts.com\/de\/#website\",\"url\":\"https:\/\/www.elagproducts.com\/de\/\",\"name\":\"ELAG - LeMax Grills &amp; High-Quality Cooktops\",\"description\":\"\",\"potentialAction\":[{\"@type\":\"SearchAction\",\"target\":{\"@type\":\"EntryPoint\",\"urlTemplate\":\"https:\/\/www.elagproducts.com\/de\/?s={search_term_string}\"},\"query-input\":\"required name=search_term_string\"}],\"inLanguage\":\"de\"}]}<\/script>\n<!-- \/ Yoast SEO plugin. -->","yoast_head_json":{"title":"Impressum | ELAG","description":"Unsere Kontaktadresse: ELAG Products GmbH - Siemensstra\u00dfe 22 - 61267 Neu-Anspach - Tel.: +49 (0)6081 95814-0 - info@elagproducts.com","robots":{"index":"index","follow":"follow","max-snippet":"max-snippet:-1","max-image-preview":"max-image-preview:large","max-video-preview":"max-video-preview:-1"},"canonical":"https:\/\/www.elagproducts.com\/de\/impressum\/","og_locale":"de_DE","og_type":"article","og_title":"Impressum | ELAG","og_description":"Unsere Kontaktadresse: ELAG Products GmbH - Siemensstra\u00dfe 22 - 61267 Neu-Anspach - Tel.: +49 (0)6081 95814-0 - info@elagproducts.com","og_url":"https:\/\/www.elagproducts.com\/de\/impressum\/","og_site_name":"ELAG - LeMax Grills &amp; High-Quality Cooktops","article_modified_time":"2026-02-11T13:25:13+00:00","twitter_misc":{"Gesch\u00e4tzte Lesezeit":"2\u00a0Minuten"},"schema":{"@context":"https:\/\/schema.org","@graph":[{"@type":"WebPage","@id":"https:\/\/www.elagproducts.com\/de\/impressum\/","url":"https:\/\/www.elagproducts.com\/de\/impressum\/","name":"Impressum | ELAG","isPartOf":{"@id":"https:\/\/www.elagproducts.com\/de\/#website"},"datePublished":"2014-10-24T10:21:32+00:00","dateModified":"2026-02-11T13:25:13+00:00","description":"Unsere Kontaktadresse: ELAG Products GmbH - Siemensstra\u00dfe 22 - 61267 Neu-Anspach - Tel.: +49 (0)6081 95814-0 - info@elagproducts.com","breadcrumb":{"@id":"https:\/\/www.elagproducts.com\/de\/impressum\/#breadcrumb"},"inLanguage":"de","potentialAction":[{"@type":"ReadAction","target":["https:\/\/www.elagproducts.com\/de\/impressum\/"]}]},{"@type":"BreadcrumbList","@id":"https:\/\/www.elagproducts.com\/de\/impressum\/#breadcrumb","itemListElement":[{"@type":"ListItem","position":1,"name":"Home","item":"https:\/\/www.elagproducts.com\/de\/"},{"@type":"ListItem","position":2,"name":"Impressum"}]},{"@type":"WebSite","@id":"https:\/\/www.elagproducts.com\/de\/#website","url":"https:\/\/www.elagproducts.com\/de\/","name":"ELAG - LeMax Grills &amp; High-Quality Cooktops","description":"","potentialAction":[{"@type":"SearchAction","target":{"@type":"EntryPoint","urlTemplate":"https:\/\/www.elagproducts.com\/de\/?s={search_term_string}"},"query-input":"required name=search_term_string"}],"inLanguage":"de"}]}},"_links":{"self":[{"href":"https:\/\/www.elagproducts.com\/de\/wp-json\/wp\/v2\/pages\/616"}],"collection":[{"href":"https:\/\/www.elagproducts.com\/de\/wp-json\/wp\/v2\/pages"}],"about":[{"href":"https:\/\/www.elagproducts.com\/de\/wp-json\/wp\/v2\/types\/page"}],"author":[{"embeddable":true,"href":"https:\/\/www.elagproducts.com\/de\/wp-json\/wp\/v2\/users\/1"}],"replies":[{"embeddable":true,"href":"https:\/\/www.elagproducts.com\/de\/wp-json\/wp\/v2\/comments?post=616"}],"version-history":[{"count":13,"href":"https:\/\/www.elagproducts.com\/de\/wp-json\/wp\/v2\/pages\/616\/revisions"}],"predecessor-version":[{"id":17749,"href":"https:\/\/www.elagproducts.com\/de\/wp-json\/wp\/v2\/pages\/616\/revisions\/17749"}],"wp:attachment":[{"href":"https:\/\/www.elagproducts.com\/de\/wp-json\/wp\/v2\/media?parent=616"}],"curies":[{"name":"wp","href":"https:\/\/api.w.org\/{rel}","templated":true}]}}