{"id":3660,"date":"2016-07-05T17:29:00","date_gmt":"2016-07-05T15:29:00","guid":{"rendered":"http:\/\/www.elagproducts.com\/de\/?page_id=3660"},"modified":"2016-10-27T14:17:15","modified_gmt":"2016-10-27T12:17:15","slug":"lemax-einbau-grill-ii-mit-fettwanne-aussenkueche","status":"publish","type":"page","link":"https:\/\/www.elagproducts.com\/de\/lemax-einbau-grill-ii-mit-fettwanne-aussenkueche\/","title":{"rendered":"LeMax\u00ae Einbau-Grill II mit Fettwanne &#8211; Au\u00dfenk\u00fcche"},"content":{"rendered":"<p><div class=\"fusion-fullwidth fullwidth-box fusion-builder-row-1 fusion-parallax-none gradient-container-1 hundred-percent-fullwidth non-hundred-percent-height-scrolling\" style=\"background-color: rgba(255,255,255,0);background-image: url(&quot;http:\/\/www.elagproducts.com\/wp-content\/uploads\/2016\/07\/lemax_einbau_einbaum\u00f6glichkeiten.jpg&quot;);background-position: center center;background-repeat: no-repeat;padding-top:20%;padding-right:20px;padding-bottom:10%;padding-left:20px;margin-bottom: 0px;margin-top: 0px;border-width: 0px 0px 0px 0px;border-color:#eae9e9;border-style:solid;-webkit-background-size:cover;-moz-background-size:cover;-o-background-size:cover;background-size:cover;\" ><div class=\"fusion-builder-row fusion-row\"><div class=\"fusion-layout-column fusion_builder_column fusion-builder-column-0 fusion_builder_column_1_1 1_1 fusion-one-full fusion-column-first fusion-column-last gradient-column-1 fusion-column-no-min-height\" style=\"margin-top:0px;margin-bottom:0px;\"><div class=\"fusion-column-wrapper fusion-flex-column-wrapper-legacy\" style=\"background-position:left top;background-repeat:no-repeat;-webkit-background-size:cover;-moz-background-size:cover;-o-background-size:cover;background-size:cover;padding: 0px 0px 0px 0px;\"><div class=\"fusion-menu-anchor\" id=\"oben\"><\/div><div class=\"fusion-text fusion-text-1\"><h1 class=\"ls-l\" style=\"text-align: center; text-shadow: 0px 0px 10px rgba(0, 0, 0, 1);\" data-ls=\"offsetxin:0;durationin:1500;\" data-inline-fontsize=\"true\" data-inline-lineheight=\"true\" data-fontsize=\"90\" data-lineheight=\"118\"><strong><span style=\"color: #ffffff;\">Der Grill f\u00fcr Ihre Au\u00dfenk\u00fcche<\/span><\/strong><\/h1>\n<h3 class=\"ls-l\" style=\"text-align: center; text-shadow: 0px 0px 10px rgba(0, 0, 0, 1);\" data-ls=\"offsetxin:0;durationin:1500;\" data-inline-fontsize=\"true\" data-inline-lineheight=\"true\" data-fontsize=\"45\" data-lineheight=\"59\"><span style=\"color: #ffffff;\">Erweitern Sie Ihr Grillerlebnis.<\/span><\/h3>\n<\/div><div class=\"fusion-sep-clear\"><\/div><div class=\"fusion-separator fusion-full-width-sep\" style=\"margin-left: auto;margin-right: auto;margin-top:40px;width:100%;\"><\/div><div class=\"fusion-sep-clear\"><\/div><div class=\"fusion-clearfix\"><\/div><\/div><\/div><div class=\"fusion-layout-column fusion_builder_column fusion-builder-column-1 fusion_builder_column_1_3 1_3 fusion-one-third fusion-column-first gradient-column-2\" style=\"width:30.6666%; margin-right: 4%;margin-top:0px;margin-bottom:20px;\"><div class=\"fusion-column-wrapper fusion-flex-column-wrapper-legacy\" style=\"background-position:left top;background-repeat:no-repeat;-webkit-background-size:cover;-moz-background-size:cover;-o-background-size:cover;background-size:cover;padding: 0px 0px 0px 0px;\"><div class=\"fusion-clearfix\"><\/div><\/div><\/div><div class=\"fusion-layout-column fusion_builder_column fusion-builder-column-2 fusion_builder_column_1_3 1_3 fusion-one-third gradient-column-3\" style=\"width:30.6666%; margin-right: 4%;margin-top:0px;margin-bottom:20px;\"><div class=\"fusion-column-wrapper fusion-flex-column-wrapper-legacy\" style=\"background-position:left top;background-repeat:no-repeat;-webkit-background-size:cover;-moz-background-size:cover;-o-background-size:cover;background-size:cover;padding: 0px 0px 0px 0px;\"><div class=\"fusion-aligncenter\"><style type=\"text\/css\">.fusion-button.button-1 .fusion-button-text, .fusion-button.button-1 i {color:#ffffff;}.fusion-button.button-1 .fusion-button-icon-divider{border-color:#ffffff;}.fusion-button.button-1:hover .fusion-button-text, .fusion-button.button-1:hover i,.fusion-button.button-1:focus .fusion-button-text, .fusion-button.button-1:focus i,.fusion-button.button-1:active .fusion-button-text, .fusion-button.button-1:active{color:#ffffff;}.fusion-button.button-1:hover .fusion-button-icon-divider, .fusion-button.button-1:hover .fusion-button-icon-divider, .fusion-button.button-1:active .fusion-button-icon-divider{border-color:#ffffff;}.fusion-button.button-1:hover, .fusion-button.button-1:focus, .fusion-button.button-1:active{border-color:#ffffff;}.fusion-button.button-1 {border-color:#ffffff;border-radius:0px;}.fusion-button.button-1{background: #f55b07;}.fusion-button.button-1:hover,.button-1:focus,.fusion-button.button-1:active{background: #f55b07;}<\/style><a class=\"fusion-button button-flat button-xlarge button-custom button-1 fusion-button-default-span fusion-button-default-type\" target=\"_self\" href=\"http:\/\/www.elagproducts.com\/de\/shop\/kochfelder\/bgr-530425-e\/\"><span class=\"fusion-button-text\">Jetzt kaufen<\/span><\/a><\/div><div class=\"fusion-clearfix\"><\/div><\/div><\/div><div class=\"fusion-layout-column fusion_builder_column fusion-builder-column-3 fusion_builder_column_1_3 1_3 fusion-one-third fusion-column-last gradient-column-4\" style=\"width:30.6666%;margin-top:0px;margin-bottom:20px;\"><div class=\"fusion-column-wrapper fusion-flex-column-wrapper-legacy\" style=\"background-position:left top;background-repeat:no-repeat;-webkit-background-size:cover;-moz-background-size:cover;-o-background-size:cover;background-size:cover;padding: 0px 0px 0px 0px;\"><div class=\"fusion-clearfix\"><\/div><\/div><\/div><\/div><\/div><div class=\"fusion-fullwidth fullwidth-box fusion-builder-row-2 gradient-container-2 nonhundred-percent-fullwidth non-hundred-percent-height-scrolling fusion-no-small-visibility\" style=\"background-color: rgba(255,255,255,0);background-position: left top;background-repeat: no-repeat;padding-top:50px;padding-right:0px;padding-bottom:60px;padding-left:0px;margin-bottom: 0px;margin-top: 0px;border-width: 0px 0px 0px 0px;border-color:#eae9e9;border-style:solid;\" ><div class=\"fusion-builder-row fusion-row\"><div class=\"fusion-layout-column fusion_builder_column fusion-builder-column-4 fusion_builder_column_1_6 1_6 fusion-one-sixth fusion-column-first gradient-column-5\" style=\"width:13.3333%; margin-right: 4%;margin-top:0px;margin-bottom:20px;\"><div class=\"fusion-column-wrapper fusion-flex-column-wrapper-legacy\" style=\"background-position:left top;background-repeat:no-repeat;-webkit-background-size:cover;-moz-background-size:cover;-o-background-size:cover;background-size:cover;padding: 0px 0px 0px 0px;\"><div class=\"fusion-clearfix\"><\/div><\/div><\/div><div class=\"fusion-layout-column fusion_builder_column fusion-builder-column-5 fusion_builder_column_2_3 2_3 fusion-two-third gradient-column-6\" style=\"width:65.3333%; margin-right: 4%;margin-top:0px;margin-bottom:20px;\"><div class=\"fusion-column-wrapper fusion-flex-column-wrapper-legacy\" style=\"background-position:left top;background-repeat:no-repeat;-webkit-background-size:cover;-moz-background-size:cover;-o-background-size:cover;background-size:cover;padding: 0px 0px 0px 0px;\"><div class=\"fusion-text fusion-text-2\"><h2 style=\"text-align: center;\"><span style=\"color: #808080;\"><span style=\"color: #58bdb6;\">LeMax Einbau-Grill<\/span><br \/>\n<\/span><strong>Ideal f\u00fcr die Outdoor-K\u00fcche<\/strong><\/h2>\n<p style=\"text-align: center;\">Mit dem\u00a0LeMax Einbau-Grill\u00a0erleben Sie ein besonderes Grillerlebnis. Das Einbaumodul erlaubt es Ihnen direkt auf der Glaskeramik-Oberfl\u00e4che zu kochen und alternativ auch mit Pfannen und T\u00f6pfen zuzubereiten. Der LeMax Einbau-Grill ist daher ideal f\u00fcr diejenigen, die auf das konventionelle Kochverfahren nicht verzichten m\u00f6chten. Auf dem LeMax Grill bereiten Sie Ihre Speisen mit wenig Fett zu. Verschiedene Speisen\u00a0wie\u00a0Steaks, Gem\u00fcsegerichte, Eierspeisen, Pfannkuchen und auch Pizza, lassen sich leicht auf der\u00a0speziellen\u00a0Oberfl\u00e4che zubereiten. Neben seinen einzigartigen Funktionen \u00fcberzeugt der Profi-Teppanyaki Grill mit einem eleganten Design und veredelt jede Au\u00dfenk\u00fcche<\/p>\n<\/div><div class=\"fusion-clearfix\"><\/div><\/div><\/div><div class=\"fusion-layout-column fusion_builder_column fusion-builder-column-6 fusion_builder_column_1_6 1_6 fusion-one-sixth fusion-column-last gradient-column-7\" style=\"width:13.3333%;margin-top:0px;margin-bottom:20px;\"><div class=\"fusion-column-wrapper fusion-flex-column-wrapper-legacy\" style=\"background-position:left top;background-repeat:no-repeat;-webkit-background-size:cover;-moz-background-size:cover;-o-background-size:cover;background-size:cover;padding: 0px 0px 0px 0px;\"><div class=\"fusion-clearfix\"><\/div><\/div><\/div><\/div><\/div><div class=\"fusion-fullwidth fullwidth-box fusion-builder-row-3 gradient-container-3 hundred-percent-fullwidth non-hundred-percent-height-scrolling\" style=\"background-color: rgba(255,255,255,0);background-position: center center;background-repeat: no-repeat;padding-top:0px;padding-right:20px;padding-bottom:0px;padding-left:20px;margin-bottom: 0px;margin-top: 0px;border-width: 0px 0px 0px 0px;border-color:#eae9e9;border-style:solid;\" ><div class=\"fusion-builder-row fusion-row\"><div class=\"fusion-layout-column fusion_builder_column fusion-builder-column-7 fusion_builder_column_1_2 1_2 fusion-one-half fusion-column-first gradient-column-8\" style=\"width:48%; margin-right: 4%;margin-top:0px;margin-bottom:20px;\"><div class=\"fusion-column-wrapper fusion-flex-column-wrapper-legacy\" style=\"background-image: url(&#039;http:\/\/www.elagproducts.com\/wp-content\/uploads\/2016\/07\/lemax_einbau_grill_au\u00dfenk\u00fcche-01.jpg&#039;);background-position:left top;background-repeat:no-repeat;-webkit-background-size:cover;-moz-background-size:cover;-o-background-size:cover;background-size:cover;padding: 0px 0px 0px 0px;\" data-bg-url=\"http:\/\/www.elagproducts.com\/wp-content\/uploads\/2016\/07\/lemax_einbau_grill_au\u00dfenk\u00fcche-01.jpg\"><div class=\"fusion-clearfix\"><\/div><\/div><\/div><div class=\"fusion-layout-column fusion_builder_column fusion-builder-column-8 fusion_builder_column_1_2 1_2 fusion-one-half fusion-column-last gradient-column-9\" style=\"width:48%;margin-top:0px;margin-bottom:20px;\"><div class=\"fusion-column-wrapper fusion-flex-column-wrapper-legacy\" style=\"background-image: url(&#039;http:\/\/www.elagproducts.com\/wp-content\/uploads\/2016\/07\/lemax_einbau_grill_au\u00dfenk\u00fcche-02.jpg&#039;);background-position:left top;background-repeat:no-repeat;-webkit-background-size:cover;-moz-background-size:cover;-o-background-size:cover;background-size:cover;padding: 0px 0px 0px 0px;\" data-bg-url=\"http:\/\/www.elagproducts.com\/wp-content\/uploads\/2016\/07\/lemax_einbau_grill_au\u00dfenk\u00fcche-02.jpg\"><div class=\"fusion-clearfix\"><\/div><\/div><\/div><\/div><style type=\"text\/css\">.fusion-fullwidth.fusion-builder-row-3 { overflow:visible; }<\/style><\/div><\/p>\n","protected":false},"excerpt":{"rendered":"","protected":false},"author":1,"featured_media":0,"parent":0,"menu_order":0,"comment_status":"closed","ping_status":"closed","template":"100-width.php","meta":{"content-type":"","_mi_skip_tracking":false},"yoast_head":"<!-- This site is optimized with the Yoast SEO plugin v20.5 - https:\/\/yoast.com\/wordpress\/plugins\/seo\/ -->\n<title>LeMax\u00ae Einbau-Grill II mit Fettwanne - Au\u00dfenk\u00fcche | ELAG<\/title>\n<meta name=\"description\" content=\"Der LeMax\u00ae Einbau-Grill eignet sich ideal f\u00fcr die Au\u00dfenk\u00fcche. Dank seiner besonderen Vielseitigkeit wertet der Einbau-Teppanyaki jede Outdoor-K\u00fcche...\" \/>\n<meta name=\"robots\" content=\"index, follow, max-snippet:-1, max-image-preview:large, max-video-preview:-1\" \/>\n<link rel=\"canonical\" href=\"https:\/\/www.elagproducts.com\/de\/lemax-einbau-grill-ii-mit-fettwanne-aussenkueche\/\" \/>\n<meta property=\"og:locale\" content=\"de_DE\" \/>\n<meta property=\"og:type\" content=\"article\" \/>\n<meta property=\"og:title\" content=\"LeMax\u00ae Einbau-Grill II mit Fettwanne - Au\u00dfenk\u00fcche | ELAG\" \/>\n<meta property=\"og:description\" content=\"Der LeMax\u00ae Einbau-Grill eignet sich ideal f\u00fcr die Au\u00dfenk\u00fcche. Dank seiner besonderen Vielseitigkeit wertet der Einbau-Teppanyaki jede Outdoor-K\u00fcche...\" \/>\n<meta property=\"og:url\" content=\"https:\/\/www.elagproducts.com\/de\/lemax-einbau-grill-ii-mit-fettwanne-aussenkueche\/\" \/>\n<meta property=\"og:site_name\" content=\"ELAG - LeMax Grills &amp; High-Quality Cooktops\" \/>\n<meta property=\"article:modified_time\" content=\"2016-10-27T12:17:15+00:00\" \/>\n<meta name=\"twitter:label1\" content=\"Gesch\u00e4tzte Lesezeit\" \/>\n\t<meta name=\"twitter:data1\" content=\"5\u00a0Minuten\" \/>\n<script type=\"application\/ld+json\" class=\"yoast-schema-graph\">{\"@context\":\"https:\/\/schema.org\",\"@graph\":[{\"@type\":\"WebPage\",\"@id\":\"https:\/\/www.elagproducts.com\/de\/lemax-einbau-grill-ii-mit-fettwanne-aussenkueche\/\",\"url\":\"https:\/\/www.elagproducts.com\/de\/lemax-einbau-grill-ii-mit-fettwanne-aussenkueche\/\",\"name\":\"LeMax\u00ae Einbau-Grill II mit Fettwanne - Au\u00dfenk\u00fcche | ELAG\",\"isPartOf\":{\"@id\":\"https:\/\/www.elagproducts.com\/de\/#website\"},\"datePublished\":\"2016-07-05T15:29:00+00:00\",\"dateModified\":\"2016-10-27T12:17:15+00:00\",\"description\":\"Der LeMax\u00ae Einbau-Grill eignet sich ideal f\u00fcr die Au\u00dfenk\u00fcche. Dank seiner besonderen Vielseitigkeit wertet der Einbau-Teppanyaki jede Outdoor-K\u00fcche...\",\"breadcrumb\":{\"@id\":\"https:\/\/www.elagproducts.com\/de\/lemax-einbau-grill-ii-mit-fettwanne-aussenkueche\/#breadcrumb\"},\"inLanguage\":\"de\",\"potentialAction\":[{\"@type\":\"ReadAction\",\"target\":[\"https:\/\/www.elagproducts.com\/de\/lemax-einbau-grill-ii-mit-fettwanne-aussenkueche\/\"]}]},{\"@type\":\"BreadcrumbList\",\"@id\":\"https:\/\/www.elagproducts.com\/de\/lemax-einbau-grill-ii-mit-fettwanne-aussenkueche\/#breadcrumb\",\"itemListElement\":[{\"@type\":\"ListItem\",\"position\":1,\"name\":\"Home\",\"item\":\"https:\/\/www.elagproducts.com\/de\/\"},{\"@type\":\"ListItem\",\"position\":2,\"name\":\"LeMax\u00ae Einbau-Grill II mit Fettwanne &#8211; Au\u00dfenk\u00fcche\"}]},{\"@type\":\"WebSite\",\"@id\":\"https:\/\/www.elagproducts.com\/de\/#website\",\"url\":\"https:\/\/www.elagproducts.com\/de\/\",\"name\":\"ELAG - LeMax Grills &amp; High-Quality Cooktops\",\"description\":\"\",\"potentialAction\":[{\"@type\":\"SearchAction\",\"target\":{\"@type\":\"EntryPoint\",\"urlTemplate\":\"https:\/\/www.elagproducts.com\/de\/?s={search_term_string}\"},\"query-input\":\"required name=search_term_string\"}],\"inLanguage\":\"de\"}]}<\/script>\n<!-- \/ Yoast SEO plugin. -->","yoast_head_json":{"title":"LeMax\u00ae Einbau-Grill II mit Fettwanne - Au\u00dfenk\u00fcche | ELAG","description":"Der LeMax\u00ae Einbau-Grill eignet sich ideal f\u00fcr die Au\u00dfenk\u00fcche. Dank seiner besonderen Vielseitigkeit wertet der Einbau-Teppanyaki jede Outdoor-K\u00fcche...","robots":{"index":"index","follow":"follow","max-snippet":"max-snippet:-1","max-image-preview":"max-image-preview:large","max-video-preview":"max-video-preview:-1"},"canonical":"https:\/\/www.elagproducts.com\/de\/lemax-einbau-grill-ii-mit-fettwanne-aussenkueche\/","og_locale":"de_DE","og_type":"article","og_title":"LeMax\u00ae Einbau-Grill II mit Fettwanne - Au\u00dfenk\u00fcche | ELAG","og_description":"Der LeMax\u00ae Einbau-Grill eignet sich ideal f\u00fcr die Au\u00dfenk\u00fcche. Dank seiner besonderen Vielseitigkeit wertet der Einbau-Teppanyaki jede Outdoor-K\u00fcche...","og_url":"https:\/\/www.elagproducts.com\/de\/lemax-einbau-grill-ii-mit-fettwanne-aussenkueche\/","og_site_name":"ELAG - LeMax Grills &amp; High-Quality Cooktops","article_modified_time":"2016-10-27T12:17:15+00:00","twitter_misc":{"Gesch\u00e4tzte Lesezeit":"5\u00a0Minuten"},"schema":{"@context":"https:\/\/schema.org","@graph":[{"@type":"WebPage","@id":"https:\/\/www.elagproducts.com\/de\/lemax-einbau-grill-ii-mit-fettwanne-aussenkueche\/","url":"https:\/\/www.elagproducts.com\/de\/lemax-einbau-grill-ii-mit-fettwanne-aussenkueche\/","name":"LeMax\u00ae Einbau-Grill II mit Fettwanne - Au\u00dfenk\u00fcche | ELAG","isPartOf":{"@id":"https:\/\/www.elagproducts.com\/de\/#website"},"datePublished":"2016-07-05T15:29:00+00:00","dateModified":"2016-10-27T12:17:15+00:00","description":"Der LeMax\u00ae Einbau-Grill eignet sich ideal f\u00fcr die Au\u00dfenk\u00fcche. Dank seiner besonderen Vielseitigkeit wertet der Einbau-Teppanyaki jede Outdoor-K\u00fcche...","breadcrumb":{"@id":"https:\/\/www.elagproducts.com\/de\/lemax-einbau-grill-ii-mit-fettwanne-aussenkueche\/#breadcrumb"},"inLanguage":"de","potentialAction":[{"@type":"ReadAction","target":["https:\/\/www.elagproducts.com\/de\/lemax-einbau-grill-ii-mit-fettwanne-aussenkueche\/"]}]},{"@type":"BreadcrumbList","@id":"https:\/\/www.elagproducts.com\/de\/lemax-einbau-grill-ii-mit-fettwanne-aussenkueche\/#breadcrumb","itemListElement":[{"@type":"ListItem","position":1,"name":"Home","item":"https:\/\/www.elagproducts.com\/de\/"},{"@type":"ListItem","position":2,"name":"LeMax\u00ae Einbau-Grill II mit Fettwanne &#8211; Au\u00dfenk\u00fcche"}]},{"@type":"WebSite","@id":"https:\/\/www.elagproducts.com\/de\/#website","url":"https:\/\/www.elagproducts.com\/de\/","name":"ELAG - LeMax Grills &amp; High-Quality Cooktops","description":"","potentialAction":[{"@type":"SearchAction","target":{"@type":"EntryPoint","urlTemplate":"https:\/\/www.elagproducts.com\/de\/?s={search_term_string}"},"query-input":"required name=search_term_string"}],"inLanguage":"de"}]}},"_links":{"self":[{"href":"https:\/\/www.elagproducts.com\/de\/wp-json\/wp\/v2\/pages\/3660"}],"collection":[{"href":"https:\/\/www.elagproducts.com\/de\/wp-json\/wp\/v2\/pages"}],"about":[{"href":"https:\/\/www.elagproducts.com\/de\/wp-json\/wp\/v2\/types\/page"}],"author":[{"embeddable":true,"href":"https:\/\/www.elagproducts.com\/de\/wp-json\/wp\/v2\/users\/1"}],"replies":[{"embeddable":true,"href":"https:\/\/www.elagproducts.com\/de\/wp-json\/wp\/v2\/comments?post=3660"}],"version-history":[{"count":4,"href":"https:\/\/www.elagproducts.com\/de\/wp-json\/wp\/v2\/pages\/3660\/revisions"}],"predecessor-version":[{"id":4423,"href":"https:\/\/www.elagproducts.com\/de\/wp-json\/wp\/v2\/pages\/3660\/revisions\/4423"}],"wp:attachment":[{"href":"https:\/\/www.elagproducts.com\/de\/wp-json\/wp\/v2\/media?parent=3660"}],"curies":[{"name":"wp","href":"https:\/\/api.w.org\/{rel}","templated":true}]}}