{"id":2669,"date":"2016-03-18T17:06:00","date_gmt":"2016-03-18T15:06:00","guid":{"rendered":"http:\/\/www.elagproducts.com\/de\/?page_id=2669"},"modified":"2017-04-07T10:05:53","modified_gmt":"2017-04-07T08:05:53","slug":"ueber-elag-alt","status":"publish","type":"page","link":"https:\/\/www.elagproducts.com\/de\/ueber-elag-alt\/","title":{"rendered":"\u00dcber ELAG (alt)"},"content":{"rendered":"<p><div class=\"fusion-fullwidth fullwidth-box fusion-builder-row-1 gradient-container-1 nonhundred-percent-fullwidth non-hundred-percent-height-scrolling\" style=\"background-color: rgba(255,255,255,0);background-position: left top;background-repeat: no-repeat;padding-top:20px;padding-right:0px;padding-bottom:20px;padding-left:0px;margin-bottom: 0px;margin-top: 0px;border-width: 0px 0px 0px 0px;border-color:#eae9e9;border-style:solid;\" ><div class=\"fusion-builder-row fusion-row\"><div class=\"fusion-layout-column fusion_builder_column fusion-builder-column-0 fusion_builder_column_1_1 1_1 fusion-one-full fusion-column-first fusion-column-last gradient-column-1 fusion-column-no-min-height\" style=\"margin-top:0px;margin-bottom:0px;\"><div class=\"fusion-column-wrapper fusion-flex-column-wrapper-legacy\" style=\"background-position:left top;background-repeat:no-repeat;-webkit-background-size:cover;-moz-background-size:cover;-o-background-size:cover;background-size:cover;padding: 0px 0px 0px 0px;\"><div class=\"fusion-text fusion-text-1\"><h1 style=\"text-align: center;\">Begr\u00fc\u00dfungsworte<br \/>\n<strong>Willkommen bei ELAG<\/strong><\/h1>\n<p><em>\u201eAls traditionsbewusstes\u00a0Familienunternehmen ist es uns seit der Gr\u00fcndung von ELAG im Jahre 1984 ein Ziel neue Ma\u00dfst\u00e4be im Kochen zu setzen. Seit vielen Jahren werden unsere Kochger\u00e4te von talentierten K\u00f6chen in der Gastronomie genutzt und gesch\u00e4tzt. Unsere Kochger\u00e4te erf\u00fcllen hohe Qualit\u00e4ts- und Leistungsanspr\u00fcche und verleiten zu mehr Kreativit\u00e4t und Freiheit beim Kochen. Unsere Kompetenz aus der Gastronomie ist zu unserem Marken- und Produktverst\u00e4ndnis f\u00fcr unsere Kochger\u00e4te im Privathaushalt erwachsen. Schon auf den ersten Blick fallen unsere Produkte durch ihr langlebiges Design und ihre besonderen Kochfunktionen auf. So bringen unsere innovativen LeMax Grillger\u00e4te und dessen direktes Kochkonzept auf Glaskeramik das gesunde und effiziente Kochen ohne T\u00f6pfe und Pfannen von der Gastronomie in den Haushalt. LeMax er\u00f6ffnet dem Privatkoch ungeahnte M\u00f6glichkeiten im Kochen. Aus diesem Grund entscheiden sich kreative und ambitionierte K\u00f6che f\u00fcr ELAG.<\/em><\/p>\n<p><em>Wir w\u00fcnschen Ihnen\u00a0viel Freude mit unseren\u00a0Kochprodukten! Unser Team steht Ihnen gerne jederzeit f\u00fcr eine Beratung oder sonstige Anliegen zur Verf\u00fcgung.<\/em><\/p>\n<p>&nbsp;<\/p>\n<p>Ihr<\/p>\n<\/div><div class=\"fusion-clearfix\"><\/div><\/div><\/div><div class=\"fusion-layout-column fusion_builder_column fusion-builder-column-1 fusion_builder_column_1_3 1_3 fusion-one-third fusion-column-first gradient-column-2\" style=\"width:30.6666%; margin-right: 4%;margin-top:0px;margin-bottom:20px;\"><div class=\"fusion-column-wrapper fusion-flex-column-wrapper-legacy\" style=\"background-position:left top;background-repeat:no-repeat;-webkit-background-size:cover;-moz-background-size:cover;-o-background-size:cover;background-size:cover;padding: 0px 0px 0px 0px;\"><div class=\"fusion-text fusion-text-2\"><p style=\"text-align: left;\">Lothar Schubring<\/p>\n<h6 style=\"text-align: left;\">&#8211; Gesch\u00e4ftsf\u00fchrer &#8211;<\/h6>\n<\/div><div class=\"fusion-clearfix\"><\/div><\/div><\/div><div class=\"fusion-layout-column fusion_builder_column fusion-builder-column-2 fusion_builder_column_1_4 1_4 fusion-one-fourth gradient-column-3\" style=\"width:22%; margin-right: 4%;margin-top:0px;margin-bottom:20px;\"><div class=\"fusion-column-wrapper fusion-flex-column-wrapper-legacy\" style=\"background-position:left top;background-repeat:no-repeat;-webkit-background-size:cover;-moz-background-size:cover;-o-background-size:cover;background-size:cover;padding: 0px 0px 0px 0px;\"><div class=\"fusion-text fusion-text-3\"><p style=\"text-align: left;\">Max F. Schubring<\/p>\n<h6 style=\"text-align: left;\">&#8211; Vertriebs- und Marketingleiter\u00a0&#8211;<\/h6>\n<\/div><div class=\"fusion-clearfix\"><\/div><\/div><\/div><\/div><\/div><div class=\"fusion-fullwidth fullwidth-box fusion-builder-row-2 gradient-container-2 hundred-percent-fullwidth non-hundred-percent-height-scrolling\" style=\"background-color: #009a93;background-position: center center;background-repeat: no-repeat;padding-top:30px;padding-right:20px;padding-bottom:30px;padding-left:20px;margin-bottom: 0px;margin-top: 0px;border-width: 0px 0px 0px 0px;border-color:#eae9e9;border-style:solid;\" ><div class=\"fusion-builder-row fusion-row\"><div class=\"fusion-layout-column fusion_builder_column fusion-builder-column-3 fusion_builder_column_1_1 1_1 fusion-one-full fusion-column-first fusion-column-last gradient-column-4 fusion-column-no-min-height\" style=\"margin-top:0px;margin-bottom:0px;\"><div class=\"fusion-column-wrapper fusion-flex-column-wrapper-legacy\" style=\"background-position:left top;background-repeat:no-repeat;-webkit-background-size:cover;-moz-background-size:cover;-o-background-size:cover;background-size:cover;padding: 0px 0px 0px 0px;\"><div class=\"fusion-text fusion-text-4\"><h2 style=\"text-align: center;\"><span style=\"color: #ffffff;\">Bewerbungen an:<strong> <a style=\"color: #ffffff;\" href=\"mailto:karriere@elagproducts.com\">karriere@elagproducts.com<\/a><\/strong><\/span><\/h2>\n<\/div><div class=\"fusion-clearfix\"><\/div><\/div><\/div><\/div><\/div><div class=\"fusion-fullwidth fullwidth-box fusion-builder-row-3 gradient-container-3 hundred-percent-fullwidth non-hundred-percent-height-scrolling\" style=\"background-color: rgba(255,255,255,0);background-position: center center;background-repeat: no-repeat;padding-top:0px;padding-right:20px;padding-bottom:0px;padding-left:20px;margin-bottom: 0px;margin-top: 0px;border-width: 0px 0px 0px 0px;border-color:#eae9e9;border-style:solid;\" ><div class=\"fusion-builder-row fusion-row\"><div class=\"fusion-layout-column fusion_builder_column fusion-builder-column-4 fusion_builder_column_1_1 1_1 fusion-one-full fusion-column-first fusion-column-last gradient-column-5 fusion-column-no-min-height\" style=\"margin-top:0px;margin-bottom:0px;\"><div class=\"fusion-column-wrapper fusion-flex-column-wrapper-legacy\" style=\"background-position:left top;background-repeat:no-repeat;-webkit-background-size:cover;-moz-background-size:cover;-o-background-size:cover;background-size:cover;padding: 0px 0px 0px 0px;\"><div class=\"imageframe-align-center\"><span class=\" fusion-imageframe imageframe-none imageframe-1 hover-type-none\"><img decoding=\"async\" image_id=\"0\" src=\"https:\/\/i0.wp.com\/www.elagproducts.com\/wp-content\/uploads\/2016\/03\/elag_lemax_design.jpg?w=1100\" class=\"img-responsive\" data-recalc-dims=\"1\"\/><\/span><\/div><div class=\"fusion-clearfix\"><\/div><\/div><\/div><\/div><style type=\"text\/css\">.fusion-fullwidth.fusion-builder-row-3 { overflow:visible; }<\/style><\/div><div class=\"fusion-fullwidth fullwidth-box fusion-builder-row-4 gradient-container-4 nonhundred-percent-fullwidth non-hundred-percent-height-scrolling\" style=\"background-color: rgba(255,255,255,0);background-position: left top;background-repeat: no-repeat;padding-top:20px;padding-right:0px;padding-bottom:20px;padding-left:0px;margin-bottom: 0px;margin-top: 0px;border-width: 0px 0px 0px 0px;border-color:#eae9e9;border-style:solid;\" ><div class=\"fusion-builder-row fusion-row\"><div class=\"fusion-layout-column fusion_builder_column fusion-builder-column-5 fusion_builder_column_1_1 1_1 fusion-one-full fusion-column-first fusion-column-last gradient-column-6 fusion-column-no-min-height\" style=\"margin-top:0px;margin-bottom:0px;\"><div class=\"fusion-column-wrapper fusion-flex-column-wrapper-legacy\" style=\"background-position:left top;background-repeat:no-repeat;-webkit-background-size:cover;-moz-background-size:cover;-o-background-size:cover;background-size:cover;padding: 0px 0px 0px 0px;\"><div class=\"fusion-text fusion-text-5\"><h1 style=\"text-align: center;\"><strong>Das Unternehmen ELAG<\/strong><\/h1>\n<\/div><div class=\"fusion-clearfix\"><\/div><\/div><\/div><div class=\"fusion-layout-column fusion_builder_column fusion-builder-column-6 fusion_builder_column_1_2 1_2 fusion-one-half fusion-column-first gradient-column-7\" style=\"width:48%; margin-right: 4%;margin-top:0px;margin-bottom:20px;\"><div class=\"fusion-column-wrapper fusion-flex-column-wrapper-legacy\" style=\"background-position:left top;background-repeat:no-repeat;-webkit-background-size:cover;-moz-background-size:cover;-o-background-size:cover;background-size:cover;padding: 0px 0px 0px 0px;\"><div class=\"fusion-text fusion-text-6\"><p>ELAG wurde 1984 in Rosbach, Hessen, in Deutschland gegr\u00fcndet. Bis Ende der 1990er-Jahre bediente ELAG mit seinem Sortiment an hochwertigen Kochger\u00e4ten die europ\u00e4ische Event-Gastronomie. Dank seiner innovativen Entwicklung des Direkten Kochens auf Glaskeramik Ende der 90er ist ELAG im Profibereich bereits als Synonym f\u00fcr Innovation und Kreativit\u00e4t in der K\u00fcche\u00a0bekannt.<\/p>\n<p>Zur Jahrtausendwende erfolgte die konsequente Fokussierung auf Glaskeramik-Kochger\u00e4te und die zus\u00e4tzliche Ausrichtung auf den Privathaushalt sowie den internationalen Markt. ELAG entwickelt und produziert seither unter strengen Deutschen Qualit\u00e4tsnormen hochwertige Kochfelder, Teppanyaki Grills, Grillwagen und seine LeMax Grillprodukte am heutigen Firmenstandort in Neu-Anspach.<\/p>\n<p style=\"text-align: left;\">Seither ist ELAG in vielen L\u00e4ndern bereits als Synonym f\u00fcr Innovation und Kreativit\u00e4t in der K\u00fcche bekannt. ELAG entwickelt und produziert hochwertige Kochfelder, glaskeramische Teppanyaki-Ger\u00e4te, mobile Grillger\u00e4te und seine bekannten LeMax Kochprodukte am heutigen Firmenstandort in Neu-Anspach unter strengen deutschen Qualit\u00e4tsnormen.<\/p>\n<\/div><div class=\"fusion-clearfix\"><\/div><\/div><\/div><div class=\"fusion-layout-column fusion_builder_column fusion-builder-column-7 fusion_builder_column_1_2 1_2 fusion-one-half fusion-column-last gradient-column-8\" style=\"width:48%;margin-top:0px;margin-bottom:20px;\"><div class=\"fusion-column-wrapper fusion-flex-column-wrapper-legacy\" style=\"background-position:left top;background-repeat:no-repeat;-webkit-background-size:cover;-moz-background-size:cover;-o-background-size:cover;background-size:cover;padding: 0px 0px 0px 0px;\"><div class=\"imageframe-align-center\"><span class=\" fusion-imageframe imageframe-none imageframe-2 hover-type-none\"><img decoding=\"async\" image_id=\"0\" src=\"https:\/\/i0.wp.com\/www.elagproducts.com\/wp-content\/uploads\/2015\/05\/production_made_in_germany2-1024x576.jpg?resize=1024%2C576\" class=\"img-responsive\" data-recalc-dims=\"1\"\/><\/span><\/div><div class=\"fusion-clearfix\"><\/div><\/div><\/div><\/div><\/div><div class=\"fusion-fullwidth fullwidth-box fusion-builder-row-5 gradient-container-5 nonhundred-percent-fullwidth non-hundred-percent-height-scrolling\" style=\"background-color: #eaeaea;background-position: left top;background-repeat: no-repeat;padding-top:20px;padding-right:0px;padding-bottom:20px;padding-left:0px;margin-bottom: 0px;margin-top: 0px;border-width: 0px 0px 0px 0px;border-color:#eae9e9;border-style:solid;\" ><div class=\"fusion-builder-row fusion-row\"><div class=\"fusion-layout-column fusion_builder_column fusion-builder-column-8 fusion_builder_column_1_1 1_1 fusion-one-full fusion-column-first fusion-column-last gradient-column-9 fusion-column-no-min-height\" style=\"margin-top:0px;margin-bottom:0px;\"><div class=\"fusion-column-wrapper fusion-flex-column-wrapper-legacy\" style=\"background-position:left top;background-repeat:no-repeat;-webkit-background-size:cover;-moz-background-size:cover;-o-background-size:cover;background-size:cover;padding: 0px 0px 0px 0px;\"><div class=\"fusion-text fusion-text-7\"><h2 style=\"text-align: center;\"><strong>Fakten<\/strong><\/h2>\n<\/div><div class=\"fusion-clearfix\"><\/div><\/div><\/div><div class=\"fusion-layout-column fusion_builder_column fusion-builder-column-9 fusion_builder_column_1_4 1_4 fusion-one-fourth fusion-column-first gradient-column-10\" style=\"width:22%; margin-right: 4%;margin-top:0px;margin-bottom:20px;\"><div class=\"fusion-column-wrapper fusion-flex-column-wrapper-legacy\" style=\"background-position:left top;background-repeat:no-repeat;-webkit-background-size:cover;-moz-background-size:cover;-o-background-size:cover;background-size:cover;padding: 0px 0px 0px 0px;\"><div class=\"fusion-text fusion-text-8\"><p style=\"text-align: center;\"><strong>Gr\u00fcndungsjahr:<\/strong><\/p>\n<p style=\"text-align: center;\">1984<\/p>\n<\/div><div class=\"fusion-clearfix\"><\/div><\/div><\/div><div class=\"fusion-layout-column fusion_builder_column fusion-builder-column-10 fusion_builder_column_1_4 1_4 fusion-one-fourth gradient-column-11\" style=\"width:22%; margin-right: 4%;margin-top:0px;margin-bottom:20px;\"><div class=\"fusion-column-wrapper fusion-flex-column-wrapper-legacy\" style=\"background-position:left top;background-repeat:no-repeat;-webkit-background-size:cover;-moz-background-size:cover;-o-background-size:cover;background-size:cover;padding: 0px 0px 0px 0px;\"><div class=\"fusion-text fusion-text-9\"><p style=\"text-align: center;\"><strong>Firmensitz:<\/strong><\/p>\n<p style=\"text-align: center;\">Neu-Anspach, Hessen, Deutschland<\/p>\n<\/div><div class=\"fusion-clearfix\"><\/div><\/div><\/div><div class=\"fusion-layout-column fusion_builder_column fusion-builder-column-11 fusion_builder_column_1_4 1_4 fusion-one-fourth gradient-column-12\" style=\"width:22%; margin-right: 4%;margin-top:0px;margin-bottom:20px;\"><div class=\"fusion-column-wrapper fusion-flex-column-wrapper-legacy\" style=\"background-position:left top;background-repeat:no-repeat;-webkit-background-size:cover;-moz-background-size:cover;-o-background-size:cover;background-size:cover;padding: 0px 0px 0px 0px;\"><div class=\"fusion-text fusion-text-10\"><p style=\"text-align: center;\"><strong>Fokus:<\/strong><\/p>\n<p style=\"text-align: center;\">Glaskeramik-Kochger\u00e4te<\/p>\n<\/div><div class=\"fusion-clearfix\"><\/div><\/div><\/div><div class=\"fusion-layout-column fusion_builder_column fusion-builder-column-12 fusion_builder_column_1_4 1_4 fusion-one-fourth fusion-column-last gradient-column-13\" style=\"width:22%;margin-top:0px;margin-bottom:20px;\"><div class=\"fusion-column-wrapper fusion-flex-column-wrapper-legacy\" style=\"background-position:left top;background-repeat:no-repeat;-webkit-background-size:cover;-moz-background-size:cover;-o-background-size:cover;background-size:cover;padding: 0px 0px 0px 0px;\"><div class=\"fusion-text fusion-text-11\"><p style=\"text-align: center;\"><strong>Markenwerte:<\/strong><\/p>\n<p style=\"text-align: center;\">Qualit\u00e4t, Pr\u00e4zision, Innovation, Langlebigkeit, Wertbest\u00e4ndigkeit<\/p>\n<\/div><div class=\"fusion-clearfix\"><\/div><\/div><\/div><\/div><\/div><div class=\"fusion-fullwidth fullwidth-box fusion-builder-row-6 gradient-container-6 nonhundred-percent-fullwidth non-hundred-percent-height-scrolling\" style=\"background-color: rgba(255,255,255,0);background-position: left top;background-repeat: no-repeat;padding-top:80px;padding-right:0px;padding-bottom:20px;padding-left:0px;margin-bottom: 0px;margin-top: 0px;border-width: 0px 0px 0px 0px;border-color:#eae9e9;border-style:solid;\" ><div class=\"fusion-builder-row fusion-row\"><div class=\"fusion-layout-column fusion_builder_column fusion-builder-column-13 fusion_builder_column_1_2 1_2 fusion-one-half fusion-column-first gradient-column-14\" style=\"width:48%; margin-right: 4%;margin-top:0px;margin-bottom:20px;\"><div class=\"fusion-column-wrapper fusion-flex-column-wrapper-legacy\" style=\"background-position:left top;background-repeat:no-repeat;-webkit-background-size:cover;-moz-background-size:cover;-o-background-size:cover;background-size:cover;padding: 0px 0px 0px 0px;\"><div class=\"fusion-text fusion-text-12\"><h2>Design<strong><br \/>\nExklusives und langlebiges\u00a0Design<\/strong><\/h2>\n<p>Die Entwickler und Designer von ELAG haben \u00fcber die vergangenen Jahrzehnte eine ganz eigene und unverwechselbare Formensprache f\u00fcr unsere Produkte entwickelt. Das Design von ELAG Kochger\u00e4ten ist nach Au\u00dfen formsch\u00f6n und elegant, und dennoch dient es seinem Nutzer z.B. in Form von mehr Sicherheit oder mehr Kochvergn\u00fcgen.<\/p>\n<p>Unsere Kochger\u00e4te strahlen Professionalit\u00e4t, Leistung und Langlebigkeit aus.<\/p>\n<\/div><div class=\"fusion-clearfix\"><\/div><\/div><\/div><div class=\"fusion-layout-column fusion_builder_column fusion-builder-column-14 fusion_builder_column_1_2 1_2 fusion-one-half fusion-column-last gradient-column-15\" style=\"width:48%;margin-top:0px;margin-bottom:20px;\"><div class=\"fusion-column-wrapper fusion-flex-column-wrapper-legacy\" style=\"background-position:left top;background-repeat:no-repeat;-webkit-background-size:cover;-moz-background-size:cover;-o-background-size:cover;background-size:cover;padding: 0px 0px 0px 0px;\"><div class=\"imageframe-align-center\"><span class=\" fusion-imageframe imageframe-none imageframe-3 hover-type-none\"><img decoding=\"async\" image_id=\"0\" src=\"https:\/\/i0.wp.com\/www.elagproducts.com\/wp-content\/uploads\/2016\/03\/elag_design.jpg?w=1100\" class=\"img-responsive\" data-recalc-dims=\"1\"\/><\/span><\/div><div class=\"fusion-clearfix\"><\/div><\/div><\/div><\/div><\/div><div class=\"fusion-fullwidth fullwidth-box fusion-builder-row-7 gradient-container-7 nonhundred-percent-fullwidth non-hundred-percent-height-scrolling\" style=\"background-color: rgba(255,255,255,0);background-position: left top;background-repeat: no-repeat;padding-top:80px;padding-right:0px;padding-bottom:20px;padding-left:0px;margin-bottom: 0px;margin-top: 0px;border-width: 0px 0px 0px 0px;border-color:#eae9e9;border-style:solid;\" ><div class=\"fusion-builder-row fusion-row\"><div class=\"fusion-layout-column fusion_builder_column fusion-builder-column-15 fusion_builder_column_1_2 1_2 fusion-one-half fusion-column-first gradient-column-16\" style=\"width:48%; margin-right: 4%;margin-top:0px;margin-bottom:20px;\"><div class=\"fusion-column-wrapper fusion-flex-column-wrapper-legacy\" style=\"background-position:left top;background-repeat:no-repeat;-webkit-background-size:cover;-moz-background-size:cover;-o-background-size:cover;background-size:cover;padding: 0px 0px 0px 0px;\"><div class=\"imageframe-align-center\"><span class=\" fusion-imageframe imageframe-none imageframe-4 hover-type-none\"><img decoding=\"async\" image_id=\"0\" src=\"https:\/\/i0.wp.com\/www.elagproducts.com\/wp-content\/uploads\/2016\/03\/elag_qualit\u00e4t-1024x576.jpg?resize=1024%2C576\" class=\"img-responsive\" data-recalc-dims=\"1\"\/><\/span><\/div><div class=\"fusion-clearfix\"><\/div><\/div><\/div><div class=\"fusion-layout-column fusion_builder_column fusion-builder-column-16 fusion_builder_column_1_2 1_2 fusion-one-half fusion-column-last gradient-column-17\" style=\"width:48%;margin-top:0px;margin-bottom:20px;\"><div class=\"fusion-column-wrapper fusion-flex-column-wrapper-legacy\" style=\"background-position:left top;background-repeat:no-repeat;-webkit-background-size:cover;-moz-background-size:cover;-o-background-size:cover;background-size:cover;padding: 0px 0px 0px 0px;\"><div class=\"fusion-text fusion-text-13\"><h2>Qualit\u00e4t<br \/>\n<strong>Wahre Produktqualit\u00e4t ist sp\u00fcrbar<\/strong><\/h2>\n<p>Unsere Produkte werden aus hochwertigen Materialien, u.a. dickem Edelstahl und innovativstem Isolationsmaterial, gefertigt. Dank unserer langj\u00e4hrigen Erfahrung im Gastronomiebereich wissen wir worauf es ankommt, damit ein Kochprodukt besonders lange seinem Besitzer dient und Mehrwert in der K\u00fcche schafft.<\/p>\n<p>Viele der verwendeten Komponenten sind baugleich mit den ELAG Produkten, auf die sich Profis in der Gastronomie jahrelang verlassen konnten. Kochger\u00e4te von ELAG durchlaufen mehrere strenge Qualit\u00e4tskontrollen entlang der Produktionsstra\u00dfe. Es ist ein Anliegen von ELAG Mitarbeiter stets zu schulen und sie unter unseren Qualit\u00e4tsanspr\u00fcchen zu einen. Produktionsarbeiter\u00a0 bei ELAG genie\u00dfen folglich Verantwortung und Stolz f\u00fcr das Produkt.<\/p>\n<\/div><div class=\"fusion-clearfix\"><\/div><\/div><\/div><\/div><\/div><\/p>\n","protected":false},"excerpt":{"rendered":"","protected":false},"author":1,"featured_media":0,"parent":0,"menu_order":0,"comment_status":"closed","ping_status":"closed","template":"100-width.php","meta":{"content-type":"","_mi_skip_tracking":false},"yoast_head":"<!-- This site is optimized with the Yoast SEO plugin v20.5 - https:\/\/yoast.com\/wordpress\/plugins\/seo\/ -->\n<title>\u00dcber ELAG (alt) - ELAG - LeMax Grills &amp; High-Quality Cooktops<\/title>\n<meta name=\"robots\" content=\"index, follow, max-snippet:-1, max-image-preview:large, max-video-preview:-1\" \/>\n<link rel=\"canonical\" href=\"https:\/\/www.elagproducts.com\/de\/ueber-elag-alt\/\" \/>\n<meta property=\"og:locale\" content=\"de_DE\" \/>\n<meta property=\"og:type\" content=\"article\" \/>\n<meta property=\"og:title\" content=\"\u00dcber ELAG (alt) - ELAG - LeMax Grills &amp; High-Quality Cooktops\" \/>\n<meta property=\"og:url\" content=\"https:\/\/www.elagproducts.com\/de\/ueber-elag-alt\/\" \/>\n<meta property=\"og:site_name\" content=\"ELAG - LeMax Grills &amp; High-Quality Cooktops\" \/>\n<meta property=\"article:modified_time\" content=\"2017-04-07T08:05:53+00:00\" \/>\n<meta property=\"og:image\" content=\"http:\/\/www.elagproducts.com\/wp-content\/uploads\/2016\/03\/elag_lemax_design.jpg\" \/>\n<meta name=\"twitter:label1\" content=\"Gesch\u00e4tzte Lesezeit\" \/>\n\t<meta name=\"twitter:data1\" content=\"11\u00a0Minuten\" \/>\n<script type=\"application\/ld+json\" class=\"yoast-schema-graph\">{\"@context\":\"https:\/\/schema.org\",\"@graph\":[{\"@type\":\"WebPage\",\"@id\":\"https:\/\/www.elagproducts.com\/de\/ueber-elag-alt\/\",\"url\":\"https:\/\/www.elagproducts.com\/de\/ueber-elag-alt\/\",\"name\":\"\u00dcber ELAG (alt) - ELAG - LeMax Grills &amp; High-Quality Cooktops\",\"isPartOf\":{\"@id\":\"https:\/\/www.elagproducts.com\/de\/#website\"},\"datePublished\":\"2016-03-18T15:06:00+00:00\",\"dateModified\":\"2017-04-07T08:05:53+00:00\",\"breadcrumb\":{\"@id\":\"https:\/\/www.elagproducts.com\/de\/ueber-elag-alt\/#breadcrumb\"},\"inLanguage\":\"de\",\"potentialAction\":[{\"@type\":\"ReadAction\",\"target\":[\"https:\/\/www.elagproducts.com\/de\/ueber-elag-alt\/\"]}]},{\"@type\":\"BreadcrumbList\",\"@id\":\"https:\/\/www.elagproducts.com\/de\/ueber-elag-alt\/#breadcrumb\",\"itemListElement\":[{\"@type\":\"ListItem\",\"position\":1,\"name\":\"Home\",\"item\":\"https:\/\/www.elagproducts.com\/de\/\"},{\"@type\":\"ListItem\",\"position\":2,\"name\":\"\u00dcber ELAG (alt)\"}]},{\"@type\":\"WebSite\",\"@id\":\"https:\/\/www.elagproducts.com\/de\/#website\",\"url\":\"https:\/\/www.elagproducts.com\/de\/\",\"name\":\"ELAG - LeMax Grills &amp; High-Quality Cooktops\",\"description\":\"\",\"potentialAction\":[{\"@type\":\"SearchAction\",\"target\":{\"@type\":\"EntryPoint\",\"urlTemplate\":\"https:\/\/www.elagproducts.com\/de\/?s={search_term_string}\"},\"query-input\":\"required name=search_term_string\"}],\"inLanguage\":\"de\"}]}<\/script>\n<!-- \/ Yoast SEO plugin. -->","yoast_head_json":{"title":"\u00dcber ELAG (alt) - ELAG - LeMax Grills &amp; High-Quality Cooktops","robots":{"index":"index","follow":"follow","max-snippet":"max-snippet:-1","max-image-preview":"max-image-preview:large","max-video-preview":"max-video-preview:-1"},"canonical":"https:\/\/www.elagproducts.com\/de\/ueber-elag-alt\/","og_locale":"de_DE","og_type":"article","og_title":"\u00dcber ELAG (alt) - ELAG - LeMax Grills &amp; High-Quality Cooktops","og_url":"https:\/\/www.elagproducts.com\/de\/ueber-elag-alt\/","og_site_name":"ELAG - LeMax Grills &amp; High-Quality Cooktops","article_modified_time":"2017-04-07T08:05:53+00:00","og_image":[{"url":"http:\/\/www.elagproducts.com\/wp-content\/uploads\/2016\/03\/elag_lemax_design.jpg"}],"twitter_misc":{"Gesch\u00e4tzte Lesezeit":"11\u00a0Minuten"},"schema":{"@context":"https:\/\/schema.org","@graph":[{"@type":"WebPage","@id":"https:\/\/www.elagproducts.com\/de\/ueber-elag-alt\/","url":"https:\/\/www.elagproducts.com\/de\/ueber-elag-alt\/","name":"\u00dcber ELAG (alt) - ELAG - LeMax Grills &amp; High-Quality Cooktops","isPartOf":{"@id":"https:\/\/www.elagproducts.com\/de\/#website"},"datePublished":"2016-03-18T15:06:00+00:00","dateModified":"2017-04-07T08:05:53+00:00","breadcrumb":{"@id":"https:\/\/www.elagproducts.com\/de\/ueber-elag-alt\/#breadcrumb"},"inLanguage":"de","potentialAction":[{"@type":"ReadAction","target":["https:\/\/www.elagproducts.com\/de\/ueber-elag-alt\/"]}]},{"@type":"BreadcrumbList","@id":"https:\/\/www.elagproducts.com\/de\/ueber-elag-alt\/#breadcrumb","itemListElement":[{"@type":"ListItem","position":1,"name":"Home","item":"https:\/\/www.elagproducts.com\/de\/"},{"@type":"ListItem","position":2,"name":"\u00dcber ELAG (alt)"}]},{"@type":"WebSite","@id":"https:\/\/www.elagproducts.com\/de\/#website","url":"https:\/\/www.elagproducts.com\/de\/","name":"ELAG - LeMax Grills &amp; High-Quality Cooktops","description":"","potentialAction":[{"@type":"SearchAction","target":{"@type":"EntryPoint","urlTemplate":"https:\/\/www.elagproducts.com\/de\/?s={search_term_string}"},"query-input":"required name=search_term_string"}],"inLanguage":"de"}]}},"_links":{"self":[{"href":"https:\/\/www.elagproducts.com\/de\/wp-json\/wp\/v2\/pages\/2669"}],"collection":[{"href":"https:\/\/www.elagproducts.com\/de\/wp-json\/wp\/v2\/pages"}],"about":[{"href":"https:\/\/www.elagproducts.com\/de\/wp-json\/wp\/v2\/types\/page"}],"author":[{"embeddable":true,"href":"https:\/\/www.elagproducts.com\/de\/wp-json\/wp\/v2\/users\/1"}],"replies":[{"embeddable":true,"href":"https:\/\/www.elagproducts.com\/de\/wp-json\/wp\/v2\/comments?post=2669"}],"version-history":[{"count":45,"href":"https:\/\/www.elagproducts.com\/de\/wp-json\/wp\/v2\/pages\/2669\/revisions"}],"predecessor-version":[{"id":5802,"href":"https:\/\/www.elagproducts.com\/de\/wp-json\/wp\/v2\/pages\/2669\/revisions\/5802"}],"wp:attachment":[{"href":"https:\/\/www.elagproducts.com\/de\/wp-json\/wp\/v2\/media?parent=2669"}],"curies":[{"name":"wp","href":"https:\/\/api.w.org\/{rel}","templated":true}]}}