{"id":2175,"date":"2015-12-23T16:42:28","date_gmt":"2015-12-23T14:42:28","guid":{"rendered":"http:\/\/www.elagproducts.com\/de\/?page_id=2175"},"modified":"2019-01-04T14:44:42","modified_gmt":"2019-01-04T12:44:42","slug":"welches-oel-oder-fett-eignet-sich-am-besten-fuer-lemax","status":"publish","type":"page","link":"https:\/\/www.elagproducts.com\/de\/welches-oel-oder-fett-eignet-sich-am-besten-fuer-lemax\/","title":{"rendered":"Blog | Welches \u00d6l oder Fett eignet sich am besten f\u00fcr LeMax?"},"content":{"rendered":"<p><div class=\"fusion-fullwidth fullwidth-box fusion-builder-row-1 gradient-container-1 nonhundred-percent-fullwidth non-hundred-percent-height-scrolling\" style=\"background-color: rgba(255,255,255,0);background-position: left top;background-repeat: no-repeat;padding-top:20px;padding-right:0px;padding-bottom:20px;padding-left:0px;margin-bottom: 0px;margin-top: 0px;border-width: 0px 0px 0px 0px;border-color:#eae9e9;border-style:solid;\" ><div class=\"fusion-builder-row fusion-row\"><div class=\"fusion-layout-column fusion_builder_column fusion-builder-column-0 fusion_builder_column_1_1 1_1 fusion-one-full fusion-column-first fusion-column-last gradient-column-1 fusion-column-no-min-height\" style=\"margin-top:0px;margin-bottom:0px;\"><div class=\"fusion-column-wrapper fusion-flex-column-wrapper-legacy\" style=\"background-position:left top;background-repeat:no-repeat;-webkit-background-size:cover;-moz-background-size:cover;-o-background-size:cover;background-size:cover;padding: 0px 0px 0px 0px;\"><div class=\"share-box fusion-sharing-box\" style=\"background-color:#f6f6f6;\" data-title=\"Blog | Welches \u00d6l oder Fett eignet sich am besten f\u00fcr LeMax?\" data-description=\"23. Juli 2018\r\nWelches \u00d6l oder Fett eignet sich am besten f\u00fcr LeMax?\r\nSei es das Grillen von Steaks oder das Garen von Gem\u00fcse. Fett ist ein nat\u00fcrlicher\u00a0Geschmackstr\u00e4ger. Nur selten m\u00f6chte der gute Koch auf sein Fett oder \u00d6l verzichten.\u00a0LeMax ist ein sehr leistungsstarker Grill und erreicht Temperaturen in der Spitze\u00a0von \u00fcber 350\u00b0C.\u00a0Aus diesem\" data-link=\"https:\/\/www.elagproducts.com\/de\/welches-oel-oder-fett-eignet-sich-am-besten-fuer-lemax\/\"><h4 class=\"tagline\" style=\"color:#333333;\">Teile diesen Artikel:<\/h4><div class=\"fusion-social-networks\"><a class=\"fusion-social-network-icon fusion-tooltip fusion-facebook fusion-icon-facebook\" href=\"https:\/\/www.facebook.com\/sharer.php?u=https%3A%2F%2Fwww.elagproducts.com%2Fde%2Fwelches-oel-oder-fett-eignet-sich-am-besten-fuer-lemax%2F&amp;t=Blog%20%7C%20Welches%20%C3%96l%20oder%20Fett%20eignet%20sich%20am%20besten%20f%C3%BCr%20LeMax%3F\" target=\"_blank\" style=\"color:#bebdbd;\" title=\"Facebook\" aria-label=\"Facebook\" data-placement=\"top\" data-toggle=\"tooltip\" data-title=\"Facebook\"><\/a><a class=\"fusion-social-network-icon fusion-tooltip fusion-twitter fusion-icon-twitter\" href=\"https:\/\/twitter.com\/share?text=Blog%20%7C%20Welches%20%C3%96l%20oder%20Fett%20eignet%20sich%20am%20besten%20f%C3%BCr%20LeMax%3F&amp;url=https%3A%2F%2Fwww.elagproducts.com%2Fde%2Fwelches-oel-oder-fett-eignet-sich-am-besten-fuer-lemax%2F\" target=\"_blank\" rel=\"noopener noreferrer\" style=\"color:#bebdbd;\" title=\"Twitter\" aria-label=\"Twitter\" data-placement=\"top\" data-toggle=\"tooltip\" data-title=\"Twitter\"><\/a><a class=\"fusion-social-network-icon fusion-tooltip fusion-linkedin fusion-icon-linkedin\" href=\"https:\/\/www.linkedin.com\/shareArticle?mini=true&amp;url=https%3A%2F%2Fwww.elagproducts.com%2Fde%2Fwelches-oel-oder-fett-eignet-sich-am-besten-fuer-lemax%2F&amp;title=Blog%20%7C%20Welches%20%C3%96l%20oder%20Fett%20eignet%20sich%20am%20besten%20f%C3%BCr%20LeMax%3F&amp;summary=23.%20Juli%202018%0D%0AWelches%20%C3%96l%20oder%20Fett%20eignet%20sich%20am%20besten%20f%C3%BCr%20LeMax%3F%0D%0ASei%20es%20das%20Grillen%20von%20Steaks%20oder%20das%20Garen%20von%20Gem%C3%BCse.%20Fett%20ist%20ein%20nat%C3%BCrlicher%C2%A0Geschmackstr%C3%A4ger.%20Nur%20selten%20m%C3%B6chte%20der%20gute%20Koch%20auf%20sein%20Fett%20oder%20%C3%96l%20verzichten.%C2%A0LeMax%20ist%20ein%20sehr%20leistungsstarker%20Grill%20und%20erreicht%20Temperaturen%20in%20der%20Spitze%C2%A0von%20%C3%BCber%20350%C2%B0C.%C2%A0Aus%20diesem\" target=\"_blank\" rel=\"noopener noreferrer\" style=\"color:#bebdbd;\" title=\"LinkedIn\" aria-label=\"LinkedIn\" data-placement=\"top\" data-toggle=\"tooltip\" data-title=\"LinkedIn\"><\/a><a class=\"fusion-social-network-icon fusion-tooltip fusion-reddit fusion-icon-reddit\" href=\"http:\/\/reddit.com\/submit?url=https:\/\/www.elagproducts.com\/de\/welches-oel-oder-fett-eignet-sich-am-besten-fuer-lemax\/&amp;title=Blog | Welches \u00d6l oder Fett eignet sich am besten f\u00fcr LeMax?\" target=\"_blank\" rel=\"noopener noreferrer\" style=\"color:#bebdbd;\" title=\"Reddit\" aria-label=\"Reddit\" data-placement=\"top\" data-toggle=\"tooltip\" data-title=\"Reddit\"><\/a><a class=\"fusion-social-network-icon fusion-tooltip fusion-tumblr fusion-icon-tumblr\" href=\"http:\/\/www.tumblr.com\/share\/link?url=https%3A%2F%2Fwww.elagproducts.com%2Fde%2Fwelches-oel-oder-fett-eignet-sich-am-besten-fuer-lemax%2F&amp;name=Blog%20%7C%20Welches%20%C3%96l%20oder%20Fett%20eignet%20sich%20am%20besten%20f%C3%BCr%20LeMax%3F&amp;description=23.%20Juli%202018%0D%0AWelches%20%C3%96l%20oder%20Fett%20eignet%20sich%20am%20besten%20f%C3%BCr%20LeMax%3F%0D%0ASei%20es%20das%20Grillen%20von%20Steaks%20oder%20das%20Garen%20von%20Gem%C3%BCse.%20Fett%20ist%20ein%20nat%C3%BCrlicher%C2%A0Geschmackstr%C3%A4ger.%20Nur%20selten%20m%C3%B6chte%20der%20gute%20Koch%20auf%20sein%20Fett%20oder%20%C3%96l%20verzichten.%C2%A0LeMax%20ist%20ein%20sehr%20leistungsstarker%20Grill%20und%20erreicht%20Temperaturen%20in%20der%20Spitze%C2%A0von%20%C3%BCber%20350%C2%B0C.%C2%A0Aus%20diesem\" target=\"_blank\" rel=\"noopener noreferrer\" style=\"color:#bebdbd;\" title=\"Tumblr\" aria-label=\"Tumblr\" data-placement=\"top\" data-toggle=\"tooltip\" data-title=\"Tumblr\"><\/a><a class=\"fusion-social-network-icon fusion-tooltip fusion-pinterest fusion-icon-pinterest\" href=\"http:\/\/pinterest.com\/pin\/create\/button\/?url=https%3A%2F%2Fwww.elagproducts.com%2Fde%2Fwelches-oel-oder-fett-eignet-sich-am-besten-fuer-lemax%2F&amp;description=23.%20Juli%202018%0D%0AWelches%20%C3%96l%20oder%20Fett%20eignet%20sich%20am%20besten%20f%C3%BCr%20LeMax%3F%0D%0ASei%20es%20das%20Grillen%20von%20Steaks%20oder%20das%20Garen%20von%20Gem%C3%BCse.%20Fett%20ist%20ein%20nat%C3%BCrlicher%C2%A0Geschmackstr%C3%A4ger.%20Nur%20selten%20m%C3%B6chte%20der%20gute%20Koch%20auf%20sein%20Fett%20oder%20%C3%96l%20verzichten.%C2%A0LeMax%20ist%20ein%20sehr%20leistungsstarker%20Grill%20und%20erreicht%20Temperaturen%20in%20der%20Spitze%C2%A0von%20%C3%BCber%20350%C2%B0C.%C2%A0Aus%20diesem&amp;media=\" target=\"_blank\" rel=\"noopener noreferrer\" style=\"color:#bebdbd;\" title=\"Pinterest\" aria-label=\"Pinterest\" data-placement=\"top\" data-toggle=\"tooltip\" data-title=\"Pinterest\"><\/a><a class=\"fusion-social-network-icon fusion-tooltip fusion-vk fusion-icon-vk\" href=\"http:\/\/vkontakte.ru\/share.php?url=https%3A%2F%2Fwww.elagproducts.com%2Fde%2Fwelches-oel-oder-fett-eignet-sich-am-besten-fuer-lemax%2F&amp;title=Blog%20%7C%20Welches%20%C3%96l%20oder%20Fett%20eignet%20sich%20am%20besten%20f%C3%BCr%20LeMax%3F&amp;description=23.%20Juli%202018%0D%0AWelches%20%C3%96l%20oder%20Fett%20eignet%20sich%20am%20besten%20f%C3%BCr%20LeMax%3F%0D%0ASei%20es%20das%20Grillen%20von%20Steaks%20oder%20das%20Garen%20von%20Gem%C3%BCse.%20Fett%20ist%20ein%20nat%C3%BCrlicher%C2%A0Geschmackstr%C3%A4ger.%20Nur%20selten%20m%C3%B6chte%20der%20gute%20Koch%20auf%20sein%20Fett%20oder%20%C3%96l%20verzichten.%C2%A0LeMax%20ist%20ein%20sehr%20leistungsstarker%20Grill%20und%20erreicht%20Temperaturen%20in%20der%20Spitze%C2%A0von%20%C3%BCber%20350%C2%B0C.%C2%A0Aus%20diesem\" target=\"_blank\" rel=\"noopener noreferrer\" style=\"color:#bebdbd;\" title=\"Vk\" aria-label=\"Vk\" data-placement=\"top\" data-toggle=\"tooltip\" data-title=\"Vk\"><\/a><a class=\"fusion-social-network-icon fusion-tooltip fusion-mail fusion-icon-mail\" href=\"mailto:?subject=Blog%20%7C%20Welches%20%C3%96l%20oder%20Fett%20eignet%20sich%20am%20besten%20f%C3%BCr%20LeMax%3F&amp;body=https%3A%2F%2Fwww.elagproducts.com%2Fde%2Fwelches-oel-oder-fett-eignet-sich-am-besten-fuer-lemax%2F\" target=\"_self\" style=\"color:#bebdbd;\" title=\"Email\" aria-label=\"Email\" data-placement=\"top\" data-toggle=\"tooltip\" data-title=\"Email\"><\/a><\/div><\/div><div class=\"fusion-text fusion-text-1\"><h6>23. Juli 2018<\/h6>\n<h1>Welches \u00d6l oder Fett eignet sich am besten f\u00fcr LeMax?<\/h1>\n<p style=\"text-align: left;\"><strong>Sei es das Grillen von Steaks oder das Garen von Gem\u00fcse. Fett ist ein nat\u00fcrlicher\u00a0Geschmackstr\u00e4ger. Nur selten m\u00f6chte der gute Koch auf sein Fett oder \u00d6l verzichten.\u00a0LeMax ist ein sehr leistungsstarker Grill und erreicht Temperaturen in der Spitze\u00a0von \u00fcber 350\u00b0C.\u00a0Aus diesem Grund ist die Wahl\u00a0des richtigen Fettes bzw. \u00d6ls besonders\u00a0wichtig.<\/strong><\/p>\n<\/div><div class=\"fusion-clearfix\"><\/div><\/div><\/div><\/div><\/div><div class=\"fusion-fullwidth fullwidth-box fusion-builder-row-2 gradient-container-2 nonhundred-percent-fullwidth non-hundred-percent-height-scrolling\" style=\"background-color: rgba(255,255,255,0);background-position: left top;background-repeat: no-repeat;padding-top:20px;padding-right:0px;padding-bottom:20px;padding-left:0px;margin-bottom: 0px;margin-top: 0px;border-width: 0px 0px 0px 0px;border-color:#eae9e9;border-style:solid;\" ><div class=\"fusion-builder-row fusion-row\"><div class=\"fusion-layout-column fusion_builder_column fusion-builder-column-1 fusion_builder_column_1_1 1_1 fusion-one-full fusion-column-first fusion-column-last gradient-column-2 fusion-column-no-min-height\" style=\"margin-top:0px;margin-bottom:0px;\"><div class=\"fusion-column-wrapper fusion-flex-column-wrapper-legacy\" style=\"background-position:left top;background-repeat:no-repeat;-webkit-background-size:cover;-moz-background-size:cover;-o-background-size:cover;background-size:cover;padding: 0px 0px 0px 0px;\"><span class=\" fusion-imageframe imageframe-none imageframe-1 hover-type-none\"><img decoding=\"async\" image_id=\"0\" src=\"https:\/\/i0.wp.com\/www.elagproducts.com\/wp-content\/uploads\/2015\/12\/Welches-\u00d6l-oder-Fett-eignet-sich-am-Besten-f\u00fcr-LeMax-01.jpg?w=1100\" class=\"img-responsive\" data-recalc-dims=\"1\"\/><\/span><div class=\"fusion-clearfix\"><\/div><\/div><\/div><\/div><\/div><div class=\"fusion-fullwidth fullwidth-box fusion-builder-row-3 gradient-container-3 hundred-percent-fullwidth non-hundred-percent-height-scrolling\" style=\"background-color: rgba(255,255,255,0);background-position: center center;background-repeat: no-repeat;padding-top:0px;padding-right:0px;padding-bottom:0px;padding-left:0px;margin-bottom: 0px;margin-top: 0px;border-width: 0px 0px 0px 0px;border-color:#eae9e9;border-style:solid;\" ><div class=\"fusion-builder-row fusion-row\"><div class=\"fusion-layout-column fusion_builder_column fusion-builder-column-2 fusion_builder_column_1_1 1_1 fusion-one-full fusion-column-first fusion-column-last gradient-column-3 fusion-column-no-min-height\" style=\"margin-top:0px;margin-bottom:0px;\"><div class=\"fusion-column-wrapper fusion-flex-column-wrapper-legacy\" style=\"background-position:left top;background-repeat:no-repeat;-webkit-background-size:cover;-moz-background-size:cover;-o-background-size:cover;background-size:cover;padding: 0px 0px 0px 0px;\"><div class=\"fusion-text fusion-text-2\"><p><strong>Welche Faktoren sind wichtig?<\/strong><\/p>\n<p>Um das Kocherlebnis mit LeMax so gut wie m\u00f6glich zu gestalten, sollte man bei der Auswahl des Fettes f\u00fcr die Zubereitung auf folgende drei Faktoren besonders Acht geben:<\/p>\n<p>&#8211; hoher Schmelzpunkt<br \/>\n&#8211; hoher Rauchpunkt<br \/>\n&#8211; wenig spritzen bei hohen Temperaturen<\/p>\n<p>&nbsp;<\/p>\n<p><strong>Pflanzenfette<\/strong><\/p>\n<p>Tats\u00e4chlich gibt es Fett und \u00d6le, die diesen Anspr\u00fcchen gerecht werden.\u00a0Hierf\u00fcr eignen sich besonders gut Pflanzenfette wie Kokosfett, Palmkernfett oder Erdnussfett.<\/p>\n<p>&nbsp;<\/p>\n<p><strong>Pflanzen\u00f6l<\/strong><\/p>\n<p>Auch Pflanzen\u00f6le, die dank Ihrer hohen Anteile an unges\u00e4ttigten Fetts\u00e4uren als gesund gelten,\u00a0k\u00f6nnen f\u00fcr das Braten\u00a0auf LeMax verwendet werden. Hierbei ist wichtig, dass das \u00d6l eine gute Hitzestabilit\u00e4t ausweist und nicht bei niedrigen Temperaturen brennt (z.B. kaltgepresstes Oliven\u00f6l). Erdnuss\u00f6l\u00a0ist hier eine gute Wahl. Das \u00d6l ist nicht nur schmackhaft, sondern auch sehr gesund f\u00fcr den Blutzyklus.<\/p>\n<p>Die genannten Pflanzenfette und -\u00f6le erf\u00fcllen alle obigen Aspekte und schmecken besonders gut bei Gem\u00fcsegerichte, asiatischen Rezepten und Teppanyaki.<\/p>\n<\/div><div class=\"fusion-clearfix\"><\/div><\/div><\/div><div class=\"fusion-layout-column fusion_builder_column fusion-builder-column-3 fusion_builder_column_1_2 1_2 fusion-one-half fusion-column-first gradient-column-4\" style=\"width:48%; margin-right: 4%;margin-top:0px;margin-bottom:20px;\"><div class=\"fusion-column-wrapper fusion-flex-column-wrapper-legacy\" style=\"background-position:left top;background-repeat:no-repeat;-webkit-background-size:cover;-moz-background-size:cover;-o-background-size:cover;background-size:cover;padding: 0px 0px 0px 0px;\"><span class=\" fusion-imageframe imageframe-none imageframe-2 hover-type-none\"><img decoding=\"async\" image_id=\"0\" src=\"https:\/\/i0.wp.com\/www.elagproducts.com\/wp-content\/uploads\/2015\/12\/Welches-\u00d6l-oder-Fett-eignet-sich-am-besten-f\u00fcr-LeMax-02-1024x683.jpg?resize=1024%2C683\" class=\"img-responsive\" data-recalc-dims=\"1\"\/><\/span><div class=\"fusion-text fusion-text-3\"><p style=\"text-align: center;\">Kokosfett<\/p>\n<\/div><div class=\"fusion-clearfix\"><\/div><\/div><\/div><div class=\"fusion-layout-column fusion_builder_column fusion-builder-column-4 fusion_builder_column_1_2 1_2 fusion-one-half fusion-column-last gradient-column-5\" style=\"width:48%;margin-top:0px;margin-bottom:20px;\"><div class=\"fusion-column-wrapper fusion-flex-column-wrapper-legacy\" style=\"background-position:left top;background-repeat:no-repeat;-webkit-background-size:cover;-moz-background-size:cover;-o-background-size:cover;background-size:cover;padding: 0px 0px 0px 0px;\"><span class=\" fusion-imageframe imageframe-none imageframe-3 hover-type-none\"><img decoding=\"async\" image_id=\"0\" src=\"https:\/\/i0.wp.com\/www.elagproducts.com\/wp-content\/uploads\/2015\/12\/Welches-\u00d6l-oder-Fett-eignet-sich-am-besten-f\u00fcr-LeMax-03-1024x683.jpg?resize=1024%2C683\" class=\"img-responsive\" data-recalc-dims=\"1\"\/><\/span><div class=\"fusion-text fusion-text-4\"><p style=\"text-align: center;\">Erdnuss\u00f6l<\/p>\n<\/div><div class=\"fusion-clearfix\"><\/div><\/div><\/div><div class=\"fusion-layout-column fusion_builder_column fusion-builder-column-5 fusion_builder_column_1_1 1_1 fusion-one-full fusion-column-first fusion-column-last gradient-column-6 fusion-column-no-min-height\" style=\"margin-top:0px;margin-bottom:0px;\"><div class=\"fusion-column-wrapper fusion-flex-column-wrapper-legacy\" style=\"background-position:left top;background-repeat:no-repeat;-webkit-background-size:cover;-moz-background-size:cover;-o-background-size:cover;background-size:cover;padding: 0px 0px 0px 0px;\"><div class=\"fusion-text fusion-text-5\"><p><strong>Butterschmalz<\/strong><\/p>\n<p>Wer nicht auf Pflanzenfette oder -\u00f6le zur\u00fcckgreifen kann, kann sich auch f\u00fcr Butterschmalz entscheiden. Butterschmalz ist nahezu reines Fett.\u00a0Selbst bei hohen Temperaturen spritzt es nicht. Es weist eine hohe Erhitzbarkeit und einen hohen Rauchpunkt auf. Damit eignet es sich hervorragend zum Grillen oder Braten von Fleischspeisen.<\/p>\n<p>&nbsp;<\/p>\n<p><strong>Fl\u00fcssiges Bratfett und Pflanzencremes<\/strong><\/p>\n<p>Viele moderne, fl\u00fcssige Bratfette oder Pflanzencremes, die es heute in L\u00e4den zu kaufen gibt, weisen obige Eigenschaften auf und k\u00f6nnen zum Kochen mit LeMax eingesetzt werden. Oftmals weisen sie einen\u00a0Buttergeschmack auf und sind damit ebenfalls sehr f\u00fcr Fleischgerichte zu empfehlen.<\/p>\n<\/div><div class=\"fusion-clearfix\"><\/div><\/div><\/div><div class=\"fusion-layout-column fusion_builder_column fusion-builder-column-6 fusion_builder_column_1_2 1_2 fusion-one-half fusion-column-first gradient-column-7\" style=\"width:48%; margin-right: 4%;margin-top:0px;margin-bottom:20px;\"><div class=\"fusion-column-wrapper fusion-flex-column-wrapper-legacy\" style=\"background-position:left top;background-repeat:no-repeat;-webkit-background-size:cover;-moz-background-size:cover;-o-background-size:cover;background-size:cover;padding: 0px 0px 0px 0px;\"><span class=\" fusion-imageframe imageframe-none imageframe-4 hover-type-none\"><img decoding=\"async\" image_id=\"0\" src=\"https:\/\/i0.wp.com\/www.elagproducts.com\/wp-content\/uploads\/2015\/12\/Welches-\u00d6l-oder-Fett-eignet-sich-am-besten-f\u00fcr-LeMax-05-1024x683.jpg?resize=1024%2C683\" class=\"img-responsive\" data-recalc-dims=\"1\"\/><\/span><div class=\"fusion-text fusion-text-6\"><p style=\"text-align: center;\">Butterschmalz<\/p>\n<\/div><div class=\"fusion-clearfix\"><\/div><\/div><\/div><div class=\"fusion-layout-column fusion_builder_column fusion-builder-column-7 fusion_builder_column_1_2 1_2 fusion-one-half fusion-column-last gradient-column-8\" style=\"width:48%;margin-top:0px;margin-bottom:20px;\"><div class=\"fusion-column-wrapper fusion-flex-column-wrapper-legacy\" style=\"background-position:left top;background-repeat:no-repeat;-webkit-background-size:cover;-moz-background-size:cover;-o-background-size:cover;background-size:cover;padding: 0px 0px 0px 0px;\"><span class=\" fusion-imageframe imageframe-none imageframe-5 hover-type-none\"><img decoding=\"async\" image_id=\"0\" src=\"https:\/\/i0.wp.com\/www.elagproducts.com\/wp-content\/uploads\/2015\/12\/Welches-\u00d6l-oder-Fett-eignet-sich-am-besten-f\u00fcr-LeMax-04-1024x683.jpg?resize=1024%2C683\" class=\"img-responsive\" data-recalc-dims=\"1\"\/><\/span><div class=\"fusion-text fusion-text-7\"><p style=\"text-align: center;\">Pflanzencreme<\/p>\n<\/div><div class=\"fusion-clearfix\"><\/div><\/div><\/div><div class=\"fusion-layout-column fusion_builder_column fusion-builder-column-8 fusion_builder_column_1_1 1_1 fusion-one-full fusion-column-first fusion-column-last gradient-column-9 fusion-column-no-min-height\" style=\"margin-top:0px;margin-bottom:0px;\"><div class=\"fusion-column-wrapper fusion-flex-column-wrapper-legacy\" style=\"background-position:left top;background-repeat:no-repeat;-webkit-background-size:cover;-moz-background-size:cover;-o-background-size:cover;background-size:cover;padding: 0px 0px 0px 0px;\"><div class=\"fusion-text fusion-text-8\"><p style=\"text-align: right;\">Informationen sind ohne Gew\u00e4hr<\/p>\n<\/div><div class=\"fusion-text fusion-text-9\"><p>&#8212;<br \/>\nErfahren Sie <span style=\"text-decoration: underline;\"><a href=\"https:\/\/www.elagproducts.com\/de\/besten-elektrogrills\/\">hier<\/a><\/span> mehr \u00fcber die LeMax Produkte<\/p>\n<\/div><div class=\"fusion-clearfix\"><\/div><\/div><\/div><\/div><style type=\"text\/css\">.fusion-fullwidth.fusion-builder-row-3 { overflow:visible; }<\/style><\/div><\/p>\n","protected":false},"excerpt":{"rendered":"","protected":false},"author":1,"featured_media":0,"parent":0,"menu_order":0,"comment_status":"closed","ping_status":"closed","template":"","meta":{"content-type":"","_mi_skip_tracking":false},"yoast_head":"<!-- This site is optimized with the Yoast SEO plugin v20.5 - https:\/\/yoast.com\/wordpress\/plugins\/seo\/ -->\n<title>Blog | Welches \u00d6l oder Fett eignet sich am besten f\u00fcr LeMax? - ELAG - LeMax Grills &amp; High-Quality Cooktops<\/title>\n<meta name=\"robots\" content=\"index, follow, max-snippet:-1, max-image-preview:large, max-video-preview:-1\" \/>\n<link rel=\"canonical\" href=\"https:\/\/www.elagproducts.com\/de\/welches-oel-oder-fett-eignet-sich-am-besten-fuer-lemax\/\" \/>\n<meta property=\"og:locale\" content=\"de_DE\" \/>\n<meta property=\"og:type\" content=\"article\" \/>\n<meta property=\"og:title\" content=\"Blog | Welches \u00d6l oder Fett eignet sich am besten f\u00fcr LeMax? - ELAG - LeMax Grills &amp; High-Quality Cooktops\" \/>\n<meta property=\"og:url\" content=\"https:\/\/www.elagproducts.com\/de\/welches-oel-oder-fett-eignet-sich-am-besten-fuer-lemax\/\" \/>\n<meta property=\"og:site_name\" content=\"ELAG - LeMax Grills &amp; High-Quality Cooktops\" \/>\n<meta property=\"article:modified_time\" content=\"2019-01-04T12:44:42+00:00\" \/>\n<meta name=\"twitter:label1\" content=\"Gesch\u00e4tzte Lesezeit\" \/>\n\t<meta name=\"twitter:data1\" content=\"7\u00a0Minuten\" \/>\n<script type=\"application\/ld+json\" class=\"yoast-schema-graph\">{\"@context\":\"https:\/\/schema.org\",\"@graph\":[{\"@type\":\"WebPage\",\"@id\":\"https:\/\/www.elagproducts.com\/de\/welches-oel-oder-fett-eignet-sich-am-besten-fuer-lemax\/\",\"url\":\"https:\/\/www.elagproducts.com\/de\/welches-oel-oder-fett-eignet-sich-am-besten-fuer-lemax\/\",\"name\":\"Blog | Welches \u00d6l oder Fett eignet sich am besten f\u00fcr LeMax? - ELAG - LeMax Grills &amp; High-Quality Cooktops\",\"isPartOf\":{\"@id\":\"https:\/\/www.elagproducts.com\/de\/#website\"},\"datePublished\":\"2015-12-23T14:42:28+00:00\",\"dateModified\":\"2019-01-04T12:44:42+00:00\",\"breadcrumb\":{\"@id\":\"https:\/\/www.elagproducts.com\/de\/welches-oel-oder-fett-eignet-sich-am-besten-fuer-lemax\/#breadcrumb\"},\"inLanguage\":\"de\",\"potentialAction\":[{\"@type\":\"ReadAction\",\"target\":[\"https:\/\/www.elagproducts.com\/de\/welches-oel-oder-fett-eignet-sich-am-besten-fuer-lemax\/\"]}]},{\"@type\":\"BreadcrumbList\",\"@id\":\"https:\/\/www.elagproducts.com\/de\/welches-oel-oder-fett-eignet-sich-am-besten-fuer-lemax\/#breadcrumb\",\"itemListElement\":[{\"@type\":\"ListItem\",\"position\":1,\"name\":\"Home\",\"item\":\"https:\/\/www.elagproducts.com\/de\/\"},{\"@type\":\"ListItem\",\"position\":2,\"name\":\"Blog | Welches \u00d6l oder Fett eignet sich am besten f\u00fcr LeMax?\"}]},{\"@type\":\"WebSite\",\"@id\":\"https:\/\/www.elagproducts.com\/de\/#website\",\"url\":\"https:\/\/www.elagproducts.com\/de\/\",\"name\":\"ELAG - LeMax Grills &amp; High-Quality Cooktops\",\"description\":\"\",\"potentialAction\":[{\"@type\":\"SearchAction\",\"target\":{\"@type\":\"EntryPoint\",\"urlTemplate\":\"https:\/\/www.elagproducts.com\/de\/?s={search_term_string}\"},\"query-input\":\"required name=search_term_string\"}],\"inLanguage\":\"de\"}]}<\/script>\n<!-- \/ Yoast SEO plugin. -->","yoast_head_json":{"title":"Blog | Welches \u00d6l oder Fett eignet sich am besten f\u00fcr LeMax? - ELAG - LeMax Grills &amp; High-Quality Cooktops","robots":{"index":"index","follow":"follow","max-snippet":"max-snippet:-1","max-image-preview":"max-image-preview:large","max-video-preview":"max-video-preview:-1"},"canonical":"https:\/\/www.elagproducts.com\/de\/welches-oel-oder-fett-eignet-sich-am-besten-fuer-lemax\/","og_locale":"de_DE","og_type":"article","og_title":"Blog | Welches \u00d6l oder Fett eignet sich am besten f\u00fcr LeMax? - ELAG - LeMax Grills &amp; High-Quality Cooktops","og_url":"https:\/\/www.elagproducts.com\/de\/welches-oel-oder-fett-eignet-sich-am-besten-fuer-lemax\/","og_site_name":"ELAG - LeMax Grills &amp; High-Quality Cooktops","article_modified_time":"2019-01-04T12:44:42+00:00","twitter_misc":{"Gesch\u00e4tzte Lesezeit":"7\u00a0Minuten"},"schema":{"@context":"https:\/\/schema.org","@graph":[{"@type":"WebPage","@id":"https:\/\/www.elagproducts.com\/de\/welches-oel-oder-fett-eignet-sich-am-besten-fuer-lemax\/","url":"https:\/\/www.elagproducts.com\/de\/welches-oel-oder-fett-eignet-sich-am-besten-fuer-lemax\/","name":"Blog | Welches \u00d6l oder Fett eignet sich am besten f\u00fcr LeMax? - ELAG - LeMax Grills &amp; High-Quality Cooktops","isPartOf":{"@id":"https:\/\/www.elagproducts.com\/de\/#website"},"datePublished":"2015-12-23T14:42:28+00:00","dateModified":"2019-01-04T12:44:42+00:00","breadcrumb":{"@id":"https:\/\/www.elagproducts.com\/de\/welches-oel-oder-fett-eignet-sich-am-besten-fuer-lemax\/#breadcrumb"},"inLanguage":"de","potentialAction":[{"@type":"ReadAction","target":["https:\/\/www.elagproducts.com\/de\/welches-oel-oder-fett-eignet-sich-am-besten-fuer-lemax\/"]}]},{"@type":"BreadcrumbList","@id":"https:\/\/www.elagproducts.com\/de\/welches-oel-oder-fett-eignet-sich-am-besten-fuer-lemax\/#breadcrumb","itemListElement":[{"@type":"ListItem","position":1,"name":"Home","item":"https:\/\/www.elagproducts.com\/de\/"},{"@type":"ListItem","position":2,"name":"Blog | Welches \u00d6l oder Fett eignet sich am besten f\u00fcr LeMax?"}]},{"@type":"WebSite","@id":"https:\/\/www.elagproducts.com\/de\/#website","url":"https:\/\/www.elagproducts.com\/de\/","name":"ELAG - LeMax Grills &amp; High-Quality Cooktops","description":"","potentialAction":[{"@type":"SearchAction","target":{"@type":"EntryPoint","urlTemplate":"https:\/\/www.elagproducts.com\/de\/?s={search_term_string}"},"query-input":"required name=search_term_string"}],"inLanguage":"de"}]}},"_links":{"self":[{"href":"https:\/\/www.elagproducts.com\/de\/wp-json\/wp\/v2\/pages\/2175"}],"collection":[{"href":"https:\/\/www.elagproducts.com\/de\/wp-json\/wp\/v2\/pages"}],"about":[{"href":"https:\/\/www.elagproducts.com\/de\/wp-json\/wp\/v2\/types\/page"}],"author":[{"embeddable":true,"href":"https:\/\/www.elagproducts.com\/de\/wp-json\/wp\/v2\/users\/1"}],"replies":[{"embeddable":true,"href":"https:\/\/www.elagproducts.com\/de\/wp-json\/wp\/v2\/comments?post=2175"}],"version-history":[{"count":15,"href":"https:\/\/www.elagproducts.com\/de\/wp-json\/wp\/v2\/pages\/2175\/revisions"}],"predecessor-version":[{"id":8939,"href":"https:\/\/www.elagproducts.com\/de\/wp-json\/wp\/v2\/pages\/2175\/revisions\/8939"}],"wp:attachment":[{"href":"https:\/\/www.elagproducts.com\/de\/wp-json\/wp\/v2\/media?parent=2175"}],"curies":[{"name":"wp","href":"https:\/\/api.w.org\/{rel}","templated":true}]}}