{"id":2057,"date":"2015-12-20T20:55:47","date_gmt":"2015-12-20T18:55:47","guid":{"rendered":"http:\/\/www.elagproducts.com\/de\/?page_id=2057"},"modified":"2019-01-04T15:00:19","modified_gmt":"2019-01-04T13:00:19","slug":"fitness-salat-mit-gegrillten-putenstreifen","status":"publish","type":"page","link":"https:\/\/www.elagproducts.com\/de\/fitness-salat-mit-gegrillten-putenstreifen\/","title":{"rendered":"Blog | Fitness-Salat mit gegrillten Putenstreifen"},"content":{"rendered":"<p><div class=\"fusion-fullwidth fullwidth-box fusion-builder-row-1 gradient-container-1 nonhundred-percent-fullwidth non-hundred-percent-height-scrolling\" style=\"background-color: rgba(255,255,255,0);background-position: left top;background-repeat: no-repeat;padding-top:20px;padding-right:0px;padding-bottom:20px;padding-left:0px;margin-bottom: 0px;margin-top: 0px;border-width: 0px 0px 0px 0px;border-color:#eae9e9;border-style:solid;\" ><div class=\"fusion-builder-row fusion-row\"><div class=\"fusion-layout-column fusion_builder_column fusion-builder-column-0 fusion_builder_column_1_1 1_1 fusion-one-full fusion-column-first fusion-column-last gradient-column-1 fusion-column-no-min-height\" style=\"margin-top:0px;margin-bottom:0px;\"><div class=\"fusion-column-wrapper fusion-flex-column-wrapper-legacy\" style=\"background-position:left top;background-repeat:no-repeat;-webkit-background-size:cover;-moz-background-size:cover;-o-background-size:cover;background-size:cover;padding: 0px 0px 0px 0px;\"><div class=\"share-box fusion-sharing-box\" style=\"background-color:#f6f6f6;\" data-title=\"Blog | Fitness-Salat mit gegrillten Putenstreifen\" data-description=\"5. Januar 2018\r\nFitness-Salat mit gegrillten Putenstreifen\r\nFleisch liefert uns wichtiges Eiwei\u00df. Besonders Pute ist fettarm und voller Proteine, wenn es angemessen zubereitet wird. Auf dem LeMax kann Fleisch ohne zus\u00e4tzliches \u00d6l oder Fett zubereitet werde. Damit ist Pute die perfekte Erg\u00e4nzung zu einem frischem Salat und ideal f\u00fcr gesundheitsbewusste Sportler, die sich kalorienarm\" data-link=\"https:\/\/www.elagproducts.com\/de\/fitness-salat-mit-gegrillten-putenstreifen\/\"><h4 class=\"tagline\" style=\"color:#333333;\">Teile diesen Artikel:<\/h4><div class=\"fusion-social-networks\"><a class=\"fusion-social-network-icon fusion-tooltip fusion-facebook fusion-icon-facebook\" href=\"https:\/\/www.facebook.com\/sharer.php?u=https%3A%2F%2Fwww.elagproducts.com%2Fde%2Ffitness-salat-mit-gegrillten-putenstreifen%2F&amp;t=Blog%20%7C%20Fitness-Salat%20mit%20gegrillten%20Putenstreifen\" target=\"_blank\" style=\"color:#bebdbd;\" title=\"Facebook\" aria-label=\"Facebook\" data-placement=\"top\" data-toggle=\"tooltip\" data-title=\"Facebook\"><\/a><a class=\"fusion-social-network-icon fusion-tooltip fusion-twitter fusion-icon-twitter\" href=\"https:\/\/twitter.com\/share?text=Blog%20%7C%20Fitness-Salat%20mit%20gegrillten%20Putenstreifen&amp;url=https%3A%2F%2Fwww.elagproducts.com%2Fde%2Ffitness-salat-mit-gegrillten-putenstreifen%2F\" target=\"_blank\" rel=\"noopener noreferrer\" style=\"color:#bebdbd;\" title=\"Twitter\" aria-label=\"Twitter\" data-placement=\"top\" data-toggle=\"tooltip\" data-title=\"Twitter\"><\/a><a class=\"fusion-social-network-icon fusion-tooltip fusion-linkedin fusion-icon-linkedin\" href=\"https:\/\/www.linkedin.com\/shareArticle?mini=true&amp;url=https%3A%2F%2Fwww.elagproducts.com%2Fde%2Ffitness-salat-mit-gegrillten-putenstreifen%2F&amp;title=Blog%20%7C%20Fitness-Salat%20mit%20gegrillten%20Putenstreifen&amp;summary=5.%20Januar%202018%0D%0AFitness-Salat%20mit%20gegrillten%20Putenstreifen%0D%0AFleisch%20liefert%20uns%20wichtiges%20Eiwei%C3%9F.%20Besonders%20Pute%20ist%20fettarm%20und%20voller%20Proteine%2C%20wenn%20es%20angemessen%20zubereitet%20wird.%20Auf%20dem%20LeMax%20kann%20Fleisch%20ohne%20zus%C3%A4tzliches%20%C3%96l%20oder%20Fett%20zubereitet%20werde.%20Damit%20ist%20Pute%20die%20perfekte%20Erg%C3%A4nzung%20zu%20einem%20frischem%20Salat%20und%20ideal%20f%C3%BCr%20gesundheitsbewusste%20Sportler%2C%20die%20sich%20kalorienarm\" target=\"_blank\" rel=\"noopener noreferrer\" style=\"color:#bebdbd;\" title=\"LinkedIn\" aria-label=\"LinkedIn\" data-placement=\"top\" data-toggle=\"tooltip\" data-title=\"LinkedIn\"><\/a><a class=\"fusion-social-network-icon fusion-tooltip fusion-reddit fusion-icon-reddit\" href=\"http:\/\/reddit.com\/submit?url=https:\/\/www.elagproducts.com\/de\/fitness-salat-mit-gegrillten-putenstreifen\/&amp;title=Blog | Fitness-Salat mit gegrillten Putenstreifen\" target=\"_blank\" rel=\"noopener noreferrer\" style=\"color:#bebdbd;\" title=\"Reddit\" aria-label=\"Reddit\" data-placement=\"top\" data-toggle=\"tooltip\" data-title=\"Reddit\"><\/a><a class=\"fusion-social-network-icon fusion-tooltip fusion-tumblr fusion-icon-tumblr\" href=\"http:\/\/www.tumblr.com\/share\/link?url=https%3A%2F%2Fwww.elagproducts.com%2Fde%2Ffitness-salat-mit-gegrillten-putenstreifen%2F&amp;name=Blog%20%7C%20Fitness-Salat%20mit%20gegrillten%20Putenstreifen&amp;description=5.%20Januar%202018%0D%0AFitness-Salat%20mit%20gegrillten%20Putenstreifen%0D%0AFleisch%20liefert%20uns%20wichtiges%20Eiwei%C3%9F.%20Besonders%20Pute%20ist%20fettarm%20und%20voller%20Proteine%2C%20wenn%20es%20angemessen%20zubereitet%20wird.%20Auf%20dem%20LeMax%20kann%20Fleisch%20ohne%20zus%C3%A4tzliches%20%C3%96l%20oder%20Fett%20zubereitet%20werde.%20Damit%20ist%20Pute%20die%20perfekte%20Erg%C3%A4nzung%20zu%20einem%20frischem%20Salat%20und%20ideal%20f%C3%BCr%20gesundheitsbewusste%20Sportler%2C%20die%20sich%20kalorienarm\" target=\"_blank\" rel=\"noopener noreferrer\" style=\"color:#bebdbd;\" title=\"Tumblr\" aria-label=\"Tumblr\" data-placement=\"top\" data-toggle=\"tooltip\" data-title=\"Tumblr\"><\/a><a class=\"fusion-social-network-icon fusion-tooltip fusion-pinterest fusion-icon-pinterest\" href=\"http:\/\/pinterest.com\/pin\/create\/button\/?url=https%3A%2F%2Fwww.elagproducts.com%2Fde%2Ffitness-salat-mit-gegrillten-putenstreifen%2F&amp;description=5.%20Januar%202018%0D%0AFitness-Salat%20mit%20gegrillten%20Putenstreifen%0D%0AFleisch%20liefert%20uns%20wichtiges%20Eiwei%C3%9F.%20Besonders%20Pute%20ist%20fettarm%20und%20voller%20Proteine%2C%20wenn%20es%20angemessen%20zubereitet%20wird.%20Auf%20dem%20LeMax%20kann%20Fleisch%20ohne%20zus%C3%A4tzliches%20%C3%96l%20oder%20Fett%20zubereitet%20werde.%20Damit%20ist%20Pute%20die%20perfekte%20Erg%C3%A4nzung%20zu%20einem%20frischem%20Salat%20und%20ideal%20f%C3%BCr%20gesundheitsbewusste%20Sportler%2C%20die%20sich%20kalorienarm&amp;media=\" target=\"_blank\" rel=\"noopener noreferrer\" style=\"color:#bebdbd;\" title=\"Pinterest\" aria-label=\"Pinterest\" data-placement=\"top\" data-toggle=\"tooltip\" data-title=\"Pinterest\"><\/a><a class=\"fusion-social-network-icon fusion-tooltip fusion-vk fusion-icon-vk\" href=\"http:\/\/vkontakte.ru\/share.php?url=https%3A%2F%2Fwww.elagproducts.com%2Fde%2Ffitness-salat-mit-gegrillten-putenstreifen%2F&amp;title=Blog%20%7C%20Fitness-Salat%20mit%20gegrillten%20Putenstreifen&amp;description=5.%20Januar%202018%0D%0AFitness-Salat%20mit%20gegrillten%20Putenstreifen%0D%0AFleisch%20liefert%20uns%20wichtiges%20Eiwei%C3%9F.%20Besonders%20Pute%20ist%20fettarm%20und%20voller%20Proteine%2C%20wenn%20es%20angemessen%20zubereitet%20wird.%20Auf%20dem%20LeMax%20kann%20Fleisch%20ohne%20zus%C3%A4tzliches%20%C3%96l%20oder%20Fett%20zubereitet%20werde.%20Damit%20ist%20Pute%20die%20perfekte%20Erg%C3%A4nzung%20zu%20einem%20frischem%20Salat%20und%20ideal%20f%C3%BCr%20gesundheitsbewusste%20Sportler%2C%20die%20sich%20kalorienarm\" target=\"_blank\" rel=\"noopener noreferrer\" style=\"color:#bebdbd;\" title=\"Vk\" aria-label=\"Vk\" data-placement=\"top\" data-toggle=\"tooltip\" data-title=\"Vk\"><\/a><a class=\"fusion-social-network-icon fusion-tooltip fusion-mail fusion-icon-mail\" href=\"mailto:?subject=Blog%20%7C%20Fitness-Salat%20mit%20gegrillten%20Putenstreifen&amp;body=https%3A%2F%2Fwww.elagproducts.com%2Fde%2Ffitness-salat-mit-gegrillten-putenstreifen%2F\" target=\"_self\" style=\"color:#bebdbd;\" title=\"Email\" aria-label=\"Email\" data-placement=\"top\" data-toggle=\"tooltip\" data-title=\"Email\"><\/a><\/div><\/div><div class=\"fusion-text fusion-text-1\"><h6>5. Januar 2018<\/h6>\n<h1>Fitness-Salat mit gegrillten Putenstreifen<\/h1>\n<p style=\"text-align: left;\"><strong>Fleisch liefert uns wichtiges Eiwei\u00df. Besonders Pute ist fettarm und voller Proteine, wenn es angemessen zubereitet wird. Auf dem LeMax kann Fleisch ohne zus\u00e4tzliches \u00d6l oder Fett zubereitet werde. Damit ist Pute die perfekte Erg\u00e4nzung zu einem frischem Salat und ideal f\u00fcr gesundheitsbewusste Sportler, die sich kalorienarm ern\u00e4hren m\u00f6chten.<\/strong><\/p>\n<\/div><div class=\"fusion-clearfix\"><\/div><\/div><\/div><\/div><\/div><div class=\"fusion-fullwidth fullwidth-box fusion-builder-row-2 gradient-container-2 nonhundred-percent-fullwidth non-hundred-percent-height-scrolling\" style=\"background-color: rgba(255,255,255,0);background-position: left top;background-repeat: no-repeat;padding-top:20px;padding-right:0px;padding-bottom:20px;padding-left:0px;margin-bottom: 0px;margin-top: 0px;border-width: 0px 0px 0px 0px;border-color:#eae9e9;border-style:solid;\" ><div class=\"fusion-builder-row fusion-row\"><div class=\"fusion-layout-column fusion_builder_column fusion-builder-column-1 fusion_builder_column_1_1 1_1 fusion-one-full fusion-column-first fusion-column-last gradient-column-2 fusion-column-no-min-height\" style=\"margin-top:0px;margin-bottom:0px;\"><div class=\"fusion-column-wrapper fusion-flex-column-wrapper-legacy\" style=\"background-position:left top;background-repeat:no-repeat;-webkit-background-size:cover;-moz-background-size:cover;-o-background-size:cover;background-size:cover;padding: 0px 0px 0px 0px;\"><span class=\" fusion-imageframe imageframe-none imageframe-1 hover-type-none\"><img decoding=\"async\" image_id=\"0\" src=\"https:\/\/i0.wp.com\/www.elagproducts.com\/wp-content\/uploads\/2015\/12\/8.jpg?w=1100\" class=\"img-responsive\" data-recalc-dims=\"1\"\/><\/span><div class=\"fusion-clearfix\"><\/div><\/div><\/div><\/div><\/div><div class=\"fusion-fullwidth fullwidth-box fusion-builder-row-3 gradient-container-3 nonhundred-percent-fullwidth non-hundred-percent-height-scrolling\" style=\"background-color: rgba(255,255,255,0);background-position: left top;background-repeat: no-repeat;padding-top:20px;padding-right:0px;padding-bottom:20px;padding-left:0px;margin-bottom: 0px;margin-top: 0px;border-width: 0px 0px 0px 0px;border-color:#eae9e9;border-style:solid;\" ><div class=\"fusion-builder-row fusion-row\"><div class=\"fusion-layout-column fusion_builder_column fusion-builder-column-2 fusion_builder_column_1_1 1_1 fusion-one-full fusion-column-first fusion-column-last gradient-column-3 fusion-column-no-min-height\" style=\"margin-top:0px;margin-bottom:0px;\"><div class=\"fusion-column-wrapper fusion-flex-column-wrapper-legacy\" style=\"background-position:left top;background-repeat:no-repeat;-webkit-background-size:cover;-moz-background-size:cover;-o-background-size:cover;background-size:cover;padding: 0px 0px 0px 0px;\"><div class=\"fusion-text fusion-text-2\"><p><strong>Hier ein schnelles Rezept zur Zubereitung eines leckeren Fitness-Salates mit\u00a0gegrillten Putenstreifen:<\/strong><\/p>\n<p>1.) Die Putenbrustfilets waschen, trocknen und in Streifen schneiden. Danach w\u00fcrzen Sie die Streifen mit Pfeffer, Paprikapulver und Salz.<\/p>\n<p>2.) Fr\u00fchlingszwiebeln, Salat, Tomaten und Gurken (je nach Wunsch auch anderes Gem\u00fcse) waschen. Die Fr\u00fchlingszwiebeln in d\u00fcnne Ringe schneiden. Den Salat per Hand zerkleinern. Den Stielansatz der Tomaten, bestenfalls Cocktailtomaten, entfernen und danach halbieren. Gurke in d\u00fcnne Streifen schneiden.<\/p>\n<\/div><div class=\"fusion-clearfix\"><\/div><\/div><\/div><div class=\"fusion-layout-column fusion_builder_column fusion-builder-column-3 fusion_builder_column_1_1 1_1 fusion-one-full fusion-column-first fusion-column-last gradient-column-4 fusion-column-no-min-height\" style=\"margin-top:0px;margin-bottom:0px;\"><div class=\"fusion-column-wrapper fusion-flex-column-wrapper-legacy\" style=\"background-position:left top;background-repeat:no-repeat;-webkit-background-size:cover;-moz-background-size:cover;-o-background-size:cover;background-size:cover;padding: 0px 0px 0px 0px;\"><div class=\"fusion-image-carousel fusion-image-carousel-auto lightbox-enabled fusion-carousel-border\"><div class=\"fusion-carousel\" data-autoplay=\"no\" data-columns=\"4\" data-itemmargin=\"13\" data-itemwidth=\"180\" data-touchscroll=\"no\" data-imagesize=\"auto\"><div class=\"fusion-carousel-positioner\"><ul class=\"fusion-carousel-holder\"><li class=\"fusion-carousel-item\"><div class=\"fusion-carousel-item-wrapper\"><div class=\"fusion-image-wrapper hover-type-none\"><a data-rel=\"iLightbox[image_carousel_1]\" href=\"https:\/\/i0.wp.com\/www.elagproducts.com\/wp-content\/uploads\/2015\/12\/1-1024x683.jpg\" target=\"_self\"><img src=\"https:\/\/i0.wp.com\/www.elagproducts.com\/wp-content\/uploads\/2015\/12\/1-1024x683.jpg?resize=1024%2C683\" alt=\"\" data-recalc-dims=\"1\"\/><\/a><\/div><\/div><\/li><li class=\"fusion-carousel-item\"><div class=\"fusion-carousel-item-wrapper\"><div class=\"fusion-image-wrapper hover-type-none\"><a data-rel=\"iLightbox[image_carousel_1]\" href=\"https:\/\/i0.wp.com\/www.elagproducts.com\/wp-content\/uploads\/2015\/12\/2-1024x683.jpg\" target=\"_self\"><img src=\"https:\/\/i0.wp.com\/www.elagproducts.com\/wp-content\/uploads\/2015\/12\/2-1024x683.jpg?resize=1024%2C683\" alt=\"\" data-recalc-dims=\"1\"\/><\/a><\/div><\/div><\/li><li class=\"fusion-carousel-item\"><div class=\"fusion-carousel-item-wrapper\"><div class=\"fusion-image-wrapper hover-type-none\"><a data-rel=\"iLightbox[image_carousel_1]\" href=\"https:\/\/i0.wp.com\/www.elagproducts.com\/wp-content\/uploads\/2015\/12\/3-1024x683.jpg\" target=\"_self\"><img src=\"https:\/\/i0.wp.com\/www.elagproducts.com\/wp-content\/uploads\/2015\/12\/3-1024x683.jpg?resize=1024%2C683\" alt=\"\" data-recalc-dims=\"1\"\/><\/a><\/div><\/div><\/li><li class=\"fusion-carousel-item\"><div class=\"fusion-carousel-item-wrapper\"><div class=\"fusion-image-wrapper hover-type-none\"><a data-rel=\"iLightbox[image_carousel_1]\" href=\"https:\/\/i0.wp.com\/www.elagproducts.com\/wp-content\/uploads\/2015\/12\/4-1024x683.jpg\" target=\"_self\"><img src=\"https:\/\/i0.wp.com\/www.elagproducts.com\/wp-content\/uploads\/2015\/12\/4-1024x683.jpg?resize=1024%2C683\" alt=\"\" data-recalc-dims=\"1\"\/><\/a><\/div><\/div><\/li><li class=\"fusion-carousel-item\"><div class=\"fusion-carousel-item-wrapper\"><div class=\"fusion-image-wrapper hover-type-none\"><a data-rel=\"iLightbox[image_carousel_1]\" href=\"https:\/\/i0.wp.com\/www.elagproducts.com\/wp-content\/uploads\/2015\/12\/5-1024x683.jpg\" target=\"_self\"><img src=\"https:\/\/i0.wp.com\/www.elagproducts.com\/wp-content\/uploads\/2015\/12\/5-1024x683.jpg?resize=1024%2C683\" alt=\"\" data-recalc-dims=\"1\"\/><\/a><\/div><\/div><\/li><li class=\"fusion-carousel-item\"><div class=\"fusion-carousel-item-wrapper\"><div class=\"fusion-image-wrapper hover-type-none\"><a data-rel=\"iLightbox[image_carousel_1]\" href=\"https:\/\/i0.wp.com\/www.elagproducts.com\/wp-content\/uploads\/2015\/12\/6-1024x683.jpg\" target=\"_self\"><img src=\"https:\/\/i0.wp.com\/www.elagproducts.com\/wp-content\/uploads\/2015\/12\/6-1024x683.jpg?resize=1024%2C683\" alt=\"\" data-recalc-dims=\"1\"\/><\/a><\/div><\/div><\/li><li class=\"fusion-carousel-item\"><div class=\"fusion-carousel-item-wrapper\"><div class=\"fusion-image-wrapper hover-type-none\"><a data-rel=\"iLightbox[image_carousel_1]\" href=\"https:\/\/i0.wp.com\/www.elagproducts.com\/wp-content\/uploads\/2015\/12\/7-1024x683.jpg\" target=\"_self\"><img src=\"https:\/\/i0.wp.com\/www.elagproducts.com\/wp-content\/uploads\/2015\/12\/7-1024x683.jpg?resize=1024%2C683\" alt=\"\" data-recalc-dims=\"1\"\/><\/a><\/div><\/div><\/li><li class=\"fusion-carousel-item\"><div class=\"fusion-carousel-item-wrapper\"><div class=\"fusion-image-wrapper hover-type-none\"><a data-rel=\"iLightbox[image_carousel_1]\" href=\"https:\/\/i0.wp.com\/www.elagproducts.com\/wp-content\/uploads\/2015\/12\/8-1024x683.jpg\" target=\"_self\"><img src=\"https:\/\/i0.wp.com\/www.elagproducts.com\/wp-content\/uploads\/2015\/12\/8-1024x683.jpg?resize=1024%2C683\" alt=\"\" data-recalc-dims=\"1\"\/><\/a><\/div><\/div><\/li><\/ul><div class=\"fusion-carousel-nav\"><span class=\"fusion-nav-prev\"><\/span><span class=\"fusion-nav-next\"><\/span><\/div><\/div><\/div><\/div><div class=\"fusion-text fusion-text-3\"><p>3.) Die\u00a0Putenbrustst\u00fccke auf den vorgeheizten LeMax legen und je nach Dicke 1-2 Minuten auf jeder Seite bei voller Leistung grillen. Danach die Putenstreifen auf Stufe 9 oder 10 je nach Geschmack fertiggrillen.<\/p>\n<p>4.) Den zerkleinerten Salat mit den halbierten Tomaten, den Gurkenscheiben und den Fr\u00fchlingszwiebeln in eine Sch\u00fcssel geben. Dazu nun die Putenstreifen geben.<\/p>\n<p>5.) Etwas Oliven\u00f6l, Balsamico-Essig, Salz, Pfeffer und ein wenig Honig in einer kleinen Sch\u00fcssel anr\u00fchren und dann zum Salat geben.<\/p>\n<p>Ihr Gericht ist nun fertig. Servieren Sie gerne Ihren Salat mit etwas frischem Baguette.<\/p>\n<p><strong>Guten Appetit!<\/strong><\/p>\n<\/div><div class=\"fusion-text fusion-text-4\"><p>&#8212;<br \/>\nErfahren Sie <span style=\"text-decoration: underline;\"><a href=\"https:\/\/www.elagproducts.com\/de\/besten-elektrogrills\/\">hier<\/a><\/span> mehr \u00fcber die LeMax Produkte.<\/p>\n<\/div><div class=\"fusion-clearfix\"><\/div><\/div><\/div><\/div><\/div><\/p>\n","protected":false},"excerpt":{"rendered":"","protected":false},"author":1,"featured_media":0,"parent":0,"menu_order":0,"comment_status":"closed","ping_status":"closed","template":"","meta":{"content-type":"","_mi_skip_tracking":false},"yoast_head":"<!-- This site is optimized with the Yoast SEO plugin v20.5 - https:\/\/yoast.com\/wordpress\/plugins\/seo\/ -->\n<title>Fitness-Salat mit gegrillten Putenstreifen<\/title>\n<meta name=\"description\" content=\"Fleisch liefert uns wichtiges Eiwei\u00df. Besonders Pute ist fettarm und voller Proteine, wenn es angemessen zubereitet wird.\" \/>\n<meta name=\"robots\" content=\"index, follow, max-snippet:-1, max-image-preview:large, max-video-preview:-1\" \/>\n<link rel=\"canonical\" href=\"https:\/\/www.elagproducts.com\/de\/fitness-salat-mit-gegrillten-putenstreifen\/\" \/>\n<meta property=\"og:locale\" content=\"de_DE\" \/>\n<meta property=\"og:type\" content=\"article\" \/>\n<meta property=\"og:title\" content=\"Fitness-Salat mit gegrillten Putenstreifen\" \/>\n<meta property=\"og:description\" content=\"Fleisch liefert uns wichtiges Eiwei\u00df. Besonders Pute ist fettarm und voller Proteine, wenn es angemessen zubereitet wird.\" \/>\n<meta property=\"og:url\" content=\"https:\/\/www.elagproducts.com\/de\/fitness-salat-mit-gegrillten-putenstreifen\/\" \/>\n<meta property=\"og:site_name\" content=\"ELAG - LeMax Grills &amp; High-Quality Cooktops\" \/>\n<meta property=\"article:modified_time\" content=\"2019-01-04T13:00:19+00:00\" \/>\n<meta property=\"og:image\" content=\"http:\/\/www.elagproducts.com\/wp-content\/uploads\/2015\/12\/8.jpg\" \/>\n<meta name=\"twitter:label1\" content=\"Gesch\u00e4tzte Lesezeit\" \/>\n\t<meta name=\"twitter:data1\" content=\"5\u00a0Minuten\" \/>\n<script type=\"application\/ld+json\" class=\"yoast-schema-graph\">{\"@context\":\"https:\/\/schema.org\",\"@graph\":[{\"@type\":\"WebPage\",\"@id\":\"https:\/\/www.elagproducts.com\/de\/fitness-salat-mit-gegrillten-putenstreifen\/\",\"url\":\"https:\/\/www.elagproducts.com\/de\/fitness-salat-mit-gegrillten-putenstreifen\/\",\"name\":\"Fitness-Salat mit gegrillten Putenstreifen\",\"isPartOf\":{\"@id\":\"https:\/\/www.elagproducts.com\/de\/#website\"},\"datePublished\":\"2015-12-20T18:55:47+00:00\",\"dateModified\":\"2019-01-04T13:00:19+00:00\",\"description\":\"Fleisch liefert uns wichtiges Eiwei\u00df. Besonders Pute ist fettarm und voller Proteine, wenn es angemessen zubereitet wird.\",\"breadcrumb\":{\"@id\":\"https:\/\/www.elagproducts.com\/de\/fitness-salat-mit-gegrillten-putenstreifen\/#breadcrumb\"},\"inLanguage\":\"de\",\"potentialAction\":[{\"@type\":\"ReadAction\",\"target\":[\"https:\/\/www.elagproducts.com\/de\/fitness-salat-mit-gegrillten-putenstreifen\/\"]}]},{\"@type\":\"BreadcrumbList\",\"@id\":\"https:\/\/www.elagproducts.com\/de\/fitness-salat-mit-gegrillten-putenstreifen\/#breadcrumb\",\"itemListElement\":[{\"@type\":\"ListItem\",\"position\":1,\"name\":\"Home\",\"item\":\"https:\/\/www.elagproducts.com\/de\/\"},{\"@type\":\"ListItem\",\"position\":2,\"name\":\"Blog | Fitness-Salat mit gegrillten Putenstreifen\"}]},{\"@type\":\"WebSite\",\"@id\":\"https:\/\/www.elagproducts.com\/de\/#website\",\"url\":\"https:\/\/www.elagproducts.com\/de\/\",\"name\":\"ELAG - LeMax Grills &amp; High-Quality Cooktops\",\"description\":\"\",\"potentialAction\":[{\"@type\":\"SearchAction\",\"target\":{\"@type\":\"EntryPoint\",\"urlTemplate\":\"https:\/\/www.elagproducts.com\/de\/?s={search_term_string}\"},\"query-input\":\"required name=search_term_string\"}],\"inLanguage\":\"de\"}]}<\/script>\n<!-- \/ Yoast SEO plugin. -->","yoast_head_json":{"title":"Fitness-Salat mit gegrillten Putenstreifen","description":"Fleisch liefert uns wichtiges Eiwei\u00df. Besonders Pute ist fettarm und voller Proteine, wenn es angemessen zubereitet wird.","robots":{"index":"index","follow":"follow","max-snippet":"max-snippet:-1","max-image-preview":"max-image-preview:large","max-video-preview":"max-video-preview:-1"},"canonical":"https:\/\/www.elagproducts.com\/de\/fitness-salat-mit-gegrillten-putenstreifen\/","og_locale":"de_DE","og_type":"article","og_title":"Fitness-Salat mit gegrillten Putenstreifen","og_description":"Fleisch liefert uns wichtiges Eiwei\u00df. Besonders Pute ist fettarm und voller Proteine, wenn es angemessen zubereitet wird.","og_url":"https:\/\/www.elagproducts.com\/de\/fitness-salat-mit-gegrillten-putenstreifen\/","og_site_name":"ELAG - LeMax Grills &amp; High-Quality Cooktops","article_modified_time":"2019-01-04T13:00:19+00:00","og_image":[{"url":"http:\/\/www.elagproducts.com\/wp-content\/uploads\/2015\/12\/8.jpg"}],"twitter_misc":{"Gesch\u00e4tzte Lesezeit":"5\u00a0Minuten"},"schema":{"@context":"https:\/\/schema.org","@graph":[{"@type":"WebPage","@id":"https:\/\/www.elagproducts.com\/de\/fitness-salat-mit-gegrillten-putenstreifen\/","url":"https:\/\/www.elagproducts.com\/de\/fitness-salat-mit-gegrillten-putenstreifen\/","name":"Fitness-Salat mit gegrillten Putenstreifen","isPartOf":{"@id":"https:\/\/www.elagproducts.com\/de\/#website"},"datePublished":"2015-12-20T18:55:47+00:00","dateModified":"2019-01-04T13:00:19+00:00","description":"Fleisch liefert uns wichtiges Eiwei\u00df. Besonders Pute ist fettarm und voller Proteine, wenn es angemessen zubereitet wird.","breadcrumb":{"@id":"https:\/\/www.elagproducts.com\/de\/fitness-salat-mit-gegrillten-putenstreifen\/#breadcrumb"},"inLanguage":"de","potentialAction":[{"@type":"ReadAction","target":["https:\/\/www.elagproducts.com\/de\/fitness-salat-mit-gegrillten-putenstreifen\/"]}]},{"@type":"BreadcrumbList","@id":"https:\/\/www.elagproducts.com\/de\/fitness-salat-mit-gegrillten-putenstreifen\/#breadcrumb","itemListElement":[{"@type":"ListItem","position":1,"name":"Home","item":"https:\/\/www.elagproducts.com\/de\/"},{"@type":"ListItem","position":2,"name":"Blog | Fitness-Salat mit gegrillten Putenstreifen"}]},{"@type":"WebSite","@id":"https:\/\/www.elagproducts.com\/de\/#website","url":"https:\/\/www.elagproducts.com\/de\/","name":"ELAG - LeMax Grills &amp; High-Quality Cooktops","description":"","potentialAction":[{"@type":"SearchAction","target":{"@type":"EntryPoint","urlTemplate":"https:\/\/www.elagproducts.com\/de\/?s={search_term_string}"},"query-input":"required name=search_term_string"}],"inLanguage":"de"}]}},"_links":{"self":[{"href":"https:\/\/www.elagproducts.com\/de\/wp-json\/wp\/v2\/pages\/2057"}],"collection":[{"href":"https:\/\/www.elagproducts.com\/de\/wp-json\/wp\/v2\/pages"}],"about":[{"href":"https:\/\/www.elagproducts.com\/de\/wp-json\/wp\/v2\/types\/page"}],"author":[{"embeddable":true,"href":"https:\/\/www.elagproducts.com\/de\/wp-json\/wp\/v2\/users\/1"}],"replies":[{"embeddable":true,"href":"https:\/\/www.elagproducts.com\/de\/wp-json\/wp\/v2\/comments?post=2057"}],"version-history":[{"count":14,"href":"https:\/\/www.elagproducts.com\/de\/wp-json\/wp\/v2\/pages\/2057\/revisions"}],"predecessor-version":[{"id":10950,"href":"https:\/\/www.elagproducts.com\/de\/wp-json\/wp\/v2\/pages\/2057\/revisions\/10950"}],"wp:attachment":[{"href":"https:\/\/www.elagproducts.com\/de\/wp-json\/wp\/v2\/media?parent=2057"}],"curies":[{"name":"wp","href":"https:\/\/api.w.org\/{rel}","templated":true}]}}