{"id":2043,"date":"2015-12-17T11:51:27","date_gmt":"2015-12-17T09:51:27","guid":{"rendered":"http:\/\/www.elagproducts.com\/de\/?page_id=2043"},"modified":"2019-01-04T15:01:38","modified_gmt":"2019-01-04T13:01:38","slug":"gesunde-pizza-5-tipps-zur-fitten-pizza","status":"publish","type":"page","link":"https:\/\/www.elagproducts.com\/de\/gesunde-pizza-5-tipps-zur-fitten-pizza\/","title":{"rendered":"Blog | Gesunde Pizza &#8211; 5 Tipps zur fitten Pizza"},"content":{"rendered":"<p><div class=\"fusion-fullwidth fullwidth-box fusion-builder-row-1 gradient-container-1 nonhundred-percent-fullwidth non-hundred-percent-height-scrolling\" style=\"background-color: rgba(255,255,255,0);background-position: left top;background-repeat: no-repeat;padding-top:20px;padding-right:0px;padding-bottom:20px;padding-left:0px;margin-bottom: 0px;margin-top: 0px;border-width: 0px 0px 0px 0px;border-color:#eae9e9;border-style:solid;\" ><div class=\"fusion-builder-row fusion-row\"><div class=\"fusion-layout-column fusion_builder_column fusion-builder-column-0 fusion_builder_column_1_1 1_1 fusion-one-full fusion-column-first fusion-column-last gradient-column-1 fusion-column-no-min-height\" style=\"margin-top:0px;margin-bottom:0px;\"><div class=\"fusion-column-wrapper fusion-flex-column-wrapper-legacy\" style=\"background-position:left top;background-repeat:no-repeat;-webkit-background-size:cover;-moz-background-size:cover;-o-background-size:cover;background-size:cover;padding: 0px 0px 0px 0px;\"><div class=\"share-box fusion-sharing-box\" style=\"background-color:#f6f6f6;\" data-title=\"Blog | Gesunde Pizza &#8211; 5 Tipps zur fitten Pizza\" data-description=\"17. August 2017\r\nGesunde Pizza - 5 Tipps zur fitten Pizza\r\nWir alle lieben Pizza! Laut einer Umfrage gaben mehr als 37% der deutschen Befragten Pizza als Ihr Lieblingsessen an. Pizzas lassen sich ganz unterschiedlich und individuell belegen. Kein Wunder, dass die Pizza im deutschen Haushalt so gerne gegessen wird.\r\n\r\nDoch die leckere Pizza ist nicht eines\" data-link=\"https:\/\/www.elagproducts.com\/de\/gesunde-pizza-5-tipps-zur-fitten-pizza\/\"><h4 class=\"tagline\" style=\"color:#333333;\">Teile diesen Artikel:<\/h4><div class=\"fusion-social-networks\"><a class=\"fusion-social-network-icon fusion-tooltip fusion-facebook fusion-icon-facebook\" href=\"https:\/\/www.facebook.com\/sharer.php?u=https%3A%2F%2Fwww.elagproducts.com%2Fde%2Fgesunde-pizza-5-tipps-zur-fitten-pizza%2F&amp;t=Blog%20%7C%20Gesunde%20Pizza%20%26%238211%3B%205%20Tipps%20zur%20fitten%20Pizza\" target=\"_blank\" style=\"color:#bebdbd;\" title=\"Facebook\" aria-label=\"Facebook\" data-placement=\"top\" data-toggle=\"tooltip\" data-title=\"Facebook\"><\/a><a class=\"fusion-social-network-icon fusion-tooltip fusion-twitter fusion-icon-twitter\" href=\"https:\/\/twitter.com\/share?text=Blog%20%7C%20Gesunde%20Pizza%20%E2%80%93%205%20Tipps%20zur%20fitten%20Pizza&amp;url=https%3A%2F%2Fwww.elagproducts.com%2Fde%2Fgesunde-pizza-5-tipps-zur-fitten-pizza%2F\" target=\"_blank\" rel=\"noopener noreferrer\" style=\"color:#bebdbd;\" title=\"Twitter\" aria-label=\"Twitter\" data-placement=\"top\" data-toggle=\"tooltip\" data-title=\"Twitter\"><\/a><a class=\"fusion-social-network-icon fusion-tooltip fusion-linkedin fusion-icon-linkedin\" href=\"https:\/\/www.linkedin.com\/shareArticle?mini=true&amp;url=https%3A%2F%2Fwww.elagproducts.com%2Fde%2Fgesunde-pizza-5-tipps-zur-fitten-pizza%2F&amp;title=Blog%20%7C%20Gesunde%20Pizza%20%26%238211%3B%205%20Tipps%20zur%20fitten%20Pizza&amp;summary=17.%20August%202017%0D%0AGesunde%20Pizza%20-%205%20Tipps%20zur%20fitten%20Pizza%0D%0AWir%20alle%20lieben%20Pizza%21%20Laut%20einer%20Umfrage%20gaben%20mehr%20als%2037%25%20der%20deutschen%20Befragten%20Pizza%20als%20Ihr%20Lieblingsessen%20an.%20Pizzas%20lassen%20sich%20ganz%20unterschiedlich%20und%20individuell%20belegen.%20Kein%20Wunder%2C%20dass%20die%20Pizza%20im%20deutschen%20Haushalt%20so%20gerne%20gegessen%20wird.%0D%0A%0D%0ADoch%20die%20leckere%20Pizza%20ist%20nicht%20eines\" target=\"_blank\" rel=\"noopener noreferrer\" style=\"color:#bebdbd;\" title=\"LinkedIn\" aria-label=\"LinkedIn\" data-placement=\"top\" data-toggle=\"tooltip\" data-title=\"LinkedIn\"><\/a><a class=\"fusion-social-network-icon fusion-tooltip fusion-reddit fusion-icon-reddit\" href=\"http:\/\/reddit.com\/submit?url=https:\/\/www.elagproducts.com\/de\/gesunde-pizza-5-tipps-zur-fitten-pizza\/&amp;title=Blog | Gesunde Pizza &#8211; 5 Tipps zur fitten Pizza\" target=\"_blank\" rel=\"noopener noreferrer\" style=\"color:#bebdbd;\" title=\"Reddit\" aria-label=\"Reddit\" data-placement=\"top\" data-toggle=\"tooltip\" data-title=\"Reddit\"><\/a><a class=\"fusion-social-network-icon fusion-tooltip fusion-tumblr fusion-icon-tumblr\" href=\"http:\/\/www.tumblr.com\/share\/link?url=https%3A%2F%2Fwww.elagproducts.com%2Fde%2Fgesunde-pizza-5-tipps-zur-fitten-pizza%2F&amp;name=Blog%20%7C%20Gesunde%20Pizza%20%26%238211%3B%205%20Tipps%20zur%20fitten%20Pizza&amp;description=17.%20August%202017%0D%0AGesunde%20Pizza%20-%205%20Tipps%20zur%20fitten%20Pizza%0D%0AWir%20alle%20lieben%20Pizza%21%20Laut%20einer%20Umfrage%20gaben%20mehr%20als%2037%25%20der%20deutschen%20Befragten%20Pizza%20als%20Ihr%20Lieblingsessen%20an.%20Pizzas%20lassen%20sich%20ganz%20unterschiedlich%20und%20individuell%20belegen.%20Kein%20Wunder%2C%20dass%20die%20Pizza%20im%20deutschen%20Haushalt%20so%20gerne%20gegessen%20wird.%0D%0A%0D%0ADoch%20die%20leckere%20Pizza%20ist%20nicht%20eines\" target=\"_blank\" rel=\"noopener noreferrer\" style=\"color:#bebdbd;\" title=\"Tumblr\" aria-label=\"Tumblr\" data-placement=\"top\" data-toggle=\"tooltip\" data-title=\"Tumblr\"><\/a><a class=\"fusion-social-network-icon fusion-tooltip fusion-pinterest fusion-icon-pinterest\" href=\"http:\/\/pinterest.com\/pin\/create\/button\/?url=https%3A%2F%2Fwww.elagproducts.com%2Fde%2Fgesunde-pizza-5-tipps-zur-fitten-pizza%2F&amp;description=17.%20August%202017%0D%0AGesunde%20Pizza%20-%205%20Tipps%20zur%20fitten%20Pizza%0D%0AWir%20alle%20lieben%20Pizza%21%20Laut%20einer%20Umfrage%20gaben%20mehr%20als%2037%25%20der%20deutschen%20Befragten%20Pizza%20als%20Ihr%20Lieblingsessen%20an.%20Pizzas%20lassen%20sich%20ganz%20unterschiedlich%20und%20individuell%20belegen.%20Kein%20Wunder%2C%20dass%20die%20Pizza%20im%20deutschen%20Haushalt%20so%20gerne%20gegessen%20wird.%0D%0A%0D%0ADoch%20die%20leckere%20Pizza%20ist%20nicht%20eines&amp;media=\" target=\"_blank\" rel=\"noopener noreferrer\" style=\"color:#bebdbd;\" title=\"Pinterest\" aria-label=\"Pinterest\" data-placement=\"top\" data-toggle=\"tooltip\" data-title=\"Pinterest\"><\/a><a class=\"fusion-social-network-icon fusion-tooltip fusion-vk fusion-icon-vk\" href=\"http:\/\/vkontakte.ru\/share.php?url=https%3A%2F%2Fwww.elagproducts.com%2Fde%2Fgesunde-pizza-5-tipps-zur-fitten-pizza%2F&amp;title=Blog%20%7C%20Gesunde%20Pizza%20%26%238211%3B%205%20Tipps%20zur%20fitten%20Pizza&amp;description=17.%20August%202017%0D%0AGesunde%20Pizza%20-%205%20Tipps%20zur%20fitten%20Pizza%0D%0AWir%20alle%20lieben%20Pizza%21%20Laut%20einer%20Umfrage%20gaben%20mehr%20als%2037%25%20der%20deutschen%20Befragten%20Pizza%20als%20Ihr%20Lieblingsessen%20an.%20Pizzas%20lassen%20sich%20ganz%20unterschiedlich%20und%20individuell%20belegen.%20Kein%20Wunder%2C%20dass%20die%20Pizza%20im%20deutschen%20Haushalt%20so%20gerne%20gegessen%20wird.%0D%0A%0D%0ADoch%20die%20leckere%20Pizza%20ist%20nicht%20eines\" target=\"_blank\" rel=\"noopener noreferrer\" style=\"color:#bebdbd;\" title=\"Vk\" aria-label=\"Vk\" data-placement=\"top\" data-toggle=\"tooltip\" data-title=\"Vk\"><\/a><a class=\"fusion-social-network-icon fusion-tooltip fusion-mail fusion-icon-mail\" href=\"mailto:?subject=Blog%20%7C%20Gesunde%20Pizza%20%26%238211%3B%205%20Tipps%20zur%20fitten%20Pizza&amp;body=https%3A%2F%2Fwww.elagproducts.com%2Fde%2Fgesunde-pizza-5-tipps-zur-fitten-pizza%2F\" target=\"_self\" style=\"color:#bebdbd;\" title=\"Email\" aria-label=\"Email\" data-placement=\"top\" data-toggle=\"tooltip\" data-title=\"Email\"><\/a><\/div><\/div><div class=\"fusion-text fusion-text-1\"><h6>17. August 2017<\/h6>\n<h1><b>Gesunde Pizza &#8211; 5 Tipps zur fitten Pizza<\/b><\/h1>\n<p><b>Wir alle lieben Pizza! Laut einer Umfrage gaben mehr als 37% der deutschen Befragten Pizza als Ihr Lieblingsessen an. Pizzas lassen sich ganz unterschiedlich und individuell belegen. Kein Wunder, dass die Pizza im deutschen Haushalt so gerne gegessen wird.<\/b><\/p>\n<p>Doch die leckere Pizza ist nicht eines der ges\u00fcndesten Gerichte! Besonders der K\u00e4se ist sehr fettig und kalorienhaltig. Wir haben Ihnen 5 Tipps und Tricks zusammengestellt, wie Sie Ihre Pizza fitter machen k\u00f6nnen.<\/p>\n<\/div><div class=\"fusion-clearfix\"><\/div><\/div><\/div><\/div><\/div><div class=\"fusion-fullwidth fullwidth-box fusion-builder-row-2 gradient-container-2 nonhundred-percent-fullwidth non-hundred-percent-height-scrolling\" style=\"background-color: rgba(255,255,255,0);background-position: left top;background-repeat: no-repeat;padding-top:20px;padding-right:0px;padding-bottom:20px;padding-left:0px;margin-bottom: 0px;margin-top: 0px;border-width: 0px 0px 0px 0px;border-color:#eae9e9;border-style:solid;\" ><div class=\"fusion-builder-row fusion-row\"><div class=\"fusion-layout-column fusion_builder_column fusion-builder-column-1 fusion_builder_column_1_1 1_1 fusion-one-full fusion-column-first fusion-column-last gradient-column-2 fusion-column-no-min-height\" style=\"margin-top:0px;margin-bottom:0px;\"><div class=\"fusion-column-wrapper fusion-flex-column-wrapper-legacy\" style=\"background-position:left top;background-repeat:no-repeat;-webkit-background-size:cover;-moz-background-size:cover;-o-background-size:cover;background-size:cover;padding: 0px 0px 0px 0px;\"><span class=\" fusion-imageframe imageframe-none imageframe-1 hover-type-none\"><img decoding=\"async\" image_id=\"0\" src=\"https:\/\/i0.wp.com\/www.elagproducts.com\/wp-content\/uploads\/2015\/12\/gesunde_pizza.jpg?w=1100\" class=\"img-responsive\" data-recalc-dims=\"1\"\/><\/span><div class=\"fusion-clearfix\"><\/div><\/div><\/div><\/div><\/div><div class=\"fusion-fullwidth fullwidth-box fusion-builder-row-3 gradient-container-3 nonhundred-percent-fullwidth non-hundred-percent-height-scrolling\" style=\"background-color: rgba(255,255,255,0);background-position: left top;background-repeat: no-repeat;padding-top:20px;padding-right:0px;padding-bottom:20px;padding-left:0px;margin-bottom: 0px;margin-top: 0px;border-width: 0px 0px 0px 0px;border-color:#eae9e9;border-style:solid;\" ><div class=\"fusion-builder-row fusion-row\"><div class=\"fusion-layout-column fusion_builder_column fusion-builder-column-2 fusion_builder_column_1_1 1_1 fusion-one-full fusion-column-first fusion-column-last gradient-column-3 fusion-column-no-min-height\" style=\"margin-top:0px;margin-bottom:0px;\"><div class=\"fusion-column-wrapper fusion-flex-column-wrapper-legacy\" style=\"background-position:left top;background-repeat:no-repeat;-webkit-background-size:cover;-moz-background-size:cover;-o-background-size:cover;background-size:cover;padding: 0px 0px 0px 0px;\"><div class=\"fusion-text fusion-text-2\"><p><b>Tipp 1 &#8211; Der Teig<\/b><\/p>\n<p>Haben Sie schon einmal einen Vollkorn-Pizzateig probiert? Kombinieren Sie einfach 200g Vollkornmehl (dunkel) und 200g Weizenmehl (hell) mit etwas Hefe zu einem Teig. Der Vollkornteig punktet im Gegensatz zur 100%-igen Wei\u00dfmehlvariante mit mehr Vitaminen und Ballaststoffen.<\/p>\n<p><b>Tipp 2 &#8211; Die Hefe<\/b><\/p>\n<p>Bei Pizza neigen wir dazu zu viel Hefe in den Teig zu mischen. Viele Menschen vertragen die Hefe nicht. 3-4g Hefe f\u00fcr 400g Pizzateig reichen vollkommen aus.<\/p>\n<\/div><div class=\"fusion-clearfix\"><\/div><\/div><\/div><\/div><\/div><div class=\"fusion-fullwidth fullwidth-box fusion-builder-row-4 gradient-container-4 nonhundred-percent-fullwidth non-hundred-percent-height-scrolling\" style=\"background-color: #eaeaea;background-position: left top;background-repeat: no-repeat;padding-top:20px;padding-right:0px;padding-bottom:20px;padding-left:0px;margin-bottom: 0px;margin-top: 0px;border-width: 0px 0px 0px 0px;border-color:#eae9e9;border-style:solid;\" ><div class=\"fusion-builder-row fusion-row\"><div class=\"fusion-layout-column fusion_builder_column fusion-builder-column-3 fusion_builder_column_1_1 1_1 fusion-one-full fusion-column-first fusion-column-last gradient-column-4 fusion-column-no-min-height\" style=\"margin-top:0px;margin-bottom:0px;\"><div class=\"fusion-column-wrapper fusion-flex-column-wrapper-legacy\" style=\"background-position:left top;background-repeat:no-repeat;-webkit-background-size:cover;-moz-background-size:cover;-o-background-size:cover;background-size:cover;padding: 0px 0px 0px 0px;\"><div class=\"fusion-text fusion-text-3\"><p><b>LeMax &#8211; Pizza backen in Gesellschaft<\/b><\/p>\n<p>Pizza backen auf LeMax macht Spa\u00df! Laden Sie Freunde zu sich ein, setzen Sie sich alle um einen Tisch und kreieren Sie Ihre eigene Pizza auf dem LeMax.<\/p>\n<p><span style=\"text-decoration: underline;\"><a href=\"http:\/\/www.elagproducts.com\/de\/beste-elektrogrill-lemax-gr-495165-e\/\">Lernen Sie mehr \u00fcber\u00a0LeMax&#8230;<\/a><\/span><\/p>\n<\/div><div class=\"fusion-clearfix\"><\/div><\/div><\/div><\/div><\/div><div class=\"fusion-fullwidth fullwidth-box fusion-builder-row-5 gradient-container-5 nonhundred-percent-fullwidth non-hundred-percent-height-scrolling\" style=\"background-color: rgba(255,255,255,0);background-position: left top;background-repeat: no-repeat;padding-top:20px;padding-right:0px;padding-bottom:20px;padding-left:0px;margin-bottom: 0px;margin-top: 0px;border-width: 0px 0px 0px 0px;border-color:#eae9e9;border-style:solid;\" ><div class=\"fusion-builder-row fusion-row\"><div class=\"fusion-layout-column fusion_builder_column fusion-builder-column-4 fusion_builder_column_1_1 1_1 fusion-one-full fusion-column-first fusion-column-last gradient-column-5 fusion-column-no-min-height\" style=\"margin-top:0px;margin-bottom:0px;\"><div class=\"fusion-column-wrapper fusion-flex-column-wrapper-legacy\" style=\"background-position:left top;background-repeat:no-repeat;-webkit-background-size:cover;-moz-background-size:cover;-o-background-size:cover;background-size:cover;padding: 0px 0px 0px 0px;\"><div class=\"fusion-text fusion-text-4\"><p><b>Tipp 3 &#8211; Das Oliven\u00f6l<\/b><\/p>\n<p>Oliven\u00f6l sch\u00fctzt bewiesenerma\u00dfen die Gesundheit. Das \u00d6l sch\u00fctzt z.B. vor Herzerkrankungen und Diabetes. Deshalb bereiten Sie den Pizzateig am besten mit etwas Oliven\u00f6l zu. Denn Oliven\u00f6l ist reich an unges\u00e4ttigten Fetts\u00e4uren, die einen g\u00fcnstigen Einfluss auf die Blutfettwerte haben.<\/p>\n<p><b>Tipp 4 &#8211; Der Belag<\/b><\/p>\n<p>Seien Sie kreativ! Besonders Huhn kombiniert mit Frischk\u00e4se und H\u00fcttenk\u00e4se ergeben eine sehr fettarme und proteinreiche Kombination. Verzichten Sie auf Salami! 100g Salami enthalten \u00fcber 400kcal, hingegen der gekochte Schinken nur 125kcal.<\/p>\n<p><b>Tipp 5 &#8211; Der K\u00e4se<\/b><\/p>\n<p>Fettarmer Mozzarella und eine bisschen Parmesan bieten eine kalorienarme Alternative. Die K\u00e4sekombination ist schmelzend und verleiht der Pizza einen fein w\u00fcrzigen Geschmack.<\/p>\n<\/div><div class=\"fusion-text fusion-text-5\"><p>&#8212;<br \/>\nErfahren Sie\u00a0<span style=\"text-decoration: underline;\"><a href=\"https:\/\/www.elagproducts.com\/de\/besten-elektrogrills\/\">hier<\/a><\/span>\u00a0mehr \u00fcber die LeMax Produkte<\/p>\n<\/div><div class=\"fusion-clearfix\"><\/div><\/div><\/div><\/div><\/div><\/p>\n","protected":false},"excerpt":{"rendered":"","protected":false},"author":1,"featured_media":0,"parent":0,"menu_order":0,"comment_status":"closed","ping_status":"closed","template":"100-width.php","meta":{"content-type":"","_mi_skip_tracking":false},"yoast_head":"<!-- This site is optimized with the Yoast SEO plugin v20.5 - https:\/\/yoast.com\/wordpress\/plugins\/seo\/ -->\n<title>Gesunde Pizza - 5 Tipps zur fitten Pizza<\/title>\n<meta name=\"description\" content=\"Pizza muss nicht immer kalorienhaltig sein. Wir haben Ihnen 5 Tipps und Tricks zusammengestellt, wie Sie Ihre Pizza ges\u00fcnder machen k\u00f6nnen.\" \/>\n<meta name=\"robots\" content=\"index, follow, max-snippet:-1, max-image-preview:large, max-video-preview:-1\" \/>\n<link rel=\"canonical\" href=\"https:\/\/www.elagproducts.com\/de\/gesunde-pizza-5-tipps-zur-fitten-pizza\/\" \/>\n<meta property=\"og:locale\" content=\"de_DE\" \/>\n<meta property=\"og:type\" content=\"article\" \/>\n<meta property=\"og:title\" content=\"Gesunde Pizza - 5 Tipps zur fitten Pizza\" \/>\n<meta property=\"og:description\" content=\"Pizza muss nicht immer kalorienhaltig sein. Wir haben Ihnen 5 Tipps und Tricks zusammengestellt, wie Sie Ihre Pizza ges\u00fcnder machen k\u00f6nnen.\" \/>\n<meta property=\"og:url\" content=\"https:\/\/www.elagproducts.com\/de\/gesunde-pizza-5-tipps-zur-fitten-pizza\/\" \/>\n<meta property=\"og:site_name\" content=\"ELAG - LeMax Grills &amp; High-Quality Cooktops\" \/>\n<meta property=\"article:modified_time\" content=\"2019-01-04T13:01:38+00:00\" \/>\n<meta property=\"og:image\" content=\"http:\/\/www.elagproducts.com\/wp-content\/uploads\/2015\/12\/gesunde_pizza.jpg\" \/>\n<meta name=\"twitter:label1\" content=\"Gesch\u00e4tzte Lesezeit\" \/>\n\t<meta name=\"twitter:data1\" content=\"6\u00a0Minuten\" \/>\n<script type=\"application\/ld+json\" class=\"yoast-schema-graph\">{\"@context\":\"https:\/\/schema.org\",\"@graph\":[{\"@type\":\"WebPage\",\"@id\":\"https:\/\/www.elagproducts.com\/de\/gesunde-pizza-5-tipps-zur-fitten-pizza\/\",\"url\":\"https:\/\/www.elagproducts.com\/de\/gesunde-pizza-5-tipps-zur-fitten-pizza\/\",\"name\":\"Gesunde Pizza - 5 Tipps zur fitten Pizza\",\"isPartOf\":{\"@id\":\"https:\/\/www.elagproducts.com\/de\/#website\"},\"datePublished\":\"2015-12-17T09:51:27+00:00\",\"dateModified\":\"2019-01-04T13:01:38+00:00\",\"description\":\"Pizza muss nicht immer kalorienhaltig sein. Wir haben Ihnen 5 Tipps und Tricks zusammengestellt, wie Sie Ihre Pizza ges\u00fcnder machen k\u00f6nnen.\",\"breadcrumb\":{\"@id\":\"https:\/\/www.elagproducts.com\/de\/gesunde-pizza-5-tipps-zur-fitten-pizza\/#breadcrumb\"},\"inLanguage\":\"de\",\"potentialAction\":[{\"@type\":\"ReadAction\",\"target\":[\"https:\/\/www.elagproducts.com\/de\/gesunde-pizza-5-tipps-zur-fitten-pizza\/\"]}]},{\"@type\":\"BreadcrumbList\",\"@id\":\"https:\/\/www.elagproducts.com\/de\/gesunde-pizza-5-tipps-zur-fitten-pizza\/#breadcrumb\",\"itemListElement\":[{\"@type\":\"ListItem\",\"position\":1,\"name\":\"Home\",\"item\":\"https:\/\/www.elagproducts.com\/de\/\"},{\"@type\":\"ListItem\",\"position\":2,\"name\":\"Blog | Gesunde Pizza &#8211; 5 Tipps zur fitten Pizza\"}]},{\"@type\":\"WebSite\",\"@id\":\"https:\/\/www.elagproducts.com\/de\/#website\",\"url\":\"https:\/\/www.elagproducts.com\/de\/\",\"name\":\"ELAG - LeMax Grills &amp; High-Quality Cooktops\",\"description\":\"\",\"potentialAction\":[{\"@type\":\"SearchAction\",\"target\":{\"@type\":\"EntryPoint\",\"urlTemplate\":\"https:\/\/www.elagproducts.com\/de\/?s={search_term_string}\"},\"query-input\":\"required name=search_term_string\"}],\"inLanguage\":\"de\"}]}<\/script>\n<!-- \/ Yoast SEO plugin. -->","yoast_head_json":{"title":"Gesunde Pizza - 5 Tipps zur fitten Pizza","description":"Pizza muss nicht immer kalorienhaltig sein. Wir haben Ihnen 5 Tipps und Tricks zusammengestellt, wie Sie Ihre Pizza ges\u00fcnder machen k\u00f6nnen.","robots":{"index":"index","follow":"follow","max-snippet":"max-snippet:-1","max-image-preview":"max-image-preview:large","max-video-preview":"max-video-preview:-1"},"canonical":"https:\/\/www.elagproducts.com\/de\/gesunde-pizza-5-tipps-zur-fitten-pizza\/","og_locale":"de_DE","og_type":"article","og_title":"Gesunde Pizza - 5 Tipps zur fitten Pizza","og_description":"Pizza muss nicht immer kalorienhaltig sein. Wir haben Ihnen 5 Tipps und Tricks zusammengestellt, wie Sie Ihre Pizza ges\u00fcnder machen k\u00f6nnen.","og_url":"https:\/\/www.elagproducts.com\/de\/gesunde-pizza-5-tipps-zur-fitten-pizza\/","og_site_name":"ELAG - LeMax Grills &amp; High-Quality Cooktops","article_modified_time":"2019-01-04T13:01:38+00:00","og_image":[{"url":"http:\/\/www.elagproducts.com\/wp-content\/uploads\/2015\/12\/gesunde_pizza.jpg"}],"twitter_misc":{"Gesch\u00e4tzte Lesezeit":"6\u00a0Minuten"},"schema":{"@context":"https:\/\/schema.org","@graph":[{"@type":"WebPage","@id":"https:\/\/www.elagproducts.com\/de\/gesunde-pizza-5-tipps-zur-fitten-pizza\/","url":"https:\/\/www.elagproducts.com\/de\/gesunde-pizza-5-tipps-zur-fitten-pizza\/","name":"Gesunde Pizza - 5 Tipps zur fitten Pizza","isPartOf":{"@id":"https:\/\/www.elagproducts.com\/de\/#website"},"datePublished":"2015-12-17T09:51:27+00:00","dateModified":"2019-01-04T13:01:38+00:00","description":"Pizza muss nicht immer kalorienhaltig sein. Wir haben Ihnen 5 Tipps und Tricks zusammengestellt, wie Sie Ihre Pizza ges\u00fcnder machen k\u00f6nnen.","breadcrumb":{"@id":"https:\/\/www.elagproducts.com\/de\/gesunde-pizza-5-tipps-zur-fitten-pizza\/#breadcrumb"},"inLanguage":"de","potentialAction":[{"@type":"ReadAction","target":["https:\/\/www.elagproducts.com\/de\/gesunde-pizza-5-tipps-zur-fitten-pizza\/"]}]},{"@type":"BreadcrumbList","@id":"https:\/\/www.elagproducts.com\/de\/gesunde-pizza-5-tipps-zur-fitten-pizza\/#breadcrumb","itemListElement":[{"@type":"ListItem","position":1,"name":"Home","item":"https:\/\/www.elagproducts.com\/de\/"},{"@type":"ListItem","position":2,"name":"Blog | Gesunde Pizza &#8211; 5 Tipps zur fitten Pizza"}]},{"@type":"WebSite","@id":"https:\/\/www.elagproducts.com\/de\/#website","url":"https:\/\/www.elagproducts.com\/de\/","name":"ELAG - LeMax Grills &amp; High-Quality Cooktops","description":"","potentialAction":[{"@type":"SearchAction","target":{"@type":"EntryPoint","urlTemplate":"https:\/\/www.elagproducts.com\/de\/?s={search_term_string}"},"query-input":"required name=search_term_string"}],"inLanguage":"de"}]}},"_links":{"self":[{"href":"https:\/\/www.elagproducts.com\/de\/wp-json\/wp\/v2\/pages\/2043"}],"collection":[{"href":"https:\/\/www.elagproducts.com\/de\/wp-json\/wp\/v2\/pages"}],"about":[{"href":"https:\/\/www.elagproducts.com\/de\/wp-json\/wp\/v2\/types\/page"}],"author":[{"embeddable":true,"href":"https:\/\/www.elagproducts.com\/de\/wp-json\/wp\/v2\/users\/1"}],"replies":[{"embeddable":true,"href":"https:\/\/www.elagproducts.com\/de\/wp-json\/wp\/v2\/comments?post=2043"}],"version-history":[{"count":10,"href":"https:\/\/www.elagproducts.com\/de\/wp-json\/wp\/v2\/pages\/2043\/revisions"}],"predecessor-version":[{"id":8941,"href":"https:\/\/www.elagproducts.com\/de\/wp-json\/wp\/v2\/pages\/2043\/revisions\/8941"}],"wp:attachment":[{"href":"https:\/\/www.elagproducts.com\/de\/wp-json\/wp\/v2\/media?parent=2043"}],"curies":[{"name":"wp","href":"https:\/\/api.w.org\/{rel}","templated":true}]}}