{"id":1940,"date":"2015-12-04T11:25:18","date_gmt":"2015-12-04T09:25:18","guid":{"rendered":"http:\/\/www.elagproducts.com\/de\/?page_id=1940"},"modified":"2019-01-04T15:02:29","modified_gmt":"2019-01-04T13:02:29","slug":"steaks-grillen-ohne-fett","status":"publish","type":"page","link":"https:\/\/www.elagproducts.com\/de\/steaks-grillen-ohne-fett\/","title":{"rendered":"Blog | Steaks grillen ohne Fett"},"content":{"rendered":"<p><div class=\"fusion-fullwidth fullwidth-box fusion-builder-row-1 gradient-container-1 nonhundred-percent-fullwidth non-hundred-percent-height-scrolling\" style=\"background-color: rgba(255,255,255,0);background-position: left top;background-repeat: no-repeat;padding-top:20px;padding-right:0px;padding-bottom:20px;padding-left:0px;margin-bottom: 0px;margin-top: 0px;border-width: 0px 0px 0px 0px;border-color:#eae9e9;border-style:solid;\" ><div class=\"fusion-builder-row fusion-row\"><div class=\"fusion-layout-column fusion_builder_column fusion-builder-column-0 fusion_builder_column_1_1 1_1 fusion-one-full fusion-column-first fusion-column-last gradient-column-1 fusion-column-no-min-height\" style=\"margin-top:0px;margin-bottom:0px;\"><div class=\"fusion-column-wrapper fusion-flex-column-wrapper-legacy\" style=\"background-position:left top;background-repeat:no-repeat;-webkit-background-size:cover;-moz-background-size:cover;-o-background-size:cover;background-size:cover;padding: 0px 0px 0px 0px;\"><div class=\"share-box fusion-sharing-box\" style=\"background-color:#f6f6f6;\" data-title=\"Blog | Steaks grillen ohne Fett\" data-description=\"4. April 2017\r\nSteaks grillen ohne Fett\r\nLeMax eignet sich hervorragend f\u00fcr Steaks.\u00a0Auf der glaskeramischen Kochfl\u00e4che gelingt das Grillgut besonders gut ohne Zusatz von Fett. Das Fleisch auf LeMax entfaltet seinen vollen Geschmack. Dank der hohen Temperaturen und der flachen Oberfl\u00e4che wird der Fleischsaft im Steak eingeschlossen. Das Fleisch bleibt saftig und zart.\" data-link=\"https:\/\/www.elagproducts.com\/de\/steaks-grillen-ohne-fett\/\"><h4 class=\"tagline\" style=\"color:#333333;\">Teile diesen Artikel:<\/h4><div class=\"fusion-social-networks\"><a class=\"fusion-social-network-icon fusion-tooltip fusion-facebook fusion-icon-facebook\" href=\"https:\/\/www.facebook.com\/sharer.php?u=https%3A%2F%2Fwww.elagproducts.com%2Fde%2Fsteaks-grillen-ohne-fett%2F&amp;t=Blog%20%7C%20Steaks%20grillen%20ohne%20Fett\" target=\"_blank\" style=\"color:#bebdbd;\" title=\"Facebook\" aria-label=\"Facebook\" data-placement=\"top\" data-toggle=\"tooltip\" data-title=\"Facebook\"><\/a><a class=\"fusion-social-network-icon fusion-tooltip fusion-twitter fusion-icon-twitter\" href=\"https:\/\/twitter.com\/share?text=Blog%20%7C%20Steaks%20grillen%20ohne%20Fett&amp;url=https%3A%2F%2Fwww.elagproducts.com%2Fde%2Fsteaks-grillen-ohne-fett%2F\" target=\"_blank\" rel=\"noopener noreferrer\" style=\"color:#bebdbd;\" title=\"Twitter\" aria-label=\"Twitter\" data-placement=\"top\" data-toggle=\"tooltip\" data-title=\"Twitter\"><\/a><a class=\"fusion-social-network-icon fusion-tooltip fusion-linkedin fusion-icon-linkedin\" href=\"https:\/\/www.linkedin.com\/shareArticle?mini=true&amp;url=https%3A%2F%2Fwww.elagproducts.com%2Fde%2Fsteaks-grillen-ohne-fett%2F&amp;title=Blog%20%7C%20Steaks%20grillen%20ohne%20Fett&amp;summary=4.%20April%202017%0D%0ASteaks%20grillen%20ohne%20Fett%0D%0ALeMax%20eignet%20sich%20hervorragend%20f%C3%BCr%20Steaks.%C2%A0Auf%20der%20glaskeramischen%20Kochfl%C3%A4che%20gelingt%20das%20Grillgut%20besonders%20gut%20ohne%20Zusatz%20von%20Fett.%20Das%20Fleisch%20auf%20LeMax%20entfaltet%20seinen%20vollen%20Geschmack.%20Dank%20der%20hohen%20Temperaturen%20und%20der%20flachen%20Oberfl%C3%A4che%20wird%20der%20Fleischsaft%20im%20Steak%20eingeschlossen.%20Das%20Fleisch%20bleibt%20saftig%20und%20zart.\" target=\"_blank\" rel=\"noopener noreferrer\" style=\"color:#bebdbd;\" title=\"LinkedIn\" aria-label=\"LinkedIn\" data-placement=\"top\" data-toggle=\"tooltip\" data-title=\"LinkedIn\"><\/a><a class=\"fusion-social-network-icon fusion-tooltip fusion-reddit fusion-icon-reddit\" href=\"http:\/\/reddit.com\/submit?url=https:\/\/www.elagproducts.com\/de\/steaks-grillen-ohne-fett\/&amp;title=Blog | Steaks grillen ohne Fett\" target=\"_blank\" rel=\"noopener noreferrer\" style=\"color:#bebdbd;\" title=\"Reddit\" aria-label=\"Reddit\" data-placement=\"top\" data-toggle=\"tooltip\" data-title=\"Reddit\"><\/a><a class=\"fusion-social-network-icon fusion-tooltip fusion-tumblr fusion-icon-tumblr\" href=\"http:\/\/www.tumblr.com\/share\/link?url=https%3A%2F%2Fwww.elagproducts.com%2Fde%2Fsteaks-grillen-ohne-fett%2F&amp;name=Blog%20%7C%20Steaks%20grillen%20ohne%20Fett&amp;description=4.%20April%202017%0D%0ASteaks%20grillen%20ohne%20Fett%0D%0ALeMax%20eignet%20sich%20hervorragend%20f%C3%BCr%20Steaks.%C2%A0Auf%20der%20glaskeramischen%20Kochfl%C3%A4che%20gelingt%20das%20Grillgut%20besonders%20gut%20ohne%20Zusatz%20von%20Fett.%20Das%20Fleisch%20auf%20LeMax%20entfaltet%20seinen%20vollen%20Geschmack.%20Dank%20der%20hohen%20Temperaturen%20und%20der%20flachen%20Oberfl%C3%A4che%20wird%20der%20Fleischsaft%20im%20Steak%20eingeschlossen.%20Das%20Fleisch%20bleibt%20saftig%20und%20zart.\" target=\"_blank\" rel=\"noopener noreferrer\" style=\"color:#bebdbd;\" title=\"Tumblr\" aria-label=\"Tumblr\" data-placement=\"top\" data-toggle=\"tooltip\" data-title=\"Tumblr\"><\/a><a class=\"fusion-social-network-icon fusion-tooltip fusion-pinterest fusion-icon-pinterest\" href=\"http:\/\/pinterest.com\/pin\/create\/button\/?url=https%3A%2F%2Fwww.elagproducts.com%2Fde%2Fsteaks-grillen-ohne-fett%2F&amp;description=4.%20April%202017%0D%0ASteaks%20grillen%20ohne%20Fett%0D%0ALeMax%20eignet%20sich%20hervorragend%20f%C3%BCr%20Steaks.%C2%A0Auf%20der%20glaskeramischen%20Kochfl%C3%A4che%20gelingt%20das%20Grillgut%20besonders%20gut%20ohne%20Zusatz%20von%20Fett.%20Das%20Fleisch%20auf%20LeMax%20entfaltet%20seinen%20vollen%20Geschmack.%20Dank%20der%20hohen%20Temperaturen%20und%20der%20flachen%20Oberfl%C3%A4che%20wird%20der%20Fleischsaft%20im%20Steak%20eingeschlossen.%20Das%20Fleisch%20bleibt%20saftig%20und%20zart.&amp;media=\" target=\"_blank\" rel=\"noopener noreferrer\" style=\"color:#bebdbd;\" title=\"Pinterest\" aria-label=\"Pinterest\" data-placement=\"top\" data-toggle=\"tooltip\" data-title=\"Pinterest\"><\/a><a class=\"fusion-social-network-icon fusion-tooltip fusion-vk fusion-icon-vk\" href=\"http:\/\/vkontakte.ru\/share.php?url=https%3A%2F%2Fwww.elagproducts.com%2Fde%2Fsteaks-grillen-ohne-fett%2F&amp;title=Blog%20%7C%20Steaks%20grillen%20ohne%20Fett&amp;description=4.%20April%202017%0D%0ASteaks%20grillen%20ohne%20Fett%0D%0ALeMax%20eignet%20sich%20hervorragend%20f%C3%BCr%20Steaks.%C2%A0Auf%20der%20glaskeramischen%20Kochfl%C3%A4che%20gelingt%20das%20Grillgut%20besonders%20gut%20ohne%20Zusatz%20von%20Fett.%20Das%20Fleisch%20auf%20LeMax%20entfaltet%20seinen%20vollen%20Geschmack.%20Dank%20der%20hohen%20Temperaturen%20und%20der%20flachen%20Oberfl%C3%A4che%20wird%20der%20Fleischsaft%20im%20Steak%20eingeschlossen.%20Das%20Fleisch%20bleibt%20saftig%20und%20zart.\" target=\"_blank\" rel=\"noopener noreferrer\" style=\"color:#bebdbd;\" title=\"Vk\" aria-label=\"Vk\" data-placement=\"top\" data-toggle=\"tooltip\" data-title=\"Vk\"><\/a><a class=\"fusion-social-network-icon fusion-tooltip fusion-mail fusion-icon-mail\" href=\"mailto:?subject=Blog%20%7C%20Steaks%20grillen%20ohne%20Fett&amp;body=https%3A%2F%2Fwww.elagproducts.com%2Fde%2Fsteaks-grillen-ohne-fett%2F\" target=\"_self\" style=\"color:#bebdbd;\" title=\"Email\" aria-label=\"Email\" data-placement=\"top\" data-toggle=\"tooltip\" data-title=\"Email\"><\/a><\/div><\/div><div class=\"fusion-text fusion-text-1\"><h6>4. April 2017<\/h6>\n<h1>Steaks grillen ohne Fett<\/h1>\n<p style=\"text-align: left;\"><strong>LeMax eignet sich hervorragend f\u00fcr Steaks.\u00a0Auf der glaskeramischen Kochfl\u00e4che gelingt das Grillgut besonders gut ohne Zusatz von Fett. Das Fleisch auf LeMax entfaltet seinen vollen Geschmack. Dank der hohen Temperaturen und der flachen Oberfl\u00e4che wird der Fleischsaft im Steak eingeschlossen. Das Fleisch bleibt saftig und zart.<\/strong><\/p>\n<\/div><div class=\"fusion-clearfix\"><\/div><\/div><\/div><\/div><\/div><div class=\"fusion-fullwidth fullwidth-box fusion-builder-row-2 gradient-container-2 nonhundred-percent-fullwidth non-hundred-percent-height-scrolling\" style=\"background-color: rgba(255,255,255,0);background-position: left top;background-repeat: no-repeat;padding-top:20px;padding-right:0px;padding-bottom:20px;padding-left:0px;margin-bottom: 0px;margin-top: 0px;border-width: 0px 0px 0px 0px;border-color:#eae9e9;border-style:solid;\" ><div class=\"fusion-builder-row fusion-row\"><div class=\"fusion-layout-column fusion_builder_column fusion-builder-column-1 fusion_builder_column_1_1 1_1 fusion-one-full fusion-column-first fusion-column-last gradient-column-2 fusion-column-no-min-height\" style=\"margin-top:0px;margin-bottom:0px;\"><div class=\"fusion-column-wrapper fusion-flex-column-wrapper-legacy\" style=\"background-position:left top;background-repeat:no-repeat;-webkit-background-size:cover;-moz-background-size:cover;-o-background-size:cover;background-size:cover;padding: 0px 0px 0px 0px;\"><span class=\" fusion-imageframe imageframe-none imageframe-1 hover-type-none\"><img decoding=\"async\" image_id=\"0\" src=\"https:\/\/i0.wp.com\/www.elagproducts.com\/wp-content\/uploads\/2015\/12\/grilling_steak_without_fat.jpg?w=1100\" class=\"img-responsive\" data-recalc-dims=\"1\"\/><\/span><div class=\"fusion-clearfix\"><\/div><\/div><\/div><\/div><\/div><div class=\"fusion-fullwidth fullwidth-box fusion-builder-row-3 gradient-container-3 nonhundred-percent-fullwidth non-hundred-percent-height-scrolling\" style=\"background-color: rgba(255,255,255,0);background-position: left top;background-repeat: no-repeat;padding-top:20px;padding-right:0px;padding-bottom:20px;padding-left:0px;margin-bottom: 0px;margin-top: 0px;border-width: 0px 0px 0px 0px;border-color:#eae9e9;border-style:solid;\" ><div class=\"fusion-builder-row fusion-row\"><div class=\"fusion-layout-column fusion_builder_column fusion-builder-column-2 fusion_builder_column_1_1 1_1 fusion-one-full fusion-column-first fusion-column-last gradient-column-3 fusion-column-no-min-height\" style=\"margin-top:0px;margin-bottom:0px;\"><div class=\"fusion-column-wrapper fusion-flex-column-wrapper-legacy\" style=\"background-position:left top;background-repeat:no-repeat;-webkit-background-size:cover;-moz-background-size:cover;-o-background-size:cover;background-size:cover;padding: 0px 0px 0px 0px;\"><div class=\"fusion-text fusion-text-2\"><p><strong>So gelingt\u00a0Ihnen ein Rumpsteak auf LeMax sicher<\/strong><\/p>\n<p>Auf LeMax grillen wir gerne ganz ohne Fett. Das ist zum einen gesund und kalorienarm und zum anderen entfaltet das Fleisch seine vollen nat\u00fcrlichen Geschmacksaromen.<\/p>\n<p>&nbsp;<\/p>\n<p><span style=\"text-decoration: underline;\">Vorbereitung:<\/span><\/p>\n<p>Heizen Sie Ihren LeMax f\u00fcr 8-12 Minuten auf Stufe 12 voll auf.<\/p>\n<p>W\u00e4hrend Sie warten widmen Sie sich Ihrem Fleisch.<br \/>\nNehmen Sie zun\u00e4chst eine K\u00fcchenrolle und trocknen Sie Ihr Fleisch vorsichtig ab.<br \/>\nDanach w\u00fcrzen Sie Ihr Fleisch kr\u00e4ftig auf beiden Seiten.<\/p>\n<p>Verwenden Sie hierbei keine \u00d6le oder Fette!<\/p>\n<p>&nbsp;<\/p>\n<p><span style=\"text-decoration: underline;\">Grillen:<\/span><\/p>\n<p>Nach dem Vorheizen legen Sie nun Ihr Fleisch auf Ihren LeMax.<br \/>\nWenden Sie nach 4 Minuten Ihr Steak und grillen Sie das St\u00fcck Fleisch weitere 3-4 Minuten.<\/p>\n<p>Schalten Sie nun den LeMax aus und nehmen Sie das Grillgut von der Oberfl\u00e4che.<\/p>\n<p>Lassen Sie das Fleisch f\u00fcr 1-3 ruhen, bevor Sie es servieren.<\/p>\n<p>&nbsp;<\/p>\n<p><span style=\"text-decoration: underline;\">Reinigung:<\/span><\/p>\n<p>W\u00e4hrend das Fleisch ruht, nehmen Sie den mitgelieferten Glasschaber und schaben Sie die Grillreste von der Oberfl\u00e4che. Grunds\u00e4tzlich\u00a0lassen sich im warmen Zustand Speisereste und \u00fcbersch\u00fcssiges Fett am Einfachsten von der LeMax Oberfl\u00e4che l\u00f6sen.<\/p>\n<p>&nbsp;<\/p>\n<p><strong>Guten Appetit!<\/strong><\/p>\n<\/div><div class=\"fusion-text fusion-text-3\"><p>&#8212;<br \/>\nErfahren Sie <span style=\"text-decoration: underline;\"><a href=\"https:\/\/www.elagproducts.com\/de\/besten-elektrogrills\/\">hier<\/a><\/span> mehr \u00fcber die LeMax Produkte<\/p>\n<\/div><div class=\"fusion-clearfix\"><\/div><\/div><\/div><\/div><\/div><\/p>\n","protected":false},"excerpt":{"rendered":"","protected":false},"author":1,"featured_media":0,"parent":0,"menu_order":0,"comment_status":"closed","ping_status":"closed","template":"","meta":{"content-type":"","_mi_skip_tracking":false},"yoast_head":"<!-- This site is optimized with the Yoast SEO plugin v20.5 - https:\/\/yoast.com\/wordpress\/plugins\/seo\/ -->\n<title>Steaks grillen ohne Fett<\/title>\n<meta name=\"description\" content=\"LeMax eignet sich hervorragend f\u00fcr Steaks. Auf der glaskeramischen Kochfl\u00e4che gelingt das Grillgut besonders gut ohne Zusatz von Fett.\" \/>\n<meta name=\"robots\" content=\"index, follow, max-snippet:-1, max-image-preview:large, max-video-preview:-1\" \/>\n<link rel=\"canonical\" href=\"https:\/\/www.elagproducts.com\/de\/steaks-grillen-ohne-fett\/\" \/>\n<meta property=\"og:locale\" content=\"de_DE\" \/>\n<meta property=\"og:type\" content=\"article\" \/>\n<meta property=\"og:title\" content=\"Steaks grillen ohne Fett\" \/>\n<meta property=\"og:description\" content=\"LeMax eignet sich hervorragend f\u00fcr Steaks. Auf der glaskeramischen Kochfl\u00e4che gelingt das Grillgut besonders gut ohne Zusatz von Fett.\" \/>\n<meta property=\"og:url\" content=\"https:\/\/www.elagproducts.com\/de\/steaks-grillen-ohne-fett\/\" \/>\n<meta property=\"og:site_name\" content=\"ELAG - LeMax Grills &amp; High-Quality Cooktops\" \/>\n<meta property=\"article:modified_time\" content=\"2019-01-04T13:02:29+00:00\" \/>\n<meta property=\"og:image\" content=\"http:\/\/www.elagproducts.com\/wp-content\/uploads\/2015\/12\/grilling_steak_without_fat.jpg\" \/>\n<meta name=\"twitter:label1\" content=\"Gesch\u00e4tzte Lesezeit\" \/>\n\t<meta name=\"twitter:data1\" content=\"4\u00a0Minuten\" \/>\n<script type=\"application\/ld+json\" class=\"yoast-schema-graph\">{\"@context\":\"https:\/\/schema.org\",\"@graph\":[{\"@type\":\"WebPage\",\"@id\":\"https:\/\/www.elagproducts.com\/de\/steaks-grillen-ohne-fett\/\",\"url\":\"https:\/\/www.elagproducts.com\/de\/steaks-grillen-ohne-fett\/\",\"name\":\"Steaks grillen ohne Fett\",\"isPartOf\":{\"@id\":\"https:\/\/www.elagproducts.com\/de\/#website\"},\"datePublished\":\"2015-12-04T09:25:18+00:00\",\"dateModified\":\"2019-01-04T13:02:29+00:00\",\"description\":\"LeMax eignet sich hervorragend f\u00fcr Steaks. Auf der glaskeramischen Kochfl\u00e4che gelingt das Grillgut besonders gut ohne Zusatz von Fett.\",\"breadcrumb\":{\"@id\":\"https:\/\/www.elagproducts.com\/de\/steaks-grillen-ohne-fett\/#breadcrumb\"},\"inLanguage\":\"de\",\"potentialAction\":[{\"@type\":\"ReadAction\",\"target\":[\"https:\/\/www.elagproducts.com\/de\/steaks-grillen-ohne-fett\/\"]}]},{\"@type\":\"BreadcrumbList\",\"@id\":\"https:\/\/www.elagproducts.com\/de\/steaks-grillen-ohne-fett\/#breadcrumb\",\"itemListElement\":[{\"@type\":\"ListItem\",\"position\":1,\"name\":\"Home\",\"item\":\"https:\/\/www.elagproducts.com\/de\/\"},{\"@type\":\"ListItem\",\"position\":2,\"name\":\"Blog | Steaks grillen ohne Fett\"}]},{\"@type\":\"WebSite\",\"@id\":\"https:\/\/www.elagproducts.com\/de\/#website\",\"url\":\"https:\/\/www.elagproducts.com\/de\/\",\"name\":\"ELAG - LeMax Grills &amp; High-Quality Cooktops\",\"description\":\"\",\"potentialAction\":[{\"@type\":\"SearchAction\",\"target\":{\"@type\":\"EntryPoint\",\"urlTemplate\":\"https:\/\/www.elagproducts.com\/de\/?s={search_term_string}\"},\"query-input\":\"required name=search_term_string\"}],\"inLanguage\":\"de\"}]}<\/script>\n<!-- \/ Yoast SEO plugin. -->","yoast_head_json":{"title":"Steaks grillen ohne Fett","description":"LeMax eignet sich hervorragend f\u00fcr Steaks. Auf der glaskeramischen Kochfl\u00e4che gelingt das Grillgut besonders gut ohne Zusatz von Fett.","robots":{"index":"index","follow":"follow","max-snippet":"max-snippet:-1","max-image-preview":"max-image-preview:large","max-video-preview":"max-video-preview:-1"},"canonical":"https:\/\/www.elagproducts.com\/de\/steaks-grillen-ohne-fett\/","og_locale":"de_DE","og_type":"article","og_title":"Steaks grillen ohne Fett","og_description":"LeMax eignet sich hervorragend f\u00fcr Steaks. Auf der glaskeramischen Kochfl\u00e4che gelingt das Grillgut besonders gut ohne Zusatz von Fett.","og_url":"https:\/\/www.elagproducts.com\/de\/steaks-grillen-ohne-fett\/","og_site_name":"ELAG - LeMax Grills &amp; High-Quality Cooktops","article_modified_time":"2019-01-04T13:02:29+00:00","og_image":[{"url":"http:\/\/www.elagproducts.com\/wp-content\/uploads\/2015\/12\/grilling_steak_without_fat.jpg"}],"twitter_misc":{"Gesch\u00e4tzte Lesezeit":"4\u00a0Minuten"},"schema":{"@context":"https:\/\/schema.org","@graph":[{"@type":"WebPage","@id":"https:\/\/www.elagproducts.com\/de\/steaks-grillen-ohne-fett\/","url":"https:\/\/www.elagproducts.com\/de\/steaks-grillen-ohne-fett\/","name":"Steaks grillen ohne Fett","isPartOf":{"@id":"https:\/\/www.elagproducts.com\/de\/#website"},"datePublished":"2015-12-04T09:25:18+00:00","dateModified":"2019-01-04T13:02:29+00:00","description":"LeMax eignet sich hervorragend f\u00fcr Steaks. Auf der glaskeramischen Kochfl\u00e4che gelingt das Grillgut besonders gut ohne Zusatz von Fett.","breadcrumb":{"@id":"https:\/\/www.elagproducts.com\/de\/steaks-grillen-ohne-fett\/#breadcrumb"},"inLanguage":"de","potentialAction":[{"@type":"ReadAction","target":["https:\/\/www.elagproducts.com\/de\/steaks-grillen-ohne-fett\/"]}]},{"@type":"BreadcrumbList","@id":"https:\/\/www.elagproducts.com\/de\/steaks-grillen-ohne-fett\/#breadcrumb","itemListElement":[{"@type":"ListItem","position":1,"name":"Home","item":"https:\/\/www.elagproducts.com\/de\/"},{"@type":"ListItem","position":2,"name":"Blog | Steaks grillen ohne Fett"}]},{"@type":"WebSite","@id":"https:\/\/www.elagproducts.com\/de\/#website","url":"https:\/\/www.elagproducts.com\/de\/","name":"ELAG - LeMax Grills &amp; High-Quality Cooktops","description":"","potentialAction":[{"@type":"SearchAction","target":{"@type":"EntryPoint","urlTemplate":"https:\/\/www.elagproducts.com\/de\/?s={search_term_string}"},"query-input":"required name=search_term_string"}],"inLanguage":"de"}]}},"_links":{"self":[{"href":"https:\/\/www.elagproducts.com\/de\/wp-json\/wp\/v2\/pages\/1940"}],"collection":[{"href":"https:\/\/www.elagproducts.com\/de\/wp-json\/wp\/v2\/pages"}],"about":[{"href":"https:\/\/www.elagproducts.com\/de\/wp-json\/wp\/v2\/types\/page"}],"author":[{"embeddable":true,"href":"https:\/\/www.elagproducts.com\/de\/wp-json\/wp\/v2\/users\/1"}],"replies":[{"embeddable":true,"href":"https:\/\/www.elagproducts.com\/de\/wp-json\/wp\/v2\/comments?post=1940"}],"version-history":[{"count":21,"href":"https:\/\/www.elagproducts.com\/de\/wp-json\/wp\/v2\/pages\/1940\/revisions"}],"predecessor-version":[{"id":8942,"href":"https:\/\/www.elagproducts.com\/de\/wp-json\/wp\/v2\/pages\/1940\/revisions\/8942"}],"wp:attachment":[{"href":"https:\/\/www.elagproducts.com\/de\/wp-json\/wp\/v2\/media?parent=1940"}],"curies":[{"name":"wp","href":"https:\/\/api.w.org\/{rel}","templated":true}]}}