{"id":1918,"date":"2015-12-04T09:52:31","date_gmt":"2015-12-04T07:52:31","guid":{"rendered":"http:\/\/www.elagproducts.com\/?page_id=1918"},"modified":"2023-05-18T11:14:34","modified_gmt":"2023-05-18T09:14:34","slug":"blog","status":"publish","type":"page","link":"https:\/\/www.elagproducts.com\/de\/blog\/","title":{"rendered":"Blog"},"content":{"rendered":"<p><div class=\"fusion-fullwidth fullwidth-box fusion-builder-row-1 gradient-container-1 nonhundred-percent-fullwidth non-hundred-percent-height-scrolling\" style=\"background-color: rgba(255,255,255,0);background-position: left top;background-repeat: no-repeat;padding-top:20px;padding-right:0px;padding-bottom:20px;padding-left:0px;margin-bottom: 0px;margin-top: 0px;border-width: 0px 0px 0px 0px;border-color:#eae9e9;border-style:solid;\" ><div class=\"fusion-builder-row fusion-row\"><div class=\"fusion-layout-column fusion_builder_column fusion-builder-column-0 fusion_builder_column_1_1 1_1 fusion-one-full fusion-column-first fusion-column-last gradient-column-1 fusion-column-no-min-height\" style=\"margin-top:0px;margin-bottom:0px;\"><div class=\"fusion-column-wrapper fusion-flex-column-wrapper-legacy\" style=\"background-position:left top;background-repeat:no-repeat;-webkit-background-size:cover;-moz-background-size:cover;-o-background-size:cover;background-size:cover;padding: 0px 0px 0px 0px;\"><div class=\"fusion-text fusion-text-1\"><h1 style=\"text-align: center;\">Blog<\/h1>\n<h2 style=\"text-align: center;\">Hier finden Sie interessante Artikel\u00a0rund ums Kochen, unsere Produkte und ELAG.<\/h2>\n<\/div><div class=\"fusion-clearfix\"><\/div><\/div><\/div><\/div><\/div><div class=\"fusion-fullwidth fullwidth-box fusion-builder-row-2 gradient-container-2 nonhundred-percent-fullwidth non-hundred-percent-height-scrolling\" style=\"background-color: rgba(255,255,255,0);background-position: left top;background-repeat: no-repeat;padding-top:20px;padding-right:0px;padding-bottom:20px;padding-left:0px;margin-bottom: 0px;margin-top: 0px;border-width: 0px 0px 0px 0px;border-color:#eae9e9;border-style:solid;\" ><div class=\"fusion-builder-row fusion-row\"><div class=\"fusion-layout-column fusion_builder_column fusion-builder-column-1 fusion_builder_column_1_3 1_3 fusion-one-third fusion-column-first gradient-column-2\" style=\"width:30.6666%; margin-right: 4%;margin-top:0px;margin-bottom:20px;\"><div class=\"fusion-column-wrapper fusion-flex-column-wrapper-legacy\" style=\"background-position:left top;background-repeat:no-repeat;-webkit-background-size:cover;-moz-background-size:cover;-o-background-size:cover;background-size:cover;padding: 0px 0px 0px 0px;\"><span class=\" fusion-imageframe imageframe-none imageframe-1 hover-type-none\"><a class=\"fusion-no-lightbox\" href=\"http:\/\/www.elagproducts.com\/de\/superfoods-rezepte-tipps-tricks-von-deutschlands-foodblogger\/\" target=\"_self\"><img decoding=\"async\" image_id=\"0\" alt=\"superfoods\" src=\"https:\/\/i0.wp.com\/www.elagproducts.com\/wp-content\/uploads\/2016\/01\/superfoods_rezepte_tipps_tricks-300x200.jpg?resize=300%2C200\" class=\"img-responsive\" data-recalc-dims=\"1\"\/><\/a><\/span><div class=\"fusion-clearfix\"><\/div><\/div><\/div><div class=\"fusion-layout-column fusion_builder_column fusion-builder-column-2 fusion_builder_column_2_3 2_3 fusion-two-third fusion-column-last gradient-column-3\" style=\"width:65.3333%;margin-top:0px;margin-bottom:20px;\"><div class=\"fusion-column-wrapper fusion-flex-column-wrapper-legacy\" style=\"background-position:left top;background-repeat:no-repeat;-webkit-background-size:cover;-moz-background-size:cover;-o-background-size:cover;background-size:cover;padding: 0px 0px 0px 0px;\"><div class=\"fusion-text fusion-text-2\"><h6>25. November 2018<\/h6>\n<h5><strong><a href=\"https:\/\/www.elagproducts.com\/de\/superfoods-rezepte-tipps-tricks-von-deutschlands-foodbloggern\/\">Superfoods &#8211; Rezepte, Tipps &amp; Tricks von Deutschlands Foodbloggern<\/a><\/strong><\/h5>\n<p>Immer h\u00e4ufiger tauchen\u00a0exotische Lebensmittel als Zutat in Rezepten auf. Einigen dieser Zutaten\u00a0werden wundersame Eigenschaften nachrgesagt, sodass man sie gerne als Superfood bezeichnet. Ein sogenanntes\u00a0Superfood liefert in der Regel von einem bestimmten oder von mehreren N\u00e4hr-, Wirk- oder Vitalstoffen eine sehr grosse Menge und meistens deutlich mehr als die \u00fcblichen Nahrungsmittel.\u00a0<span style=\"text-decoration: underline;\"><a href=\"https:\/\/www.elagproducts.com\/de\/superfoods-rezepte-tipps-tricks-von-deutschlands-foodbloggern\/\">Weiterlesen&#8230;<\/a><\/span><\/p>\n<\/div><div class=\"fusion-clearfix\"><\/div><\/div><\/div><\/div><\/div><div class=\"fusion-fullwidth fullwidth-box fusion-builder-row-3 gradient-container-3 nonhundred-percent-fullwidth non-hundred-percent-height-scrolling\" style=\"background-color: rgba(255,255,255,0);background-position: left top;background-repeat: no-repeat;padding-top:20px;padding-right:0px;padding-bottom:20px;padding-left:0px;margin-bottom: 0px;margin-top: 0px;border-width: 0px 0px 0px 0px;border-color:#eae9e9;border-style:solid;\" ><div class=\"fusion-builder-row fusion-row\"><div class=\"fusion-layout-column fusion_builder_column fusion-builder-column-3 fusion_builder_column_1_3 1_3 fusion-one-third fusion-column-first gradient-column-4\" style=\"width:30.6666%; margin-right: 4%;margin-top:0px;margin-bottom:20px;\"><div class=\"fusion-column-wrapper fusion-flex-column-wrapper-legacy\" style=\"background-position:left top;background-repeat:no-repeat;-webkit-background-size:cover;-moz-background-size:cover;-o-background-size:cover;background-size:cover;padding: 0px 0px 0px 0px;\"><span class=\" fusion-imageframe imageframe-none imageframe-2 hover-type-none\"><a class=\"fusion-no-lightbox\" href=\"http:\/\/www.elagproducts.com\/de\/welches-oel-oder-fett-eignet-sich-am-besten-fuer-lemax\/\" target=\"_self\"><img decoding=\"async\" image_id=\"0\" src=\"https:\/\/i0.wp.com\/www.elagproducts.com\/wp-content\/uploads\/2015\/12\/Welches-\u00d6l-oder-Fett-eignet-sich-am-Besten-f\u00fcr-LeMax-01-300x200.jpg?resize=300%2C200\" class=\"img-responsive\" data-recalc-dims=\"1\"\/><\/a><\/span><div class=\"fusion-clearfix\"><\/div><\/div><\/div><div class=\"fusion-layout-column fusion_builder_column fusion-builder-column-4 fusion_builder_column_2_3 2_3 fusion-two-third fusion-column-last gradient-column-5\" style=\"width:65.3333%;margin-top:0px;margin-bottom:20px;\"><div class=\"fusion-column-wrapper fusion-flex-column-wrapper-legacy\" style=\"background-position:left top;background-repeat:no-repeat;-webkit-background-size:cover;-moz-background-size:cover;-o-background-size:cover;background-size:cover;padding: 0px 0px 0px 0px;\"><div class=\"fusion-text fusion-text-3\"><h6>23. Juli 2018<\/h6>\n<h5><strong><a href=\"https:\/\/www.elagproducts.com\/de\/welches-oel-oder-fett-eignet-sich-am-besten-fuer-lemax\/\">Welches \u00d6l oder Fett eignet sich am besten f\u00fcr LeMax?<\/a><\/strong><\/h5>\n<p>Sei es das Grillen von Steaks oder das Garen von Gem\u00fcse. Fett ist ein nat\u00fcrlicher\u00a0Geschmackstr\u00e4ger. Nur selten m\u00f6chte der gute Koch auf sein Fett oder \u00d6l verzichten.\u00a0LeMax ist ein sehr leistungsstarker Grill und erreicht Temperaturen in der Spitze\u00a0von \u00fcber 350\u00b0C.\u00a0Aus diesem Grund ist die Wahl\u00a0des richtigen Fettes bzw. \u00d6ls besonders\u00a0wichtig. <span style=\"text-decoration: underline;\"><a href=\"https:\/\/www.elagproducts.com\/de\/welches-oel-oder-fett-eignet-sich-am-besten-fuer-lemax\/\">Weiterlesen&#8230;<\/a><\/span><\/p>\n<\/div><div class=\"fusion-clearfix\"><\/div><\/div><\/div><\/div><\/div><div class=\"fusion-fullwidth fullwidth-box fusion-builder-row-4 gradient-container-4 nonhundred-percent-fullwidth non-hundred-percent-height-scrolling\" style=\"background-color: rgba(255,255,255,0);background-position: left top;background-repeat: no-repeat;padding-top:20px;padding-right:0px;padding-bottom:20px;padding-left:0px;margin-bottom: 0px;margin-top: 0px;border-width: 0px 0px 0px 0px;border-color:#eae9e9;border-style:solid;\" ><div class=\"fusion-builder-row fusion-row\"><div class=\"fusion-layout-column fusion_builder_column fusion-builder-column-5 fusion_builder_column_1_3 1_3 fusion-one-third fusion-column-first gradient-column-6\" style=\"width:30.6666%; margin-right: 4%;margin-top:0px;margin-bottom:20px;\"><div class=\"fusion-column-wrapper fusion-flex-column-wrapper-legacy\" style=\"background-position:left top;background-repeat:no-repeat;-webkit-background-size:cover;-moz-background-size:cover;-o-background-size:cover;background-size:cover;padding: 0px 0px 0px 0px;\"><span class=\" fusion-imageframe imageframe-none imageframe-3 hover-type-none\"><a class=\"fusion-no-lightbox\" href=\"http:\/\/www.elagproducts.com\/de\/fitness-salat-mit-gegrillten-putenstreifen\/\" target=\"_self\"><img decoding=\"async\" image_id=\"0\" src=\"https:\/\/i0.wp.com\/www.elagproducts.com\/wp-content\/uploads\/2015\/12\/8-300x200.jpg?resize=300%2C200\" class=\"img-responsive\" data-recalc-dims=\"1\"\/><\/a><\/span><div class=\"fusion-clearfix\"><\/div><\/div><\/div><div class=\"fusion-layout-column fusion_builder_column fusion-builder-column-6 fusion_builder_column_2_3 2_3 fusion-two-third fusion-column-last gradient-column-7\" style=\"width:65.3333%;margin-top:0px;margin-bottom:20px;\"><div class=\"fusion-column-wrapper fusion-flex-column-wrapper-legacy\" style=\"background-position:left top;background-repeat:no-repeat;-webkit-background-size:cover;-moz-background-size:cover;-o-background-size:cover;background-size:cover;padding: 0px 0px 0px 0px;\"><div class=\"fusion-text fusion-text-4\"><h6>5. Januar 2018<\/h6>\n<h5><strong><a href=\"https:\/\/www.elagproducts.com\/de\/fitness-salat-mit-gegrillten-putenstreifen\/\">Fitness-Salat mit gegrillten Putenstreifen<\/a><\/strong><\/h5>\n<p>Fleisch liefert uns wichtiges Eiwei\u00df. Besonders Pute ist fettarm und voller Proteine, wenn angemessen zubereitet wird. Auf dem LeMax kann Fleisch ohne zus\u00e4tzliches \u00d6l oder Fett zubereitet werde. Damit ist Pute die perfekte Erg\u00e4nzung zu einem frischem Salat und ideal f\u00fcr gesundheitsbewusste Sportler,\u00a0die sich kalorienarm ern\u00e4hren m\u00f6chten.\u00a0<span style=\"text-decoration: underline;\"><a href=\"https:\/\/www.elagproducts.com\/de\/fitness-salat-mit-gegrillten-putenstreifen\/\">Weiterlesen&#8230;<\/a><\/span><\/p>\n<\/div><div class=\"fusion-clearfix\"><\/div><\/div><\/div><\/div><\/div><div class=\"fusion-fullwidth fullwidth-box fusion-builder-row-5 gradient-container-5 nonhundred-percent-fullwidth non-hundred-percent-height-scrolling\" style=\"background-color: rgba(255,255,255,0);background-position: left top;background-repeat: no-repeat;padding-top:20px;padding-right:0px;padding-bottom:20px;padding-left:0px;margin-bottom: 0px;margin-top: 0px;border-width: 0px 0px 0px 0px;border-color:#eae9e9;border-style:solid;\" ><div class=\"fusion-builder-row fusion-row\"><div class=\"fusion-layout-column fusion_builder_column fusion-builder-column-7 fusion_builder_column_1_3 1_3 fusion-one-third fusion-column-first gradient-column-8\" style=\"width:30.6666%; margin-right: 4%;margin-top:0px;margin-bottom:20px;\"><div class=\"fusion-column-wrapper fusion-flex-column-wrapper-legacy\" style=\"background-position:left top;background-repeat:no-repeat;-webkit-background-size:cover;-moz-background-size:cover;-o-background-size:cover;background-size:cover;padding: 0px 0px 0px 0px;\"><span class=\" fusion-imageframe imageframe-none imageframe-4 hover-type-none\"><a class=\"fusion-no-lightbox\" href=\"http:\/\/www.elagproducts.com\/de\/gesunde-pizza-5-tipps-zur-fitten-pizza\/\" target=\"_self\"><img decoding=\"async\" image_id=\"0\" src=\"https:\/\/i0.wp.com\/www.elagproducts.com\/wp-content\/uploads\/2015\/12\/gesunde_pizza-300x200.jpg?resize=300%2C200\" class=\"img-responsive\" data-recalc-dims=\"1\"\/><\/a><\/span><div class=\"fusion-clearfix\"><\/div><\/div><\/div><div class=\"fusion-layout-column fusion_builder_column fusion-builder-column-8 fusion_builder_column_2_3 2_3 fusion-two-third fusion-column-last gradient-column-9\" style=\"width:65.3333%;margin-top:0px;margin-bottom:20px;\"><div class=\"fusion-column-wrapper fusion-flex-column-wrapper-legacy\" style=\"background-position:left top;background-repeat:no-repeat;-webkit-background-size:cover;-moz-background-size:cover;-o-background-size:cover;background-size:cover;padding: 0px 0px 0px 0px;\"><div class=\"fusion-text fusion-text-5\"><h6>17. August 2017<\/h6>\n<h5><strong><a href=\"https:\/\/www.elagproducts.com\/de\/gesunde-pizza-5-tipps-zur-fitten-pizza\/\">Gesunde Pizza &#8211; 5 Tipps zur fitten Pizza<\/a><\/strong><\/h5>\n<p>Wir alle lieben Pizza! Laut einer Umfrage gaben mehr als 37% der deutschen Befragten Pizza als Ihr Lieblingsessen an. Pizzas lassen sich ganz unterschiedlich und individuell belegen. Kein Wunder, dass die Pizza im deutschen Haushalt so gerne gegessen wird. <span style=\"text-decoration: underline;\"><a href=\"https:\/\/www.elagproducts.com\/de\/gesunde-pizza-5-tipps-zur-fitten-pizza\/\">Weiterlesen&#8230;<\/a><\/span><\/p>\n<\/div><div class=\"fusion-clearfix\"><\/div><\/div><\/div><\/div><\/div><div class=\"fusion-fullwidth fullwidth-box fusion-builder-row-6 gradient-container-6 nonhundred-percent-fullwidth non-hundred-percent-height-scrolling\" style=\"background-color: rgba(255,255,255,0);background-position: left top;background-repeat: no-repeat;padding-top:20px;padding-right:0px;padding-bottom:20px;padding-left:0px;margin-bottom: 0px;margin-top: 0px;border-width: 0px 0px 0px 0px;border-color:#eae9e9;border-style:solid;\" ><div class=\"fusion-builder-row fusion-row\"><div class=\"fusion-layout-column fusion_builder_column fusion-builder-column-9 fusion_builder_column_1_3 1_3 fusion-one-third fusion-column-first gradient-column-10\" style=\"width:30.6666%; margin-right: 4%;margin-top:0px;margin-bottom:20px;\"><div class=\"fusion-column-wrapper fusion-flex-column-wrapper-legacy\" style=\"background-position:left top;background-repeat:no-repeat;-webkit-background-size:cover;-moz-background-size:cover;-o-background-size:cover;background-size:cover;padding: 0px 0px 0px 0px;\"><span class=\" fusion-imageframe imageframe-none imageframe-5 hover-type-none\"><a class=\"fusion-no-lightbox\" href=\"http:\/\/www.elagproducts.com\/de\/steaks-grillen-ohne-fett\/\" target=\"_self\"><img decoding=\"async\" image_id=\"0\" src=\"https:\/\/i0.wp.com\/www.elagproducts.com\/wp-content\/uploads\/2015\/12\/grilling_steak_without_fat-300x199.jpg?resize=300%2C199\" class=\"img-responsive\" data-recalc-dims=\"1\"\/><\/a><\/span><div class=\"fusion-clearfix\"><\/div><\/div><\/div><div class=\"fusion-layout-column fusion_builder_column fusion-builder-column-10 fusion_builder_column_2_3 2_3 fusion-two-third fusion-column-last gradient-column-11\" style=\"width:65.3333%;margin-top:0px;margin-bottom:20px;\"><div class=\"fusion-column-wrapper fusion-flex-column-wrapper-legacy\" style=\"background-position:left top;background-repeat:no-repeat;-webkit-background-size:cover;-moz-background-size:cover;-o-background-size:cover;background-size:cover;padding: 0px 0px 0px 0px;\"><div class=\"fusion-text fusion-text-6\"><h6>4. April 2017<\/h6>\n<h5><strong><a href=\"https:\/\/www.elagproducts.com\/de\/steaks-grillen-ohne-fett\/\">Steaks grillen ohne Fett<\/a><\/strong><\/h5>\n<p>LeMax eignet sich hervorragend f\u00fcr Steaks.\u00a0Auf der glaskeramischen Kochfl\u00e4che gelingt das Grillgut besonders gut ohne Zusatz von Fett. Das Fleisch auf LeMax entfaltet seinen vollen Geschmack. Dank der hohen Temperaturen und der flachen Oberfl\u00e4che wird der Fleischsaft im Steak eingeschlossen. Das Fleisch bleibt saftig und zart.\u00a0<span style=\"text-decoration: underline;\"><a href=\"https:\/\/www.elagproducts.com\/de\/steaks-grillen-ohne-fett\/\">Weiterlesen&#8230;<\/a><\/span><\/p>\n<\/div><div class=\"fusion-clearfix\"><\/div><\/div><\/div><\/div><\/div><\/p>\n","protected":false},"excerpt":{"rendered":"","protected":false},"author":1,"featured_media":0,"parent":0,"menu_order":0,"comment_status":"closed","ping_status":"closed","template":"","meta":{"content-type":"","_mi_skip_tracking":false},"yoast_head":"<!-- This site is optimized with the Yoast SEO plugin v20.5 - https:\/\/yoast.com\/wordpress\/plugins\/seo\/ -->\n<title>Blog - Rezepte, Tipps &amp; Tricks | ELAG<\/title>\n<meta name=\"description\" content=\"Lesen Sie hier interessante Artikel rund um das Thema Gesundheit, Essen und Lifestyle. Zudem erfahren Sie wichtige Tipps und Tricks zu unseren Produkten.\" \/>\n<meta name=\"robots\" content=\"index, follow, max-snippet:-1, max-image-preview:large, max-video-preview:-1\" \/>\n<link rel=\"canonical\" href=\"https:\/\/www.elagproducts.com\/de\/blog\/\" \/>\n<meta property=\"og:locale\" content=\"de_DE\" \/>\n<meta property=\"og:type\" content=\"article\" \/>\n<meta property=\"og:title\" content=\"Blog - Rezepte, Tipps &amp; Tricks | ELAG\" \/>\n<meta property=\"og:description\" content=\"Lesen Sie hier interessante Artikel rund um das Thema Gesundheit, Essen und Lifestyle. Zudem erfahren Sie wichtige Tipps und Tricks zu unseren Produkten.\" \/>\n<meta property=\"og:url\" content=\"https:\/\/www.elagproducts.com\/de\/blog\/\" \/>\n<meta property=\"og:site_name\" content=\"ELAG - LeMax Grills &amp; High-Quality Cooktops\" \/>\n<meta property=\"article:modified_time\" content=\"2023-05-18T09:14:34+00:00\" \/>\n<meta property=\"og:image\" content=\"http:\/\/www.elagproducts.com\/wp-content\/uploads\/2016\/01\/superfoods_rezepte_tipps_tricks-300x200.jpg\" \/>\n<meta name=\"twitter:label1\" content=\"Gesch\u00e4tzte Lesezeit\" \/>\n\t<meta name=\"twitter:data1\" content=\"6\u00a0Minuten\" \/>\n<script type=\"application\/ld+json\" class=\"yoast-schema-graph\">{\"@context\":\"https:\/\/schema.org\",\"@graph\":[{\"@type\":\"WebPage\",\"@id\":\"https:\/\/www.elagproducts.com\/de\/blog\/\",\"url\":\"https:\/\/www.elagproducts.com\/de\/blog\/\",\"name\":\"Blog - Rezepte, Tipps & Tricks | ELAG\",\"isPartOf\":{\"@id\":\"https:\/\/www.elagproducts.com\/de\/#website\"},\"datePublished\":\"2015-12-04T07:52:31+00:00\",\"dateModified\":\"2023-05-18T09:14:34+00:00\",\"description\":\"Lesen Sie hier interessante Artikel rund um das Thema Gesundheit, Essen und Lifestyle. Zudem erfahren Sie wichtige Tipps und Tricks zu unseren Produkten.\",\"breadcrumb\":{\"@id\":\"https:\/\/www.elagproducts.com\/de\/blog\/#breadcrumb\"},\"inLanguage\":\"de\",\"potentialAction\":[{\"@type\":\"ReadAction\",\"target\":[\"https:\/\/www.elagproducts.com\/de\/blog\/\"]}]},{\"@type\":\"BreadcrumbList\",\"@id\":\"https:\/\/www.elagproducts.com\/de\/blog\/#breadcrumb\",\"itemListElement\":[{\"@type\":\"ListItem\",\"position\":1,\"name\":\"Home\",\"item\":\"https:\/\/www.elagproducts.com\/de\/\"},{\"@type\":\"ListItem\",\"position\":2,\"name\":\"Blog\"}]},{\"@type\":\"WebSite\",\"@id\":\"https:\/\/www.elagproducts.com\/de\/#website\",\"url\":\"https:\/\/www.elagproducts.com\/de\/\",\"name\":\"ELAG - LeMax Grills &amp; High-Quality Cooktops\",\"description\":\"\",\"potentialAction\":[{\"@type\":\"SearchAction\",\"target\":{\"@type\":\"EntryPoint\",\"urlTemplate\":\"https:\/\/www.elagproducts.com\/de\/?s={search_term_string}\"},\"query-input\":\"required name=search_term_string\"}],\"inLanguage\":\"de\"}]}<\/script>\n<!-- \/ Yoast SEO plugin. -->","yoast_head_json":{"title":"Blog - Rezepte, Tipps & Tricks | ELAG","description":"Lesen Sie hier interessante Artikel rund um das Thema Gesundheit, Essen und Lifestyle. Zudem erfahren Sie wichtige Tipps und Tricks zu unseren Produkten.","robots":{"index":"index","follow":"follow","max-snippet":"max-snippet:-1","max-image-preview":"max-image-preview:large","max-video-preview":"max-video-preview:-1"},"canonical":"https:\/\/www.elagproducts.com\/de\/blog\/","og_locale":"de_DE","og_type":"article","og_title":"Blog - Rezepte, Tipps & Tricks | ELAG","og_description":"Lesen Sie hier interessante Artikel rund um das Thema Gesundheit, Essen und Lifestyle. Zudem erfahren Sie wichtige Tipps und Tricks zu unseren Produkten.","og_url":"https:\/\/www.elagproducts.com\/de\/blog\/","og_site_name":"ELAG - LeMax Grills &amp; High-Quality Cooktops","article_modified_time":"2023-05-18T09:14:34+00:00","og_image":[{"url":"http:\/\/www.elagproducts.com\/wp-content\/uploads\/2016\/01\/superfoods_rezepte_tipps_tricks-300x200.jpg"}],"twitter_misc":{"Gesch\u00e4tzte Lesezeit":"6\u00a0Minuten"},"schema":{"@context":"https:\/\/schema.org","@graph":[{"@type":"WebPage","@id":"https:\/\/www.elagproducts.com\/de\/blog\/","url":"https:\/\/www.elagproducts.com\/de\/blog\/","name":"Blog - Rezepte, Tipps & Tricks | ELAG","isPartOf":{"@id":"https:\/\/www.elagproducts.com\/de\/#website"},"datePublished":"2015-12-04T07:52:31+00:00","dateModified":"2023-05-18T09:14:34+00:00","description":"Lesen Sie hier interessante Artikel rund um das Thema Gesundheit, Essen und Lifestyle. Zudem erfahren Sie wichtige Tipps und Tricks zu unseren Produkten.","breadcrumb":{"@id":"https:\/\/www.elagproducts.com\/de\/blog\/#breadcrumb"},"inLanguage":"de","potentialAction":[{"@type":"ReadAction","target":["https:\/\/www.elagproducts.com\/de\/blog\/"]}]},{"@type":"BreadcrumbList","@id":"https:\/\/www.elagproducts.com\/de\/blog\/#breadcrumb","itemListElement":[{"@type":"ListItem","position":1,"name":"Home","item":"https:\/\/www.elagproducts.com\/de\/"},{"@type":"ListItem","position":2,"name":"Blog"}]},{"@type":"WebSite","@id":"https:\/\/www.elagproducts.com\/de\/#website","url":"https:\/\/www.elagproducts.com\/de\/","name":"ELAG - LeMax Grills &amp; High-Quality Cooktops","description":"","potentialAction":[{"@type":"SearchAction","target":{"@type":"EntryPoint","urlTemplate":"https:\/\/www.elagproducts.com\/de\/?s={search_term_string}"},"query-input":"required name=search_term_string"}],"inLanguage":"de"}]}},"_links":{"self":[{"href":"https:\/\/www.elagproducts.com\/de\/wp-json\/wp\/v2\/pages\/1918"}],"collection":[{"href":"https:\/\/www.elagproducts.com\/de\/wp-json\/wp\/v2\/pages"}],"about":[{"href":"https:\/\/www.elagproducts.com\/de\/wp-json\/wp\/v2\/types\/page"}],"author":[{"embeddable":true,"href":"https:\/\/www.elagproducts.com\/de\/wp-json\/wp\/v2\/users\/1"}],"replies":[{"embeddable":true,"href":"https:\/\/www.elagproducts.com\/de\/wp-json\/wp\/v2\/comments?post=1918"}],"version-history":[{"count":31,"href":"https:\/\/www.elagproducts.com\/de\/wp-json\/wp\/v2\/pages\/1918\/revisions"}],"predecessor-version":[{"id":16452,"href":"https:\/\/www.elagproducts.com\/de\/wp-json\/wp\/v2\/pages\/1918\/revisions\/16452"}],"wp:attachment":[{"href":"https:\/\/www.elagproducts.com\/de\/wp-json\/wp\/v2\/media?parent=1918"}],"curies":[{"name":"wp","href":"https:\/\/api.w.org\/{rel}","templated":true}]}}